{"id":139814,"date":"2022-06-02T15:48:17","date_gmt":"2022-06-02T13:48:17","guid":{"rendered":"https:\/\/www.visitbratislava.com\/?page_id=139814"},"modified":"2022-06-02T16:51:12","modified_gmt":"2022-06-02T14:51:12","slug":"vikend-otvorenych-parkov-a-zahrad","status":"publish","type":"page","link":"https:\/\/www.visitbratislava.com\/sk\/vikend-otvorenych-parkov-a-zahrad\/","title":{"rendered":"V\u00edkend otvoren\u00fdch parkov a z\u00e1hrad"},"content":{"rendered":"","protected":false},"excerpt":{"rendered":"<p>Po\u010fte sa pokocha\u0165 pestrofarebnou kr\u00e1sou miest, ktor\u00e9 v\u00e4\u010d\u0161inou ost\u00e1vaj\u00fa ukryt\u00e9 pred zrakmi verejnosti. N\u00e1jdite pokoj a pote\u0161enie v zelen\u00fdch z\u00e1kutiach hlavn\u00e9ho mesta a odha\u013ete skryt\u00e9 poklady bratislavsk\u00fdch parkov a z\u00e1hrad. Len jeden v\u00edkend v roku<\/p>\n","protected":false},"author":32,"featured_media":139815,"parent":0,"menu_order":0,"comment_status":"closed","ping_status":"closed","template":"tpl-page-grid.php","meta":[],"acf":[],"_links":{"self":[{"href":"https:\/\/www.visitbratislava.com\/sk\/wp-json\/wp\/v2\/pages\/139814"}],"collection":[{"href":"https:\/\/www.visitbratislava.com\/sk\/wp-json\/wp\/v2\/pages"}],"about":[{"href":"https:\/\/www.visitbratislava.com\/sk\/wp-json\/wp\/v2\/types\/page"}],"author":[{"embeddable":true,"href":"https:\/\/www.visitbratislava.com\/sk\/wp-json\/wp\/v2\/users\/32"}],"replies":[{"embeddable":true,"href":"https:\/\/www.visitbratislava.com\/sk\/wp-json\/wp\/v2\/comments?post=139814"}],"version-history":[{"count":4,"href":"https:\/\/www.visitbratislava.com\/sk\/wp-json\/wp\/v2\/pages\/139814\/revisions"}],"predecessor-version":[{"id":139854,"href":"https:\/\/www.visitbratislava.com\/sk\/wp-json\/wp\/v2\/pages\/139814\/revisions\/139854"}],"wp:featuredmedia":[{"embeddable":true,"href":"https:\/\/www.visitbratislava.com\/sk\/wp-json\/wp\/v2\/media\/139815"}],"wp:attachment":[{"href":"https:\/\/www.visitbratislava.com\/sk\/wp-json\/wp\/v2\/media?parent=139814"}],"curies":[{"name":"wp","href":"https:\/\/api.w.org\/{rel}","templated":true}]}}