{"id":142754,"date":"2022-07-11T12:12:54","date_gmt":"2022-07-11T10:12:54","guid":{"rendered":"https:\/\/www.visitbratislava.com\/?page_id=142754"},"modified":"2025-07-21T18:47:01","modified_gmt":"2025-07-21T16:47:01","slug":"prehliadky-pocas-bratislavskych-korunovacnych-dni","status":"publish","type":"page","link":"https:\/\/www.visitbratislava.com\/sk\/prehliadky-pocas-bratislavskych-korunovacnych-dni\/","title":{"rendered":"Prehliadky po\u010das Bratislavsk\u00fdch korunova\u010dn\u00fdch dn\u00ed"},"content":{"rendered":"<p data-start=\"172\" data-end=\"224\"><strong><span style=\"color: #ff0000;\">\ud83e\udd34\u010eakujeme za z\u00e1ujem, v\u0161etky prehliadky v sloven\u010dine s\u00fa u\u017e rezervovan\u00e9! \ud83e\udd34<\/span><\/strong><\/p>\n<h3 data-start=\"172\" data-end=\"224\">\ud83d\udc51 Objavte korunova\u010dn\u00fa Bratislavu so sprievodcom<\/h3>\n<p data-start=\"226\" data-end=\"593\">\ud83c\udf89 Po\u010das Bratislavsk\u00fdch korunova\u010dn\u00fdch dn\u00ed 2025 sa m\u00f4\u017eete vyda\u0165 po stop\u00e1ch kr\u00e1\u013eov, kr\u00e1\u013eovien a barokovej sl\u00e1vy mesta \u2013 s odborn\u00fdm v\u00fdkladom, fascinuj\u00facimi pr\u00edbehmi a prehliadkami pln\u00fdmi z\u00e1\u017eitkov.<br data-start=\"419\" data-end=\"422\" \/>\ud83c\udf9f\ufe0f <strong data-start=\"426\" data-end=\"520\">V\u0161etky prehliadky s\u00fa bezplatn\u00e9 a zabezpe\u010duje ich Turistick\u00e9 informa\u010dn\u00e9 centrum.<\/strong><br data-start=\"520\" data-end=\"523\" \/>\ud83d\udccd <strong data-start=\"526\" data-end=\"593\">Miesto stretnutia a trasa bud\u00fa zaslan\u00e9 e-mailom po registr\u00e1cii.<\/strong><\/p>\n<hr data-start=\"595\" data-end=\"598\" \/>\n<h3 data-start=\"600\" data-end=\"628\">\u2139\ufe0f Tipy pre n\u00e1v\u0161tevn\u00edkov<\/h3>\n<p data-start=\"629\" data-end=\"849\">\ud83d\udc5f Odpor\u00fa\u010dame pohodln\u00fa obuv \u2013 prehliadky sa konaj\u00fa v historickom centre.<br data-start=\"701\" data-end=\"704\" \/>\u2614 Prehliadky prebiehaj\u00fa aj v pr\u00edpade da\u017e\u010fa \u2013 oble\u010dte sa pod\u013ea po\u010dasia.<br data-start=\"774\" data-end=\"777\" \/>\ud83e\uddd2 Rodinn\u00e9 trasy maj\u00fa detsk\u00e9 materi\u00e1ly \u2013 pr\u00ed\u010fte aspo\u0148 15 min\u00fat vopred.<\/p>\n<p data-start=\"629\" data-end=\"849\"><em>*Pros\u00edme, aby ste si rezervovali len jednu prehliadku a v pr\u00edpade, \u017ee sa nebudete m\u00f4c\u0165 z\u00fa\u010dastni\u0165, rezerv\u00e1ciu zru\u0161ili, aby sa dostalo na viacer\u00fdch z\u00e1ujemcov. \u010eakujeme za pochopenie.<\/em><\/p>\n<p data-start=\"629\" data-end=\"849\"><img loading=\"lazy\" width=\"1920\" height=\"1280\" class=\"alignnone size-full wp-image-143331\" src=\"https:\/\/www.visitbratislava.com\/wp-content\/uploads\/2022\/07\/Korunovacie_2020_214_1920x1280.jpg\" alt=\"\" srcset=\"https:\/\/www.visitbratislava.com\/wp-content\/uploads\/2022\/07\/Korunovacie_2020_214_1920x1280.jpg 1920w, https:\/\/www.visitbratislava.com\/wp-content\/uploads\/2022\/07\/Korunovacie_2020_214_1920x1280-400x267.jpg 400w, https:\/\/www.visitbratislava.com\/wp-content\/uploads\/2022\/07\/Korunovacie_2020_214_1920x1280-800x533.jpg 800w, https:\/\/www.visitbratislava.com\/wp-content\/uploads\/2022\/07\/Korunovacie_2020_214_1920x1280-768x512.jpg 768w, https:\/\/www.visitbratislava.com\/wp-content\/uploads\/2022\/07\/Korunovacie_2020_214_1920x1280-1536x1024.jpg 1536w, https:\/\/www.visitbratislava.com\/wp-content\/uploads\/2022\/07\/Korunovacie_2020_214_1920x1280-200x133.jpg 200w\" sizes=\"(max-width: 1920px) 100vw, 1920px\" \/><\/p>\n<hr data-start=\"851\" data-end=\"854\" \/>\n<h2 data-start=\"856\" data-end=\"884\">\ud83d\udd38 \ud83d\uddd3\ufe0f Piatok 25. 7. 2025<\/h2>\n<p data-start=\"886\" data-end=\"996\">\ud83d\udd50 <strong data-start=\"889\" data-end=\"906\">17:00 \u2013 18:30<\/strong><br data-start=\"906\" data-end=\"909\" \/><strong>\ud83d\udcd6 <em data-start=\"912\" data-end=\"959\">Bratislava a Uhorsko v \u010dase vl\u00e1dy Karola III.<\/em><\/strong><br data-start=\"959\" data-end=\"962\" \/>\ud83d\udde3\ufe0f slovensk\u00fd\u2003\ud83d\udc64 Andrea Turansk\u00e1<\/p>\n<p data-start=\"998\" data-end=\"1139\">Prejdite sa dobou, ke\u010f bol Pre\u0161porok centrom Uhorska. Objav\u00edte atmosf\u00e9ru roku 1712 \u2013 korunov\u00e1ciu, barokov\u00fd rozmach i osobn\u00fd \u017eivot Karola III.<\/p>\n<p data-start=\"998\" data-end=\"1139\"><a class=\"cta-button\" href=\"https:\/\/tootoot.fm\/cs\/events\/686a68b2014a8f7bbbe3d1f9\" target=\"_blank\" rel=\"noopener noreferrer\">Rezervova\u0165 miesto<\/a><\/p>\n<hr data-start=\"1141\" data-end=\"1144\" \/>\n<p data-start=\"1146\" data-end=\"1267\">\ud83d\udd50 <strong data-start=\"1149\" data-end=\"1166\">17:30 \u2013 19:00<\/strong><br data-start=\"1166\" data-end=\"1169\" \/><strong>\ud83d\udcd6 <em>Elisabeth Christine und Maria Theresia \u2013 zwei starke Frauen hinter den Karl<\/em><\/strong><\/p>\n<p data-start=\"1146\" data-end=\"1267\"><em data-start=\"1172\" data-end=\"1234\">(Al\u017ebeta Krist\u00edna a M\u00e1ria Ter\u00e9zia \u2013 dve siln\u00e9 \u017eeny za Karolom)<\/em><br data-start=\"1234\" data-end=\"1237\" \/>\ud83d\udde3\ufe0f nemeck\u00fd\u2003\ud83d\udc64 Dagmar Gubov\u00e1<\/p>\n<p data-start=\"1269\" data-end=\"1406\">Za siln\u00fdm mu\u017eom stoja dve e\u0161te silnej\u0161ie \u017eeny \u2013 spoznajte ich pr\u00edbehy v kontraste aj s\u00fahre, od zbo\u017enej man\u017eelky po legend\u00e1rnu panovn\u00ed\u010dku.<\/p>\n<p data-start=\"1269\" data-end=\"1406\"><a class=\"cta-button\" href=\"https:\/\/tootoot.fm\/sk\/events\/686a6b33ac5c84ec44cd2818\" target=\"_blank\" rel=\"noopener noreferrer\">Rezervova\u0165 miesto<\/a><\/p>\n<hr data-start=\"1408\" data-end=\"1411\" \/>\n<p data-start=\"1413\" data-end=\"1495\">\ud83d\udd50 <strong data-start=\"1416\" data-end=\"1433\">18:00 \u2013 19:30<\/strong><br data-start=\"1433\" data-end=\"1436\" \/><strong>\ud83d\udcd6 <em data-start=\"1439\" data-end=\"1460\">Korunovan\u00e9 kr\u00e1\u013eovn\u00e9<\/em><\/strong><br data-start=\"1460\" data-end=\"1463\" \/>\ud83d\udde3\ufe0f slovensk\u00fd\u2003\ud83d\udc64 Eva \u010cubr\u00edkov\u00e1<\/p>\n<p data-start=\"1497\" data-end=\"1629\">Kto boli \u017eeny, ktor\u00e9 prijali korunu v Bratislave? Vydajte sa ich stopami, spoznajte ich osudy aj v\u00fdnimo\u010dn\u00e9 postavenie M\u00e1rie Ter\u00e9zie.<\/p>\n<p data-start=\"1497\" data-end=\"1629\"><a class=\"cta-button\" href=\"https:\/\/tootoot.fm\/sk\/events\/686a6c72ac5c84ec44ce5c18\" target=\"_blank\" rel=\"noopener noreferrer\">Rezervova\u0165 miesto<\/a><\/p>\n<hr data-start=\"1631\" data-end=\"1634\" \/>\n<h2 data-start=\"1636\" data-end=\"1664\">\ud83d\udd38 \ud83d\uddd3\ufe0f Sobota 26. 7. 2025<\/h2>\n<p data-start=\"1666\" data-end=\"1774\">\ud83d\udd50 <strong data-start=\"1669\" data-end=\"1686\">10:00 \u2013 11:30<\/strong><br data-start=\"1686\" data-end=\"1689\" \/><strong>\ud83d\udcd6 <em data-start=\"1692\" data-end=\"1733\">Korunov\u00e1cia a obdobie vl\u00e1dy Karola III.<\/em><\/strong><br data-start=\"1733\" data-end=\"1736\" \/>\ud83d\udde3\ufe0f slovensk\u00fd\u2003\ud83d\udc64 Adelinda Je\u017eovicov\u00e1<\/p>\n<p data-start=\"1776\" data-end=\"1900\">Ak\u00fd bol posledn\u00fd mu\u017esk\u00fd Habsburg? Ako sa pripravoval na vl\u00e1du? Vydajte sa do obdobia ve\u013ek\u00fdch reforiem a dynastick\u00fdch pl\u00e1nov.<\/p>\n<p><a class=\"cta-button\" href=\"https:\/\/tootoot.fm\/sk\/events\/686a6debac5c84ec44cf813f\" target=\"_blank\" rel=\"noopener noreferrer\">Rezervova\u0165 miesto<\/a><\/p>\n<hr data-start=\"1902\" data-end=\"1905\" \/>\n<p data-start=\"1907\" data-end=\"2023\">\ud83d\udd50 <strong data-start=\"1910\" data-end=\"1927\">10:00 \u2013 12:00<\/strong><br data-start=\"1927\" data-end=\"1930\" \/><strong>\ud83d\udcd6 <em data-start=\"1933\" data-end=\"1984\">Koron\u00e1z\u00e1si s\u00e9ta III. K\u00e1roly koron\u00e1z\u00e1sa alkalm\u00e1b\u00f3l<\/em><\/strong><br data-start=\"1984\" data-end=\"1987\" \/>\ud83d\udde3\ufe0f ma\u010farsk\u00fd\u2003\ud83d\udc64 Helena Navr\u00e1tilov\u00e1<\/p>\n<p data-start=\"2025\" data-end=\"2133\">S\u00e9ta Pozsony koron\u00e1z\u00e1si helysz\u00ednein \u2013 ismerje meg III. K\u00e1roly t\u00f6rt\u00e9net\u00e9t \u00e9s a koron\u00e1z\u00e1si \u00fatvonal \u00e1llom\u00e1sait.<\/p>\n<p data-start=\"2025\" data-end=\"2133\"><a class=\"cta-button\" href=\"https:\/\/tootoot.fm\/sk\/events\/686a6f13ac5c84ec44d088c2\" target=\"_blank\" rel=\"noopener noreferrer\">Foglaljon helyet<\/a><\/p>\n<hr data-start=\"2135\" data-end=\"2138\" \/>\n<p data-start=\"2140\" data-end=\"2264\">\ud83d\udd50 <strong data-start=\"2143\" data-end=\"2160\">11:00 \u2013 13:00<\/strong><br data-start=\"2160\" data-end=\"2163\" \/><strong>\ud83d\udcd6 <em data-start=\"2166\" data-end=\"2226\">In the footsteps of Hungarian kings coronated in Pressburg<\/em><\/strong><br data-start=\"2226\" data-end=\"2229\" \/>\ud83d\udde3\ufe0f anglick\u00fd\u2003\ud83d\udc64 Ingrid Desdevises<\/p>\n<p data-start=\"2266\" data-end=\"2422\">Explore the royal path through Franciscan church, St. Martin&#8217;s Cathedral and the Castle. Discover the heritage of 11 kings and 7 queens crowned in the city.<\/p>\n<p data-start=\"2266\" data-end=\"2422\"><a class=\"cta-button\" href=\"https:\/\/tootoot.fm\/sk\/events\/686a702d014a8f7bbbec07e9\" target=\"_blank\" rel=\"noopener noreferrer\">Reservation<\/a><\/p>\n<hr data-start=\"2424\" data-end=\"2427\" \/>\n<p data-start=\"2429\" data-end=\"2539\">\ud83d\udd50 <strong data-start=\"2432\" data-end=\"2449\">11:00 \u2013 12:00<\/strong><br data-start=\"2449\" data-end=\"2452\" \/><strong>\ud83d\udcd6 <em data-start=\"2455\" data-end=\"2504\">Komentovan\u00e1 prehliadka SNM \u2013 Historick\u00e9ho m\u00fazea<\/em><\/strong><br data-start=\"2504\" data-end=\"2507\" \/>\ud83d\udde3\ufe0f slovensk\u00fd\u2003\ud83d\udc64 Juraj Pol\u00e1\u010dek<\/p>\n<p data-start=\"2541\" data-end=\"2651\">Pozrite si interi\u00e9ry hradu, z\u00e1hrady so sochami a font\u00e1nou, a objavte m\u00fazeum pln\u00e9 hist\u00f3rie pod jednou strechou.<\/p>\n<p data-start=\"2541\" data-end=\"2651\"><em>**v cene vstupenky na hrad\/zadarmo s<a href=\"https:\/\/card.visitbratislava.com\/sk\/\" target=\"_blank\" rel=\"noopener\"> Bratislava CARD<\/a><\/em><\/p>\n<hr data-start=\"2653\" data-end=\"2656\" \/>\n<p data-start=\"2658\" data-end=\"2767\">\ud83d\udd50 <strong data-start=\"2661\" data-end=\"2678\">12:30 \u2013 13:30<\/strong><br data-start=\"2678\" data-end=\"2681\" \/><strong>\ud83d\udcd6 <em>Guided tour of the SNM \u2013 Historical Museum<\/em><\/strong><br data-start=\"2733\" data-end=\"2736\" \/>\ud83d\udde3\ufe0f anglick\u00fd\u2003\ud83d\udc64 Juraj Pol\u00e1\u010dek<\/p>\n<p data-start=\"2769\" data-end=\"2893\">A guided castle interior and garden tour in English \u2013 architecture, art and stories of old Bratislava in one majestic place.<\/p>\n<p data-start=\"2769\" data-end=\"2893\"><em>**included in the ticket price to the castle\/free with <a href=\"https:\/\/card.visitbratislava.com\/\" target=\"_blank\" rel=\"noopener\">Bratislava CARD<\/a><\/em><\/p>\n<hr data-start=\"2895\" data-end=\"2898\" \/>\n<p data-start=\"2900\" data-end=\"2996\">\ud83d\udd50 <strong data-start=\"2903\" data-end=\"2920\">14:00 \u2013 16:00<\/strong><br data-start=\"2920\" data-end=\"2923\" \/><strong>\ud83d\udcd6 <em data-start=\"2926\" data-end=\"2956\">Karol III. a v\u00fdzvy otcovstva<\/em><\/strong><br data-start=\"2956\" data-end=\"2959\" \/>\ud83d\udde3\ufe0f slovensk\u00fd\u2003\ud83d\udc64 \u013dubom\u00edra \u010cern\u00e1kov\u00e1<\/p>\n<p data-start=\"2998\" data-end=\"3130\">Ako sa z panovn\u00edka stal otec, ktor\u00fd pripravoval dc\u00e9ry na dynastick\u00e9 sob\u00e1\u0161e? Rodinn\u00fd pr\u00edbeh s politick\u00fdm pozad\u00edm a osobn\u00fdmi dilemami.<\/p>\n<p><a class=\"cta-button\" href=\"https:\/\/tootoot.fm\/sk\/events\/686a7405014a8f7bbbf18694\" target=\"_blank\" rel=\"noopener noreferrer\">Rezervova\u0165 miesto<\/a><\/p>\n<hr data-start=\"3132\" data-end=\"3135\" \/>\n<p data-start=\"3137\" data-end=\"3237\">\ud83d\udd50 <strong data-start=\"3140\" data-end=\"3157\">17:00 \u2013 19:00<\/strong><br data-start=\"3157\" data-end=\"3160\" \/><strong>\ud83d\udcd6 <em data-start=\"3163\" data-end=\"3203\">P\u00e1tra\u010d Tino spozn\u00e1va Korunova\u010dn\u00fa cestu<\/em><\/strong><br data-start=\"3203\" data-end=\"3206\" \/>\ud83d\udde3\ufe0f slovensk\u00fd\u2003\ud83d\udc64 Iveta \u0160imove<\/p>\n<p data-start=\"3239\" data-end=\"3351\">Dobrodru\u017en\u00e1 misia pre deti \u2013 rie\u0161te \u00falohy, objavujte hist\u00f3riu a odnesiete si bro\u017e\u00farku aj pero od P\u00e1tra\u010da Tina!<\/p>\n<p data-start=\"3239\" data-end=\"3351\"><a class=\"cta-button\" href=\"https:\/\/tootoot.fm\/sk\/events\/686a7533ac5c84ec44d733ee\" target=\"_blank\" rel=\"noopener noreferrer\">Rezervova\u0165 miesto<\/a><\/p>\n<hr data-start=\"3353\" data-end=\"3356\" \/>\n<h2 data-start=\"3358\" data-end=\"3386\">\ud83d\udd38 \ud83d\uddd3\ufe0f Nede\u013ea 27. 7. 2025<\/h2>\n<p data-start=\"3388\" data-end=\"3488\">\ud83d\udd50 <strong data-start=\"3391\" data-end=\"3408\">10:00 \u2013 12:00<\/strong><br data-start=\"3408\" data-end=\"3411\" \/><strong>\ud83d\udcd6 <em data-start=\"3414\" data-end=\"3454\">P\u00e1tra\u010d Tino spozn\u00e1va Korunova\u010dn\u00fa cestu<\/em><\/strong><br data-start=\"3454\" data-end=\"3457\" \/>\ud83d\udde3\ufe0f slovensk\u00fd\u2003\ud83d\udc64 Iveta \u0160imove<\/p>\n<p data-start=\"3490\" data-end=\"3614\">Deti sa stan\u00fa objavite\u013emi korunova\u010dnej cesty! H\u00e1danky, ind\u00edcie a skryt\u00e1 hist\u00f3ria \u010dakaj\u00fa len na nich. (Pr\u00ed\u010fte 15 min vopred.)<\/p>\n<p data-start=\"3490\" data-end=\"3614\"><a class=\"cta-button\" href=\"https:\/\/tootoot.fm\/cs\/events\/686a8c4dac5c84ec44f05e84?sp=0\" target=\"_blank\" rel=\"noopener noreferrer\">Rezervova\u0165 miesto<\/a><\/p>\n<hr data-start=\"3616\" data-end=\"3619\" \/>\n<p data-start=\"3621\" data-end=\"3744\">\ud83d\udd50 <strong data-start=\"3624\" data-end=\"3641\">10:00 \u2013 11:30<\/strong><br data-start=\"3641\" data-end=\"3644\" \/><strong>\ud83d\udcd6 <em>K\u00f6nig Karl III. von Ungarn. (Kaiser des Heiligen R\u00f6mischen Reiches Karl VI.) \u2013 der letzte Habsburger und Barockkaiser <\/em><\/strong><\/p>\n<p data-start=\"3621\" data-end=\"3744\"><em data-start=\"3647\" data-end=\"3709\">(Uhorsk\u00fd kr\u00e1\u013e Karol III. \u2013 posledn\u00fd Habsburg a barokov\u00fd cis\u00e1r)<\/em><br data-start=\"3709\" data-end=\"3712\" \/>\ud83d\udde3\ufe0f nemeck\u00fd\u2003\ud83d\udc64 Zuzana God\u00e1rov\u00e1<\/p>\n<p data-start=\"3746\" data-end=\"3857\">Od Pragmatickej sankcie po hudobn\u00fd talent \u2013 spoznajte Karola VI. ako panovn\u00edka, umelca a milovn\u00edka pomp\u00e9znosti.<\/p>\n<p data-start=\"3746\" data-end=\"3857\"><a class=\"cta-button\" href=\"https:\/\/tootoot.fm\/sk\/events\/686a8a05014a8f7bbb0f0a37\" target=\"_blank\" rel=\"noopener noreferrer\">Rezervova\u0165 miesto<\/a><\/p>\n<hr data-start=\"3859\" data-end=\"3862\" \/>\n<p data-start=\"3864\" data-end=\"3989\">\ud83d\udd50 <strong data-start=\"3867\" data-end=\"3884\">10:30 \u2013 12:00<\/strong><br data-start=\"3884\" data-end=\"3887\" \/><strong>\ud83d\udcd6 <em data-start=\"3890\" data-end=\"3956\">Karol III. \u2013 Karol VI. Habsbursk\u00fd, mlad\u0161\u00ed syn cis\u00e1ra Leopolda I.<\/em><\/strong><br data-start=\"3956\" data-end=\"3959\" \/>\ud83d\udde3\ufe0f slovensk\u00fd\u2003\ud83d\udc64 Milan Hulej<\/p>\n<p data-start=\"3991\" data-end=\"4113\">Z\u00e1kulisie korunov\u00e1cie, reforma n\u00e1sledn\u00edctva a amb\u00edcie M\u00e1rie Ter\u00e9zie \u2013 v\u0161etko v jednej prehliadke plnej ve\u013ek\u00fdch rozhodnut\u00ed.<\/p>\n<p data-start=\"3991\" data-end=\"4113\"><a class=\"cta-button\" href=\"https:\/\/tootoot.fm\/sk\/events\/686a8b15014a8f7bbb100d63\" target=\"_blank\" rel=\"noopener noreferrer\">Rezervova\u0165 miesto<\/a><\/p>\n<h3 data-start=\"185\" data-end=\"316\"><span style=\"color: #ff0000;\">\ud83d\udd04 <strong data-start=\"188\" data-end=\"256\">Nestihli ste sa zaregistrova\u0165 na komentovan\u00e9 prehliadky? Nevad\u00ed!<\/strong><\/span><\/h3>\n<p data-start=\"185\" data-end=\"316\">Korunova\u010dn\u00fa Bratislavu m\u00f4\u017eete spozna\u0165 aj vlastn\u00fdm tempom:<\/p>\n<p data-start=\"318\" data-end=\"747\">\ud83d\udcf1 <strong data-start=\"321\" data-end=\"396\">Korunova\u010dn\u00e1 trasa v aplik\u00e1cii <a class=\"\" href=\"https:\/\/www.smart-guide.org\" target=\"_new\" rel=\"noopener\" data-start=\"353\" data-end=\"394\">SmartGuide<\/a><\/strong> v\u00e1s prevedie historick\u00fdmi zastaveniami s GPS navig\u00e1ciou a audio v\u00fdkladom \u2013 kedyko\u013evek, bez sprievodcu a zadarmo.<br data-start=\"509\" data-end=\"512\" \/>\ud83d\udd75\ufe0f\u200d\u2642\ufe0f <strong data-start=\"519\" data-end=\"651\">Z\u00e1bavn\u00fa verziu pre deti aj dospel\u00fdch pon\u00faka bezplatn\u00e1 online \u0161ifrovacia hra <a href=\"https:\/\/bystronovci.sk\/\" target=\"_blank\" rel=\"noopener\">Pr\u00edbeh ukradnutej koruny<\/a><\/strong>. Rie\u0161te \u00falohy, sledujte ind\u00edcie a pom\u00f4\u017ete zachr\u00e1ni\u0165 korunova\u010dn\u00e9 klenoty!<\/p>\n<p data-start=\"749\" data-end=\"873\" data-is-last-node=\"\" data-is-only-node=\"\">\u2728 S oboma mo\u017enos\u0165ami za\u017eijete korunova\u010dn\u00fa atmosf\u00e9ru mesta na vlastnej ko\u017ei \u2013 sta\u010d\u00ed mobil, chu\u0165 objavova\u0165 a pohodln\u00e9 top\u00e1nky.<\/p>\n<p><img loading=\"lazy\" class=\"alignnone wp-image-143904 size-large\" src=\"https:\/\/www.visitbratislava.com\/wp-content\/uploads\/2022\/07\/Korunovacie_2020_88-800x613.jpg\" alt=\"\" width=\"800\" height=\"613\" srcset=\"https:\/\/www.visitbratislava.com\/wp-content\/uploads\/2022\/07\/Korunovacie_2020_88-800x613.jpg 800w, https:\/\/www.visitbratislava.com\/wp-content\/uploads\/2022\/07\/Korunovacie_2020_88-400x306.jpg 400w, https:\/\/www.visitbratislava.com\/wp-content\/uploads\/2022\/07\/Korunovacie_2020_88-768x588.jpg 768w, https:\/\/www.visitbratislava.com\/wp-content\/uploads\/2022\/07\/Korunovacie_2020_88-1536x1176.jpg 1536w, https:\/\/www.visitbratislava.com\/wp-content\/uploads\/2022\/07\/Korunovacie_2020_88-2048x1568.jpg 2048w, https:\/\/www.visitbratislava.com\/wp-content\/uploads\/2022\/07\/Korunovacie_2020_88-200x153.jpg 200w\" sizes=\"(max-width: 800px) 100vw, 800px\" \/><\/p>\n","protected":false},"excerpt":{"rendered":"<p>Spoznajte korunova\u010dn\u00e9 dejiny Bratislavy o\u010dami t\u00fdch, ktor\u00ed o nej vedia najviac. Tento rok sme si pre v\u00e1s pripravili prehliadky spojen\u00e9 s t\u00e9mou korunovan\u00e9ho Karola III.<\/p>\n","protected":false},"author":32,"featured_media":341906,"parent":0,"menu_order":0,"comment_status":"closed","ping_status":"closed","template":"","meta":[],"acf":[],"_links":{"self":[{"href":"https:\/\/www.visitbratislava.com\/sk\/wp-json\/wp\/v2\/pages\/142754"}],"collection":[{"href":"https:\/\/www.visitbratislava.com\/sk\/wp-json\/wp\/v2\/pages"}],"about":[{"href":"https:\/\/www.visitbratislava.com\/sk\/wp-json\/wp\/v2\/types\/page"}],"author":[{"embeddable":true,"href":"https:\/\/www.visitbratislava.com\/sk\/wp-json\/wp\/v2\/users\/32"}],"replies":[{"embeddable":true,"href":"https:\/\/www.visitbratislava.com\/sk\/wp-json\/wp\/v2\/comments?post=142754"}],"version-history":[{"count":70,"href":"https:\/\/www.visitbratislava.com\/sk\/wp-json\/wp\/v2\/pages\/142754\/revisions"}],"predecessor-version":[{"id":343826,"href":"https:\/\/www.visitbratislava.com\/sk\/wp-json\/wp\/v2\/pages\/142754\/revisions\/343826"}],"wp:featuredmedia":[{"embeddable":true,"href":"https:\/\/www.visitbratislava.com\/sk\/wp-json\/wp\/v2\/media\/341906"}],"wp:attachment":[{"href":"https:\/\/www.visitbratislava.com\/sk\/wp-json\/wp\/v2\/media?parent=142754"}],"curies":[{"name":"wp","href":"https:\/\/api.w.org\/{rel}","templated":true}]}}