{"id":142760,"date":"2022-07-11T12:14:54","date_gmt":"2022-07-11T10:14:54","guid":{"rendered":"https:\/\/www.visitbratislava.com\/?page_id=142760"},"modified":"2025-07-23T17:29:36","modified_gmt":"2025-07-23T15:29:36","slug":"korunovacny-sprievod-a-rytiersky-turnaj","status":"publish","type":"page","link":"https:\/\/www.visitbratislava.com\/sk\/korunovacny-sprievod-a-rytiersky-turnaj\/","title":{"rendered":"Korunova\u010dn\u00fd sprievod"},"content":{"rendered":"<h2>Korunova\u010dn\u00fd sprievod<\/h2>\n<p>Po\u010das korunov\u00e1ci\u00ed do mesta prich\u00e1dzalo mno\u017estvo host\u00ed a umelcov, ktor\u00ed n\u00e1m zanechali ob\u0161\u00edrny opis za\u017eitej udalosti. Aj v\u010faka tomu dnes m\u00e1me pomerne presn\u00fa predstavu nielen o priebehu korunov\u00e1cie, ale aj o sprievodn\u00fdch oslav\u00e1ch a kr\u00e1\u013eovskom korunova\u010dnom sprievode. A pr\u00e1ve na tie sa m\u00f4\u017eete te\u0161i\u0165 v r\u00e1mci Bratislavsk\u00fdch korunova\u010dn\u00fdch dn\u00ed!<\/p>\n<p>Korunova\u010dn\u00fd sprievod sa po skupinovom fotografovan\u00ed (14:00) s kulisou hradu, vyd\u00e1 na svoju p\u00fa\u0165 <strong>v sobotu 26. j\u00fala 2025 o 16:00 popoludn\u00ed<\/strong>, av\u0161ak program za\u010dne u\u017e 15:30. Vyberie sa z Bratislavsk\u00e9ho hradu na Hlavn\u00e9 n\u00e1mestie, kde bude nasledova\u0165 \u010fal\u0161\u00ed l\u00e1kav\u00fd program v podobe divadeln\u00fdch a \u0161ermiarskych vyst\u00fapen\u00ed.<\/p>\n<p><img loading=\"lazy\" width=\"2339\" height=\"1654\" class=\"alignnone size-full wp-image-341961\" src=\"https:\/\/www.visitbratislava.com\/wp-content\/uploads\/2025\/07\/BKD_Mapka-sprievod_2005.jpg\" alt=\"\" srcset=\"https:\/\/www.visitbratislava.com\/wp-content\/uploads\/2025\/07\/BKD_Mapka-sprievod_2005.jpg 2339w, https:\/\/www.visitbratislava.com\/wp-content\/uploads\/2025\/07\/BKD_Mapka-sprievod_2005-400x283.jpg 400w, https:\/\/www.visitbratislava.com\/wp-content\/uploads\/2025\/07\/BKD_Mapka-sprievod_2005-800x566.jpg 800w, https:\/\/www.visitbratislava.com\/wp-content\/uploads\/2025\/07\/BKD_Mapka-sprievod_2005-768x543.jpg 768w, https:\/\/www.visitbratislava.com\/wp-content\/uploads\/2025\/07\/BKD_Mapka-sprievod_2005-1536x1086.jpg 1536w, https:\/\/www.visitbratislava.com\/wp-content\/uploads\/2025\/07\/BKD_Mapka-sprievod_2005-2048x1448.jpg 2048w, https:\/\/www.visitbratislava.com\/wp-content\/uploads\/2025\/07\/BKD_Mapka-sprievod_2005-200x141.jpg 200w\" sizes=\"(max-width: 2339px) 100vw, 2339px\" \/><\/p>\n<h3>\u010co v\u00e1s \u010dak\u00e1?<\/h3>\n<p>V korunova\u010dnom sprievode m\u00f4\u017eete sledova\u0165 portr\u00e9ty jednotliv\u00fdch kr\u00e1\u013eov, ktor\u00fdch v Bratislave v minulosti korunovali, spolu s ich dobov\u00fdm sprievodom. Kr\u00e1\u013e <b data-olk-copy-source=\"MessageBody\">Karol III.<\/b>, ktor\u00fd bol korunovan\u00fd 22. m\u00e1ja 1712, p\u00f4jde na koni sprev\u00e1dzan\u00fd suitou. V sprievode bude pred korunova\u010dn\u00fdmi klenotmi kr\u00e1\u010da\u0165 aj duchovenstvo na \u010dele s arcibiskupom.<\/p>\n<p>Postupne tak uvid\u00edte v\u00fdvoj odevu, zbroje a odevn\u00fdch doplnkov v \u010dase. Po\u010das cel\u00e9ho sprievodu v\u00e1m bude<strong> na Hlavnom n\u00e1mest\u00ed herold prin\u00e1\u0161a\u0165 inform\u00e1cie o historick\u00fdch s\u00favislostiach korunov\u00e1ci\u00ed<\/strong>. Len \u010do sa uk\u00e1\u017ee sprievod, predstav\u00ed aj jeho jednotliv\u00e9 zlo\u017eky.<\/p>\n<p>N\u00e1sledne budete m\u00f4c\u0165 vidie\u0165<strong> akt korunov\u00e1cie<\/strong> a \u010fal\u0161\u00ed bohat\u00fd program.<\/p>\n<h3>Korunova\u010dn\u00e9 pr\u00edsahy<\/h3>\n<p>S\u00fa\u010das\u0165ou uhorsk\u00e9ho korunova\u010dn\u00e9ho ritu\u00e1lu boli aj dve pr\u00edsahy: <strong>\u201ekorunova\u010dn\u00e1 pr\u00edsaha\u201c\u00a0 a \u201epr\u00edsaha krajine\u201c<\/strong>.\u00a0 Korunova\u010dn\u00e1 pr\u00edsaha pozost\u00e1vala z aktu, ke\u010f kr\u00e1\u013e vzop\u00e4l svojho \u017erebca na zadn\u00e9 nohy a korunova\u010dn\u00fdm me\u010dom m\u00e1vol na \u0161tyri svetov\u00e9 strany, aby dokladoval, \u017ee je pripraven\u00fd br\u00e1ni\u0165 krajinu proti nepriate\u013eom, nech by pri\u0161li odkia\u013eko\u013evek.<\/p>\n<p>Pr\u00edsahou krajine sa panovn\u00edk zav\u00e4zuje, \u017ee bude re\u0161pektova\u0165 a cti\u0165 z\u00e1kony krajiny, zvykov\u00e9 pr\u00e1vo a v\u0161etky dovtedy udelen\u00e9 v\u00fdsady, \u010di u\u017e jednotlivcom, alebo spolo\u010denstv\u00e1m. V zmysle Zlatej buly Ondreja II. poru\u0161enie tejto pr\u00edsahy opr\u00e1v\u0148ovalo obyvate\u013eov kr\u00e1\u013eovstva povsta\u0165 proti kr\u00e1\u013eovi so zbra\u0148ou v ruke. Aj preto bolo v dejin\u00e1ch Uhorska tak\u00e9 mno\u017estvo stavovsk\u00fdch povstan\u00ed.<\/p>\n","protected":false},"excerpt":{"rendered":"<p>Obdivujte prechod kr\u00e1\u013eovskej dru\u017einy, duchovenstva, \u0161\u013eachty a cel\u00e9ho korunova\u010dn\u00e9ho sprievodu a zatajte dych pri odvahe a obratnosti rytierov.<\/p>\n","protected":false},"author":32,"featured_media":341887,"parent":0,"menu_order":0,"comment_status":"closed","ping_status":"closed","template":"","meta":[],"acf":[],"_links":{"self":[{"href":"https:\/\/www.visitbratislava.com\/sk\/wp-json\/wp\/v2\/pages\/142760"}],"collection":[{"href":"https:\/\/www.visitbratislava.com\/sk\/wp-json\/wp\/v2\/pages"}],"about":[{"href":"https:\/\/www.visitbratislava.com\/sk\/wp-json\/wp\/v2\/types\/page"}],"author":[{"embeddable":true,"href":"https:\/\/www.visitbratislava.com\/sk\/wp-json\/wp\/v2\/users\/32"}],"replies":[{"embeddable":true,"href":"https:\/\/www.visitbratislava.com\/sk\/wp-json\/wp\/v2\/comments?post=142760"}],"version-history":[{"count":35,"href":"https:\/\/www.visitbratislava.com\/sk\/wp-json\/wp\/v2\/pages\/142760\/revisions"}],"predecessor-version":[{"id":344039,"href":"https:\/\/www.visitbratislava.com\/sk\/wp-json\/wp\/v2\/pages\/142760\/revisions\/344039"}],"wp:featuredmedia":[{"embeddable":true,"href":"https:\/\/www.visitbratislava.com\/sk\/wp-json\/wp\/v2\/media\/341887"}],"wp:attachment":[{"href":"https:\/\/www.visitbratislava.com\/sk\/wp-json\/wp\/v2\/media?parent=142760"}],"curies":[{"name":"wp","href":"https:\/\/api.w.org\/{rel}","templated":true}]}}