{"id":142766,"date":"2022-07-11T12:16:55","date_gmt":"2022-07-11T10:16:55","guid":{"rendered":"https:\/\/www.visitbratislava.com\/?page_id=142766"},"modified":"2025-07-04T10:42:28","modified_gmt":"2025-07-04T08:42:28","slug":"o-korunovaciach","status":"publish","type":"page","link":"https:\/\/www.visitbratislava.com\/sk\/o-korunovaciach\/","title":{"rendered":"O korunov\u00e1ci\u00e1ch"},"content":{"rendered":"<h2>Pozn\u00e1te kr\u00e1\u013eovsk\u00fa minulos\u0165?<\/h2>\n<p>Bratislava, ktor\u00fa kedysi Slov\u00e1ci volali Pre\u0161porok, Nemci Pre\u00dfburg a Ma\u010fari Pozsony sa stala korunova\u010dn\u00fdm mestom po tureckej okup\u00e1cii Uhorska, ke\u010f Turci obsadili aj dejisko korunov\u00e1ci\u00ed, mesto Stoli\u010dn\u00fd Belehrad (Sz\u00e9kesfeh\u00e9rv\u00e1r). V tom \u010dase bol Pre\u0161porok bezpe\u010dn\u00fdm miestom bl\u00edzko cis\u00e1rskeho reziden\u010dn\u00e9ho mesta Viedne, ktor\u00e9 si vybrali uhorsk\u00ed \u0161\u013eachtici, svetsk\u00ed a cirkevn\u00ed hodnost\u00e1ri za svoje \u00fato\u010disko.<\/p>\n<p><img loading=\"lazy\" width=\"1035\" height=\"575\" class=\"alignleft size-full wp-image-32434\" src=\"https:\/\/www.visitbratislava.com\/wp-content\/uploads\/2017\/05\/Maria-Terezia-300-Rakuske-kulturne-forum.png\" alt=\"\" srcset=\"https:\/\/www.visitbratislava.com\/wp-content\/uploads\/2017\/05\/Maria-Terezia-300-Rakuske-kulturne-forum.png 1035w, https:\/\/www.visitbratislava.com\/wp-content\/uploads\/2017\/05\/Maria-Terezia-300-Rakuske-kulturne-forum-400x222.png 400w, https:\/\/www.visitbratislava.com\/wp-content\/uploads\/2017\/05\/Maria-Terezia-300-Rakuske-kulturne-forum-768x427.png 768w, https:\/\/www.visitbratislava.com\/wp-content\/uploads\/2017\/05\/Maria-Terezia-300-Rakuske-kulturne-forum-800x444.png 800w, https:\/\/www.visitbratislava.com\/wp-content\/uploads\/2017\/05\/Maria-Terezia-300-Rakuske-kulturne-forum-200x111.png 200w\" sizes=\"(max-width: 1035px) 100vw, 1035px\" \/><\/p>\n<p>Od roku 1536 sa vtedaj\u0161ia Bratislava stala aj hlavn\u00fdm mestom Uhorska. V hist\u00f3rii mal\u00e9ho mesta na Dunaji nastal rozmach, bolo spr\u00e1vnym centrom krajiny, s\u00eddlom kr\u00e1\u013ea, arcibiskupa a uhorsk\u00e9ho snemu a taktie\u017e korunova\u010dn\u00fdm mestom uhorsk\u00fdch kr\u00e1\u013eov. V D\u00f3me sv. Martina v rokoch 1563 &#8211; 1830 korunovali 10 kr\u00e1\u013eov, 1 panuj\u00facu kr\u00e1\u013eovn\u00fa a 7 kr\u00e1\u013eovsk\u00fdch man\u017eeliek.<\/p>\n<p>Prv\u00fdm korunovan\u00fdm panovn\u00edkom bol Maximili\u00e1n z\u00a0rodu Habsburgovcov a\u00a0sl\u00e1vna korunova\u010dn\u00e1 \u00e9ra Bratislavy kon\u010dila korunov\u00e1ciou Ferdinanda V. Jedinou v\u00a0Bratislave korunovanou vl\u00e1dnucou kr\u00e1\u013eovnou bola M\u00e1ria Ter\u00e9zia, ktor\u00e1 sl\u00e1vnostne prijala titul a korunu 25. j\u00fana 1741.<\/p>\n<p><img loading=\"lazy\" width=\"661\" height=\"800\" class=\"alignleft size-full wp-image-143582\" src=\"https:\/\/www.visitbratislava.com\/wp-content\/uploads\/2022\/07\/Maria-Terezia-1741.jpg\" alt=\"\" srcset=\"https:\/\/www.visitbratislava.com\/wp-content\/uploads\/2022\/07\/Maria-Terezia-1741.jpg 661w, https:\/\/www.visitbratislava.com\/wp-content\/uploads\/2022\/07\/Maria-Terezia-1741-331x400.jpg 331w, https:\/\/www.visitbratislava.com\/wp-content\/uploads\/2022\/07\/Maria-Terezia-1741-165x200.jpg 165w\" sizes=\"(max-width: 661px) 100vw, 661px\" \/><\/p>\n<h2>Svedkovia korunov\u00e1ci\u00ed<\/h2>\n<p>V uliciach dne\u0161nej Bratislavy sa nach\u00e1dzaj\u00fa <a href=\"https:\/\/www.visitbratislava.com\/sk\/korunovacie\/svedkovia-korunovacii\/\" target=\"_blank\" rel=\"noopener\">kostoly a budovy<\/a>, v ktor\u00fdch sa odohr\u00e1vali historick\u00e9 udalosti, st\u00e1le tu stoja domy, ktor\u00e9 lemovali trasu korunova\u010dn\u00e9ho sprievodu a existuj\u00fa n\u00e1mestia, ktor\u00e9 boli svedkami korunova\u010dn\u00e9ho obradu. \u010cas\u0165 trasy p\u00f4vodn\u00e9ho korunova\u010dn\u00e9ho sprievodu dnes vyzna\u010duj\u00fa mosadzn\u00e9 korunky v dla\u017ebe.<\/p>\n<h2>Objav\u00edte korunova\u010dn\u00fa Bratislavu?<\/h2>\n<p>Vydajte sa po stop\u00e1ch kr\u00e1\u013eov a absolvujte \u010das\u0165 trasy p\u00f4vodn\u00e9ho korunova\u010dn\u00e9ho sprievodu po\u010das sprev\u00e1dzan\u00fdch <a href=\"https:\/\/www.visitbratislava.com\/sk\/bratislavske-korunovacne-dni\/prehliadky-pocas-bratislavskych-korunovacnych-dni\/\" target=\"_blank\" rel=\"noopener\">korunova\u010dn\u00fdch prehliadok<\/a>, ktor\u00e9 organizuje<strong> Bratislava Tourist Board<\/strong>. Objavte miesta, ktor\u00e9 d\u00fdchaj\u00fa hist\u00f3riou a boli svedkami sl\u00e1vnych korunov\u00e1ci\u00ed. Vyu\u017ei\u0165 na to m\u00f4\u017eete aj hru pre cel\u00fa rodinu <a href=\"https:\/\/bystronovci.sk\/sifrovacie-hry\/\" target=\"_blank\" rel=\"noopener\">Pr\u00edbeh ukradnutej koruny <\/a>\u00faplne zadarmo.<\/p>\n<p><img loading=\"lazy\" width=\"1200\" height=\"630\" class=\"alignnone size-full wp-image-249688\" src=\"https:\/\/www.visitbratislava.com\/wp-content\/uploads\/2023\/07\/1200x630_SK.jpg\" alt=\"\" srcset=\"https:\/\/www.visitbratislava.com\/wp-content\/uploads\/2023\/07\/1200x630_SK.jpg 1200w, https:\/\/www.visitbratislava.com\/wp-content\/uploads\/2023\/07\/1200x630_SK-400x210.jpg 400w, https:\/\/www.visitbratislava.com\/wp-content\/uploads\/2023\/07\/1200x630_SK-800x420.jpg 800w, https:\/\/www.visitbratislava.com\/wp-content\/uploads\/2023\/07\/1200x630_SK-768x403.jpg 768w, https:\/\/www.visitbratislava.com\/wp-content\/uploads\/2023\/07\/1200x630_SK-200x105.jpg 200w\" sizes=\"(max-width: 1200px) 100vw, 1200px\" \/><\/p>\n<p>&nbsp;<\/p>\n","protected":false},"excerpt":{"rendered":"<p>Pripome\u0148te si d\u00e1vnu atmosf\u00e9ru Pre\u0161porka v hlavnej \u00falohe s kr\u00e1\u013emi a kr\u00e1\u013eovnami.<\/p>\n","protected":false},"author":32,"featured_media":303565,"parent":0,"menu_order":0,"comment_status":"closed","ping_status":"closed","template":"","meta":[],"acf":[],"_links":{"self":[{"href":"https:\/\/www.visitbratislava.com\/sk\/wp-json\/wp\/v2\/pages\/142766"}],"collection":[{"href":"https:\/\/www.visitbratislava.com\/sk\/wp-json\/wp\/v2\/pages"}],"about":[{"href":"https:\/\/www.visitbratislava.com\/sk\/wp-json\/wp\/v2\/types\/page"}],"author":[{"embeddable":true,"href":"https:\/\/www.visitbratislava.com\/sk\/wp-json\/wp\/v2\/users\/32"}],"replies":[{"embeddable":true,"href":"https:\/\/www.visitbratislava.com\/sk\/wp-json\/wp\/v2\/comments?post=142766"}],"version-history":[{"count":13,"href":"https:\/\/www.visitbratislava.com\/sk\/wp-json\/wp\/v2\/pages\/142766\/revisions"}],"predecessor-version":[{"id":342190,"href":"https:\/\/www.visitbratislava.com\/sk\/wp-json\/wp\/v2\/pages\/142766\/revisions\/342190"}],"wp:featuredmedia":[{"embeddable":true,"href":"https:\/\/www.visitbratislava.com\/sk\/wp-json\/wp\/v2\/media\/303565"}],"wp:attachment":[{"href":"https:\/\/www.visitbratislava.com\/sk\/wp-json\/wp\/v2\/media?parent=142766"}],"curies":[{"name":"wp","href":"https:\/\/api.w.org\/{rel}","templated":true}]}}