{"id":15432,"date":"2016-05-02T10:24:51","date_gmt":"2016-05-02T08:24:51","guid":{"rendered":"https:\/\/www.visitbratislava.com\/sk\/?page_id=15432"},"modified":"2023-03-22T10:23:17","modified_gmt":"2023-03-22T09:23:17","slug":"newsletter","status":"publish","type":"page","link":"https:\/\/www.visitbratislava.com\/sk\/newsletter\/","title":{"rendered":"Newsletter"},"content":{"rendered":"<p style=\"text-align: center;\">Dost\u00e1vajte od n\u00e1s tipy z prvej ruky!<br \/>\nNewsletter s novinkami, v\u00fdberom podujat\u00ed, \u010di radami \u010do vidie\u0165 a za\u017ei\u0165 v Bratislave posielame raz mesa\u010dne.<\/p>\n","protected":false},"excerpt":{"rendered":"<p>Dost\u00e1vajte od n\u00e1s tipy z prvej ruky! Newsletter s novinkami, v\u00fdberom podujat\u00ed, \u010di radami \u010do vidie\u0165 a za\u017ei\u0165 v Bratislave posielame raz mesa\u010dne.<\/p>\n","protected":false},"author":32,"featured_media":269550,"parent":0,"menu_order":0,"comment_status":"closed","ping_status":"closed","template":"tpl-page-newsletter.php","meta":[],"acf":[],"_links":{"self":[{"href":"https:\/\/www.visitbratislava.com\/sk\/wp-json\/wp\/v2\/pages\/15432"}],"collection":[{"href":"https:\/\/www.visitbratislava.com\/sk\/wp-json\/wp\/v2\/pages"}],"about":[{"href":"https:\/\/www.visitbratislava.com\/sk\/wp-json\/wp\/v2\/types\/page"}],"author":[{"embeddable":true,"href":"https:\/\/www.visitbratislava.com\/sk\/wp-json\/wp\/v2\/users\/32"}],"replies":[{"embeddable":true,"href":"https:\/\/www.visitbratislava.com\/sk\/wp-json\/wp\/v2\/comments?post=15432"}],"version-history":[{"count":4,"href":"https:\/\/www.visitbratislava.com\/sk\/wp-json\/wp\/v2\/pages\/15432\/revisions"}],"predecessor-version":[{"id":269556,"href":"https:\/\/www.visitbratislava.com\/sk\/wp-json\/wp\/v2\/pages\/15432\/revisions\/269556"}],"wp:featuredmedia":[{"embeddable":true,"href":"https:\/\/www.visitbratislava.com\/sk\/wp-json\/wp\/v2\/media\/269550"}],"wp:attachment":[{"href":"https:\/\/www.visitbratislava.com\/sk\/wp-json\/wp\/v2\/media?parent=15432"}],"curies":[{"name":"wp","href":"https:\/\/api.w.org\/{rel}","templated":true}]}}