{"id":175312,"date":"2022-09-08T13:46:52","date_gmt":"2022-09-08T11:46:52","guid":{"rendered":"https:\/\/www.visitbratislava.com\/?page_id=175312"},"modified":"2022-12-04T00:20:49","modified_gmt":"2022-12-03T23:20:49","slug":"cas-malokarpatskych-vinobrani","status":"publish","type":"page","link":"https:\/\/www.visitbratislava.com\/sk\/cas-malokarpatskych-vinobrani\/","title":{"rendered":"\u010cas malokarpatsk\u00fdch vinobran\u00ed"},"content":{"rendered":"<p>Oslavy v\u00edna spolu s rozmanit\u00fdm kult\u00farnym programom a ochutn\u00e1vkami miestnych \u0161pecial\u00edt patria medzi najv\u00e4\u010d\u0161ie udalosti roka v Malokarpatsku.<\/p>\n<p><img loading=\"lazy\" width=\"1920\" height=\"1280\" class=\"alignleft size-full wp-image-175317\" src=\"https:\/\/www.visitbratislava.com\/wp-content\/uploads\/2022\/09\/Kovac_BA_Raca_vinohrady_zapad-slnka_nevyhradna-licencia_1920x1280.jpg\" alt=\"\" srcset=\"https:\/\/www.visitbratislava.com\/wp-content\/uploads\/2022\/09\/Kovac_BA_Raca_vinohrady_zapad-slnka_nevyhradna-licencia_1920x1280.jpg 1920w, https:\/\/www.visitbratislava.com\/wp-content\/uploads\/2022\/09\/Kovac_BA_Raca_vinohrady_zapad-slnka_nevyhradna-licencia_1920x1280-400x267.jpg 400w, https:\/\/www.visitbratislava.com\/wp-content\/uploads\/2022\/09\/Kovac_BA_Raca_vinohrady_zapad-slnka_nevyhradna-licencia_1920x1280-800x533.jpg 800w, https:\/\/www.visitbratislava.com\/wp-content\/uploads\/2022\/09\/Kovac_BA_Raca_vinohrady_zapad-slnka_nevyhradna-licencia_1920x1280-768x512.jpg 768w, https:\/\/www.visitbratislava.com\/wp-content\/uploads\/2022\/09\/Kovac_BA_Raca_vinohrady_zapad-slnka_nevyhradna-licencia_1920x1280-1536x1024.jpg 1536w, https:\/\/www.visitbratislava.com\/wp-content\/uploads\/2022\/09\/Kovac_BA_Raca_vinohrady_zapad-slnka_nevyhradna-licencia_1920x1280-200x133.jpg 200w\" sizes=\"(max-width: 1920px) 100vw, 1920px\" \/><\/p>\n<p>Je tu obdobie vinobran\u00ed, ktor\u00e9 s\u00fa v mest\u00e1ch, meste\u010dk\u00e1ch a obciach Malokarpatska odvekou trad\u00edciou. Pr\u00ed\u010fte do Bratislavy a jej okolia ochutna\u0165 lahodn\u00e9 jedlo, ch\u00fdrny bur\u010diak a skvel\u00e9 v\u00edno, stretn\u00fa\u0165 sa s miestnymi, priate\u013emi \u010di kolegami, u\u017ei\u0165 si v\u00fdnimo\u010dn\u00fa atmosf\u00e9ru a zabavi\u0165 sa.<\/p>\n<p>Starobyl\u00e9 vinohradn\u00edcke mest\u00e1 obklopen\u00e9 \u00fabo\u010diami Mal\u00fdch Karp\u00e1t s\u00fa zn\u00e1me dlhou trad\u00edciou pestovania vini\u010da a v\u00fdroby v\u00edna. O\u010daruj\u00face obce najv\u00fdznamnej\u0161ej vinohradn\u00edckej oblasti Slovenska sa p\u00fd\u0161ia pokojnou atmosf\u00e9rou.<\/p>\n<p><img loading=\"lazy\" width=\"1920\" height=\"1280\" class=\"alignleft size-full wp-image-175323\" src=\"https:\/\/www.visitbratislava.com\/wp-content\/uploads\/2022\/09\/Modra-005_1920x1280.jpg\" alt=\"\" srcset=\"https:\/\/www.visitbratislava.com\/wp-content\/uploads\/2022\/09\/Modra-005_1920x1280.jpg 1920w, https:\/\/www.visitbratislava.com\/wp-content\/uploads\/2022\/09\/Modra-005_1920x1280-400x267.jpg 400w, https:\/\/www.visitbratislava.com\/wp-content\/uploads\/2022\/09\/Modra-005_1920x1280-800x533.jpg 800w, https:\/\/www.visitbratislava.com\/wp-content\/uploads\/2022\/09\/Modra-005_1920x1280-768x512.jpg 768w, https:\/\/www.visitbratislava.com\/wp-content\/uploads\/2022\/09\/Modra-005_1920x1280-1536x1024.jpg 1536w, https:\/\/www.visitbratislava.com\/wp-content\/uploads\/2022\/09\/Modra-005_1920x1280-200x133.jpg 200w\" sizes=\"(max-width: 1920px) 100vw, 1920px\" \/><\/p>\n<p>Malokarpatsk\u00e9 vinobrania v Modre, v Pezinku a v mestskej \u010dasti Bratislava \u2013 Ra\u010da s\u00fa festivalom povestn\u00e9ho bur\u010diaku, kvasiaceho hroznov\u00e9ho mu\u0161tu. Tradi\u010dn\u00e9 obera\u010dkov\u00e9 sl\u00e1vnosti v uliciach malebn\u00fdch vinohradn\u00edckych miest s\u00fa preto oslavou vin\u00e1rstva a vinohradn\u00edctva.<\/p>\n<p>Pripojte sa k oslav\u00e1m v uliciach stredovek\u00fdch miest, kde miestni producenti pon\u00fakaj\u00fa svoje v\u00edna. Vinobrania navy\u0161e dop\u013a\u0148aj\u00fa \u017eiv\u00e9 koncerty, vyst\u00fapenia a chutn\u00e9 tradi\u010dn\u00e9 pokrmy, ako napr\u00edklad cig\u00e1nska pe\u010dienka, teda grilovan\u00e9 brav\u010dov\u00e9 ale kuracie m\u00e4so s hor\u010dicou a cibu\u013eou, gul\u00e1\u0161, ako aj pe\u010den\u00e1 husacina, klob\u00e1sy, lok\u0161e zo zemiakov\u00e9ho cesta \u010di ch\u00fdrny trdeln\u00edk poch\u00e1dzaj\u00faci zo z\u00e1horskej Skalice.<\/p>\n<p><img loading=\"lazy\" width=\"1920\" height=\"1280\" class=\"alignleft size-full wp-image-175329\" src=\"https:\/\/www.visitbratislava.com\/wp-content\/uploads\/2022\/09\/Modranske-vinobranie-017_1920x1280.jpg\" alt=\"\" srcset=\"https:\/\/www.visitbratislava.com\/wp-content\/uploads\/2022\/09\/Modranske-vinobranie-017_1920x1280.jpg 1920w, https:\/\/www.visitbratislava.com\/wp-content\/uploads\/2022\/09\/Modranske-vinobranie-017_1920x1280-400x267.jpg 400w, https:\/\/www.visitbratislava.com\/wp-content\/uploads\/2022\/09\/Modranske-vinobranie-017_1920x1280-800x533.jpg 800w, https:\/\/www.visitbratislava.com\/wp-content\/uploads\/2022\/09\/Modranske-vinobranie-017_1920x1280-768x512.jpg 768w, https:\/\/www.visitbratislava.com\/wp-content\/uploads\/2022\/09\/Modranske-vinobranie-017_1920x1280-1536x1024.jpg 1536w, https:\/\/www.visitbratislava.com\/wp-content\/uploads\/2022\/09\/Modranske-vinobranie-017_1920x1280-200x133.jpg 200w\" sizes=\"(max-width: 1920px) 100vw, 1920px\" \/><\/p>\n<p>Vin\u00e1rske sl\u00e1vnosti v\u0161ak, samozrejme, nie s\u00fa len o v\u00edne. S\u00fa aj o jedle, hudbe, tanci a dokonca o pre\u0161ovan\u00ed hrozna. N\u00e1jdete tu ve\u013ea druhov n\u00e1pojov z tohto chutn\u00e9ho ovocia, napr\u00edklad legend\u00e1rny bur\u010diak, poch\u00e1dzaj\u00faci zo sladk\u00e9ho, \u010derstvo vylisovan\u00e9ho a kvasen\u00e9ho mu\u0161tu.<\/p>\n<p>Vinobrania sa p\u00f4vodne sl\u00e1vili v \u00fatuln\u00fdch pivniciach, ich popularita a ve\u013ekos\u0165 v\u0161ak nar\u00e1stla. Tri najv\u00e4\u010d\u0161ie vinobrania sa v s\u00fa\u010dasnosti konaj\u00fa v meste\u010dku Modra, meste Pezinok a v bratislavskej mestskej \u010dasti Ra\u010da. Spravidla trvaj\u00fa tri dni po\u010das troch r\u00f4znych septembrov\u00fdch v\u00edkendov, niekedy sa v\u0161ak konaj\u00fa aj dve naraz.<\/p>\n<p><img loading=\"lazy\" width=\"1920\" height=\"1280\" class=\"alignleft size-full wp-image-175335\" src=\"https:\/\/www.visitbratislava.com\/wp-content\/uploads\/2022\/09\/Modranske-vinobranie-031_1920x1280.jpg\" alt=\"\" srcset=\"https:\/\/www.visitbratislava.com\/wp-content\/uploads\/2022\/09\/Modranske-vinobranie-031_1920x1280.jpg 1920w, https:\/\/www.visitbratislava.com\/wp-content\/uploads\/2022\/09\/Modranske-vinobranie-031_1920x1280-400x267.jpg 400w, https:\/\/www.visitbratislava.com\/wp-content\/uploads\/2022\/09\/Modranske-vinobranie-031_1920x1280-800x533.jpg 800w, https:\/\/www.visitbratislava.com\/wp-content\/uploads\/2022\/09\/Modranske-vinobranie-031_1920x1280-768x512.jpg 768w, https:\/\/www.visitbratislava.com\/wp-content\/uploads\/2022\/09\/Modranske-vinobranie-031_1920x1280-1536x1024.jpg 1536w, https:\/\/www.visitbratislava.com\/wp-content\/uploads\/2022\/09\/Modranske-vinobranie-031_1920x1280-200x133.jpg 200w\" sizes=\"(max-width: 1920px) 100vw, 1920px\" \/><\/p>\n<p>Modra v srdci malokarpatsk\u00e9ho Predhoria m\u00e1 len nie\u010do vy\u0161e 9 000 obyvate\u013eov, pr\u00e1vom ju v\u0161ak pova\u017euj\u00fa za slovensk\u00e9 hlavn\u00e9 mesto v\u00edna. N\u00e1mestie v p\u00f4vabnom vinohradn\u00edckom meste\u010dku v lete pripom\u00edna atmosf\u00e9ru Tosk\u00e1nska.<\/p>\n<p>To najlep\u0161ie, \u010do modransk\u00fd chot\u00e1r pon\u00faka, n\u00e1jdete na vinobran\u00ed v centre tohto malebn\u00e9ho meste\u010dka, ktor\u00e9 svojou trad\u00edciou \u017eije aj dnes. Tradi\u010dn\u00e9 modransk\u00e9 vinobranie sa tento rok bude kona\u0165 druh\u00fd septembrov\u00fd v\u00edkend.<\/p>\n<p><img loading=\"lazy\" width=\"1920\" height=\"1280\" class=\"alignleft size-full wp-image-175341\" src=\"https:\/\/www.visitbratislava.com\/wp-content\/uploads\/2022\/09\/Modranske-vinobranie-029_1920x1280.jpg\" alt=\"\" srcset=\"https:\/\/www.visitbratislava.com\/wp-content\/uploads\/2022\/09\/Modranske-vinobranie-029_1920x1280.jpg 1920w, https:\/\/www.visitbratislava.com\/wp-content\/uploads\/2022\/09\/Modranske-vinobranie-029_1920x1280-400x267.jpg 400w, https:\/\/www.visitbratislava.com\/wp-content\/uploads\/2022\/09\/Modranske-vinobranie-029_1920x1280-800x533.jpg 800w, https:\/\/www.visitbratislava.com\/wp-content\/uploads\/2022\/09\/Modranske-vinobranie-029_1920x1280-768x512.jpg 768w, https:\/\/www.visitbratislava.com\/wp-content\/uploads\/2022\/09\/Modranske-vinobranie-029_1920x1280-1536x1024.jpg 1536w, https:\/\/www.visitbratislava.com\/wp-content\/uploads\/2022\/09\/Modranske-vinobranie-029_1920x1280-200x133.jpg 200w\" sizes=\"(max-width: 1920px) 100vw, 1920px\" \/><\/p>\n<p>O\u010daruj\u00faca Modra si na oslav\u00e1ch v\u00edna, ktor\u00e9 s\u00fa od nepam\u00e4ti s\u00fa\u010das\u0165ou jesenn\u00fdch zvykov regi\u00f3nu, zachov\u00e1va svoj pr\u00edzna\u010dn\u00fd r\u00e1z. Ochutn\u00e1vky v\u00edn a miestne gurm\u00e1nske \u0161peciality spolu s region\u00e1lnou muzikou, vyst\u00fapeniami ochotn\u00edkov a bohat\u00fdm sprievodn\u00fdm programom, vytv\u00e1raj\u00fa nezabudnute\u013en\u00fa atmosf\u00e9ru. Pr\u00ed\u010fte a ochutnajte v srdci \u0160t\u00farovho mesta v\u0161etko dobr\u00e9, \u010do sa vyprodukovalo v Modre a okol\u00ed.<\/p>\n<p><img loading=\"lazy\" width=\"1920\" height=\"1280\" class=\"alignleft size-full wp-image-175347\" src=\"https:\/\/www.visitbratislava.com\/wp-content\/uploads\/2022\/09\/Modranske-vinobranie-026_1920x1280.jpg\" alt=\"\" srcset=\"https:\/\/www.visitbratislava.com\/wp-content\/uploads\/2022\/09\/Modranske-vinobranie-026_1920x1280.jpg 1920w, https:\/\/www.visitbratislava.com\/wp-content\/uploads\/2022\/09\/Modranske-vinobranie-026_1920x1280-400x267.jpg 400w, https:\/\/www.visitbratislava.com\/wp-content\/uploads\/2022\/09\/Modranske-vinobranie-026_1920x1280-800x533.jpg 800w, https:\/\/www.visitbratislava.com\/wp-content\/uploads\/2022\/09\/Modranske-vinobranie-026_1920x1280-768x512.jpg 768w, https:\/\/www.visitbratislava.com\/wp-content\/uploads\/2022\/09\/Modranske-vinobranie-026_1920x1280-1536x1024.jpg 1536w, https:\/\/www.visitbratislava.com\/wp-content\/uploads\/2022\/09\/Modranske-vinobranie-026_1920x1280-200x133.jpg 200w\" sizes=\"(max-width: 1920px) 100vw, 1920px\" \/><\/p>\n<p>Aj vinobrania v Pezinku s takmer 25 000 obyvate\u013emi s\u00fa ka\u017ed\u00fd rok oslavou \u00farody hrozna a holdom u\u0161\u013eachtil\u00e9mu v\u00ednu, ktor\u00e9 pestuj\u00fa a vyr\u00e1baj\u00fa vinohradn\u00edci a vin\u00e1ri na malokarpatsk\u00fdch \u00fabo\u010diach. Tradi\u010dn\u00e9 pezinsk\u00e9 vinobranie sa ka\u017edoro\u010dne kon\u00e1 tret\u00ed septembrov\u00fd pred\u013a\u017een\u00fd v\u00edkend od piatka do nedele. Bude to tak aj tento rok.<\/p>\n<p><img loading=\"lazy\" width=\"1920\" height=\"1280\" class=\"alignleft size-full wp-image-175353\" src=\"https:\/\/www.visitbratislava.com\/wp-content\/uploads\/2022\/09\/Pezinske-vinobranie-022_1920x1280.jpg\" alt=\"\" srcset=\"https:\/\/www.visitbratislava.com\/wp-content\/uploads\/2022\/09\/Pezinske-vinobranie-022_1920x1280.jpg 1920w, https:\/\/www.visitbratislava.com\/wp-content\/uploads\/2022\/09\/Pezinske-vinobranie-022_1920x1280-400x267.jpg 400w, https:\/\/www.visitbratislava.com\/wp-content\/uploads\/2022\/09\/Pezinske-vinobranie-022_1920x1280-800x533.jpg 800w, https:\/\/www.visitbratislava.com\/wp-content\/uploads\/2022\/09\/Pezinske-vinobranie-022_1920x1280-768x512.jpg 768w, https:\/\/www.visitbratislava.com\/wp-content\/uploads\/2022\/09\/Pezinske-vinobranie-022_1920x1280-1536x1024.jpg 1536w, https:\/\/www.visitbratislava.com\/wp-content\/uploads\/2022\/09\/Pezinske-vinobranie-022_1920x1280-200x133.jpg 200w\" sizes=\"(max-width: 1920px) 100vw, 1920px\" \/><\/p>\n<p>Milovn\u00edci v\u00edna tak m\u00f4\u017eu ochutna\u0165 \u010derstv\u00fd bur\u010diak, mlad\u00e9 v\u00edno, chutn\u00e9 hrozno a pote\u0161i\u0165 \u017eal\u00fadok husacinou, lok\u0161ami, pag\u00e1\u010dmi a \u010fal\u0161\u00edmi dobrotami. Nielen chlebom a v\u00ednom je \u010dlovek \u017eiv\u00fd, preto usporiadatelia obera\u010dkov\u00fdch sl\u00e1vnost\u00ed v Pezinku myslia aj na p\u00f4\u017eitky ducha v podobe rozmanit\u00fdch l\u00e1kadiel po\u010das v\u0161etk\u00fdch troch dn\u00ed ich trvania.<\/p>\n<p><img loading=\"lazy\" width=\"1920\" height=\"1280\" class=\"alignleft size-full wp-image-175359\" src=\"https:\/\/www.visitbratislava.com\/wp-content\/uploads\/2022\/09\/Pezinske-vinobranie-024_1920x1280.jpg\" alt=\"\" srcset=\"https:\/\/www.visitbratislava.com\/wp-content\/uploads\/2022\/09\/Pezinske-vinobranie-024_1920x1280.jpg 1920w, https:\/\/www.visitbratislava.com\/wp-content\/uploads\/2022\/09\/Pezinske-vinobranie-024_1920x1280-400x267.jpg 400w, https:\/\/www.visitbratislava.com\/wp-content\/uploads\/2022\/09\/Pezinske-vinobranie-024_1920x1280-800x533.jpg 800w, https:\/\/www.visitbratislava.com\/wp-content\/uploads\/2022\/09\/Pezinske-vinobranie-024_1920x1280-768x512.jpg 768w, https:\/\/www.visitbratislava.com\/wp-content\/uploads\/2022\/09\/Pezinske-vinobranie-024_1920x1280-1536x1024.jpg 1536w, https:\/\/www.visitbratislava.com\/wp-content\/uploads\/2022\/09\/Pezinske-vinobranie-024_1920x1280-200x133.jpg 200w\" sizes=\"(max-width: 1920px) 100vw, 1920px\" \/><\/p>\n<p>Za vin\u00e1rskymi z\u00e1\u017eitkami v\u0161ak netreba chodi\u0165 \u010faleko ani v samotnom hlavnom meste. Bratislava m\u00e1 toti\u017e v r\u00e1mci Malokarpatskej vinohradn\u00edckej oblasti vlastn\u00fd vinohradn\u00edcky raj\u00f3n. V \u0148om sa nach\u00e1dza p\u00e4\u0165 vinohradn\u00edckych obc\u00ed, ktor\u00e9 s\u00fa v s\u00fa\u010dasnosti z\u00e1rove\u0148 bratislavsk\u00fdmi mestsk\u00fdmi \u010das\u0165ami. S\u00fa to Dev\u00edn, Karlova Ves, Nov\u00e9 Mesto, Ra\u010da a Vajnory.<\/p>\n<p><img loading=\"lazy\" width=\"1920\" height=\"1280\" class=\"alignleft size-full wp-image-175365\" src=\"https:\/\/www.visitbratislava.com\/wp-content\/uploads\/2022\/09\/Kovac_BA_Raca_Kostol_vinohrady_Mestska-cast_panorama_nevyhradna-licencia_1920x1280.jpg\" alt=\"\" srcset=\"https:\/\/www.visitbratislava.com\/wp-content\/uploads\/2022\/09\/Kovac_BA_Raca_Kostol_vinohrady_Mestska-cast_panorama_nevyhradna-licencia_1920x1280.jpg 1920w, https:\/\/www.visitbratislava.com\/wp-content\/uploads\/2022\/09\/Kovac_BA_Raca_Kostol_vinohrady_Mestska-cast_panorama_nevyhradna-licencia_1920x1280-400x267.jpg 400w, https:\/\/www.visitbratislava.com\/wp-content\/uploads\/2022\/09\/Kovac_BA_Raca_Kostol_vinohrady_Mestska-cast_panorama_nevyhradna-licencia_1920x1280-800x533.jpg 800w, https:\/\/www.visitbratislava.com\/wp-content\/uploads\/2022\/09\/Kovac_BA_Raca_Kostol_vinohrady_Mestska-cast_panorama_nevyhradna-licencia_1920x1280-768x512.jpg 768w, https:\/\/www.visitbratislava.com\/wp-content\/uploads\/2022\/09\/Kovac_BA_Raca_Kostol_vinohrady_Mestska-cast_panorama_nevyhradna-licencia_1920x1280-1536x1024.jpg 1536w, https:\/\/www.visitbratislava.com\/wp-content\/uploads\/2022\/09\/Kovac_BA_Raca_Kostol_vinohrady_Mestska-cast_panorama_nevyhradna-licencia_1920x1280-200x133.jpg 200w\" sizes=\"(max-width: 1920px) 100vw, 1920px\" \/><\/p>\n<p>Najzn\u00e1mej\u0161ie obera\u010dkov\u00e9 sl\u00e1vnosti spomedzi bratislavsk\u00fdch vinohradn\u00edckych \u010dast\u00ed b\u00fdvaj\u00fa u\u017e tradi\u010dne v Ra\u010di s necel\u00fdmi 26 000 obyvate\u013emi v takmer polmili\u00f3novej metropole. Tamoj\u0161ie vinobranie si ka\u017edoro\u010dne u\u017e\u00edva viac ako 100 000 \u013eud\u00ed. Na degust\u00e1ci\u00e1ch si m\u00f4\u017eete vychutna\u0165 frankovku, ale aj mno\u017estvo \u010fal\u0161\u00edch kvalitn\u00fdch v\u00edn. \u017diadne vinobranie v Ra\u010di sa nezaob\u00edde bez prav\u00e9ho kvalitn\u00e9ho ra\u010dianskeho bur\u010diaku a mu\u0161tu, chutn\u00fdch dobr\u00f4t \u010di tradi\u010dn\u00fdch remeseln\u00edckych a \u013eudovoumeleck\u00fdch v\u00fdrobkov.<\/p>\n<p>Z\u00e1jdite ochutna\u0165 v\u00fdborn\u00e9 v\u00edna, najr\u00f4znej\u0161ie dobroty a tradi\u010dn\u00fa z\u00e1bavu a ok\u00fasi\u0165 tak v\u00fdnimo\u010dn\u00fa atmosf\u00e9ru kraja pod Mal\u00fdmi Karpatami. Ve\u010f kde inde h\u013eada\u0165 skvel\u00e9 v\u00edno ako v Malokarpatsku.<\/p>\n<p><img loading=\"lazy\" width=\"1920\" height=\"1280\" class=\"alignleft size-full wp-image-175371\" src=\"https:\/\/www.visitbratislava.com\/wp-content\/uploads\/2022\/09\/52-53-zapad_1920x1280.jpg\" alt=\"\" srcset=\"https:\/\/www.visitbratislava.com\/wp-content\/uploads\/2022\/09\/52-53-zapad_1920x1280.jpg 1920w, https:\/\/www.visitbratislava.com\/wp-content\/uploads\/2022\/09\/52-53-zapad_1920x1280-400x267.jpg 400w, https:\/\/www.visitbratislava.com\/wp-content\/uploads\/2022\/09\/52-53-zapad_1920x1280-800x533.jpg 800w, https:\/\/www.visitbratislava.com\/wp-content\/uploads\/2022\/09\/52-53-zapad_1920x1280-768x512.jpg 768w, https:\/\/www.visitbratislava.com\/wp-content\/uploads\/2022\/09\/52-53-zapad_1920x1280-1536x1024.jpg 1536w, https:\/\/www.visitbratislava.com\/wp-content\/uploads\/2022\/09\/52-53-zapad_1920x1280-200x133.jpg 200w\" sizes=\"(max-width: 1920px) 100vw, 1920px\" \/><\/p>\n","protected":false},"excerpt":{"rendered":"<p>September je skvel\u00fd \u010das na n\u00e1v\u0161tevu vin\u00e1rskeho kraja v Bratislave a jej okol\u00ed<\/p>\n","protected":false},"author":32,"featured_media":175159,"parent":0,"menu_order":0,"comment_status":"closed","ping_status":"closed","template":"","meta":[],"acf":[],"_links":{"self":[{"href":"https:\/\/www.visitbratislava.com\/sk\/wp-json\/wp\/v2\/pages\/175312"}],"collection":[{"href":"https:\/\/www.visitbratislava.com\/sk\/wp-json\/wp\/v2\/pages"}],"about":[{"href":"https:\/\/www.visitbratislava.com\/sk\/wp-json\/wp\/v2\/types\/page"}],"author":[{"embeddable":true,"href":"https:\/\/www.visitbratislava.com\/sk\/wp-json\/wp\/v2\/users\/32"}],"replies":[{"embeddable":true,"href":"https:\/\/www.visitbratislava.com\/sk\/wp-json\/wp\/v2\/comments?post=175312"}],"version-history":[{"count":1,"href":"https:\/\/www.visitbratislava.com\/sk\/wp-json\/wp\/v2\/pages\/175312\/revisions"}],"predecessor-version":[{"id":175377,"href":"https:\/\/www.visitbratislava.com\/sk\/wp-json\/wp\/v2\/pages\/175312\/revisions\/175377"}],"wp:featuredmedia":[{"embeddable":true,"href":"https:\/\/www.visitbratislava.com\/sk\/wp-json\/wp\/v2\/media\/175159"}],"wp:attachment":[{"href":"https:\/\/www.visitbratislava.com\/sk\/wp-json\/wp\/v2\/media?parent=175312"}],"curies":[{"name":"wp","href":"https:\/\/api.w.org\/{rel}","templated":true}]}}