{"id":176406,"date":"2022-09-14T15:36:46","date_gmt":"2022-09-14T13:36:46","guid":{"rendered":"https:\/\/www.visitbratislava.com\/?page_id=176406"},"modified":"2023-01-26T13:27:00","modified_gmt":"2023-01-26T12:27:00","slug":"snd-ma-rado-bratislavu","status":"publish","type":"page","link":"https:\/\/www.visitbratislava.com\/sk\/snd-ma-rado-bratislavu\/","title":{"rendered":"SND m\u00e1 rado Bratislavu"},"content":{"rendered":"<p>Hlavn\u00e9 mesto Slovenska m\u00e1 ve\u013ea pr\u00edvlastkov. Je nielen spolo\u010denskou, politickou, hospod\u00e1rskou, vzdel\u00e1vacou, ale aj kult\u00farnou metropolou.<\/p>\n<p>V\u017edy tu bolo ve\u013ea mond\u00e9nnych kaviarn\u00ed, kabaretov, k\u00edn &#8211; a divadiel. Kult\u00fara skr\u00e1tka je s\u00fa\u010das\u0165ou bratislavskej identity a divadl\u00e1 v nej hraj\u00fa z\u00e1sadn\u00fa \u00falohu. Umelci z toho n\u00e1rodn\u00e9ho v\u00e1s o tom presved\u010dia.<\/p>\n","protected":false},"excerpt":{"rendered":"<p>Vysok\u00e9 umenie bolo v Bratislave v\u017edy doma. Je to tak st\u00e1le<\/p>\n","protected":false},"author":32,"featured_media":176407,"parent":0,"menu_order":0,"comment_status":"closed","ping_status":"closed","template":"tpl-page-grid.php","meta":[],"acf":[],"_links":{"self":[{"href":"https:\/\/www.visitbratislava.com\/sk\/wp-json\/wp\/v2\/pages\/176406"}],"collection":[{"href":"https:\/\/www.visitbratislava.com\/sk\/wp-json\/wp\/v2\/pages"}],"about":[{"href":"https:\/\/www.visitbratislava.com\/sk\/wp-json\/wp\/v2\/types\/page"}],"author":[{"embeddable":true,"href":"https:\/\/www.visitbratislava.com\/sk\/wp-json\/wp\/v2\/users\/32"}],"replies":[{"embeddable":true,"href":"https:\/\/www.visitbratislava.com\/sk\/wp-json\/wp\/v2\/comments?post=176406"}],"version-history":[{"count":7,"href":"https:\/\/www.visitbratislava.com\/sk\/wp-json\/wp\/v2\/pages\/176406\/revisions"}],"predecessor-version":[{"id":257291,"href":"https:\/\/www.visitbratislava.com\/sk\/wp-json\/wp\/v2\/pages\/176406\/revisions\/257291"}],"wp:featuredmedia":[{"embeddable":true,"href":"https:\/\/www.visitbratislava.com\/sk\/wp-json\/wp\/v2\/media\/176407"}],"wp:attachment":[{"href":"https:\/\/www.visitbratislava.com\/sk\/wp-json\/wp\/v2\/media?parent=176406"}],"curies":[{"name":"wp","href":"https:\/\/api.w.org\/{rel}","templated":true}]}}