{"id":186834,"date":"2022-10-24T14:06:43","date_gmt":"2022-10-24T12:06:43","guid":{"rendered":"https:\/\/www.visitbratislava.com\/?page_id=186834"},"modified":"2023-09-05T13:35:33","modified_gmt":"2023-09-05T11:35:33","slug":"hlavne-mesto-ocami-umelcov-snd","status":"publish","type":"page","link":"https:\/\/www.visitbratislava.com\/sk\/snd-ma-rado-bratislavu\/hlavne-mesto-ocami-umelcov-snd\/","title":{"rendered":"Hlavn\u00e9 mesto o\u010dami umelcov SND"},"content":{"rendered":"<p>Niekdaj\u0161\u00ed Pre\u0161porok je aj v 21. storo\u010d\u00ed nesporne kult\u00farnou metropolou. N\u00e1jdete tu \u0161irok\u00fa paletu m\u00faze\u00ed, gal\u00e9ri\u00ed, divadiel, k\u00edn, klubov, kabaretov, barov, kaviarn\u00ed a re\u0161taur\u00e1ci\u00ed, ktor\u00e9 dotv\u00e1raj\u00fa kolorit dne\u0161nej Bratislavy. Napokon, kult\u00faru a pamiatky vyh\u013ead\u00e1va asi tretina n\u00e1v\u0161tevn\u00edkov mesta.<\/p>\n<p><img loading=\"lazy\" width=\"1920\" height=\"1280\" class=\"alignleft size-full wp-image-182326\" src=\"https:\/\/www.visitbratislava.com\/wp-content\/uploads\/2022\/10\/Kovac_2022_ba-hrad_ufo_green_obloha_jesen_kamzik_lod_nabrezie_vyhlad_nevyhradna-licencia_1920x1280.jpg\" alt=\"\" srcset=\"https:\/\/www.visitbratislava.com\/wp-content\/uploads\/2022\/10\/Kovac_2022_ba-hrad_ufo_green_obloha_jesen_kamzik_lod_nabrezie_vyhlad_nevyhradna-licencia_1920x1280.jpg 1920w, https:\/\/www.visitbratislava.com\/wp-content\/uploads\/2022\/10\/Kovac_2022_ba-hrad_ufo_green_obloha_jesen_kamzik_lod_nabrezie_vyhlad_nevyhradna-licencia_1920x1280-400x267.jpg 400w, https:\/\/www.visitbratislava.com\/wp-content\/uploads\/2022\/10\/Kovac_2022_ba-hrad_ufo_green_obloha_jesen_kamzik_lod_nabrezie_vyhlad_nevyhradna-licencia_1920x1280-800x533.jpg 800w, https:\/\/www.visitbratislava.com\/wp-content\/uploads\/2022\/10\/Kovac_2022_ba-hrad_ufo_green_obloha_jesen_kamzik_lod_nabrezie_vyhlad_nevyhradna-licencia_1920x1280-768x512.jpg 768w, https:\/\/www.visitbratislava.com\/wp-content\/uploads\/2022\/10\/Kovac_2022_ba-hrad_ufo_green_obloha_jesen_kamzik_lod_nabrezie_vyhlad_nevyhradna-licencia_1920x1280-1536x1024.jpg 1536w, https:\/\/www.visitbratislava.com\/wp-content\/uploads\/2022\/10\/Kovac_2022_ba-hrad_ufo_green_obloha_jesen_kamzik_lod_nabrezie_vyhlad_nevyhradna-licencia_1920x1280-200x133.jpg 200w\" sizes=\"(max-width: 1920px) 100vw, 1920px\" \/><\/p>\n<p>V Bratislave si m\u00f4\u017eete v\u017edy napl\u00e1nova\u0165 bohat\u00fd program. Najprv po\u010das d\u0148a spozn\u00e1va\u0165 pam\u00e4tihodnosti, m\u00faze\u00e1 a gal\u00e9rie a ve\u010der potom zav\u0155\u0161i\u0165 predstaven\u00edm v divadle. A ak sa zdr\u017e\u00edte dlh\u0161ie, nebudete \u013eutova\u0165. Ponuka je naozaj pestr\u00e1, tak ako v Bratislave v\u0161etky ro\u010dn\u00e9 obdobia.<\/p>\n<p><img loading=\"lazy\" width=\"1920\" height=\"1280\" class=\"alignleft size-full wp-image-176355\" src=\"https:\/\/www.visitbratislava.com\/wp-content\/uploads\/2022\/09\/Crot-Prod_2022_dron_leto_divadlo_narodne-divadlo_night_fontana_nevyhradna-licencia_1920x1280-1.jpg\" alt=\"\" srcset=\"https:\/\/www.visitbratislava.com\/wp-content\/uploads\/2022\/09\/Crot-Prod_2022_dron_leto_divadlo_narodne-divadlo_night_fontana_nevyhradna-licencia_1920x1280-1.jpg 1920w, https:\/\/www.visitbratislava.com\/wp-content\/uploads\/2022\/09\/Crot-Prod_2022_dron_leto_divadlo_narodne-divadlo_night_fontana_nevyhradna-licencia_1920x1280-1-400x267.jpg 400w, https:\/\/www.visitbratislava.com\/wp-content\/uploads\/2022\/09\/Crot-Prod_2022_dron_leto_divadlo_narodne-divadlo_night_fontana_nevyhradna-licencia_1920x1280-1-800x533.jpg 800w, https:\/\/www.visitbratislava.com\/wp-content\/uploads\/2022\/09\/Crot-Prod_2022_dron_leto_divadlo_narodne-divadlo_night_fontana_nevyhradna-licencia_1920x1280-1-768x512.jpg 768w, https:\/\/www.visitbratislava.com\/wp-content\/uploads\/2022\/09\/Crot-Prod_2022_dron_leto_divadlo_narodne-divadlo_night_fontana_nevyhradna-licencia_1920x1280-1-1536x1024.jpg 1536w, https:\/\/www.visitbratislava.com\/wp-content\/uploads\/2022\/09\/Crot-Prod_2022_dron_leto_divadlo_narodne-divadlo_night_fontana_nevyhradna-licencia_1920x1280-1-200x133.jpg 200w\" sizes=\"(max-width: 1920px) 100vw, 1920px\" \/><\/p>\n<p>Nav\u0161t\u00edvi\u0165 hlavn\u00e9 mesto znamen\u00e1 dotkn\u00fa\u0165 sa eur\u00f3pskej hist\u00f3rie, u\u017ei\u0165 si stredomorsk\u00fa atmosf\u00e9ru mesta pri vode a na rieke, prec\u00edti\u0165 autentickos\u0165 starobyl\u00e9ho mesta, spozna\u0165 modern\u00e9 podoby mesta, za\u0161portova\u0165 si na horsk\u00fdch cyklotras\u00e1ch alebo v z\u00e1tok\u00e1ch Dunaja. Program d\u0148a potom mo\u017eno zav\u0155\u0161i\u0165 jedine\u010dn\u00fdm \u010dinohern\u00fdm, opern\u00fdm alebo baletn\u00fdm predstaven\u00edm v SND.<\/p>\n<p><img loading=\"lazy\" width=\"1753\" height=\"986\" class=\"alignleft size-full wp-image-182332\" src=\"https:\/\/www.visitbratislava.com\/wp-content\/uploads\/2022\/10\/Tomas-Mastalir-002.png\" alt=\"\" srcset=\"https:\/\/www.visitbratislava.com\/wp-content\/uploads\/2022\/10\/Tomas-Mastalir-002.png 1753w, https:\/\/www.visitbratislava.com\/wp-content\/uploads\/2022\/10\/Tomas-Mastalir-002-400x225.png 400w, https:\/\/www.visitbratislava.com\/wp-content\/uploads\/2022\/10\/Tomas-Mastalir-002-800x450.png 800w, https:\/\/www.visitbratislava.com\/wp-content\/uploads\/2022\/10\/Tomas-Mastalir-002-768x432.png 768w, https:\/\/www.visitbratislava.com\/wp-content\/uploads\/2022\/10\/Tomas-Mastalir-002-1536x864.png 1536w, https:\/\/www.visitbratislava.com\/wp-content\/uploads\/2022\/10\/Tomas-Mastalir-002-200x112.png 200w\" sizes=\"(max-width: 1753px) 100vw, 1753px\" \/><\/p>\n<p>Cez osobn\u00fd poh\u013ead zn\u00e1mych osobnost\u00ed spozn\u00e1te, \u010do v\u0161etko dne\u0161n\u00e1 Bratislava pon\u00faka a \u010do pre nich znamen\u00e1. Vo vide\u00e1ch, v ktor\u00fdch \u00fa\u010dinkuj\u00fa traja \u0161pi\u010dkov\u00ed herci, n\u00e1jdete in\u0161pir\u00e1cie ako <a href=\"https:\/\/www.visitbratislava.com\/sk\/snd-ma-rado-bratislavu\/snd-pozyva-do-bratislavy\/\" target=\"_blank\" rel=\"noopener\"><strong>pr\u00edjemne str\u00e1vi\u0165 \u010das<\/strong><\/a> v hlavnom meste.<\/p>\n<p><img loading=\"lazy\" width=\"1774\" height=\"998\" class=\"alignleft size-full wp-image-182338\" src=\"https:\/\/www.visitbratislava.com\/wp-content\/uploads\/2022\/10\/Gabika-Dzurikova-002.png\" alt=\"\" srcset=\"https:\/\/www.visitbratislava.com\/wp-content\/uploads\/2022\/10\/Gabika-Dzurikova-002.png 1774w, https:\/\/www.visitbratislava.com\/wp-content\/uploads\/2022\/10\/Gabika-Dzurikova-002-400x225.png 400w, https:\/\/www.visitbratislava.com\/wp-content\/uploads\/2022\/10\/Gabika-Dzurikova-002-800x450.png 800w, https:\/\/www.visitbratislava.com\/wp-content\/uploads\/2022\/10\/Gabika-Dzurikova-002-768x432.png 768w, https:\/\/www.visitbratislava.com\/wp-content\/uploads\/2022\/10\/Gabika-Dzurikova-002-1536x864.png 1536w, https:\/\/www.visitbratislava.com\/wp-content\/uploads\/2022\/10\/Gabika-Dzurikova-002-200x113.png 200w\" sizes=\"(max-width: 1774px) 100vw, 1774px\" \/><\/p>\n<p>V Bratislave dnes \u017eij\u00fa \u013eudia z cel\u00e9ho Slovenska, preto aj v t\u00fdchto vide\u00e1ch vystupuj\u00fa umelci, ktor\u00ed sa v nej priamo nenarodili, no ich men\u00e1 a kari\u00e9ra sa s \u0148ou u\u017e sp\u00e1jaj\u00fa. Hlavn\u00fdmi protagonistami v imid\u017eov\u00fdch vide\u00e1ch s\u00fa \u010dlenovia \u010cinohry SND \u2013 here\u010dka Gabika Dzur\u00edkov\u00e1 a herci Tom\u00e1\u0161 Ma\u0161tal\u00edr a Milan Ondr\u00edk.<\/p>\n<p><img loading=\"lazy\" width=\"1846\" height=\"1039\" class=\"alignleft size-full wp-image-182344\" src=\"https:\/\/www.visitbratislava.com\/wp-content\/uploads\/2022\/10\/Milan-Ondrik-001.png\" alt=\"\" srcset=\"https:\/\/www.visitbratislava.com\/wp-content\/uploads\/2022\/10\/Milan-Ondrik-001.png 1846w, https:\/\/www.visitbratislava.com\/wp-content\/uploads\/2022\/10\/Milan-Ondrik-001-400x225.png 400w, https:\/\/www.visitbratislava.com\/wp-content\/uploads\/2022\/10\/Milan-Ondrik-001-800x450.png 800w, https:\/\/www.visitbratislava.com\/wp-content\/uploads\/2022\/10\/Milan-Ondrik-001-768x432.png 768w, https:\/\/www.visitbratislava.com\/wp-content\/uploads\/2022\/10\/Milan-Ondrik-001-1536x865.png 1536w, https:\/\/www.visitbratislava.com\/wp-content\/uploads\/2022\/10\/Milan-Ondrik-001-200x113.png 200w\" sizes=\"(max-width: 1846px) 100vw, 1846px\" \/><\/p>\n<p>V z\u00e1beroch jednotliv\u00fdch spotov uvid\u00edte Star\u00fa tr\u017enicu, zelen\u00fa strechu komplexu Nivy, Star\u00fa radnicu, uli\u010dky, n\u00e1mestia a ve\u017ee Star\u00e9ho mesta, Primaci\u00e1lny pal\u00e1c, Bratislavsk\u00fd hrad, v\u00fdh\u013eady zo Star\u00e9ho mosta, komplex Eurovea s promen\u00e1dou na n\u00e1bre\u017e\u00ed Dunaja, Horsk\u00fd park, vonkaj\u0161ie \u0161portovisk\u00e1 alebo Tyr\u0161\u00e1k. Samozrejme, v ka\u017edom videu uvid\u00edte aj predstavenia \u010di z\u00e1kulisie Slovensk\u00e9ho n\u00e1rodn\u00e9ho divadla.<\/p>\n<p><iframe src=\"https:\/\/www.youtube.com\/embed\/rq23yIW_LVA\" width=\"1000\" height=\"500\" frameborder=\"0\" allowfullscreen=\"allowfullscreen\"><span data-mce-type=\"bookmark\" style=\"display: inline-block; width: 0px; overflow: hidden; line-height: 0;\" class=\"mce_SELRES_start\">\ufeff<\/span><span data-mce-type=\"bookmark\" style=\"display: inline-block; width: 0px; overflow: hidden; line-height: 0;\" class=\"mce_SELRES_start\">\ufeff<\/span><span data-mce-type=\"bookmark\" style=\"display: inline-block; width: 0px; overflow: hidden; line-height: 0;\" class=\"mce_SELRES_start\">\ufeff<\/span><\/iframe><\/p>\n<p>S Tom\u00e1\u0161om sa preveziete kolobe\u017ekou, s Gabikou pobicyklujete a s Milanom za\u0161portujete. Gabika v\u00e1s zavedie za kult\u00farou na v\u00fdstavu \u010di do kn\u00edhkupectva, ale aj na n\u00e1kupy do obchodn\u00e9ho centra a potom vezme na origin\u00e1lny koktail. Tom\u00e1\u0161 a Milan zas daj\u00fa prednos\u0165 dobr\u00e9mu jedlu, malokarpatsk\u00fdm v\u00ednam \u010di remeseln\u00e9mu pivu, a okrem toho prech\u00e1dzkam \u010di stretnutiam s priate\u013emi.<\/p>\n<p><iframe src=\"https:\/\/www.youtube.com\/embed\/TwwdtTNwdzU\" width=\"1000\" height=\"500\" frameborder=\"0\" allowfullscreen=\"allowfullscreen\"><span data-mce-type=\"bookmark\" style=\"display: inline-block; width: 0px; overflow: hidden; line-height: 0;\" class=\"mce_SELRES_start\">\ufeff<\/span><span data-mce-type=\"bookmark\" style=\"display: inline-block; width: 0px; overflow: hidden; line-height: 0;\" class=\"mce_SELRES_start\">\ufeff<\/span><\/iframe><\/p>\n<p>Umelci sa ocitaj\u00fa aj na menej frekventovan\u00fdch miestach Bratislavy, ak\u00fdmi s\u00fa napr\u00edklad Karlovesk\u00e9 rameno, N\u00e1rodn\u00fd sal\u00f3n v\u00edn alebo gal\u00e9ria Nedbalka. V\u0161etci z\u00e1rove\u0148 poz\u00fdvaj\u00fa aj do Slovensk\u00e9ho n\u00e1rodn\u00e9ho divadla. Ve\u010f za\u017ei\u0165 jeho atmosf\u00e9ru je nezabudnute\u013en\u00e9.<\/p>\n<p><iframe src=\"https:\/\/www.youtube.com\/embed\/fhu33dLCmmU\" width=\"1000\" height=\"500\" frameborder=\"0\" allowfullscreen=\"allowfullscreen\"><span data-mce-type=\"bookmark\" style=\"display: inline-block; width: 0px; overflow: hidden; line-height: 0;\" class=\"mce_SELRES_start\">\ufeff<\/span><\/iframe><\/p>\n<p>Prv\u00e1 sc\u00e9na slovensk\u00e9ho divadeln\u00edctva je s\u00fa\u010das\u0165ou bratislavsk\u00e9ho kult\u00farneho \u017eivota u\u017e viac ako storo\u010die. Jeho star\u00e1 budova je dominantou Hviezdoslavovho n\u00e1mestia v centre Star\u00e9ho mesta, nov\u00fa budovu zas n\u00e1jdete v modernej \u0161tvrti na n\u00e1bre\u017e\u00ed Dunaja. Dne\u0161n\u00e9 SND tvoria tri st\u00e1le profesion\u00e1lne s\u00fabory &#8211; \u010dinohra, opera a balet.<\/p>\n<p><img loading=\"lazy\" width=\"1920\" height=\"1280\" class=\"alignleft size-full wp-image-182350\" src=\"https:\/\/www.visitbratislava.com\/wp-content\/uploads\/2022\/10\/SND-011_1920x1280.jpg\" alt=\"\" srcset=\"https:\/\/www.visitbratislava.com\/wp-content\/uploads\/2022\/10\/SND-011_1920x1280.jpg 1920w, https:\/\/www.visitbratislava.com\/wp-content\/uploads\/2022\/10\/SND-011_1920x1280-400x267.jpg 400w, https:\/\/www.visitbratislava.com\/wp-content\/uploads\/2022\/10\/SND-011_1920x1280-800x533.jpg 800w, https:\/\/www.visitbratislava.com\/wp-content\/uploads\/2022\/10\/SND-011_1920x1280-768x512.jpg 768w, https:\/\/www.visitbratislava.com\/wp-content\/uploads\/2022\/10\/SND-011_1920x1280-1536x1024.jpg 1536w, https:\/\/www.visitbratislava.com\/wp-content\/uploads\/2022\/10\/SND-011_1920x1280-200x133.jpg 200w\" sizes=\"(max-width: 1920px) 100vw, 1920px\" \/><\/p>\n<p>Pr\u00ed\u010fte si vychutna\u0165 pestros\u0165 hlavn\u00e9ho mesta. <a href=\"https:\/\/www.visitbratislava.com\/sk\/snd-ma-rado-bratislavu\/\" target=\"_blank\" rel=\"noopener\"><strong>Nav\u0161t\u00edvte Bratislavu<\/strong><\/a> a u\u017eite si ju so v\u0161etk\u00fdm, \u010do pon\u00faka, vr\u00e1tane v\u00fdnimo\u010dn\u00fdch kult\u00farnych z\u00e1\u017eitkov v Slovenskom n\u00e1rodnom divadle.<\/p>\n","protected":false},"excerpt":{"rendered":"<p>Tom\u00e1\u0161 Ma\u0161tal\u00edr, Gabika Dzur\u00edkov\u00e1 a Milan Ondr\u00edk v\u00e1m uk\u00e1\u017eu, \u017ee Bratislava je aj va\u0161e mesto<\/p>\n","protected":false},"author":32,"featured_media":182357,"parent":176406,"menu_order":0,"comment_status":"closed","ping_status":"closed","template":"","meta":[],"acf":[],"_links":{"self":[{"href":"https:\/\/www.visitbratislava.com\/sk\/wp-json\/wp\/v2\/pages\/186834"}],"collection":[{"href":"https:\/\/www.visitbratislava.com\/sk\/wp-json\/wp\/v2\/pages"}],"about":[{"href":"https:\/\/www.visitbratislava.com\/sk\/wp-json\/wp\/v2\/types\/page"}],"author":[{"embeddable":true,"href":"https:\/\/www.visitbratislava.com\/sk\/wp-json\/wp\/v2\/users\/32"}],"replies":[{"embeddable":true,"href":"https:\/\/www.visitbratislava.com\/sk\/wp-json\/wp\/v2\/comments?post=186834"}],"version-history":[{"count":3,"href":"https:\/\/www.visitbratislava.com\/sk\/wp-json\/wp\/v2\/pages\/186834\/revisions"}],"predecessor-version":[{"id":257410,"href":"https:\/\/www.visitbratislava.com\/sk\/wp-json\/wp\/v2\/pages\/186834\/revisions\/257410"}],"up":[{"embeddable":true,"href":"https:\/\/www.visitbratislava.com\/sk\/wp-json\/wp\/v2\/pages\/176406"}],"wp:featuredmedia":[{"embeddable":true,"href":"https:\/\/www.visitbratislava.com\/sk\/wp-json\/wp\/v2\/media\/182357"}],"wp:attachment":[{"href":"https:\/\/www.visitbratislava.com\/sk\/wp-json\/wp\/v2\/media?parent=186834"}],"curies":[{"name":"wp","href":"https:\/\/api.w.org\/{rel}","templated":true}]}}