{"id":186877,"date":"2022-10-26T11:00:44","date_gmt":"2022-10-26T09:00:44","guid":{"rendered":"https:\/\/www.visitbratislava.com\/?page_id=186877"},"modified":"2025-09-26T12:47:25","modified_gmt":"2025-09-26T10:47:25","slug":"pestre-chute-jesennej-bratislavy","status":"publish","type":"page","link":"https:\/\/www.visitbratislava.com\/sk\/pestre-chute-jesennej-bratislavy\/","title":{"rendered":"Pestr\u00e9 chute jesennej Bratislavy"},"content":{"rendered":"<p data-start=\"200\" data-end=\"494\">Ke\u010f do Bratislavy pr\u00edde jese\u0148, cel\u00e9 mesto sa ponor\u00ed do tepl\u00fdch odtie\u0148ov. Prech\u00e1dzka historick\u00fdm centrom m\u00e1 v tomto obdob\u00ed nezamenite\u013en\u00e9 \u010daro \u2013 na <strong data-start=\"346\" data-end=\"373\">Hviezdoslavovom n\u00e1mest\u00ed<\/strong> \u0161u\u0161t\u00ed l\u00edstie pod nohami, pri <strong data-start=\"403\" data-end=\"423\">Michalskej br\u00e1ne<\/strong> zavo\u0148aj\u00fa pe\u010den\u00e9 ga\u0161tany a k Dunaju v\u00e1s zavedie m\u00e4kk\u00e9 jesenn\u00e9 svetlo.<\/p>\n<p data-start=\"496\" data-end=\"795\">Jesenn\u00e9 mesiace patria podujatiam: v\u00ednne festivaly a ochutn\u00e1vky bur\u010diaku v <strong data-start=\"571\" data-end=\"591\">Mal\u00fdch Karpatoch<\/strong>, liter\u00e1rne a hudobn\u00e9 ve\u010dery v <strong data-start=\"622\" data-end=\"648\">Slovenskej filharm\u00f3nii<\/strong> \u010di <strong data-start=\"652\" data-end=\"683\">Slovenskom n\u00e1rodnom divadle<\/strong>. Milovn\u00edci v\u00fdh\u013eadov ocenia <strong data-start=\"711\" data-end=\"732\">Bratislavsk\u00fd hrad<\/strong> a jeho z\u00e1hrady, odkia\u013e sa mesto ukazuje v jesenn\u00fdch farb\u00e1ch.<\/p>\n<p data-start=\"797\" data-end=\"1005\">K Bratislave na jese\u0148 patr\u00ed aj dobr\u00e9 jedlo a n\u00e1poje \u2013 sez\u00f3nne \u0161peciality v mestsk\u00fdch re\u0161taur\u00e1ci\u00e1ch, lok\u00e1lne v\u00edna na trhoch a pr\u00edjemn\u00e9 kaviarne, kde si vychutn\u00e1te hor\u00facu \u010dokol\u00e1du \u010di \u010daj po\u010das sychrav\u00fdch dn\u00ed.<img loading=\"lazy\" width=\"1920\" height=\"1280\" class=\"alignleft size-full wp-image-186879\" src=\"https:\/\/www.visitbratislava.com\/wp-content\/uploads\/2022\/10\/Kovac_2022_rybne-namestie_jesen_nevyhradna-licencia_1920x1280.jpg\" alt=\"\" srcset=\"https:\/\/www.visitbratislava.com\/wp-content\/uploads\/2022\/10\/Kovac_2022_rybne-namestie_jesen_nevyhradna-licencia_1920x1280.jpg 1920w, https:\/\/www.visitbratislava.com\/wp-content\/uploads\/2022\/10\/Kovac_2022_rybne-namestie_jesen_nevyhradna-licencia_1920x1280-400x267.jpg 400w, https:\/\/www.visitbratislava.com\/wp-content\/uploads\/2022\/10\/Kovac_2022_rybne-namestie_jesen_nevyhradna-licencia_1920x1280-800x533.jpg 800w, https:\/\/www.visitbratislava.com\/wp-content\/uploads\/2022\/10\/Kovac_2022_rybne-namestie_jesen_nevyhradna-licencia_1920x1280-768x512.jpg 768w, https:\/\/www.visitbratislava.com\/wp-content\/uploads\/2022\/10\/Kovac_2022_rybne-namestie_jesen_nevyhradna-licencia_1920x1280-1536x1024.jpg 1536w, https:\/\/www.visitbratislava.com\/wp-content\/uploads\/2022\/10\/Kovac_2022_rybne-namestie_jesen_nevyhradna-licencia_1920x1280-200x133.jpg 200w\" sizes=\"(max-width: 1920px) 100vw, 1920px\" \/><\/p>\n<p>Mesto v\u017edy \u0165a\u017eilo z toho, \u017ee sa na jeho \u00fazem\u00ed zbiehaj\u00fa tri susediace kult\u00farno-historick\u00e9 regi\u00f3ny, preto aj pre\u0161porsk\u00e1 a nesk\u00f4r bratislavsk\u00e1 kuchy\u0148a sp\u00e1ja ich typick\u00e9 prvky. Z\u00e1horie do nej okrem ovocia a diviny prispelo napr\u00edklad vynikaj\u00facou stupavskou kapustou, Malokarpatsko v\u00ednami, ovoc\u00edm \u010di hydinou a Podunajsko rybami, obilninami a nesk\u00f4r aj kvalitnou zeleninou i ovoc\u00edm.<\/p>\n<p><img loading=\"lazy\" width=\"1920\" height=\"1280\" class=\"alignleft size-full wp-image-186885\" src=\"https:\/\/www.visitbratislava.com\/wp-content\/uploads\/2022\/10\/Husacie-hody-v-Leberfingeri-004_1920x1280.jpg\" alt=\"\" srcset=\"https:\/\/www.visitbratislava.com\/wp-content\/uploads\/2022\/10\/Husacie-hody-v-Leberfingeri-004_1920x1280.jpg 1920w, https:\/\/www.visitbratislava.com\/wp-content\/uploads\/2022\/10\/Husacie-hody-v-Leberfingeri-004_1920x1280-400x267.jpg 400w, https:\/\/www.visitbratislava.com\/wp-content\/uploads\/2022\/10\/Husacie-hody-v-Leberfingeri-004_1920x1280-800x533.jpg 800w, https:\/\/www.visitbratislava.com\/wp-content\/uploads\/2022\/10\/Husacie-hody-v-Leberfingeri-004_1920x1280-768x512.jpg 768w, https:\/\/www.visitbratislava.com\/wp-content\/uploads\/2022\/10\/Husacie-hody-v-Leberfingeri-004_1920x1280-1536x1024.jpg 1536w, https:\/\/www.visitbratislava.com\/wp-content\/uploads\/2022\/10\/Husacie-hody-v-Leberfingeri-004_1920x1280-200x133.jpg 200w\" sizes=\"(max-width: 1920px) 100vw, 1920px\" \/><\/p>\n<p>Jese\u0148 odprad\u00e1vna patr\u00ed v Bratislave a jej okol\u00ed zberu \u00farody hrozna a <a href=\"https:\/\/www.visitbratislava.com\/sk\/desatoro-cesty-za-vinom\/\" target=\"_blank\" rel=\"noopener\"><strong>prv\u00fdm v\u00ednam<\/strong><\/a> nov\u00e9ho ro\u010dn\u00edka. K tomu sa prid\u00e1va aj zber r\u00f4znych \u010fal\u0161\u00edch druhov ovocia a zeleniny, z ktor\u00fdch asi najv\u00fdznamnej\u0161ie s\u00fa jablk\u00e1, r\u00edbezle, slivky, kapusta a slne\u010dnica. To v\u0161etko s\u00fa sez\u00f3nne ingrediencie bratislavskej kuchyne. K typick\u00fdm jesenn\u00fdm pokrmom patria predov\u0161etk\u00fdm husacie, ale i ka\u010dacie \u0161peciality, ktor\u00e9 vytvorili kult\u00farno-spolo\u010densk\u00fd fenom\u00e9n hydinov\u00fdch hodov.<\/p>\n<p>Za dobrou husacinou alebo ka\u010dacinou nemus\u00edte nevyhnutne \u00eds\u0165 mimo Bratislavy. Do chrumkava upe\u010den\u00e9 husi alebo ka\u010dice, lahodn\u00fa pe\u010dienku, a tie\u017e jemn\u00fa, a predsa chrumkav\u00fa kapustu, a najm\u00e4 pre <a href=\"https:\/\/malekarpaty.travel\/\" target=\"_blank\" rel=\"noopener\">Malokarpatsko<\/a> typick\u00e9 lok\u0161e si spolu s miestnym v\u00ednom m\u00f4\u017eete dopria\u0165 aj v hlavnom meste.<\/p>\n<p>Vych\u00fdren\u00e9 husacie hody pon\u00faka jedna z najstar\u0161\u00edch bratislavsk\u00fdch re\u0161taur\u00e1ci\u00ed, legend\u00e1rny <a href=\"https:\/\/www.visitbratislava.com\/sk\/miesta\/restauracia-leberfinger\/\" target=\"_blank\" rel=\"noopener\"><strong>Leberfinger<\/strong><\/a>. Tamoj\u0161ie husacie hody s\u00fa tie\u017e u\u017e legendou. V pr\u00edjemnom prostred\u00ed re\u0161taur\u00e1cie na petr\u017ealskom n\u00e1bre\u017e\u00ed Dunaja si m\u00f4\u017eete vybra\u0165 zo \u0161irokej ponuky husac\u00edch a ka\u010dac\u00edch \u0161pecial\u00edt, ako ka\u010dac\u00ed a husac\u00ed pek\u00e1\u010d, husoka\u010dku s karamelizovanou \u010dervenou kapustou alebo dusenou kyslou kapustou so slaninkou, alebo ob\u013e\u00faben\u00fa husaciu pe\u010dienku.<\/p>\n<p><img loading=\"lazy\" width=\"1920\" height=\"1280\" class=\"alignleft size-full wp-image-186897\" src=\"https:\/\/www.visitbratislava.com\/wp-content\/uploads\/2022\/10\/Husacie-hody-v-Leberfingeri-001_1920x1280.jpg\" alt=\"\" srcset=\"https:\/\/www.visitbratislava.com\/wp-content\/uploads\/2022\/10\/Husacie-hody-v-Leberfingeri-001_1920x1280.jpg 1920w, https:\/\/www.visitbratislava.com\/wp-content\/uploads\/2022\/10\/Husacie-hody-v-Leberfingeri-001_1920x1280-400x267.jpg 400w, https:\/\/www.visitbratislava.com\/wp-content\/uploads\/2022\/10\/Husacie-hody-v-Leberfingeri-001_1920x1280-800x533.jpg 800w, https:\/\/www.visitbratislava.com\/wp-content\/uploads\/2022\/10\/Husacie-hody-v-Leberfingeri-001_1920x1280-768x512.jpg 768w, https:\/\/www.visitbratislava.com\/wp-content\/uploads\/2022\/10\/Husacie-hody-v-Leberfingeri-001_1920x1280-1536x1024.jpg 1536w, https:\/\/www.visitbratislava.com\/wp-content\/uploads\/2022\/10\/Husacie-hody-v-Leberfingeri-001_1920x1280-200x133.jpg 200w\" sizes=\"(max-width: 1920px) 100vw, 1920px\" \/><\/p>\n<p>Na do zlatista upe\u010denej husacine si v\u0161ak v Bratislave m\u00f4\u017eete pochutna\u0165 aj <a href=\"https:\/\/www.visitbratislava.com\/sk\/podujatia\/husacie-hody-na-lodi\/\" target=\"_blank\" rel=\"noopener\"><strong>priamo na Dunaji<\/strong><\/a>. Nezabudnute\u013en\u00fd z\u00e1\u017eitok pon\u00fakaj\u00fa rie\u010dne lode po\u010das plavby po rieke pri t\u00f3noch \u017eivej hudby. Ka\u010dacie a husacie \u0161peciality pod\u00e1vaj\u00fa v jesennom a v predviano\u010dnom obdob\u00ed aj dobov\u00e9 re\u0161taur\u00e1cie <strong>\u0160tef\u00e1nka<\/strong> a <a href=\"https:\/\/www.visitbratislava.com\/sk\/miesta\/zylinder\/\" target=\"_blank\" rel=\"noopener\"><strong>Zylinder<\/strong><\/a>. Ur\u010dite by chutili aj sl\u00e1vnej bratislavskej postavi\u010dke Sch\u00f6ne N\u00e1cimu, ktor\u00e9ho sochu n\u00e1jdete na rohu Hlavn\u00e9ho n\u00e1mestia.<\/p>\n<p><img loading=\"lazy\" width=\"1920\" height=\"1280\" class=\"alignleft size-full wp-image-186903\" src=\"https:\/\/www.visitbratislava.com\/wp-content\/uploads\/2022\/10\/IMG_5361_1920x1280.jpg\" alt=\"\" srcset=\"https:\/\/www.visitbratislava.com\/wp-content\/uploads\/2022\/10\/IMG_5361_1920x1280.jpg 1920w, https:\/\/www.visitbratislava.com\/wp-content\/uploads\/2022\/10\/IMG_5361_1920x1280-400x267.jpg 400w, https:\/\/www.visitbratislava.com\/wp-content\/uploads\/2022\/10\/IMG_5361_1920x1280-800x533.jpg 800w, https:\/\/www.visitbratislava.com\/wp-content\/uploads\/2022\/10\/IMG_5361_1920x1280-768x512.jpg 768w, https:\/\/www.visitbratislava.com\/wp-content\/uploads\/2022\/10\/IMG_5361_1920x1280-1536x1024.jpg 1536w, https:\/\/www.visitbratislava.com\/wp-content\/uploads\/2022\/10\/IMG_5361_1920x1280-200x133.jpg 200w\" sizes=\"(max-width: 1920px) 100vw, 1920px\" \/><\/p>\n<p>Sch\u00f6ne N\u00e1ci zbo\u017e\u0148oval z\u00e1kusky, preto by sa mu p\u00e1\u010dilo aj na \u010fal\u0161om zauj\u00edmavom mieste. Historick\u00e1 cukr\u00e1re\u0148 <a href=\"https:\/\/www.visitbratislava.com\/sk\/miesta\/konditorei-kormuth\/\" target=\"_blank\" rel=\"noopener\"><strong>Konditorei Kormuth<\/strong><\/a> prin\u00e1\u0161a z\u00e1\u017eitkov\u00fa gastron\u00f3miu spojen\u00edm v\u00fdnimo\u010dn\u00fdch chut\u00ed a elegancie s impozantn\u00fdm interi\u00e9rom, ktor\u00fd uchv\u00e1ti svojou \u010darovnou atmosf\u00e9rou hne\u010f na prv\u00fd poh\u013ead. Pon\u00faka tak zaru\u010den\u00fd umeleck\u00fd a gastronomick\u00fd z\u00e1\u017eitok pre skuto\u010dn\u00fdch gurm\u00e1nov a milovn\u00edkov hist\u00f3rie. Kol\u00e1\u010de a z\u00e1kusky z dielne tejto jedine\u010dnej cukr\u00e1rne s\u00fa umeleck\u00fdm dielom. Pripravuj\u00fa ich v\u00fdlu\u010dne z poctiv\u00fdch a t\u00fdch najkvalitnej\u0161\u00edch surov\u00edn pod\u013ea origin\u00e1lnych, star\u00fdch receptov, nadv\u00e4zuj\u00facich na trad\u00edcie niekdaj\u0161ej monarchie, bez pridania umel\u00fdch farb\u00edv, ar\u00f3m \u010di konzerva\u010dn\u00fdch l\u00e1tok.<\/p>\n<p><img loading=\"lazy\" width=\"1920\" height=\"1280\" class=\"alignleft size-full wp-image-186909\" src=\"https:\/\/www.visitbratislava.com\/wp-content\/uploads\/2022\/10\/Konditorei_Kormuth_1920x1280.jpg\" alt=\"\" srcset=\"https:\/\/www.visitbratislava.com\/wp-content\/uploads\/2022\/10\/Konditorei_Kormuth_1920x1280.jpg 1920w, https:\/\/www.visitbratislava.com\/wp-content\/uploads\/2022\/10\/Konditorei_Kormuth_1920x1280-400x267.jpg 400w, https:\/\/www.visitbratislava.com\/wp-content\/uploads\/2022\/10\/Konditorei_Kormuth_1920x1280-800x533.jpg 800w, https:\/\/www.visitbratislava.com\/wp-content\/uploads\/2022\/10\/Konditorei_Kormuth_1920x1280-768x512.jpg 768w, https:\/\/www.visitbratislava.com\/wp-content\/uploads\/2022\/10\/Konditorei_Kormuth_1920x1280-1536x1024.jpg 1536w, https:\/\/www.visitbratislava.com\/wp-content\/uploads\/2022\/10\/Konditorei_Kormuth_1920x1280-200x133.jpg 200w\" sizes=\"(max-width: 1920px) 100vw, 1920px\" \/><\/p>\n<p>\u0160pi\u010dkov\u00fd kulin\u00e1rsky z\u00e1\u017eitok spojen\u00fd s nezabudnute\u013en\u00fdm v\u00fdh\u013eadom na slovensk\u00e9 hlavn\u00e9 mesto pon\u00faka <a href=\"https:\/\/www.visitbratislava.com\/sk\/miesta\/restauracia-hradna\/\" target=\"_blank\" rel=\"noopener\"><strong>re\u0161taur\u00e1cia Hradn\u00e1<\/strong><\/a> v are\u00e1li Bratislavsk\u00e9ho hradu. Spojenie romantiky, \u0161t\u00fdlu a elegancie, spolu so skvelou kuchy\u0148ou, kr\u00e1snym interi\u00e9rom a predov\u0161etk\u00fdm ve\u013ekorysou terasou nad mestom je ide\u00e1lnym miestom na gastronomick\u00fd z\u00e1\u017eitok po obdivovan\u00ed dominanty Bratislavy.<\/p>\n<p>Pri potulk\u00e1ch jesenn\u00fdmi ulicami vysk\u00fa\u0161ajte napr\u00edklad palacinky od <a href=\"https:\/\/www.visitbratislava.com\/sk\/miesta\/petite-creperie\/\" target=\"_blank\" rel=\"noopener\"><strong>Petite Cr\u00eaperie<\/strong><\/a> s puncom franc\u00fazskeho gurm\u00e1nstva, zlo\u017een\u00e9 do typick\u00e9ho trojuholn\u00edka. Pripravuj\u00fa ich z poh\u00e1nkov\u00e9ho cesta a v ponuke maj\u00fa sladk\u00e9 aj slan\u00e9 palacinky.<\/p>\n<p>V jesennom \u010dase skvelo zahreje i nalad\u00ed \u010daj. V\u00fdborn\u00fd si m\u00f4\u017eete da\u0165 v <a href=\"https:\/\/www.visitbratislava.com\/sk\/miesta\/avra-kehdabra\/\" target=\"_blank\" rel=\"noopener\"><strong>Liter\u00e1rnej \u010dajovni a kaviarni<\/strong><\/a>. V jej \u00fatulnom, neform\u00e1lnom prostred\u00ed sa budete m\u00f4c\u0165 pr\u00edjemne uvo\u013eni\u0165 nielen nad \u0161\u00e1lkou v\u00fdnimo\u010dn\u00e9ho \u010daju z odr\u00f4d z r\u00f4znych kon\u010d\u00edn sveta, ale tie\u017e pri skvelej knihe.<\/p>\n<p><img loading=\"lazy\" width=\"1920\" height=\"1280\" class=\"alignleft size-full wp-image-186927\" src=\"https:\/\/www.visitbratislava.com\/wp-content\/uploads\/2022\/10\/Literarna-cajovna-a-kaviaren-001_1920x1280.jpg\" alt=\"\" srcset=\"https:\/\/www.visitbratislava.com\/wp-content\/uploads\/2022\/10\/Literarna-cajovna-a-kaviaren-001_1920x1280.jpg 1920w, https:\/\/www.visitbratislava.com\/wp-content\/uploads\/2022\/10\/Literarna-cajovna-a-kaviaren-001_1920x1280-400x267.jpg 400w, https:\/\/www.visitbratislava.com\/wp-content\/uploads\/2022\/10\/Literarna-cajovna-a-kaviaren-001_1920x1280-800x533.jpg 800w, https:\/\/www.visitbratislava.com\/wp-content\/uploads\/2022\/10\/Literarna-cajovna-a-kaviaren-001_1920x1280-768x512.jpg 768w, https:\/\/www.visitbratislava.com\/wp-content\/uploads\/2022\/10\/Literarna-cajovna-a-kaviaren-001_1920x1280-1536x1024.jpg 1536w, https:\/\/www.visitbratislava.com\/wp-content\/uploads\/2022\/10\/Literarna-cajovna-a-kaviaren-001_1920x1280-200x133.jpg 200w\" sizes=\"(max-width: 1920px) 100vw, 1920px\" \/><\/p>\n<p>Chladnej\u0161ie dni s\u00fa ako stvoren\u00e9 aj na polievku. N\u00e1jdete ich napr\u00edklad v nev\u0161ednej prev\u00e1dzke <a href=\"https:\/\/www.visitbratislava.com\/sk\/miesta\/soupculture-bratislava\/\" target=\"_blank\" rel=\"noopener\"><strong>Soupculture<\/strong><\/a>. R\u00f4zne druhy kr\u00e9mov\u00fdch polievok z cel\u00e9ho sveta pripraven\u00fdch pod\u013ea mno\u017estva origin\u00e1lnych receptov pod\u00e1vaj\u00fa v \u010derstvo upe\u010den\u00fdch jedl\u00fdch poh\u00e1rikoch. Aj tie maj\u00fa viacero pr\u00edchut\u00ed, zjes\u0165 tak m\u00f4\u017eete nielen polievku, ale aj jej obal.<\/p>\n<p><img loading=\"lazy\" width=\"1920\" height=\"1280\" class=\"alignleft size-full wp-image-186933\" src=\"https:\/\/www.visitbratislava.com\/wp-content\/uploads\/2022\/10\/IMG_3614_1920x1280.jpg\" alt=\"\" srcset=\"https:\/\/www.visitbratislava.com\/wp-content\/uploads\/2022\/10\/IMG_3614_1920x1280.jpg 1920w, https:\/\/www.visitbratislava.com\/wp-content\/uploads\/2022\/10\/IMG_3614_1920x1280-400x267.jpg 400w, https:\/\/www.visitbratislava.com\/wp-content\/uploads\/2022\/10\/IMG_3614_1920x1280-800x533.jpg 800w, https:\/\/www.visitbratislava.com\/wp-content\/uploads\/2022\/10\/IMG_3614_1920x1280-768x512.jpg 768w, https:\/\/www.visitbratislava.com\/wp-content\/uploads\/2022\/10\/IMG_3614_1920x1280-1536x1024.jpg 1536w, https:\/\/www.visitbratislava.com\/wp-content\/uploads\/2022\/10\/IMG_3614_1920x1280-200x133.jpg 200w\" sizes=\"(max-width: 1920px) 100vw, 1920px\" \/><\/p>\n<p>Dobre nalad\u00ed aj v\u00edno, najm\u00e4 ak je dobr\u00e9. Tie najlep\u0161ie v\u00edna n\u00e1jdete v samom srdci bratislavsk\u00e9ho Star\u00e9ho mesta v <a href=\"https:\/\/www.visitbratislava.com\/sk\/miesta\/narodny-salon-vin\/\" target=\"_blank\" rel=\"noopener\"><strong>N\u00e1rodnom sal\u00f3ne v\u00edn<\/strong><\/a>. Slovensk\u00e1 n\u00e1rodn\u00e1 zbierka v\u00edn je eur\u00f3pskym unik\u00e1tom. V elegantnom prostred\u00ed Expoz\u00edcie vinohradn\u00edctva z 18. storo\u010dia n\u00e1jdete zbierku vybran\u00fdch 100 \u0161pi\u010dkov\u00fdch v\u00edn z cel\u00e9ho Slovenska a vybra\u0165 si m\u00f4\u017eete z pestrej palety degusta\u010dn\u00fdch programov. Najob\u013e\u00fabenej\u0161\u00edm je 72 v\u00edn za 100 min\u00fat. Zvl\u00e1dnete?<\/p>\n<p><img loading=\"lazy\" width=\"1920\" height=\"1280\" class=\"alignnone size-full wp-image-135341\" src=\"https:\/\/www.visitbratislava.com\/wp-content\/uploads\/2022\/04\/Narodny-salon-vin-ochutnavka-001.jpg\" alt=\"\" srcset=\"https:\/\/www.visitbratislava.com\/wp-content\/uploads\/2022\/04\/Narodny-salon-vin-ochutnavka-001.jpg 1920w, https:\/\/www.visitbratislava.com\/wp-content\/uploads\/2022\/04\/Narodny-salon-vin-ochutnavka-001-400x267.jpg 400w, https:\/\/www.visitbratislava.com\/wp-content\/uploads\/2022\/04\/Narodny-salon-vin-ochutnavka-001-800x533.jpg 800w, https:\/\/www.visitbratislava.com\/wp-content\/uploads\/2022\/04\/Narodny-salon-vin-ochutnavka-001-768x512.jpg 768w, https:\/\/www.visitbratislava.com\/wp-content\/uploads\/2022\/04\/Narodny-salon-vin-ochutnavka-001-1536x1024.jpg 1536w, https:\/\/www.visitbratislava.com\/wp-content\/uploads\/2022\/04\/Narodny-salon-vin-ochutnavka-001-200x133.jpg 200w\" sizes=\"(max-width: 1920px) 100vw, 1920px\" \/><\/p>\n<p>Aj po\u010das jesene sa m\u00f4\u017eete v historickom jadre mesta v\u00fdborne najes\u0165 na ob\u013e\u00fabenom <a href=\"https:\/\/www.visitbratislava.com\/sk\/podujatia\/street-food-park\/\" target=\"_blank\" rel=\"noopener\"><strong>Street Food Parku<\/strong><\/a>. Ka\u017ed\u00fd mesiac po\u010das \u0161tyroch dn\u00ed prin\u00e1\u0161a na n\u00e1mestie pred Star\u00fa tr\u017enicu a do jej interi\u00e9ru mo\u017enos\u0165 pochutna\u0165 si v jedine\u010dnej atmosf\u00e9re na skvelom pouli\u010dnom jedle. V pr\u00edjemnom prostred\u00ed a \u201ena stoj\u00e1ka\u201c si tak v spolo\u010dnosti priate\u013eov, kolegov \u010di zn\u00e1mych m\u00f4\u017eete vychutna\u0165 obed, neskor\u00fd snack alebo sa posilni\u0165 pred ve\u010dern\u00fdm programom v meste. Navy\u0161e, na Street Food Parku uplat\u0148uj\u00fa filozofiu minim\u00e1lneho mo\u017en\u00e9ho odpadu.<\/p>\n<p><img loading=\"lazy\" width=\"1920\" height=\"1280\" class=\"alignleft size-full wp-image-186945\" src=\"https:\/\/www.visitbratislava.com\/wp-content\/uploads\/2022\/10\/Street-Food-Park-001_1920x1280.jpg\" alt=\"\" srcset=\"https:\/\/www.visitbratislava.com\/wp-content\/uploads\/2022\/10\/Street-Food-Park-001_1920x1280.jpg 1920w, https:\/\/www.visitbratislava.com\/wp-content\/uploads\/2022\/10\/Street-Food-Park-001_1920x1280-400x267.jpg 400w, https:\/\/www.visitbratislava.com\/wp-content\/uploads\/2022\/10\/Street-Food-Park-001_1920x1280-800x533.jpg 800w, https:\/\/www.visitbratislava.com\/wp-content\/uploads\/2022\/10\/Street-Food-Park-001_1920x1280-768x512.jpg 768w, https:\/\/www.visitbratislava.com\/wp-content\/uploads\/2022\/10\/Street-Food-Park-001_1920x1280-1536x1024.jpg 1536w, https:\/\/www.visitbratislava.com\/wp-content\/uploads\/2022\/10\/Street-Food-Park-001_1920x1280-200x133.jpg 200w\" sizes=\"(max-width: 1920px) 100vw, 1920px\" \/><\/p>\n<p>Pouli\u010dn\u00e9 jedlo vo ve\u013ekom \u0161t\u00fdle serv\u00edruje ojedinel\u00e1 re\u0161taur\u00e1cia <a href=\"https:\/\/www.visitbratislava.com\/sk\/miesta\/jump-street\/\" target=\"_blank\" rel=\"noopener\"><strong>Jump Street<\/strong><\/a>. Presved\u010d\u00ed v\u00e1s, \u017ee \u010dierna v\u00f4bec nemus\u00ed prin\u00e1\u0161a\u0165 smolu. A skvelo chut\u00ed. Re\u0161taur\u00e1ciu charakterizuje nielen v\u00fdber kvalitn\u00fdch slovensk\u00fdch surov\u00edn, prepracovan\u00e1 pr\u00edprava jedla, promptn\u00fd a pozit\u00edvny person\u00e1l, dizajn interi\u00e9ru \u010di zmysel pre detail, ale aj netradi\u010dn\u00e1 farebn\u00e1 \u00faprava jed\u00e1l. Ve\u010f uvid\u00edte.<\/p>\n<p><img loading=\"lazy\" width=\"1920\" height=\"1280\" class=\"alignleft size-full wp-image-186951\" src=\"https:\/\/www.visitbratislava.com\/wp-content\/uploads\/2022\/10\/Jump-Street-001_1920x1280.jpg\" alt=\"\" srcset=\"https:\/\/www.visitbratislava.com\/wp-content\/uploads\/2022\/10\/Jump-Street-001_1920x1280.jpg 1920w, https:\/\/www.visitbratislava.com\/wp-content\/uploads\/2022\/10\/Jump-Street-001_1920x1280-400x267.jpg 400w, https:\/\/www.visitbratislava.com\/wp-content\/uploads\/2022\/10\/Jump-Street-001_1920x1280-800x533.jpg 800w, https:\/\/www.visitbratislava.com\/wp-content\/uploads\/2022\/10\/Jump-Street-001_1920x1280-768x512.jpg 768w, https:\/\/www.visitbratislava.com\/wp-content\/uploads\/2022\/10\/Jump-Street-001_1920x1280-1536x1024.jpg 1536w, https:\/\/www.visitbratislava.com\/wp-content\/uploads\/2022\/10\/Jump-Street-001_1920x1280-200x133.jpg 200w\" sizes=\"(max-width: 1920px) 100vw, 1920px\" \/><\/p>\n<p>V piv\u00e1rni <strong>Bokovka<\/strong> ost\u00e1vaj\u00fa vern\u00ed dobr\u00e9mu pivu a chutn\u00e9mu jedlu aj po\u010das jesene. Okrem ve\u013ek\u00e9ho v\u00fdberu piva a klasick\u00fdch pivn\u00fdch jed\u00e1l v\u00e1m tu pon\u00faknu napr\u00edklad dobr\u00fa pizzu, \u0161al\u00e1ty, ale aj m\u00e4sov\u00e9 \u0161peciality z vlastnej pece, aj tradi\u010dn\u00e9 a chutn\u00e9 jedl\u00e1 star\u00fdch m\u00e1m. Ob\u013e\u00faben\u00e9 s\u00fa tie\u017e tematick\u00e9 akcie r\u00f4znych svetov\u00fdch kuch\u00fd\u0148.<\/p>\n<p><img loading=\"lazy\" width=\"1920\" height=\"1280\" class=\"alignleft size-full wp-image-186957\" src=\"https:\/\/www.visitbratislava.com\/wp-content\/uploads\/2022\/10\/Bokovka-001_1920x1280.jpg\" alt=\"\" srcset=\"https:\/\/www.visitbratislava.com\/wp-content\/uploads\/2022\/10\/Bokovka-001_1920x1280.jpg 1920w, https:\/\/www.visitbratislava.com\/wp-content\/uploads\/2022\/10\/Bokovka-001_1920x1280-400x267.jpg 400w, https:\/\/www.visitbratislava.com\/wp-content\/uploads\/2022\/10\/Bokovka-001_1920x1280-800x533.jpg 800w, https:\/\/www.visitbratislava.com\/wp-content\/uploads\/2022\/10\/Bokovka-001_1920x1280-768x512.jpg 768w, https:\/\/www.visitbratislava.com\/wp-content\/uploads\/2022\/10\/Bokovka-001_1920x1280-1536x1024.jpg 1536w, https:\/\/www.visitbratislava.com\/wp-content\/uploads\/2022\/10\/Bokovka-001_1920x1280-200x133.jpg 200w\" sizes=\"(max-width: 1920px) 100vw, 1920px\" \/><\/p>\n<p>&nbsp;<\/p>\n<p>Jese\u0148 a najm\u00e4 \u010das adventu zap\u013a\u0148a aj priestory trhov a tr\u017en\u00edc. Ide\u00e1lnym miestom pre milovn\u00edkov dobr\u00e9ho jedla a zdrav\u00e9ho \u017eivotn\u00e9ho \u0161t\u00fdlu je <a href=\"https:\/\/www.visitbratislava.com\/sk\/menej-znama-tvar-bratislavy\/\" target=\"_blank\" rel=\"noopener\"><strong>Fresh Market<\/strong><\/a>. Pod jednou strechou tu n\u00e1jdete obchod\u00edky so slovensk\u00fdmi aj zahrani\u010dn\u00fdmi lah\u00f4dkami i miestnych farm\u00e1rov pon\u00fakaj\u00facich ovocie a zeleninu. A vybra\u0165 si m\u00f4\u017eete z mno\u017estva re\u0161taur\u00e1ci\u00ed zameran\u00fdch na slovensk\u00fa, zahrani\u010dn\u00fa a vegetari\u00e1nsku kuchy\u0148u.<\/p>\n<p><img loading=\"lazy\" width=\"1920\" height=\"1280\" class=\"alignleft size-full wp-image-186969\" src=\"https:\/\/www.visitbratislava.com\/wp-content\/uploads\/2022\/10\/Fresh-Market-001_1920x1280.jpg\" alt=\"\" srcset=\"https:\/\/www.visitbratislava.com\/wp-content\/uploads\/2022\/10\/Fresh-Market-001_1920x1280.jpg 1920w, https:\/\/www.visitbratislava.com\/wp-content\/uploads\/2022\/10\/Fresh-Market-001_1920x1280-400x267.jpg 400w, https:\/\/www.visitbratislava.com\/wp-content\/uploads\/2022\/10\/Fresh-Market-001_1920x1280-800x533.jpg 800w, https:\/\/www.visitbratislava.com\/wp-content\/uploads\/2022\/10\/Fresh-Market-001_1920x1280-768x512.jpg 768w, https:\/\/www.visitbratislava.com\/wp-content\/uploads\/2022\/10\/Fresh-Market-001_1920x1280-1536x1024.jpg 1536w, https:\/\/www.visitbratislava.com\/wp-content\/uploads\/2022\/10\/Fresh-Market-001_1920x1280-200x133.jpg 200w\" sizes=\"(max-width: 1920px) 100vw, 1920px\" \/><\/p>\n<p>V\u00fdh\u013ead na jesenn\u00fa Bratislavu ako na dlani budete ma\u0165 z re\u0161taur\u00e1cie <a href=\"https:\/\/www.visitbratislava.com\/sk\/miesta\/ufo\/\" target=\"_blank\" rel=\"noopener\"><strong>UFO.watch.taste.groove<\/strong><\/a> na vrchole pyl\u00f3na Mosta SNP. Ako jedna len z dvoch slovensk\u00fdch sa t\u00e1to z\u00e1\u017eitkov\u00e1 re\u0161taur\u00e1cia s dokonal\u00fdm servisom umiestnila v gastronomickom rebr\u00ed\u010dku La Liste 1000 najlep\u0161\u00edch re\u0161taur\u00e1ci\u00ed sveta. V\u00fdh\u013ead, \u010do berie dych, ako aj prvotriedna gastron\u00f3mia s\u00fa kombin\u00e1ciou, ktor\u00e1 zaru\u010dene urob\u00ed siln\u00fd dojem a zanech\u00e1 mnoh\u00e9 spomienky na to, ak\u00e1 kr\u00e1sna je slovensk\u00e1 metropola <a href=\"https:\/\/www.visitbratislava.com\/sk\/jesen-v-bratislave\/\" target=\"_blank\" rel=\"noopener\"><strong>na jese\u0148<\/strong><\/a>.<\/p>\n<p><img loading=\"lazy\" width=\"1920\" height=\"1280\" class=\"alignleft size-full wp-image-186975\" src=\"https:\/\/www.visitbratislava.com\/wp-content\/uploads\/2022\/10\/gastro-UFO_1920x1280.jpg\" alt=\"\" srcset=\"https:\/\/www.visitbratislava.com\/wp-content\/uploads\/2022\/10\/gastro-UFO_1920x1280.jpg 1920w, https:\/\/www.visitbratislava.com\/wp-content\/uploads\/2022\/10\/gastro-UFO_1920x1280-400x267.jpg 400w, https:\/\/www.visitbratislava.com\/wp-content\/uploads\/2022\/10\/gastro-UFO_1920x1280-800x533.jpg 800w, https:\/\/www.visitbratislava.com\/wp-content\/uploads\/2022\/10\/gastro-UFO_1920x1280-768x512.jpg 768w, https:\/\/www.visitbratislava.com\/wp-content\/uploads\/2022\/10\/gastro-UFO_1920x1280-1536x1024.jpg 1536w, https:\/\/www.visitbratislava.com\/wp-content\/uploads\/2022\/10\/gastro-UFO_1920x1280-200x133.jpg 200w\" sizes=\"(max-width: 1920px) 100vw, 1920px\" \/><\/p>\n","protected":false},"excerpt":{"rendered":"<p>Bratislava na jese\u0148 chut\u00ed po bur\u010diaku z malokarpatsk\u00fdch vin\u00edc, po sladk\u00fdch pe\u010den\u00fdch ga\u0161tanoch z Michalskej ulice a po sez\u00f3nnych \u0161pecialit\u00e1ch v mestsk\u00fdch re\u0161taur\u00e1ci\u00e1ch. K tomu sa prid\u00e1vaj\u00fa jesenn\u00e9 trhy s lok\u00e1lnymi v\u00ednami a v\u00f4\u0148a \u0161korice z kaviarn\u00ed, kde si vychutn\u00e1te kol\u00e1\u010de ako od babi\u010dky.<\/p>\n","protected":false},"author":32,"featured_media":181560,"parent":0,"menu_order":0,"comment_status":"closed","ping_status":"closed","template":"","meta":[],"acf":[],"_links":{"self":[{"href":"https:\/\/www.visitbratislava.com\/sk\/wp-json\/wp\/v2\/pages\/186877"}],"collection":[{"href":"https:\/\/www.visitbratislava.com\/sk\/wp-json\/wp\/v2\/pages"}],"about":[{"href":"https:\/\/www.visitbratislava.com\/sk\/wp-json\/wp\/v2\/types\/page"}],"author":[{"embeddable":true,"href":"https:\/\/www.visitbratislava.com\/sk\/wp-json\/wp\/v2\/users\/32"}],"replies":[{"embeddable":true,"href":"https:\/\/www.visitbratislava.com\/sk\/wp-json\/wp\/v2\/comments?post=186877"}],"version-history":[{"count":13,"href":"https:\/\/www.visitbratislava.com\/sk\/wp-json\/wp\/v2\/pages\/186877\/revisions"}],"predecessor-version":[{"id":364073,"href":"https:\/\/www.visitbratislava.com\/sk\/wp-json\/wp\/v2\/pages\/186877\/revisions\/364073"}],"wp:featuredmedia":[{"embeddable":true,"href":"https:\/\/www.visitbratislava.com\/sk\/wp-json\/wp\/v2\/media\/181560"}],"wp:attachment":[{"href":"https:\/\/www.visitbratislava.com\/sk\/wp-json\/wp\/v2\/media?parent=186877"}],"curies":[{"name":"wp","href":"https:\/\/api.w.org\/{rel}","templated":true}]}}