{"id":197396,"date":"2022-11-24T11:28:35","date_gmt":"2022-11-24T10:28:35","guid":{"rendered":"https:\/\/www.visitbratislava.com\/?page_id=197396"},"modified":"2024-12-20T15:48:43","modified_gmt":"2024-12-20T14:48:43","slug":"vianoce-v-bratislave","status":"publish","type":"page","link":"https:\/\/www.visitbratislava.com\/sk\/vianoce-v-bratislave\/","title":{"rendered":"Vianoce v Bratislave"},"content":{"rendered":"<p>Po typicky jesenn\u00fdch d\u0148och nabit\u00fdch \u00fa\u017easnou kult\u00farou a skvelou gastron\u00f3miou prich\u00e1dza naj\u010darovnej\u0161ie obdobie v meste. Chladn\u00e9 po\u010dasie \u010di sneh nebr\u00e1nia dom\u00e1cim ani n\u00e1v\u0161tevn\u00edkom zap\u013a\u0148a\u0165 ulice a n\u00e1mestia. Tie sa v novembri a decembri premenia na tradi\u010dn\u00e9 viano\u010dn\u00e9 trhy a vyzdoben\u00e9 aleje. Podmaniv\u00e1 atmosf\u00e9ra roz\u017eiarenej metropoly l\u00e1ka sviato\u010dn\u00fdmi v\u00f4\u0148ami. Bratislava v\u00e1m \u017eel\u00e1 \u0161\u0165astn\u00e9 a vesel\u00e9!<\/p>\n<p>Pozrite si aj otv\u00e1racie hodiny Turistick\u00e9ho informa\u010dn\u00e9ho centra, pamiatok \u010di re\u0161taur\u00e1ci\u00ed a kaviarn\u00ed po\u010das sviatkov.<\/p>\n<p><a class=\"cta-button\" href=\"https:\/\/www.visitbratislava.com\/wp-content\/uploads\/2024\/12\/A2_otvaracky.pdf\" target=\"_blank\" rel=\"noopener\">Otv\u00e1racie hodiny<\/a><\/p>\n","protected":false},"excerpt":{"rendered":"<p>Ligotav\u00e1 v\u00fdzdoba a v\u00f4\u0148a ihli\u010dia premie\u0161an\u00e1 s podmanivou ar\u00f3mou koren\u00edn, viano\u010dn\u00e9 obdobie je v hlavnom meste Slovenska ozaj n\u00e1dhern\u00e9.<\/p>\n","protected":false},"author":32,"featured_media":197397,"parent":0,"menu_order":0,"comment_status":"closed","ping_status":"closed","template":"tpl-page-grid.php","meta":[],"acf":[],"_links":{"self":[{"href":"https:\/\/www.visitbratislava.com\/sk\/wp-json\/wp\/v2\/pages\/197396"}],"collection":[{"href":"https:\/\/www.visitbratislava.com\/sk\/wp-json\/wp\/v2\/pages"}],"about":[{"href":"https:\/\/www.visitbratislava.com\/sk\/wp-json\/wp\/v2\/types\/page"}],"author":[{"embeddable":true,"href":"https:\/\/www.visitbratislava.com\/sk\/wp-json\/wp\/v2\/users\/32"}],"replies":[{"embeddable":true,"href":"https:\/\/www.visitbratislava.com\/sk\/wp-json\/wp\/v2\/comments?post=197396"}],"version-history":[{"count":10,"href":"https:\/\/www.visitbratislava.com\/sk\/wp-json\/wp\/v2\/pages\/197396\/revisions"}],"predecessor-version":[{"id":322927,"href":"https:\/\/www.visitbratislava.com\/sk\/wp-json\/wp\/v2\/pages\/197396\/revisions\/322927"}],"wp:featuredmedia":[{"embeddable":true,"href":"https:\/\/www.visitbratislava.com\/sk\/wp-json\/wp\/v2\/media\/197397"}],"wp:attachment":[{"href":"https:\/\/www.visitbratislava.com\/sk\/wp-json\/wp\/v2\/media?parent=197396"}],"curies":[{"name":"wp","href":"https:\/\/api.w.org\/{rel}","templated":true}]}}