{"id":197410,"date":"2022-11-24T12:11:21","date_gmt":"2022-11-24T11:11:21","guid":{"rendered":"https:\/\/www.visitbratislava.com\/?page_id=197410"},"modified":"2024-11-22T10:52:10","modified_gmt":"2024-11-22T09:52:10","slug":"vianoce-su-uz-za-dverami","status":"publish","type":"page","link":"https:\/\/www.visitbratislava.com\/sk\/vianoce-v-bratislave\/vianoce-su-uz-za-dverami\/","title":{"rendered":"Vianoce s\u00fa u\u017e za dverami"},"content":{"rendered":"<p>Svetl\u00e1 viano\u010dnej v\u00fdzdoby, neodolate\u013en\u00e9 v\u00f4ne mno\u017estva slan\u00fdch aj sladk\u00fdch poch\u00fa\u0165ok a hrejiv\u00fdch n\u00e1pojov, umeleck\u00e1 kr\u00e1sa remeseln\u00fdch v\u00fdrobkov, t\u00f3ny hudby a predov\u0161etk\u00fdm rados\u0165ou roz\u017eiaren\u00e9 o\u010di det\u00ed aj dospel\u00fdch. Tak\u00e9 s\u00fa typick\u00e9 <a href=\"https:\/\/www.visitbratislava.com\/sk\/podujatia\/bratislavske-vianoce\/\" target=\"_blank\" rel=\"noopener\"><strong>Bratislavsk\u00e9 Vianoce<\/strong><\/a>.<\/p>\n<p><img loading=\"lazy\" width=\"1920\" height=\"1280\" class=\"alignleft size-full wp-image-191431\" src=\"https:\/\/www.visitbratislava.com\/wp-content\/uploads\/2022\/11\/vianoce-stare-mesto_1920x1280.jpg\" alt=\"\" srcset=\"https:\/\/www.visitbratislava.com\/wp-content\/uploads\/2022\/11\/vianoce-stare-mesto_1920x1280.jpg 1920w, https:\/\/www.visitbratislava.com\/wp-content\/uploads\/2022\/11\/vianoce-stare-mesto_1920x1280-400x267.jpg 400w, https:\/\/www.visitbratislava.com\/wp-content\/uploads\/2022\/11\/vianoce-stare-mesto_1920x1280-800x533.jpg 800w, https:\/\/www.visitbratislava.com\/wp-content\/uploads\/2022\/11\/vianoce-stare-mesto_1920x1280-768x512.jpg 768w, https:\/\/www.visitbratislava.com\/wp-content\/uploads\/2022\/11\/vianoce-stare-mesto_1920x1280-1536x1024.jpg 1536w, https:\/\/www.visitbratislava.com\/wp-content\/uploads\/2022\/11\/vianoce-stare-mesto_1920x1280-200x133.jpg 200w\" sizes=\"(max-width: 1920px) 100vw, 1920px\" \/><\/p>\n<p>Ich symbolom je od roku 1925 <strong>viano\u010dn\u00fd strom\u010dek<\/strong> v centre mesta. Stoj\u00ed na Hlavnom n\u00e1mest\u00ed a dop\u013a\u0148a ho aj \u010fal\u0161\u00ed strom\u010dek na Hviezdoslavovom n\u00e1mest\u00ed, kde sa kon\u00e1<strong> <a href=\"https:\/\/www.visitbratislava.com\/sk\/podujatia\/staromestske-vianocne-trhy\/\" target=\"_blank\" rel=\"noopener\">Staromestsk\u00fd viano\u010dn\u00fd trh<\/a><\/strong>. Asi tri desiatky st\u00e1nkov pon\u00faknu in\u0161pir\u00e1cie na viano\u010dn\u00e9 dar\u010deky \u010di drobnos\u0165 pre seba, ale aj tradi\u010dn\u00e9 poch\u00fa\u0165ky.<\/p>\n<p><img loading=\"lazy\" width=\"1707\" height=\"2560\" class=\"alignnone size-full wp-image-318824\" src=\"https:\/\/www.visitbratislava.com\/wp-content\/uploads\/2024\/11\/Kovac_2022_vianoce_zima_narodne-divadlo_sneh_noc_nevyhradna-licencia-scaled.jpg\" alt=\"\" srcset=\"https:\/\/www.visitbratislava.com\/wp-content\/uploads\/2024\/11\/Kovac_2022_vianoce_zima_narodne-divadlo_sneh_noc_nevyhradna-licencia-scaled.jpg 1707w, https:\/\/www.visitbratislava.com\/wp-content\/uploads\/2024\/11\/Kovac_2022_vianoce_zima_narodne-divadlo_sneh_noc_nevyhradna-licencia-267x400.jpg 267w, https:\/\/www.visitbratislava.com\/wp-content\/uploads\/2024\/11\/Kovac_2022_vianoce_zima_narodne-divadlo_sneh_noc_nevyhradna-licencia-533x800.jpg 533w, https:\/\/www.visitbratislava.com\/wp-content\/uploads\/2024\/11\/Kovac_2022_vianoce_zima_narodne-divadlo_sneh_noc_nevyhradna-licencia-768x1152.jpg 768w, https:\/\/www.visitbratislava.com\/wp-content\/uploads\/2024\/11\/Kovac_2022_vianoce_zima_narodne-divadlo_sneh_noc_nevyhradna-licencia-1024x1536.jpg 1024w, https:\/\/www.visitbratislava.com\/wp-content\/uploads\/2024\/11\/Kovac_2022_vianoce_zima_narodne-divadlo_sneh_noc_nevyhradna-licencia-1365x2048.jpg 1365w, https:\/\/www.visitbratislava.com\/wp-content\/uploads\/2024\/11\/Kovac_2022_vianoce_zima_narodne-divadlo_sneh_noc_nevyhradna-licencia-133x200.jpg 133w\" sizes=\"(max-width: 1707px) 100vw, 1707px\" \/><\/p>\n<p>Hlavn\u00fdm l\u00e1kadlom je v\u0161ak Hlavn\u00fd viano\u010dn\u00fd trh, v\u010faka ktor\u00e9mu sa ulice centra Bratislavy op\u00e4\u0165 zaplnia \u013eu\u010fmi, dobrou n\u00e1ladou a <strong><a href=\"https:\/\/www.visitbratislava.com\/sk\/\/event-categories\/vianoce\/\" target=\"_blank\" rel=\"noopener\">viano\u010dnou atmosf\u00e9rou<\/a><\/strong>. V desiatkach st\u00e1nkov s ob\u010derstven\u00edm a viano\u010dne laden\u00fdm sortimentom prines\u00fa<strong> viano\u010dn\u00e9 dar\u010deky<\/strong>, remeseln\u00e9 v\u00fdrobky a preteky, kto priprav\u00ed najlep\u0161ie varen\u00e9 v\u00edno \u010di pun\u010d. Op\u00e4\u0165 pon\u00faknu vratn\u00e9 poh\u00e1re, kompostovate\u013en\u00e9 riady a bude sa tu d\u00f4sledne triedi\u0165 odpad. Trhy potrvaj\u00fa do 6. janu\u00e1ra s prest\u00e1vkou po\u010das sviatkov, tak\u017ee <span style=\"color: #ff0000;\">24. &#8211; 26. decembra bud\u00fa zatvoren\u00e9<\/span>. Pre viano\u010dn\u00e9 dekor\u00e1cie a dar\u010deky m\u00f4\u017eete zav\u00edta\u0165 v uli\u010dk\u00e1ch mesta aj do<a href=\"https:\/\/www.visitbratislava.com\/sk\/navsteva\/nakupovanie\/\" target=\"_blank\" rel=\"noopener\"><strong> lok\u00e1lnych obchodo<\/strong>v<\/a>.<\/p>\n<p><img loading=\"lazy\" width=\"1920\" height=\"1280\" class=\"alignleft size-full wp-image-191443\" src=\"https:\/\/www.visitbratislava.com\/wp-content\/uploads\/2022\/11\/Vianocne-trhy-Bratislava-011_1920x1280.jpg\" alt=\"\" srcset=\"https:\/\/www.visitbratislava.com\/wp-content\/uploads\/2022\/11\/Vianocne-trhy-Bratislava-011_1920x1280.jpg 1920w, https:\/\/www.visitbratislava.com\/wp-content\/uploads\/2022\/11\/Vianocne-trhy-Bratislava-011_1920x1280-400x267.jpg 400w, https:\/\/www.visitbratislava.com\/wp-content\/uploads\/2022\/11\/Vianocne-trhy-Bratislava-011_1920x1280-800x533.jpg 800w, https:\/\/www.visitbratislava.com\/wp-content\/uploads\/2022\/11\/Vianocne-trhy-Bratislava-011_1920x1280-768x512.jpg 768w, https:\/\/www.visitbratislava.com\/wp-content\/uploads\/2022\/11\/Vianocne-trhy-Bratislava-011_1920x1280-1536x1024.jpg 1536w, https:\/\/www.visitbratislava.com\/wp-content\/uploads\/2022\/11\/Vianocne-trhy-Bratislava-011_1920x1280-200x133.jpg 200w\" sizes=\"(max-width: 1920px) 100vw, 1920px\" \/><\/p>\n<p><strong><a href=\"https:\/\/bratislavskevianoce.sk\/\" target=\"_blank\" rel=\"noopener\">Celomestsk\u00fd program<\/a><\/strong>, s\u00fastreden\u00fd najm\u00e4 na Hlavnom a Franti\u0161k\u00e1nskom n\u00e1mest\u00ed, pon\u00fakne na r\u00f4znych kult\u00farnych sc\u00e9nach rozmanit\u00e9 viano\u010dn\u00e9 podujatia. Te\u0161i\u0165 sa tak m\u00f4\u017eete napr\u00edklad na adventn\u00e9 koncerty, kv\u00edzy, baz\u00e1re, \u010d\u00edtania, divadeln\u00e9 predstavenia \u010di v\u00fdstavy.<\/p>\n<p><img loading=\"lazy\" width=\"1920\" height=\"1280\" class=\"alignleft size-full wp-image-191455\" src=\"https:\/\/www.visitbratislava.com\/wp-content\/uploads\/2022\/11\/DSCF3526-16_1920x1280.jpg\" alt=\"\" srcset=\"https:\/\/www.visitbratislava.com\/wp-content\/uploads\/2022\/11\/DSCF3526-16_1920x1280.jpg 1920w, https:\/\/www.visitbratislava.com\/wp-content\/uploads\/2022\/11\/DSCF3526-16_1920x1280-400x267.jpg 400w, https:\/\/www.visitbratislava.com\/wp-content\/uploads\/2022\/11\/DSCF3526-16_1920x1280-800x533.jpg 800w, https:\/\/www.visitbratislava.com\/wp-content\/uploads\/2022\/11\/DSCF3526-16_1920x1280-768x512.jpg 768w, https:\/\/www.visitbratislava.com\/wp-content\/uploads\/2022\/11\/DSCF3526-16_1920x1280-1536x1024.jpg 1536w, https:\/\/www.visitbratislava.com\/wp-content\/uploads\/2022\/11\/DSCF3526-16_1920x1280-200x133.jpg 200w\" sizes=\"(max-width: 1920px) 100vw, 1920px\" \/><\/p>\n<p>Sviatky v meste bud\u00fa ma\u0165 aj charitat\u00edvny rozmer. V Klarisk\u00e1ch sa bud\u00fa kona\u0165 ob\u013e\u00faben\u00e9 v\u00fdmenn\u00e9 burzy a oble\u010denie, hra\u010dky a knihy, ktor\u00e9 si na nich n\u00e1v\u0161tevn\u00edci nevymenia, poputuj\u00fa \u013eu\u010fom v n\u00fadzi.<\/p>\n<p>Viano\u010dn\u00fa atmosf\u00e9ru aj tento rok dopln\u00ed <strong>Viano\u010dn\u00fd les<\/strong> na Primaci\u00e1lnom n\u00e1mest\u00ed. Deti z bratislavsk\u00fdch z\u00e1kladn\u00fdch, umeleck\u00fdch i \u0161peci\u00e1lnych z\u00e1kladn\u00fdch \u0161k\u00f4l ozdobia viano\u010dn\u00e9 strom\u010deky na n\u00e1mest\u00ed vlastn\u00fdmi origin\u00e1lnymi dekor\u00e1ciami z pr\u00edrodn\u00fdch materi\u00e1lov. Viano\u010dn\u00e9 strom\u010deky nesk\u00f4r poputuj\u00fa do charitat\u00edvnych organiz\u00e1ci\u00ed, zdru\u017een\u00ed pre \u013eud\u00ed bez domova, ale aj do rod\u00edn v n\u00e1ro\u010dnej\u0161ej soci\u00e1lnej situ\u00e1cii.<\/p>\n<p>V <a href=\"https:\/\/www.visitbratislava.com\/sk\/dunajsky-kaviar-ci-slimacie-vajicka-aj-take-boli-bratislavske-vianocne-pochutky\/\" target=\"_blank\" rel=\"noopener\"><strong>niekdaj\u0161om Pre\u0161porku<\/strong><\/a> a od \u010dias prvej republiky aj v Bratislave vn\u00edmali Vianoce ako sviatok d\u00e1vania. Pomoc n\u00fadznym nepatrila iba k bont\u00f3nu, bola s\u00fa\u010das\u0165ou identity miestnych obyvate\u013eov. Kto sa mohol podeli\u0165 o svoje \u0161\u0165astie s t\u00fdmi, \u010do ho to\u013eko nemali, bol skr\u00e1tka povinn\u00fd tak spravi\u0165. Star\u00ed Pre\u0161por\u010dania tak v\u0161ak \u010dinili radi, \u010dastokr\u00e1t vo ve\u013ekom a nielen po\u010das adventu a Vianoc.<\/p>\n<p><img loading=\"lazy\" width=\"1920\" height=\"1280\" class=\"alignleft size-full wp-image-191461\" src=\"https:\/\/www.visitbratislava.com\/wp-content\/uploads\/2022\/11\/DSC_0949_1920x1280.jpg\" alt=\"\" srcset=\"https:\/\/www.visitbratislava.com\/wp-content\/uploads\/2022\/11\/DSC_0949_1920x1280.jpg 1920w, https:\/\/www.visitbratislava.com\/wp-content\/uploads\/2022\/11\/DSC_0949_1920x1280-400x267.jpg 400w, https:\/\/www.visitbratislava.com\/wp-content\/uploads\/2022\/11\/DSC_0949_1920x1280-800x533.jpg 800w, https:\/\/www.visitbratislava.com\/wp-content\/uploads\/2022\/11\/DSC_0949_1920x1280-768x512.jpg 768w, https:\/\/www.visitbratislava.com\/wp-content\/uploads\/2022\/11\/DSC_0949_1920x1280-1536x1024.jpg 1536w, https:\/\/www.visitbratislava.com\/wp-content\/uploads\/2022\/11\/DSC_0949_1920x1280-200x133.jpg 200w\" sizes=\"(max-width: 1920px) 100vw, 1920px\" \/><\/p>\n<p>&nbsp;<\/p>\n<p>&nbsp;<\/p>\n<p>&nbsp;<\/p>\n<p>&nbsp;<\/p>\n<p>&nbsp;<\/p>\n<p>&nbsp;<\/p>\n<p>&nbsp;<\/p>\n<p>&nbsp;<\/p>\n<p>&nbsp;<\/p>\n","protected":false},"excerpt":{"rendered":"<p>Najob\u013e\u00fabenej\u0161ie sviatky roka sa nezadr\u017eate\u013ene bl\u00ed\u017eia a s nimi Bratislavsk\u00e9 Vianoce 2024.<\/p>\n","protected":false},"author":32,"featured_media":318781,"parent":197396,"menu_order":0,"comment_status":"closed","ping_status":"closed","template":"","meta":[],"acf":[],"_links":{"self":[{"href":"https:\/\/www.visitbratislava.com\/sk\/wp-json\/wp\/v2\/pages\/197410"}],"collection":[{"href":"https:\/\/www.visitbratislava.com\/sk\/wp-json\/wp\/v2\/pages"}],"about":[{"href":"https:\/\/www.visitbratislava.com\/sk\/wp-json\/wp\/v2\/types\/page"}],"author":[{"embeddable":true,"href":"https:\/\/www.visitbratislava.com\/sk\/wp-json\/wp\/v2\/users\/32"}],"replies":[{"embeddable":true,"href":"https:\/\/www.visitbratislava.com\/sk\/wp-json\/wp\/v2\/comments?post=197410"}],"version-history":[{"count":18,"href":"https:\/\/www.visitbratislava.com\/sk\/wp-json\/wp\/v2\/pages\/197410\/revisions"}],"predecessor-version":[{"id":319153,"href":"https:\/\/www.visitbratislava.com\/sk\/wp-json\/wp\/v2\/pages\/197410\/revisions\/319153"}],"up":[{"embeddable":true,"href":"https:\/\/www.visitbratislava.com\/sk\/wp-json\/wp\/v2\/pages\/197396"}],"wp:featuredmedia":[{"embeddable":true,"href":"https:\/\/www.visitbratislava.com\/sk\/wp-json\/wp\/v2\/media\/318781"}],"wp:attachment":[{"href":"https:\/\/www.visitbratislava.com\/sk\/wp-json\/wp\/v2\/media?parent=197410"}],"curies":[{"name":"wp","href":"https:\/\/api.w.org\/{rel}","templated":true}]}}