{"id":216611,"date":"2023-01-17T11:21:55","date_gmt":"2023-01-17T10:21:55","guid":{"rendered":"https:\/\/www.visitbratislava.com\/?page_id=216611"},"modified":"2023-06-27T10:47:06","modified_gmt":"2023-06-27T08:47:06","slug":"mestske-hry","status":"publish","type":"page","link":"https:\/\/www.visitbratislava.com\/sk\/mestske-hry\/","title":{"rendered":"Mestsk\u00e9 hry"},"content":{"rendered":"<p>Vyberte sa na dobrodru\u017en\u00fa v\u00fdpravu za z\u00e1bavou a poznan\u00edm. Zapojte sa do \u0161ifrovac\u00edch hier, alebo vysk\u00fa\u0161ajte mestsk\u00e9 \u00fanikov\u00e9 hry. Po\u010fte sa hra\u0165 a mo\u017eno sa o hlavnom meste Slovenska dozviete nie\u010do nov\u00e9 a zauj\u00edmav\u00e9.<\/p>\n","protected":false},"excerpt":{"rendered":"<p>U\u017eite si Bratislavu z\u00e1bavnou formou. Preb\u00e1dajte jej z\u00e1kutia, spoznajte jej minulos\u0165 a preverte svoje znalosti pri interakt\u00edvnych \u00faloh\u00e1ch<\/p>\n","protected":false},"author":32,"featured_media":216612,"parent":0,"menu_order":0,"comment_status":"closed","ping_status":"closed","template":"tpl-page-grid.php","meta":[],"acf":[],"_links":{"self":[{"href":"https:\/\/www.visitbratislava.com\/sk\/wp-json\/wp\/v2\/pages\/216611"}],"collection":[{"href":"https:\/\/www.visitbratislava.com\/sk\/wp-json\/wp\/v2\/pages"}],"about":[{"href":"https:\/\/www.visitbratislava.com\/sk\/wp-json\/wp\/v2\/types\/page"}],"author":[{"embeddable":true,"href":"https:\/\/www.visitbratislava.com\/sk\/wp-json\/wp\/v2\/users\/32"}],"replies":[{"embeddable":true,"href":"https:\/\/www.visitbratislava.com\/sk\/wp-json\/wp\/v2\/comments?post=216611"}],"version-history":[{"count":5,"href":"https:\/\/www.visitbratislava.com\/sk\/wp-json\/wp\/v2\/pages\/216611\/revisions"}],"predecessor-version":[{"id":248217,"href":"https:\/\/www.visitbratislava.com\/sk\/wp-json\/wp\/v2\/pages\/216611\/revisions\/248217"}],"wp:featuredmedia":[{"embeddable":true,"href":"https:\/\/www.visitbratislava.com\/sk\/wp-json\/wp\/v2\/media\/216612"}],"wp:attachment":[{"href":"https:\/\/www.visitbratislava.com\/sk\/wp-json\/wp\/v2\/media?parent=216611"}],"curies":[{"name":"wp","href":"https:\/\/api.w.org\/{rel}","templated":true}]}}