{"id":216619,"date":"2023-01-17T12:19:49","date_gmt":"2023-01-17T11:19:49","guid":{"rendered":"https:\/\/www.visitbratislava.com\/?page_id=216619"},"modified":"2024-01-18T10:50:18","modified_gmt":"2024-01-18T09:50:18","slug":"bratislava-hravo","status":"publish","type":"page","link":"https:\/\/www.visitbratislava.com\/sk\/mestske-hry\/bratislava-hravo\/","title":{"rendered":"Bratislava hravo"},"content":{"rendered":"<p>\u010ci u\u017e ste z Bratislavy, alebo z inej \u010dasti Slovenska a chcete za\u017ei\u0165 hlavn\u00e9 mesto z\u00e1bavn\u00fdm sp\u00f4sobom, t\u00e1to netradi\u010dn\u00e1 prehliadka je to prav\u00e9. V\u010faka tejto skupinovej hre za\u017eijete slovensk\u00fa metropolu ve\u013emi jedine\u010dn\u00fdm a z\u00e1bavn\u00fdm sp\u00f4sobom.<\/p>\n<p>Na rozdiel od prehliadok so sprievodcom sa to deje nez\u00e1visle, a preto je p\u00fatav\u00e1 od prvej min\u00faty a\u017e do konca. S mapou mesta a hern\u00fdm pl\u00e1nom presk\u00famate centrum Bratislavy. Aby ste sa dostali na \u010fal\u0161iu zast\u00e1vku, mus\u00edte odpoveda\u0165 na ot\u00e1zky. Hra v\u00e1s zavedie na historick\u00e9 miesta okolo n\u00e1dhern\u00fdch budov a najd\u00f4le\u017eitej\u0161\u00edch vyhliadkov\u00fdch miest. V\u00e4\u010d\u0161ina z toho sa deje mimo hlavn\u00fdch dopravn\u00fdch tr\u00e1s na miestach, na ktor\u00e9 sa be\u017ene ned\u00e1 dosta\u0165 autom alebo autobusom.<\/p>\n<p><img loading=\"lazy\" width=\"1920\" height=\"1280\" class=\"alignleft size-full wp-image-216634\" src=\"https:\/\/www.visitbratislava.com\/wp-content\/uploads\/2023\/01\/Klarisky-002_1920x1280.jpg\" alt=\"\" srcset=\"https:\/\/www.visitbratislava.com\/wp-content\/uploads\/2023\/01\/Klarisky-002_1920x1280.jpg 1920w, https:\/\/www.visitbratislava.com\/wp-content\/uploads\/2023\/01\/Klarisky-002_1920x1280-400x267.jpg 400w, https:\/\/www.visitbratislava.com\/wp-content\/uploads\/2023\/01\/Klarisky-002_1920x1280-800x533.jpg 800w, https:\/\/www.visitbratislava.com\/wp-content\/uploads\/2023\/01\/Klarisky-002_1920x1280-768x512.jpg 768w, https:\/\/www.visitbratislava.com\/wp-content\/uploads\/2023\/01\/Klarisky-002_1920x1280-1536x1024.jpg 1536w, https:\/\/www.visitbratislava.com\/wp-content\/uploads\/2023\/01\/Klarisky-002_1920x1280-200x133.jpg 200w\" sizes=\"(max-width: 1920px) 100vw, 1920px\" \/><\/p>\n<p>Po\u010das d\u0148a uvid\u00edte niektor\u00e9 z tak\u00fdch miest a skryt\u00fdch pokladov, ktor\u00e9 be\u017en\u00fd turista nem\u00e1 mo\u017enos\u0165 vidie\u0165. Hra trv\u00e1 pribli\u017ene jeden a pol hodiny pohodlnou ch\u00f4dzou. Z\u00e1le\u017e\u00ed na tom, ko\u013eko sa zdr\u017e\u00edte objavovan\u00edm, foten\u00edm a obdivovan\u00edm pokladov tohto kr\u00e1sneho mesta. Aby ste mali neru\u0161en\u00fd z\u00e1\u017eitok, vyzbrojte sa pohodlnou obuvou a v lete f\u013ea\u0161ou vody a ochranou hlavy proti slnku. Na cestu dostanete karty s ot\u00e1zkami a hist\u00f3riou, diplom na konci hry a mapu Bratislavy.<\/p>\n<div class=\"grid-container\"><div class=\"grid-container__item\"><div class=\"block\"><a href=\"https:\/\/www.visitbratislava.com\/wp-content\/uploads\/2023\/01\/primacialne_fish_08-1-800x450.jpg\" data-fancybox=\"gallery\" data-caption=\"\"><div class=\"background\"><img src=\"https:\/\/www.visitbratislava.com\/wp-content\/uploads\/2023\/01\/primacialne_fish_08-1-800x450.jpg\" alt=\"foto\"\/><\/div><div class=\"overlay filter-blue\"><div class=\"content\"><span class=\"zoom-button\"><\/span><\/div><\/div><\/a><\/div><\/div><div class=\"grid-container__item\"><div class=\"block\"><a href=\"https:\/\/www.visitbratislava.com\/wp-content\/uploads\/2023\/01\/salvator_01-800x450.jpg\" data-fancybox=\"gallery\" data-caption=\"\"><div class=\"background\" style=\"background-image: url(https:\/\/www.visitbratislava.com\/wp-content\/uploads\/2023\/01\/salvator_01-800x450.jpg)\"><\/div><div class=\"overlay filter-green\"><div class=\"content\"><span class=\"zoom-button\"><\/span><\/div><\/div><\/a><\/div><\/div><div class=\"grid-container__item more\"><\/div><\/div>\n<p>Profesion\u00e1lne pripraven\u00e1 hra s hodnotn\u00fdm historick\u00fdm obsahom a zauj\u00edmav\u00fdmi inform\u00e1ciami o Bratislave je ide\u00e1lna aj pre n\u00e1v\u0161tevn\u00edkov, ktor\u00ed u\u017e v nej boli, lebo tak spoznaj\u00fa mesto z novej perspekt\u00edvy.<\/p>\n<table style=\"border-collapse: collapse; width: 100%;\">\n<tbody>\n<tr style=\"height: 24px;\">\n<td style=\"width: 27.3333%; height: 24px; text-align: left;\">Sez\u00f3na:<\/td>\n<td style=\"width: 72.6667%; height: 24px; text-align: left;\">celoro\u010dne<\/td>\n<\/tr>\n<tr style=\"height: 24px;\">\n<td style=\"width: 27.3333%; height: 24px; text-align: left;\">Trvanie hry:<\/td>\n<td style=\"width: 72.6667%; height: 24px; text-align: left;\">1 &#8211; 1,5 hodiny<\/td>\n<\/tr>\n<tr>\n<td style=\"width: 27.3333%; text-align: left;\">D\u013a\u017eka trasy:<\/td>\n<td style=\"width: 72.6667%; text-align: left;\">pribli\u017ene 1,5 km<\/td>\n<\/tr>\n<tr style=\"height: 24px;\">\n<td style=\"width: 27.3333%; height: 24px; text-align: left;\">Jazyk:<\/td>\n<td style=\"width: 72.6667%; height: 24px; text-align: left;\">sloven\u010dina, angli\u010dtina, nem\u010dina<\/td>\n<\/tr>\n<tr style=\"height: 24px;\">\n<td style=\"width: 27.3333%; height: 24px; text-align: left;\">V\u00fdchodiskov\u00fd bod:<\/td>\n<td style=\"width: 72.6667%; height: 24px; text-align: left;\">historick\u00e1 budova SND<\/td>\n<\/tr>\n<\/tbody>\n<\/table>\n<p><a class=\"cta-button\" href=\"https:\/\/www.floratour.sk\/sk\/ponuka\/bratislava-hravo\/\" target=\"_blank\" rel=\"noopener noreferrer\">Rezervova\u0165 miesto<\/a><\/p>\n","protected":false},"excerpt":{"rendered":"<p>\u010ci u\u017e ste z Bratislavy, alebo z inej \u010dasti Slovenska a chcete za\u017ei\u0165 hlavn\u00e9 mesto z\u00e1bavn\u00fdm sp\u00f4sobom, t\u00e1to netradi\u010dn\u00e1 prehliadka je to prav\u00e9. V\u010faka tejto skupinovej hre za\u017eijete slovensk\u00fa metropolu ve\u013emi jedine\u010dn\u00fdm a z\u00e1bavn\u00fdm sp\u00f4sobom. Na rozdiel od prehliadok so sprievodcom sa to deje nez\u00e1visle, a preto je p\u00fatav\u00e1 od prvej min\u00faty a\u017e do konca. [&hellip;]<\/p>\n","protected":false},"author":32,"featured_media":216620,"parent":216611,"menu_order":0,"comment_status":"closed","ping_status":"closed","template":"","meta":[],"acf":[],"_links":{"self":[{"href":"https:\/\/www.visitbratislava.com\/sk\/wp-json\/wp\/v2\/pages\/216619"}],"collection":[{"href":"https:\/\/www.visitbratislava.com\/sk\/wp-json\/wp\/v2\/pages"}],"about":[{"href":"https:\/\/www.visitbratislava.com\/sk\/wp-json\/wp\/v2\/types\/page"}],"author":[{"embeddable":true,"href":"https:\/\/www.visitbratislava.com\/sk\/wp-json\/wp\/v2\/users\/32"}],"replies":[{"embeddable":true,"href":"https:\/\/www.visitbratislava.com\/sk\/wp-json\/wp\/v2\/comments?post=216619"}],"version-history":[{"count":11,"href":"https:\/\/www.visitbratislava.com\/sk\/wp-json\/wp\/v2\/pages\/216619\/revisions"}],"predecessor-version":[{"id":276350,"href":"https:\/\/www.visitbratislava.com\/sk\/wp-json\/wp\/v2\/pages\/216619\/revisions\/276350"}],"up":[{"embeddable":true,"href":"https:\/\/www.visitbratislava.com\/sk\/wp-json\/wp\/v2\/pages\/216611"}],"wp:featuredmedia":[{"embeddable":true,"href":"https:\/\/www.visitbratislava.com\/sk\/wp-json\/wp\/v2\/media\/216620"}],"wp:attachment":[{"href":"https:\/\/www.visitbratislava.com\/sk\/wp-json\/wp\/v2\/media?parent=216619"}],"curies":[{"name":"wp","href":"https:\/\/api.w.org\/{rel}","templated":true}]}}