{"id":216655,"date":"2023-01-17T12:33:39","date_gmt":"2023-01-17T11:33:39","guid":{"rendered":"https:\/\/www.visitbratislava.com\/?page_id=216655"},"modified":"2023-01-17T12:37:36","modified_gmt":"2023-01-17T11:37:36","slug":"v-zajati-styroch-bran","status":"publish","type":"page","link":"https:\/\/www.visitbratislava.com\/sk\/mestske-hry\/v-zajati-styroch-bran\/","title":{"rendered":"V zajat\u00ed \u0161tyroch br\u00e1n"},"content":{"rendered":"<p>P\u00ed\u0161e sa rok 1610. Ste u\u010d\u0148om J\u00e1na Jesenia a na z\u00e1klade vedomost\u00ed z\u00edskan\u00fdch od svojho majstra ste v Bratislave vykonali neleg\u00e1lnu pitvu. O svoje poznatky o \u013eudskej anat\u00f3mii sa rozhodnete podeli\u0165 so skupinou u\u010dencov.<\/p>\n<p>Za tento akt si v\u0161ak vyhl\u00e1sen\u00fd za kac\u00edra a ods\u00faden\u00fd na smr\u0165. St\u00e1va sa z teba \u0161tvanec v zajat\u00ed \u0161tyroch br\u00e1n. Podar\u00ed sa ti za pomoci za\u0161ifrovan\u00fdch in\u0161trukci\u00ed od Jesenia utiec\u0165 z mesta?<\/p>\n<p><img loading=\"lazy\" width=\"1920\" height=\"1152\" class=\"alignleft size-full wp-image-216669\" src=\"https:\/\/www.visitbratislava.com\/wp-content\/uploads\/2023\/01\/V-zajati-styroch-bran.jpg\" alt=\"\" srcset=\"https:\/\/www.visitbratislava.com\/wp-content\/uploads\/2023\/01\/V-zajati-styroch-bran.jpg 1920w, https:\/\/www.visitbratislava.com\/wp-content\/uploads\/2023\/01\/V-zajati-styroch-bran-400x240.jpg 400w, https:\/\/www.visitbratislava.com\/wp-content\/uploads\/2023\/01\/V-zajati-styroch-bran-800x480.jpg 800w, https:\/\/www.visitbratislava.com\/wp-content\/uploads\/2023\/01\/V-zajati-styroch-bran-768x461.jpg 768w, https:\/\/www.visitbratislava.com\/wp-content\/uploads\/2023\/01\/V-zajati-styroch-bran-1536x922.jpg 1536w, https:\/\/www.visitbratislava.com\/wp-content\/uploads\/2023\/01\/V-zajati-styroch-bran-200x120.jpg 200w\" sizes=\"(max-width: 1920px) 100vw, 1920px\" \/><\/p>\n<p>Za\u017eite Bratislavu inak. Vyzdvihnite si bro\u017e\u00faru, otvorte vo svojom mobile online aplik\u00e1ciu na str\u00e1nke Pod klob\u00fakom a hra m\u00f4\u017ee za\u010da\u0165. Pozrite si \u00favodn\u00e9 video a nechajte sa vtiahnu\u0165 do historick\u00e9ho pr\u00edbehu.<\/p>\n<p>Na hru okrem hernej bro\u017e\u00fary, ktor\u00fa z\u00edskate na \u0161tarte, potrebujete minim\u00e1lne jeden nabit\u00fd smartphone s pripojen\u00edm na internet, pero a papier. Hra m\u00e1 stredn\u00fa \u00farove\u0148 obtia\u017enosti a je vhodn\u00e1 aj pre t\u00edmy, ktor\u00e9 so \u0161ifrovac\u00edmi hrami nemaj\u00fa predo\u0161l\u00e9 sk\u00fasenosti. Ide\u00e1lna je pre dvoj a\u017e p\u00e4\u0165\u010dlenn\u00e9 skupiny s \u010dlenmi vo veku od 12 rokov.<\/p>\n<p><img loading=\"lazy\" width=\"2560\" height=\"1441\" class=\"alignleft size-full wp-image-216675\" src=\"https:\/\/www.visitbratislava.com\/wp-content\/uploads\/2023\/01\/City-Game-Pod-klobukom-1-scaled.jpg\" alt=\"\" srcset=\"https:\/\/www.visitbratislava.com\/wp-content\/uploads\/2023\/01\/City-Game-Pod-klobukom-1-scaled.jpg 2560w, https:\/\/www.visitbratislava.com\/wp-content\/uploads\/2023\/01\/City-Game-Pod-klobukom-1-400x225.jpg 400w, https:\/\/www.visitbratislava.com\/wp-content\/uploads\/2023\/01\/City-Game-Pod-klobukom-1-800x450.jpg 800w, https:\/\/www.visitbratislava.com\/wp-content\/uploads\/2023\/01\/City-Game-Pod-klobukom-1-768x432.jpg 768w, https:\/\/www.visitbratislava.com\/wp-content\/uploads\/2023\/01\/City-Game-Pod-klobukom-1-1536x865.jpg 1536w, https:\/\/www.visitbratislava.com\/wp-content\/uploads\/2023\/01\/City-Game-Pod-klobukom-1-2048x1153.jpg 2048w, https:\/\/www.visitbratislava.com\/wp-content\/uploads\/2023\/01\/City-Game-Pod-klobukom-1-200x113.jpg 200w\" sizes=\"(max-width: 2560px) 100vw, 2560px\" \/><\/p>\n<p>V priebehu nasleduj\u00facich p\u00e1r hod\u00edn za\u017eijete ve\u013ea \u201eah\u00e1\u201c momentov a budete na seba hrd\u00ed preto\u017ee ste rozl\u00faskli nejeden orie\u0161ok. Toto dobrodru\u017estvo zvl\u00e1dnete aj v\u010faka svojmu t\u00edmu hr\u00e1\u010dov. Pokia\u013e si pribal\u00edte dobr\u00fa n\u00e1ladu a chu\u0165 objavova\u0165, tak nem\u00f4\u017eete neuspie\u0165. Ve\u013ea \u0161\u0165astia, dobrodruh.<\/p>\n<table style=\"border-collapse: collapse; width: 100%;\">\n<tbody>\n<tr style=\"height: 24px;\">\n<td style=\"width: 27.3333%; height: 24px; text-align: left;\">Sez\u00f3na:<\/td>\n<td style=\"width: 72.6667%; height: 24px; text-align: left;\">celoro\u010dne<\/td>\n<\/tr>\n<tr style=\"height: 24px;\">\n<td style=\"width: 27.3333%; height: 24px; text-align: left;\">Trvanie hry:<\/td>\n<td style=\"width: 72.6667%; height: 24px; text-align: left;\">2 &#8211; 3 hodiny<\/td>\n<\/tr>\n<tr>\n<td style=\"width: 27.3333%; text-align: left;\">D\u013a\u017eka trasy:<\/td>\n<td style=\"width: 72.6667%; text-align: left;\">pribli\u017ene 2,5 km<\/td>\n<\/tr>\n<tr style=\"height: 24px;\">\n<td style=\"width: 27.3333%; height: 24px; text-align: left;\">Jazyk:<\/td>\n<td style=\"width: 72.6667%; height: 24px; text-align: left;\">sloven\u010dina, angli\u010dtina<\/td>\n<\/tr>\n<tr style=\"height: 24px;\">\n<td style=\"width: 27.3333%; height: 24px; text-align: left;\">V\u00fdchodiskov\u00fd bod:<\/td>\n<td style=\"width: 72.6667%; height: 24px; text-align: left;\">San Marten, Pansk\u00e1 33, Bratislava<\/td>\n<\/tr>\n<\/tbody>\n<\/table>\n<p><a class=\"cta-button\" href=\"https:\/\/podklobukom.sk\/v-zajati-styroch-bran\/\" target=\"_blank\" rel=\"noopener noreferrer\">Rezervova\u0165 miesto<\/a><\/p>\n","protected":false},"excerpt":{"rendered":"<p>P\u00ed\u0161e sa rok 1610. Ste u\u010d\u0148om J\u00e1na Jesenia a na z\u00e1klade vedomost\u00ed z\u00edskan\u00fdch od svojho majstra ste v Bratislave vykonali neleg\u00e1lnu pitvu. O svoje poznatky o \u013eudskej anat\u00f3mii sa rozhodnete podeli\u0165 so skupinou u\u010dencov. Za tento akt si v\u0161ak vyhl\u00e1sen\u00fd za kac\u00edra a ods\u00faden\u00fd na smr\u0165. St\u00e1va sa z teba \u0161tvanec v zajat\u00ed \u0161tyroch br\u00e1n. [&hellip;]<\/p>\n","protected":false},"author":32,"featured_media":216656,"parent":216611,"menu_order":0,"comment_status":"closed","ping_status":"closed","template":"","meta":[],"acf":[],"_links":{"self":[{"href":"https:\/\/www.visitbratislava.com\/sk\/wp-json\/wp\/v2\/pages\/216655"}],"collection":[{"href":"https:\/\/www.visitbratislava.com\/sk\/wp-json\/wp\/v2\/pages"}],"about":[{"href":"https:\/\/www.visitbratislava.com\/sk\/wp-json\/wp\/v2\/types\/page"}],"author":[{"embeddable":true,"href":"https:\/\/www.visitbratislava.com\/sk\/wp-json\/wp\/v2\/users\/32"}],"replies":[{"embeddable":true,"href":"https:\/\/www.visitbratislava.com\/sk\/wp-json\/wp\/v2\/comments?post=216655"}],"version-history":[{"count":5,"href":"https:\/\/www.visitbratislava.com\/sk\/wp-json\/wp\/v2\/pages\/216655\/revisions"}],"predecessor-version":[{"id":216683,"href":"https:\/\/www.visitbratislava.com\/sk\/wp-json\/wp\/v2\/pages\/216655\/revisions\/216683"}],"up":[{"embeddable":true,"href":"https:\/\/www.visitbratislava.com\/sk\/wp-json\/wp\/v2\/pages\/216611"}],"wp:featuredmedia":[{"embeddable":true,"href":"https:\/\/www.visitbratislava.com\/sk\/wp-json\/wp\/v2\/media\/216656"}],"wp:attachment":[{"href":"https:\/\/www.visitbratislava.com\/sk\/wp-json\/wp\/v2\/media?parent=216655"}],"curies":[{"name":"wp","href":"https:\/\/api.w.org\/{rel}","templated":true}]}}