{"id":216686,"date":"2023-01-17T12:58:01","date_gmt":"2023-01-17T11:58:01","guid":{"rendered":"https:\/\/www.visitbratislava.com\/?page_id=216686"},"modified":"2023-01-17T14:10:35","modified_gmt":"2023-01-17T13:10:35","slug":"posledna-bratislavska-bosorka","status":"publish","type":"page","link":"https:\/\/www.visitbratislava.com\/sk\/mestske-hry\/posledna-bratislavska-bosorka\/","title":{"rendered":"Posledn\u00e1 bratislavsk\u00e1 bosorka"},"content":{"rendered":"<p>P\u00ed\u0161e sa rok 1759 a na tr\u00f3ne je M\u00e1ria Ter\u00e9zia. Hon na \u010darodejnice je na \u00fazem\u00ed Slovenska e\u0161te st\u00e1le be\u017enou praxou. Va\u0161u sestru krivo obvinili z bosor\u00e1ctva a hroz\u00ed jej up\u00e1lenie na hranici. Jej jedinou n\u00e1dejou je milos\u0165 od kr\u00e1\u013eovnej.<\/p>\n<p>Podar\u00ed sa v\u00e1m za pomoci za\u0161ifrovan\u00fdch in\u0161trukci\u00ed od spojencov dosta\u0165 a\u017e na hrad a z\u00edska\u0165 pre sestru omilostenie?<\/p>\n<p>T\u00fato hru si m\u00f4\u017eete vysk\u00fa\u0161a\u0165 v dlh\u0161ej aj krat\u0161ej verzii. Vyzdvihnite si bro\u017e\u00faru, otvorte vo svojom mobile online aplik\u00e1ciu na str\u00e1nke Pod klob\u00fakom a hra m\u00f4\u017ee za\u010da\u0165. Pozrite si \u00favodn\u00e9 video a nechajte sa vtiahnu\u0165 do historick\u00e9ho pr\u00edbehu.<\/p>\n<p><img loading=\"lazy\" width=\"2560\" height=\"1441\" class=\"alignleft size-full wp-image-216675\" src=\"https:\/\/www.visitbratislava.com\/wp-content\/uploads\/2023\/01\/City-Game-Pod-klobukom-1-scaled.jpg\" alt=\"\" srcset=\"https:\/\/www.visitbratislava.com\/wp-content\/uploads\/2023\/01\/City-Game-Pod-klobukom-1-scaled.jpg 2560w, https:\/\/www.visitbratislava.com\/wp-content\/uploads\/2023\/01\/City-Game-Pod-klobukom-1-400x225.jpg 400w, https:\/\/www.visitbratislava.com\/wp-content\/uploads\/2023\/01\/City-Game-Pod-klobukom-1-800x450.jpg 800w, https:\/\/www.visitbratislava.com\/wp-content\/uploads\/2023\/01\/City-Game-Pod-klobukom-1-768x432.jpg 768w, https:\/\/www.visitbratislava.com\/wp-content\/uploads\/2023\/01\/City-Game-Pod-klobukom-1-1536x865.jpg 1536w, https:\/\/www.visitbratislava.com\/wp-content\/uploads\/2023\/01\/City-Game-Pod-klobukom-1-2048x1153.jpg 2048w, https:\/\/www.visitbratislava.com\/wp-content\/uploads\/2023\/01\/City-Game-Pod-klobukom-1-200x113.jpg 200w\" sizes=\"(max-width: 2560px) 100vw, 2560px\" \/><\/p>\n<p>Na hru okrem hernej bro\u017e\u00fary, ktor\u00fa z\u00edskate na \u0161tarte, potrebujete minim\u00e1lne jeden nabit\u00fd smartphone s pripojen\u00edm na internet, pero a papier. Trasa vedie do kopca aj po schodoch, ale hra m\u00e1 ni\u017e\u0161iu \u00farove\u0148 obtia\u017enosti a je vhodn\u00e1 aj pre t\u00edmy, ktor\u00e9 so \u0161ifrovac\u00edmi hrami nemaj\u00fa predo\u0161l\u00e9 sk\u00fasenosti.<\/p>\n<p>V priebehu nasleduj\u00facich p\u00e1r hod\u00edn za\u017eijete ve\u013ea \u201eah\u00e1\u201c momentov a budete na seba hrd\u00ed preto\u017ee ste rozl\u00faskli nejeden orie\u0161ok. Toto dobrodru\u017estvo zvl\u00e1dnete aj v\u010faka svojmu t\u00edmu (2-5 hr\u00e1\u010dov). Pokia\u013e si pribal\u00edte dobr\u00fa n\u00e1ladu a chu\u0165 objavova\u0165, tak nem\u00f4\u017eete neuspie\u0165. Ve\u013ea \u0161\u0165astia, dobrodruh.<\/p>\n<p><img loading=\"lazy\" width=\"1600\" height=\"900\" class=\"alignleft size-full wp-image-216694\" src=\"https:\/\/www.visitbratislava.com\/wp-content\/uploads\/2023\/01\/Posledna-bosorka-dlha-verzia.jpg\" alt=\"\" srcset=\"https:\/\/www.visitbratislava.com\/wp-content\/uploads\/2023\/01\/Posledna-bosorka-dlha-verzia.jpg 1600w, https:\/\/www.visitbratislava.com\/wp-content\/uploads\/2023\/01\/Posledna-bosorka-dlha-verzia-400x225.jpg 400w, https:\/\/www.visitbratislava.com\/wp-content\/uploads\/2023\/01\/Posledna-bosorka-dlha-verzia-800x450.jpg 800w, https:\/\/www.visitbratislava.com\/wp-content\/uploads\/2023\/01\/Posledna-bosorka-dlha-verzia-768x432.jpg 768w, https:\/\/www.visitbratislava.com\/wp-content\/uploads\/2023\/01\/Posledna-bosorka-dlha-verzia-1536x864.jpg 1536w, https:\/\/www.visitbratislava.com\/wp-content\/uploads\/2023\/01\/Posledna-bosorka-dlha-verzia-200x113.jpg 200w\" sizes=\"(max-width: 1600px) 100vw, 1600px\" \/><\/p>\n<table style=\"border-collapse: collapse; width: 100%;\">\n<tbody>\n<tr style=\"height: 24px;\">\n<td style=\"width: 27.3333%; height: 24px; text-align: left;\">Sez\u00f3na:<\/td>\n<td style=\"width: 72.6667%; height: 24px; text-align: left;\">celoro\u010dne<\/td>\n<\/tr>\n<tr style=\"height: 24px;\">\n<td style=\"width: 27.3333%; height: 24px; text-align: left;\">Trvanie hry:<\/td>\n<td style=\"width: 72.6667%; height: 24px; text-align: left;\">2,5 &#8211; 4 hodiny<\/td>\n<\/tr>\n<tr>\n<td style=\"width: 27.3333%; text-align: left;\">D\u013a\u017eka trasy:<\/td>\n<td style=\"width: 72.6667%; text-align: left;\">pribli\u017ene 2,5 km<\/td>\n<\/tr>\n<tr style=\"height: 24px;\">\n<td style=\"width: 27.3333%; height: 24px; text-align: left;\">Jazyk:<\/td>\n<td style=\"width: 72.6667%; height: 24px; text-align: left;\">sloven\u010dina<\/td>\n<\/tr>\n<tr style=\"height: 24px;\">\n<td style=\"width: 27.3333%; height: 24px; text-align: left;\">V\u00fdchodiskov\u00fd bod:<\/td>\n<td style=\"width: 72.6667%; height: 24px; text-align: left;\">San Marten, Pansk\u00e1 33, Bratislava<\/td>\n<\/tr>\n<\/tbody>\n<\/table>\n<p><a class=\"cta-button\" href=\"https:\/\/podklobukom.sk\/posledna-bratislavska-bosorka\/\" target=\"_blank\" rel=\"noopener noreferrer\">Rezervova\u0165 miesto<\/a><\/p>\n<p>&nbsp;<\/p>\n<p><img loading=\"lazy\" width=\"1920\" height=\"1080\" class=\"alignleft size-full wp-image-216701\" src=\"https:\/\/www.visitbratislava.com\/wp-content\/uploads\/2023\/01\/Posledna-bosorka-kratka-verzia.jpg\" alt=\"\" srcset=\"https:\/\/www.visitbratislava.com\/wp-content\/uploads\/2023\/01\/Posledna-bosorka-kratka-verzia.jpg 1920w, https:\/\/www.visitbratislava.com\/wp-content\/uploads\/2023\/01\/Posledna-bosorka-kratka-verzia-400x225.jpg 400w, https:\/\/www.visitbratislava.com\/wp-content\/uploads\/2023\/01\/Posledna-bosorka-kratka-verzia-800x450.jpg 800w, https:\/\/www.visitbratislava.com\/wp-content\/uploads\/2023\/01\/Posledna-bosorka-kratka-verzia-768x432.jpg 768w, https:\/\/www.visitbratislava.com\/wp-content\/uploads\/2023\/01\/Posledna-bosorka-kratka-verzia-1536x864.jpg 1536w, https:\/\/www.visitbratislava.com\/wp-content\/uploads\/2023\/01\/Posledna-bosorka-kratka-verzia-200x113.jpg 200w\" sizes=\"(max-width: 1920px) 100vw, 1920px\" \/><\/p>\n<table style=\"border-collapse: collapse; width: 100%;\">\n<tbody>\n<tr style=\"height: 24px;\">\n<td style=\"width: 27.3333%; height: 24px; text-align: left;\">Sez\u00f3na:<\/td>\n<td style=\"width: 72.6667%; height: 24px; text-align: left;\">celoro\u010dne<\/td>\n<\/tr>\n<tr style=\"height: 24px;\">\n<td style=\"width: 27.3333%; height: 24px; text-align: left;\">Trvanie hry:<\/td>\n<td style=\"width: 72.6667%; height: 24px; text-align: left;\">1 &#8211; 2 hodiny<\/td>\n<\/tr>\n<tr>\n<td style=\"width: 27.3333%; text-align: left;\">D\u013a\u017eka trasy:<\/td>\n<td style=\"width: 72.6667%; text-align: left;\">pribli\u017ene 1,5 km<\/td>\n<\/tr>\n<tr style=\"height: 24px;\">\n<td style=\"width: 27.3333%; height: 24px; text-align: left;\">Jazyk:<\/td>\n<td style=\"width: 72.6667%; height: 24px; text-align: left;\">sloven\u010dina<\/td>\n<\/tr>\n<tr style=\"height: 24px;\">\n<td style=\"width: 27.3333%; height: 24px; text-align: left;\">V\u00fdchodiskov\u00fd bod:<\/td>\n<td style=\"width: 72.6667%; height: 24px; text-align: left;\">San Marten, Pansk\u00e1 33, Bratislava<\/td>\n<\/tr>\n<\/tbody>\n<\/table>\n<p><a class=\"cta-button\" href=\"https:\/\/podklobukom.sk\/posledna-bratislavska-bosorka-kratka\/\" target=\"_blank\" rel=\"noopener noreferrer\">Rezervova\u0165 miesto<\/a><\/p>\n","protected":false},"excerpt":{"rendered":"<p>P\u00ed\u0161e sa rok 1759 a na tr\u00f3ne je M\u00e1ria Ter\u00e9zia. Hon na \u010darodejnice je na \u00fazem\u00ed Slovenska e\u0161te st\u00e1le be\u017enou praxou. Va\u0161u sestru krivo obvinili z bosor\u00e1ctva a hroz\u00ed jej up\u00e1lenie na hranici. Jej jedinou n\u00e1dejou je milos\u0165 od kr\u00e1\u013eovnej. Podar\u00ed sa v\u00e1m za pomoci za\u0161ifrovan\u00fdch in\u0161trukci\u00ed od spojencov dosta\u0165 a\u017e na hrad a z\u00edska\u0165 [&hellip;]<\/p>\n","protected":false},"author":32,"featured_media":216687,"parent":216611,"menu_order":0,"comment_status":"closed","ping_status":"closed","template":"","meta":[],"acf":[],"_links":{"self":[{"href":"https:\/\/www.visitbratislava.com\/sk\/wp-json\/wp\/v2\/pages\/216686"}],"collection":[{"href":"https:\/\/www.visitbratislava.com\/sk\/wp-json\/wp\/v2\/pages"}],"about":[{"href":"https:\/\/www.visitbratislava.com\/sk\/wp-json\/wp\/v2\/types\/page"}],"author":[{"embeddable":true,"href":"https:\/\/www.visitbratislava.com\/sk\/wp-json\/wp\/v2\/users\/32"}],"replies":[{"embeddable":true,"href":"https:\/\/www.visitbratislava.com\/sk\/wp-json\/wp\/v2\/comments?post=216686"}],"version-history":[{"count":6,"href":"https:\/\/www.visitbratislava.com\/sk\/wp-json\/wp\/v2\/pages\/216686\/revisions"}],"predecessor-version":[{"id":216771,"href":"https:\/\/www.visitbratislava.com\/sk\/wp-json\/wp\/v2\/pages\/216686\/revisions\/216771"}],"up":[{"embeddable":true,"href":"https:\/\/www.visitbratislava.com\/sk\/wp-json\/wp\/v2\/pages\/216611"}],"wp:featuredmedia":[{"embeddable":true,"href":"https:\/\/www.visitbratislava.com\/sk\/wp-json\/wp\/v2\/media\/216687"}],"wp:attachment":[{"href":"https:\/\/www.visitbratislava.com\/sk\/wp-json\/wp\/v2\/media?parent=216686"}],"curies":[{"name":"wp","href":"https:\/\/api.w.org\/{rel}","templated":true}]}}