{"id":216710,"date":"2023-01-17T13:14:01","date_gmt":"2023-01-17T12:14:01","guid":{"rendered":"https:\/\/www.visitbratislava.com\/?page_id=216710"},"modified":"2023-03-20T15:19:25","modified_gmt":"2023-03-20T14:19:25","slug":"lov-na-agenta","status":"publish","type":"page","link":"https:\/\/www.visitbratislava.com\/sk\/mestske-hry\/lov-na-agenta\/","title":{"rendered":"Lov na agenta"},"content":{"rendered":"<p>Vydajte sa na bl\u00e1zniv\u00fa nah\u00e1\u0148a\u010dku! Kov\u00e1\u010d je oby\u010dajn\u00fd \u0161t\u00e1tny zamestnanec, teda aspo\u0148 doteraz sa na\u0148ho hral. V prestrojen\u00ed sa mu podarilo ukradn\u00fa\u0165 citliv\u00e9 inform\u00e1cie, ktor\u00e9 m\u00f4\u017eu ohrozi\u0165 bezpe\u010dnos\u0165 Slovenska. Dok\u00e1\u017eete zabr\u00e1ni\u0165 v\u010das tomu, aby sa \u0161t\u00e1tne tajomstvo dostalo do nespr\u00e1vnych r\u00fak?<\/p>\n<div class=\"grid-container\"><div class=\"grid-container__item\"><div class=\"block\"><a href=\"https:\/\/www.visitbratislava.com\/wp-content\/uploads\/2023\/01\/4-800x534.jpg\" data-fancybox=\"gallery\" data-caption=\"\"><div class=\"background\"><img src=\"https:\/\/www.visitbratislava.com\/wp-content\/uploads\/2023\/01\/4-800x534.jpg\" alt=\"foto\"\/><\/div><div class=\"overlay filter-blue\"><div class=\"content\"><span class=\"zoom-button\"><\/span><\/div><\/div><\/a><\/div><\/div><div class=\"grid-container__item\"><div class=\"block\"><a href=\"https:\/\/www.visitbratislava.com\/wp-content\/uploads\/2023\/01\/Hlavna-fotka-800x533.jpeg\" data-fancybox=\"gallery\" data-caption=\"\"><div class=\"background\" style=\"background-image: url(https:\/\/www.visitbratislava.com\/wp-content\/uploads\/2023\/01\/Hlavna-fotka-800x533.jpeg)\"><\/div><div class=\"overlay filter-green\"><div class=\"content\"><span class=\"zoom-button\"><\/span><\/div><\/div><\/a><\/div><\/div><div class=\"grid-container__item more\"><\/div><\/div>\n<p>Nap\u00ednav\u00fa \u00fanikov\u00fa hru si zahr\u00e1te na svojom vlastnom smartf\u00f3ne alebo tablete, bez pr\u00edtomnosti person\u00e1lu. \u0160ifrovacia hra sa za\u010d\u00edna pred Slovensk\u00fdm n\u00e1rodn\u00fdm divadlom na Hviezdoslavovom n\u00e1mest\u00ed a vedie cez Star\u00e9 mesto. Okrem nap\u00ednav\u00e9ho pr\u00edbehu v\u00e1s \u010dak\u00e1 aj prech\u00e1dzka t\u00fdmi najkraj\u0161\u00edmi lokalitami mesta na Dunaji.<\/p>\n<p><img loading=\"lazy\" width=\"2560\" height=\"1707\" class=\"alignleft size-full wp-image-216735\" src=\"https:\/\/www.visitbratislava.com\/wp-content\/uploads\/2023\/01\/3-scaled.jpg\" alt=\"\" srcset=\"https:\/\/www.visitbratislava.com\/wp-content\/uploads\/2023\/01\/3-scaled.jpg 2560w, https:\/\/www.visitbratislava.com\/wp-content\/uploads\/2023\/01\/3-400x267.jpg 400w, https:\/\/www.visitbratislava.com\/wp-content\/uploads\/2023\/01\/3-800x533.jpg 800w, https:\/\/www.visitbratislava.com\/wp-content\/uploads\/2023\/01\/3-768x512.jpg 768w, https:\/\/www.visitbratislava.com\/wp-content\/uploads\/2023\/01\/3-1536x1024.jpg 1536w, https:\/\/www.visitbratislava.com\/wp-content\/uploads\/2023\/01\/3-2048x1365.jpg 2048w, https:\/\/www.visitbratislava.com\/wp-content\/uploads\/2023\/01\/3-200x133.jpg 200w\" sizes=\"(max-width: 2560px) 100vw, 2560px\" \/><\/p>\n<p>Dobrodru\u017en\u00e1 \u00fanikov\u00e1 hra v uliciach Bratislavy v n\u00e1ro\u010dnosti 2\/3 je skvel\u00fdm tipom na dar\u010dek, v\u00fdlet s priate\u013emi a s rodinou s de\u0165mi od 16 rokov alebo rozl\u00fa\u010dku so slobodou. Ide\u00e1lna ve\u013ekos\u0165 t\u00edmu je od dvoch do \u0161iestich hr\u00e1\u010dov, ich maxim\u00e1lny po\u010det hr\u00e1\u010dov v\u0161ak mo\u017ee by\u0165 a\u017e 24. V rovnakom \u010dase m\u00f4\u017eu hra\u0165 a\u0165 \u0161tyri t\u00edmy, z toho 2 a\u017e 4 t\u00edmy naraz proti sebe.<\/p>\n<table style=\"border-collapse: collapse; width: 100%;\">\n<tbody>\n<tr style=\"height: 24px;\">\n<td style=\"width: 27.3333%; height: 24px; text-align: left;\">Sez\u00f3na:<\/td>\n<td style=\"width: 72.6667%; height: 24px; text-align: left;\">celoro\u010dne<\/td>\n<\/tr>\n<tr style=\"height: 24px;\">\n<td style=\"width: 27.3333%; height: 24px; text-align: left;\">Trvanie hry:<\/td>\n<td style=\"width: 72.6667%; height: 24px; text-align: left;\">2 hodiny<\/td>\n<\/tr>\n<tr>\n<td style=\"width: 27.3333%; text-align: left;\">D\u013a\u017eka trasy:<\/td>\n<td style=\"width: 72.6667%; text-align: left;\">pribli\u017ene 2 km<\/td>\n<\/tr>\n<tr style=\"height: 24px;\">\n<td style=\"width: 27.3333%; height: 24px; text-align: left;\">Jazyk:<\/td>\n<td style=\"width: 72.6667%; height: 24px; text-align: left;\">sloven\u010dina, angli\u010dtina, nem\u010dina<\/td>\n<\/tr>\n<tr style=\"height: 24px;\">\n<td style=\"width: 27.3333%; height: 24px; text-align: left;\">V\u00fdchodiskov\u00fd bod:<\/td>\n<td style=\"width: 72.6667%; height: 24px; text-align: left;\">historick\u00e1 budova SND<\/td>\n<\/tr>\n<\/tbody>\n<\/table>\n<p><a href=\"https:\/\/urbanmissions.games\/sk\/slovensko\/bratislava\/outdoor-escape-game-urbanmission-city-lov-na-agenta-bratislava\/\">Rezervova\u0165 miesto<\/a><\/p>\n<p>&nbsp;<\/p>\n<p>Pre deti od 10 rokov je k dispoz\u00edcii aj rodinn\u00e1 verzia tejto hry. Hra je dostupn\u00e1 v n\u00e1ro\u010dnosti 1\/3. Platia pre \u0148u rovnak\u00e9 pravidl\u00e1 ako v jej &#8222;dospel\u00e1ckej&#8220; obdobe. Pri tejto verzii hry je potrebn\u00e1 aspo\u0148 jedna dospel\u00e1 osoba. Tento variant hry je skvel\u00fdm tipom na rodinn\u00fd, pr\u00edpadne \u0161kolsk\u00fd v\u00fdlet.<\/p>\n<div class=\"grid-container\"><div class=\"grid-container__item\"><div class=\"block\"><a href=\"https:\/\/www.visitbratislava.com\/wp-content\/uploads\/2023\/01\/1-800x638.jpg\" data-fancybox=\"gallery\" data-caption=\"\"><div class=\"background\"><img src=\"https:\/\/www.visitbratislava.com\/wp-content\/uploads\/2023\/01\/1-800x638.jpg\" alt=\"foto\"\/><\/div><div class=\"overlay filter-blue\"><div class=\"content\"><span class=\"zoom-button\"><\/span><\/div><\/div><\/a><\/div><\/div><div class=\"grid-container__item\"><div class=\"block\"><a href=\"https:\/\/www.visitbratislava.com\/wp-content\/uploads\/2023\/01\/5-800x533.jpg\" data-fancybox=\"gallery\" data-caption=\"\"><div class=\"background\" style=\"background-image: url(https:\/\/www.visitbratislava.com\/wp-content\/uploads\/2023\/01\/5-800x533.jpg)\"><\/div><div class=\"overlay filter-green\"><div class=\"content\"><span class=\"zoom-button\"><\/span><\/div><\/div><\/a><\/div><\/div><div class=\"grid-container__item more\"><\/div><\/div>\n<table style=\"border-collapse: collapse; width: 100%;\">\n<tbody>\n<tr style=\"height: 24px;\">\n<td style=\"width: 27.3333%; height: 24px; text-align: left;\">Sez\u00f3na:<\/td>\n<td style=\"width: 72.6667%; height: 24px; text-align: left;\">celoro\u010dne<\/td>\n<\/tr>\n<tr style=\"height: 24px;\">\n<td style=\"width: 27.3333%; height: 24px; text-align: left;\">Trvanie hry:<\/td>\n<td style=\"width: 72.6667%; height: 24px; text-align: left;\">2 &#8211; 2,5 hodiny<\/td>\n<\/tr>\n<tr>\n<td style=\"width: 27.3333%; text-align: left;\">D\u013a\u017eka trasy:<\/td>\n<td style=\"width: 72.6667%; text-align: left;\">pribli\u017ene 2 km<\/td>\n<\/tr>\n<tr style=\"height: 24px;\">\n<td style=\"width: 27.3333%; height: 24px; text-align: left;\">Jazyk:<\/td>\n<td style=\"width: 72.6667%; height: 24px; text-align: left;\">sloven\u010dina, angli\u010dtina, nem\u010dina<\/td>\n<\/tr>\n<tr style=\"height: 24px;\">\n<td style=\"width: 27.3333%; height: 24px; text-align: left;\">V\u00fdchodiskov\u00fd bod:<\/td>\n<td style=\"width: 72.6667%; height: 24px; text-align: left;\">historick\u00e1 budova SND<\/td>\n<\/tr>\n<\/tbody>\n<\/table>\n<p><a href=\"https:\/\/urbanmissions.games\/sk\/slovensko\/bratislava\/outdoor-escape-game-urbanmission-city-family-lov-na-agenta-bratislava\/\">Rezervova\u0165 miesto<\/a><\/p>\n","protected":false},"excerpt":{"rendered":"<p>Vydajte sa na bl\u00e1zniv\u00fa nah\u00e1\u0148a\u010dku! Kov\u00e1\u010d je oby\u010dajn\u00fd \u0161t\u00e1tny zamestnanec, teda aspo\u0148 doteraz sa na\u0148ho hral. V prestrojen\u00ed sa mu podarilo ukradn\u00fa\u0165 citliv\u00e9 inform\u00e1cie, ktor\u00e9 m\u00f4\u017eu ohrozi\u0165 bezpe\u010dnos\u0165 Slovenska. Dok\u00e1\u017eete zabr\u00e1ni\u0165 v\u010das tomu, aby sa \u0161t\u00e1tne tajomstvo dostalo do nespr\u00e1vnych r\u00fak? Nap\u00ednav\u00fa \u00fanikov\u00fa hru si zahr\u00e1te na svojom vlastnom smartf\u00f3ne alebo tablete, bez pr\u00edtomnosti person\u00e1lu. [&hellip;]<\/p>\n","protected":false},"author":32,"featured_media":216717,"parent":216611,"menu_order":0,"comment_status":"closed","ping_status":"closed","template":"","meta":[],"acf":[],"_links":{"self":[{"href":"https:\/\/www.visitbratislava.com\/sk\/wp-json\/wp\/v2\/pages\/216710"}],"collection":[{"href":"https:\/\/www.visitbratislava.com\/sk\/wp-json\/wp\/v2\/pages"}],"about":[{"href":"https:\/\/www.visitbratislava.com\/sk\/wp-json\/wp\/v2\/types\/page"}],"author":[{"embeddable":true,"href":"https:\/\/www.visitbratislava.com\/sk\/wp-json\/wp\/v2\/users\/32"}],"replies":[{"embeddable":true,"href":"https:\/\/www.visitbratislava.com\/sk\/wp-json\/wp\/v2\/comments?post=216710"}],"version-history":[{"count":6,"href":"https:\/\/www.visitbratislava.com\/sk\/wp-json\/wp\/v2\/pages\/216710\/revisions"}],"predecessor-version":[{"id":230745,"href":"https:\/\/www.visitbratislava.com\/sk\/wp-json\/wp\/v2\/pages\/216710\/revisions\/230745"}],"up":[{"embeddable":true,"href":"https:\/\/www.visitbratislava.com\/sk\/wp-json\/wp\/v2\/pages\/216611"}],"wp:featuredmedia":[{"embeddable":true,"href":"https:\/\/www.visitbratislava.com\/sk\/wp-json\/wp\/v2\/media\/216717"}],"wp:attachment":[{"href":"https:\/\/www.visitbratislava.com\/sk\/wp-json\/wp\/v2\/media?parent=216710"}],"curies":[{"name":"wp","href":"https:\/\/api.w.org\/{rel}","templated":true}]}}