{"id":246164,"date":"2023-06-09T12:01:55","date_gmt":"2023-06-09T10:01:55","guid":{"rendered":"https:\/\/www.visitbratislava.com\/?page_id=246164"},"modified":"2025-07-01T22:05:11","modified_gmt":"2025-07-01T20:05:11","slug":"bystronovci-zahraj-sa-mesto-inak","status":"publish","type":"page","link":"https:\/\/www.visitbratislava.com\/sk\/bystronovci-zahraj-sa-mesto-inak\/","title":{"rendered":"Pr\u00edbeh ukradnutej koruny &#8211; zahraj sa mesto inak!"},"content":{"rendered":"<h2 data-start=\"526\" data-end=\"543\">\ud83c\udfae \u010co \u0165a \u010dak\u00e1?<\/h2>\n<p data-start=\"545\" data-end=\"853\">\ud83d\udd10 <strong data-start=\"548\" data-end=\"572\">Mestsk\u00e1 p\u00e1tracia hra<\/strong> pln\u00e1 \u0161ifier, h\u00e1daniek a historick\u00fdch zauj\u00edmavost\u00ed<br data-start=\"622\" data-end=\"625\" \/>\ud83d\udc51 Pr\u00edbeh s kr\u00e1de\u017eou korunova\u010dn\u00fdch klenotov priamo z hradu<br data-start=\"683\" data-end=\"686\" \/>\ud83d\udccd 18 lokal\u00edt v historickom centre Bratislavy<br data-start=\"731\" data-end=\"734\" \/>\ud83d\udcf1 Hra zdarma na: <a class=\"\" href=\"https:\/\/bystronovci.sk\" target=\"_new\" rel=\"noopener\" data-start=\"752\" data-end=\"792\">bystronovci.sk<\/a><br data-start=\"792\" data-end=\"795\" \/>\ud83d\udd70\ufe0f Trvanie: cca 1,5 \u2013 2 hodiny (pod\u013ea va\u0161ej \u0161ikovnosti)<\/p>\n<hr data-start=\"855\" data-end=\"858\" \/>\n<h2 data-start=\"860\" data-end=\"881\">\ud83d\udcf2 Ako to funguje?<\/h2>\n<ol data-start=\"883\" data-end=\"1184\">\n<li data-start=\"883\" data-end=\"912\">\n<p data-start=\"886\" data-end=\"912\">Zober mobil alebo tablet<\/p>\n<\/li>\n<li data-start=\"913\" data-end=\"970\">\n<p data-start=\"916\" data-end=\"970\">Nav\u0161t\u00edv web <a class=\"\" href=\"https:\/\/bystronovci.sk\" target=\"_new\" rel=\"noopener\" data-start=\"928\" data-end=\"968\">bystronovci.sk<\/a><\/p>\n<\/li>\n<li data-start=\"971\" data-end=\"1047\">\n<p data-start=\"974\" data-end=\"1047\">Nechaj sa vies\u0165 <strong data-start=\"990\" data-end=\"1015\">virtu\u00e1lnym str\u00e1\u017enikom<\/strong>, ktor\u00fd ti pom\u00f4\u017ee rie\u0161i\u0165 \u00falohy<\/p>\n<\/li>\n<li data-start=\"1048\" data-end=\"1111\">\n<p data-start=\"1051\" data-end=\"1111\">Putuj po historick\u00fdch miestach Bratislavy a h\u013eadaj ind\u00edcie<\/p>\n<\/li>\n<li data-start=\"1112\" data-end=\"1145\">\n<p data-start=\"1115\" data-end=\"1145\">Rie\u0161 h\u00e1danky a z\u00edskavaj body<\/p>\n<\/li>\n<li data-start=\"1146\" data-end=\"1184\">\n<p data-start=\"1149\" data-end=\"1184\">N\u00e1jdi poklad a zachr\u00e1\u0148 korunov\u00e1ciu!<\/p>\n<\/li>\n<\/ol>\n<p data-start=\"1186\" data-end=\"1256\">\ud83c\udfaf <em data-start=\"1189\" data-end=\"1256\">Hr\u00e1\u0161 proti in\u00fdm t\u00edmom \u2013 najlep\u0161\u00ed sa objavia v rebr\u00ed\u010dku v\u00fdsledkov!<\/em><\/p>\n<p data-start=\"1186\" data-end=\"1256\"><img loading=\"lazy\" width=\"1920\" height=\"1280\" class=\"alignnone size-full wp-image-246182\" src=\"https:\/\/www.visitbratislava.com\/wp-content\/uploads\/2023\/06\/Dizajn-bez-nazvu.png\" alt=\"\" srcset=\"https:\/\/www.visitbratislava.com\/wp-content\/uploads\/2023\/06\/Dizajn-bez-nazvu.png 1920w, https:\/\/www.visitbratislava.com\/wp-content\/uploads\/2023\/06\/Dizajn-bez-nazvu-400x267.png 400w, https:\/\/www.visitbratislava.com\/wp-content\/uploads\/2023\/06\/Dizajn-bez-nazvu-800x533.png 800w, https:\/\/www.visitbratislava.com\/wp-content\/uploads\/2023\/06\/Dizajn-bez-nazvu-768x512.png 768w, https:\/\/www.visitbratislava.com\/wp-content\/uploads\/2023\/06\/Dizajn-bez-nazvu-1536x1024.png 1536w, https:\/\/www.visitbratislava.com\/wp-content\/uploads\/2023\/06\/Dizajn-bez-nazvu-200x133.png 200w\" sizes=\"(max-width: 1920px) 100vw, 1920px\" \/><\/p>\n<hr data-start=\"1258\" data-end=\"1261\" \/>\n<h2 data-start=\"1263\" data-end=\"1295\">\ud83d\udc68\u200d\ud83c\udfeb Pre koho je hra ur\u010den\u00e1?<\/h2>\n<p data-start=\"1297\" data-end=\"1397\">\ud83c\udf92 <strong data-start=\"1300\" data-end=\"1335\">\u0160kolsk\u00e9 skupiny (10 \u2013 16 rokov)<\/strong><br data-start=\"1335\" data-end=\"1338\" \/>\ud83e\udde0 <strong data-start=\"1341\" data-end=\"1395\">Hrav\u00ed dospel\u00ed, rodiny, v\u00fdletn\u00edci a v\u0161etci zvedavci<\/strong><\/p>\n<p data-start=\"1399\" data-end=\"1568\">\ud83d\udd38 Hrajte v t\u00edmoch (2\u20135 os\u00f4b)<br data-start=\"1428\" data-end=\"1431\" \/>\ud83d\udd38 Na ka\u017edej \u00falohe m\u00f4\u017eete pou\u017ei\u0165 n\u00e1povedu \u2013 ale pozor, za n\u00e1povedy sa strh\u00e1vaj\u00fa body<br data-start=\"1515\" data-end=\"1518\" \/>\ud83d\udd38 Na \u010dase nez\u00e1le\u017e\u00ed, rozhoduje presnos\u0165 a d\u00f4vtip<\/p>\n<hr data-start=\"1570\" data-end=\"1573\" \/>\n<h2 data-start=\"1575\" data-end=\"1630\">\ud83e\udde0 Chce\u0161 viac? Vysk\u00fa\u0161aj vedomostn\u00fd kv\u00edz o Bratislave<\/h2>\n<p data-start=\"1632\" data-end=\"1892\">Ko\u013eko vie\u0161 o hlavnom meste Slovenska?<br data-start=\"1669\" data-end=\"1672\" \/>\ud83e\udde9 <strong data-start=\"1675\" data-end=\"1714\">500 ot\u00e1zok v 5 \u00farovniach n\u00e1ro\u010dnosti<\/strong><br data-start=\"1714\" data-end=\"1717\" \/>\ud83d\udcda Kateg\u00f3rie: hist\u00f3ria, geografia, kult\u00fara, pr\u00edroda, veda, technika<br data-start=\"1784\" data-end=\"1787\" \/>\ud83c\udf0d Hra\u0165 m\u00f4\u017ee\u0161 kdeko\u013evek \u2013 sta\u010d\u00ed internet a zariadenie<br data-start=\"1840\" data-end=\"1843\" \/>\ud83e\udd47 S\u00fa\u0165a\u017e s ostatn\u00fdmi a z\u00edska\u0161 miesto v rebr\u00ed\u010dku<\/p>\n<p data-start=\"1894\" data-end=\"1987\">\u27a1\ufe0f Kv\u00edz n\u00e1jde\u0161 tie\u017e na <a class=\"\" href=\"https:\/\/bystronovci.sk\" target=\"_new\" rel=\"noopener\" data-start=\"1917\" data-end=\"1957\">bystronovci.sk<\/a> \u2013 zaregistruj sa a hraj hne\u010f!<\/p>\n<p data-start=\"1894\" data-end=\"1987\"><img loading=\"lazy\" width=\"1920\" height=\"1280\" class=\"alignnone size-full wp-image-246192\" src=\"https:\/\/www.visitbratislava.com\/wp-content\/uploads\/2023\/06\/Dizajn-bez-nazvu-1.png\" alt=\"\" srcset=\"https:\/\/www.visitbratislava.com\/wp-content\/uploads\/2023\/06\/Dizajn-bez-nazvu-1.png 1920w, https:\/\/www.visitbratislava.com\/wp-content\/uploads\/2023\/06\/Dizajn-bez-nazvu-1-400x267.png 400w, https:\/\/www.visitbratislava.com\/wp-content\/uploads\/2023\/06\/Dizajn-bez-nazvu-1-800x533.png 800w, https:\/\/www.visitbratislava.com\/wp-content\/uploads\/2023\/06\/Dizajn-bez-nazvu-1-768x512.png 768w, https:\/\/www.visitbratislava.com\/wp-content\/uploads\/2023\/06\/Dizajn-bez-nazvu-1-1536x1024.png 1536w, https:\/\/www.visitbratislava.com\/wp-content\/uploads\/2023\/06\/Dizajn-bez-nazvu-1-200x133.png 200w\" sizes=\"(max-width: 1920px) 100vw, 1920px\" \/><\/p>\n<hr data-start=\"1989\" data-end=\"1992\" \/>\n<h2 data-start=\"1994\" data-end=\"2016\">\u2728 Pre\u010do sa zapoji\u0165?<\/h2>\n<p data-start=\"2018\" data-end=\"2238\">\u2705 Za\u017eije\u0161 Bratislavu z in\u00e9ho uhla \u2013 cez z\u00e1bavu, hist\u00f3riu a \u0161ifry<br data-start=\"2082\" data-end=\"2085\" \/>\u2705 Skvel\u00fd program pre triedy, v\u00fdlety, rodiny aj kamar\u00e1tov<br data-start=\"2141\" data-end=\"2144\" \/>\u2705 Podpor\u00ed\u0161 t\u00edmov\u00e9ho ducha a logick\u00e9 myslenie<br data-start=\"2188\" data-end=\"2191\" \/>\u2705 V\u0161etko zdarma a kedyko\u013evek \u2013 sta\u010d\u00ed internet<\/p>\n<hr data-start=\"2240\" data-end=\"2243\" \/>\n<h3 data-start=\"2245\" data-end=\"2288\">\ud83d\udd13 Odhal\u00ed\u0161 tajomstvo ukradnutej koruny?<\/h3>\n<p data-start=\"2290\" data-end=\"2390\">Sta\u0148 sa hrdinom korunovanej Bratislavy!<br data-start=\"2329\" data-end=\"2332\" \/>\ud83c\udfae Hra\u0165 za\u010dni tu: <a class=\"\" href=\"https:\/\/bystronovci.sk\" target=\"_new\" rel=\"noopener\" data-start=\"2350\" data-end=\"2390\">bystronovci.sk<\/a><\/p>\n<div style=\"width: 1920px;\" class=\"wp-video\"><!--[if lt IE 9]><script>document.createElement('video');<\/script><![endif]-->\n<video class=\"wp-video-shortcode\" id=\"video-246164-1\" width=\"1920\" height=\"1080\" preload=\"metadata\" controls=\"controls\"><source type=\"video\/mp4\" src=\"https:\/\/www.visitbratislava.com\/wp-content\/uploads\/2023\/07\/Uvod-small-1.m4v?_=1\" \/><a href=\"https:\/\/www.visitbratislava.com\/wp-content\/uploads\/2023\/07\/Uvod-small-1.m4v\">https:\/\/www.visitbratislava.com\/wp-content\/uploads\/2023\/07\/Uvod-small-1.m4v<\/a><\/video><\/div>\n<p>&nbsp;<\/p>\n<p>&nbsp;<\/p>\n","protected":false},"excerpt":{"rendered":"<p>Chalani a diev\u010dat\u00e1, mil\u00e9 u\u010dite\u013eky a u\u010ditelia a hrav\u00ed dospel\u00ed, zbystrite pozornos\u0165. Poz\u00fdvame v\u00e1s sta\u0165 sa p\u00e1tra\u010dmi v \u0161ifrovacej hre a prevetra\u0165 si mozgov\u00e9 z\u00e1vity v na\u0161om kv\u00edze <\/p>\n","protected":false},"author":41,"featured_media":246172,"parent":0,"menu_order":0,"comment_status":"closed","ping_status":"closed","template":"","meta":[],"acf":[],"_links":{"self":[{"href":"https:\/\/www.visitbratislava.com\/sk\/wp-json\/wp\/v2\/pages\/246164"}],"collection":[{"href":"https:\/\/www.visitbratislava.com\/sk\/wp-json\/wp\/v2\/pages"}],"about":[{"href":"https:\/\/www.visitbratislava.com\/sk\/wp-json\/wp\/v2\/types\/page"}],"author":[{"embeddable":true,"href":"https:\/\/www.visitbratislava.com\/sk\/wp-json\/wp\/v2\/users\/41"}],"replies":[{"embeddable":true,"href":"https:\/\/www.visitbratislava.com\/sk\/wp-json\/wp\/v2\/comments?post=246164"}],"version-history":[{"count":17,"href":"https:\/\/www.visitbratislava.com\/sk\/wp-json\/wp\/v2\/pages\/246164\/revisions"}],"predecessor-version":[{"id":341895,"href":"https:\/\/www.visitbratislava.com\/sk\/wp-json\/wp\/v2\/pages\/246164\/revisions\/341895"}],"wp:featuredmedia":[{"embeddable":true,"href":"https:\/\/www.visitbratislava.com\/sk\/wp-json\/wp\/v2\/media\/246172"}],"wp:attachment":[{"href":"https:\/\/www.visitbratislava.com\/sk\/wp-json\/wp\/v2\/media?parent=246164"}],"curies":[{"name":"wp","href":"https:\/\/api.w.org\/{rel}","templated":true}]}}