{"id":291945,"date":"2024-04-25T19:49:02","date_gmt":"2024-04-25T17:49:02","guid":{"rendered":"https:\/\/www.visitbratislava.com\/?page_id=291945"},"modified":"2025-09-11T09:23:57","modified_gmt":"2025-09-11T07:23:57","slug":"informacie-o-spracuvani-osobnych-udajov","status":"publish","type":"page","link":"https:\/\/www.visitbratislava.com\/sk\/informacie-o-spracuvani-osobnych-udajov\/","title":{"rendered":"Inform\u00e1cie o sprac\u00favan\u00ed osobn\u00fdch \u00fadajov"},"content":{"rendered":"<p>Va\u0161e osobn\u00e9 \u00fadaje sprac\u00fava <strong>Bratislavsk\u00e1 organiz\u00e1cia cestovn\u00e9ho ruchu<\/strong>\/ Bratislava Tourist Board (\u010falej len \u201eBTB\u201c) prev\u00e1dzka <span data-olk-copy-source=\"MessageBody\">Gr\u00f6sslingov\u00e1 4<\/span>, 811 09 Bratislava, I\u010cO: 42259088, kontakt pre inform\u00e1cie o sprac\u00favan\u00ed osobn\u00fdch \u00fadajov a uplatnenie pr\u00e1v dotknut\u00fdch os\u00f4b <a href=\"mailto:btb@visitbratislava.com\"><strong>btb@visitbratislava.com<\/strong><\/a>.<\/p>\n<p>Sprac\u00favame osobn\u00e9 \u00fadaje potrebn\u00e9 pre plnenie predmetu na\u0161ej \u010dinnosti dan\u00e9ho stanovami BTB a\u00a0z\u00e1konom \u010d. 91\/2010 Z.z. o\u00a0podpore cestovn\u00e9ho ruchu, t.j. najm\u00e4 pri tvorbe a\u00a0realiz\u00e1cii marketingu a propag\u00e1cii cestovn\u00e9ho ruchu v\u00a0destin\u00e1cii Bratislava.<\/p>\n<p>Osobn\u00e9 \u00fadaje uchov\u00e1vame pre \u010das nevyhnutn\u00fd na splnenie \u00fa\u010delu, pre ktor\u00fd boli spracovan\u00e9, najdlh\u0161ie v\u0161ak do z\u00e1niku BTB alebo n\u00e1\u0161ho posledn\u00e9ho pr\u00e1vneho n\u00e1stupcu ako subjektu pr\u00e1va v pr\u00edpade, ak d\u00f4jde k n\u00e1\u0161mu\/jeho z\u00e1niku bez \u010fal\u0161ieho pr\u00e1vneho n\u00e1stupcu.<\/p>\n<p><strong>A. Osobn\u00e9 \u00fadaje sprac\u00favan\u00e9 pri n\u00e1v\u0161teve webovej str\u00e1nky &#8211; COOKIES<\/strong><\/p>\n<p>S\u00fabory cookies pou\u017e\u00edvame<\/p>\n<ol style=\"list-style-type: lower-roman;\">\n<li>pre korektn\u00e9 fungovanie na\u0161ich webstr\u00e1nok (ide o <em>technick\u00e9 \u2013 nevyhnutn\u00e9<\/em><em> cookies<\/em>, t.j. typy cookies, bez ktor\u00fdch nemo\u017eno vyu\u017e\u00edva\u0165 na\u0161e slu\u017eby \u2013 osobitn\u00fd s\u00fahlas n\u00e1v\u0161tevn\u00edka str\u00e1nky sa nepo\u017eaduje); a tie\u017e<\/li>\n<li>pre zlep\u0161enie a prisp\u00f4sobenie funk\u010dnosti na\u0161ich webstr\u00e1nok pre V\u00e1s konkr\u00e9tne, a s oh\u013eadom na Va\u0161e preferencie a nastavenia (<em>marketingov\u00e9 \u2013 volite\u013en\u00e9<\/em>: umo\u017e\u0148uj\u00fa anal\u00fdzy sp\u00f4sobu pou\u017e\u00edvania webstr\u00e1nok n\u00e1v\u0161tevn\u00edkmi str\u00e1nky pomocou ID pou\u017e\u00edvate\u013ea (jedine\u010dn\u00fd identifik\u00e1tor) \u2013 vy\u017eaduje sa s\u00fahlas n\u00e1v\u0161tevn\u00edka str\u00e1nok. Cookies poskytujeme aj tret\u00edm stran\u00e1m.).<\/li>\n<\/ol>\n<p>Sprac\u00favame osobn\u00e9 \u00fadaje v s\u00favislosti s pou\u017e\u00edvan\u00edm s\u00faborov cookies v r\u00e1mci str\u00e1nky a podstr\u00e1nok <a href=\"https:\/\/www.visitbratislava.com\/sk\/\">www.visitbratislava.com<\/a> (<a href=\"https:\/\/72hourcity.com\/SK\" target=\"_blank\" rel=\"noopener\">72hourcity.com<\/a>, <a href=\"https:\/\/card.visitbratislava.com\/sk\/\">card.visitbratislava.com<\/a>).<\/p>\n<p>N\u00e1v\u0161tevn\u00edk str\u00e1nky m\u00f4\u017ee svoj s\u00fahlas so sprac\u00favan\u00edm osobn\u00fdch \u00fadajov z\u00edskan\u00fdch marketingov\u00fdmi cookies <u>kedyko\u013evek odvola\u0165<\/u> s \u00fa\u010dinnos\u0165ou do bud\u00facnosti, a to zmenou nastaven\u00ed svojho webov\u00e9ho prehliada\u010da. Z\u00e1rove\u0148 je mo\u017en\u00e9 vyu\u017ei\u0165 funkciu Pomocn\u00edk v prehliada\u010di. Ak n\u00e1v\u0161tevn\u00edk nechce s\u00fabory cookies pou\u017e\u00edva\u0165, bude potrebn\u00e9 ich akt\u00edvne odstr\u00e1ni\u0165 alebo zablokova\u0165. \u010eal\u0161ie inform\u00e1cie o s\u00faboroch cookies a ich odstr\u00e1nen\u00ed s\u00fa k dispoz\u00edcii na webovej str\u00e1nke <a href=\"https:\/\/www.allaboutcookies.org\/\">www.allaboutcookies.org<\/a> a pri vyu\u017e\u00edvan\u00ed mobiln\u00fdch webov\u00fdch prehliada\u010dov s\u00fa tieto inform\u00e1cie dostupn\u00e9 v pr\u00edru\u010dke telef\u00f3nu. Nepou\u017e\u00edvame s\u00fabory cookies na zhroma\u017e\u010fovanie osobn\u00fdch \u00fadajov n\u00e1v\u0161tevn\u00edka.<\/p>\n<p><strong>B. Osobn\u00e9 \u00fadaje sprac\u00favan\u00e9 pri zasielan\u00ed Newslettera<\/strong><\/p>\n<p>Poskytujeme slu\u017ebu odberu noviniek a najaktu\u00e1lnej\u0161\u00edch inform\u00e1ci\u00ed o dian\u00ed v\u00a0Bratislave vo forme tzv. newslettera. Pre prihl\u00e1senie sa k tejto slu\u017ebe a na z\u00e1klade Vami udelen\u00e9ho s\u00fahlasu so spracovan\u00edm osobn\u00fdch \u00fadajov sprac\u00favame nasledovn\u00e9 kateg\u00f3rie osobn\u00fdch \u00fadajov: <strong>emailov\u00e1 adresa<\/strong>.<\/p>\n<p><u>Pr\u00e1vo namieta\u0165<\/u> sprac\u00favanie osobn\u00fdch \u00fadajov, resp. po\u017eiada\u0165 o\u00a0ukon\u010denie sprac\u00favania tohto \u00fadaju a\u00a0z\u00e1rove\u0148 o ukon\u010denie zasielania newslaterra m\u00f4\u017eete realizova\u0165 prostredn\u00edctvom aktivovania linku\/funkcie unsubscribe.<\/p>\n<p><strong>C. Osobn\u00e9 \u00fadaje sprac\u00favan\u00e9 pri z\u00edskavan\u00ed fotografi\u00ed a videoz\u00e1znamov<\/strong><\/p>\n<p>V priebehu podujat\u00ed (spolu)organizovan\u00fdch BTB (najm\u00e4 Bratislavsk\u00e9 mestsk\u00e9 dni a Bratislavsk\u00e9 korunova\u010dn\u00e9 dni) sa vyhotovuj\u00fa <strong>fotografie a videoz\u00e1znamy<\/strong>, pri\u010dom doch\u00e1dza k zachyteniu podobizne \u00fa\u010dastn\u00edkov. Tieto fotografie pou\u017e\u00edvame na \u00fa\u010dely informovania o\u00a0podujatiach, ktor\u00e9 sa realizuj\u00fa v Bratislave, propag\u00e1cie Bratislavy a BTB.<\/p>\n<p>V pr\u00edpade potreby <u>uplatni\u0165 svoje pr\u00e1va<\/u> s\u00favisiace s ochranou svojich osobn\u00fdch \u00fadajov, je mo\u017en\u00e9 sa obr\u00e1ti\u0165 na n\u00e1s prostredn\u00edctvom adresy <a href=\"mailto:btb@visitbratislava.com\">btb@visitbratislava.com<\/a>.<\/p>\n<hr \/>\n<p>V s\u00favislosti s ochranou osobn\u00fdch \u00fadajov m\u00e1te <strong>nasledovn\u00e9 pr\u00e1va<\/strong>:<\/p>\n<ul>\n<li><strong>pr\u00e1vo na pr\u00edstup k Va\u0161im osobn\u00fdm \u00fadajom<\/strong>, m\u00e1te pr\u00e1vo \u017eiada\u0165 od n\u00e1s potvrdenie, \u010di o V\u00e1s sprac\u00favame osobn\u00e9 \u00fadaje, ktor\u00e9 sa V\u00e1s t\u00fdkaj\u00fa a v pr\u00edpade, ak Va\u0161e \u00fadaje sprac\u00favame, m\u00e1te pr\u00e1vo z\u00edska\u0165 pr\u00edstup k t\u00fdmto osobn\u00fdm \u00fadajom a podrobn\u00e9 inform\u00e1cie o v\u0161etk\u00fdm skuto\u010dnostiach, ktor\u00e9 s\u00favisia so sprac\u00favan\u00edm t\u00fdchto osobn\u00fdch \u00fadajov (Va\u0161e pr\u00e1vo na pr\u00edstup k osobn\u00fdm \u00fadajom upravuje \u00a7 21 z\u00e1kona \u010d. 18\/2018 Z.z. o ochrane osobn\u00fdch \u00fadajov a o zmene a doplnen\u00ed niektor\u00fdch z\u00e1konov a \u010dl. 15 nariadenia Eur\u00f3pskeho parlamentu a Rady (E\u00da) \u010d. 2016\/679). Na Va\u0161e po\u017eiadanie sme povinn\u00ed poskytn\u00fa\u0165 V\u00e1m Va\u0161e osobn\u00e9 \u00fadaje, ktor\u00e9 o V\u00e1s sprac\u00favame, pri\u010dom za opakovan\u00e9 poskytnutie t\u00fdchto \u00fadajov sme opr\u00e1vnen\u00ed od V\u00e1s po\u017eadova\u0165 zaplatenie primeran\u00e9ho poplatku zodpovedaj\u00faceho administrat\u00edvnym n\u00e1kladom;<\/li>\n<li><strong>pr\u00e1vo na opravu osobn\u00fdch \u00fadajov<\/strong>, a to na opravu nespr\u00e1vnych \u00fadajov, ktor\u00e9 sa V\u00e1s t\u00fdkaj\u00fa, pr\u00edpadne doplnenie ne\u00fapln\u00fdch osobn\u00fdch \u00fadajov (Va\u0161e pr\u00e1vo na opravu osobn\u00fdch \u00fadajov upravuje \u00a7 22 z\u00e1kona \u010d. 18\/2018 Z.z. o ochrane osobn\u00fdch \u00fadajov a o zmene a doplnen\u00ed niektor\u00fdch z\u00e1konov a \u010dl. 16 nariadenia Eur\u00f3pskeho parlamentu a Rady (E\u00da) \u010d. 2016\/679);<\/li>\n<li><strong>pr\u00e1vo na v\u00fdmaz osobn\u00fdch \u00fadajov<\/strong> (Va\u0161e pr\u00e1vo na v\u00fdmaz osobn\u00fdch \u00fadajov upravuje \u00a7 23 z\u00e1kona \u010d. 18\/2018 Z.z. o ochrane osobn\u00fdch \u00fadajov a o zmene a doplnen\u00ed niektor\u00fdch z\u00e1konov a \u010dl. 17 nariadenia Eur\u00f3pskeho parlamentu a Rady (E\u00da) \u010d. 2016\/679), ak:<\/li>\n<\/ul>\n<p style=\"padding-left: 40px;\">(a) osobn\u00e9 \u00fadaje u\u017e nie s\u00fa potrebn\u00e9 na \u00fa\u010del, na ktor\u00fd sme ich z\u00edskali alebo inak sprac\u00favali,<\/p>\n<p style=\"padding-left: 40px;\">(b) osobn\u00e9 \u00fadaje sprac\u00favame nez\u00e1konne,<\/p>\n<p style=\"padding-left: 40px;\">(c) odvol\u00e1te n\u00e1m s\u00fahlas so sprac\u00favan\u00edm osobn\u00fdch \u00fadajov a neexistuje in\u00fd pr\u00e1vny z\u00e1klad pre sprac\u00favanie osobn\u00fdch \u00fadajov,<\/p>\n<p style=\"padding-left: 40px;\">(d) namietate sprac\u00favanie osobn\u00fdch \u00fadajov a nepreva\u017euj\u00fa \u017eiadne opr\u00e1vnen\u00e9 d\u00f4vody na sprac\u00favanie osobn\u00fdch \u00fadajov alebo namietate sprac\u00favanie osobn\u00fdch \u00fadajov pod\u013ea \u00a7 27 ods. 2 z\u00e1kona \u010d. 18\/2018 Z.z. o ochrane osobn\u00fdch \u00fadajov a o zmene a doplnen\u00ed niektor\u00fdch z\u00e1konov, (e) je d\u00f4vodom pre v\u00fdmaz splnenie povinnosti pod\u013ea z\u00e1kona \u010d. 18\/2018 Z.z. o ochrane osobn\u00fdch \u00fadajov a o zmene a doplnen\u00ed niektor\u00fdch z\u00e1konov, osobitn\u00e9ho predpisu alebo medzin\u00e1rodnej zmluvy, ktorou je Slovensk\u00e1 republika viazan\u00e1 alebo,<\/p>\n<p style=\"padding-left: 40px;\">(f) sa osobn\u00e9 \u00fadaje z\u00edskavali v s\u00favislosti s ponukou slu\u017eieb informa\u010dnej spolo\u010dnosti pod\u013ea \u00a7 15 ods. 1 z\u00e1kona \u010d. 18\/2018 Z.z. o ochrane osobn\u00fdch \u00fadajov a o zmene a doplnen\u00ed niektor\u00fdch z\u00e1konov.<\/p>\n<p style=\"padding-left: 40px;\">Pr\u00e1vo na v\u00fdmaz Va\u0161ich osobn\u00fdch \u00fadajov nem\u00f4\u017eete uplatni\u0165 v pr\u00edpade, ak:<\/p>\n<p style=\"padding-left: 80px;\">(a) je sprac\u00favanie osobn\u00fdch \u00fadajov potrebn\u00e9 na uplatnenie pr\u00e1vneho n\u00e1roku,<\/p>\n<p style=\"padding-left: 80px;\">(b) na uplatnenie pr\u00e1va na slobodu prejavu alebo pr\u00e1va na inform\u00e1cie,<\/p>\n<p style=\"padding-left: 80px;\">(c) na splnenie povinnosti pod\u013ea z\u00e1kona \u010d. 18\/2018 Z.z. o ochrane osobn\u00fdch \u00fadajov a o zmene a doplnen\u00ed niektor\u00fdch z\u00e1konov, nariadenia Eur\u00f3pskeho parlamentu a Rady (E\u00da) \u010d. 2016\/679, osobitn\u00e9ho predpisu alebo medzin\u00e1rodnej zmluvy, ktorou je Slovensk\u00e1 republika viazan\u00e1, alebo na splnenie \u00falohy realizovanej vo verejnom z\u00e1ujme alebo pri v\u00fdkone verejnej moci zverenej tomu, kto osobn\u00e9 \u00fadaje sprac\u00fava,<\/p>\n<p style=\"padding-left: 80px;\">(d) z d\u00f4vodov verejn\u00e9ho z\u00e1ujmu v oblasti verejn\u00e9ho zdravia v s\u00falade s \u00a7 16 ods. 2 p\u00edsm. h) a\u017e j) z\u00e1kona \u010d. 18\/2018 Z.z. o ochrane osobn\u00fdch \u00fadajov a o zmene a doplnen\u00ed niektor\u00fdch z\u00e1konov, (e) na \u00fa\u010del archiv\u00e1cie, na vedeck\u00fd \u00fa\u010del, na \u00fa\u010del historick\u00e9ho v\u00fdskumu alebo na \u0161tatistick\u00fd \u00fa\u010del pod\u013ea \u00a7 78 ods. 8 z\u00e1kona \u010d. 18\/2018 Z.z. o ochrane osobn\u00fdch \u00fadajov a o zmene a doplnen\u00ed niektor\u00fdch z\u00e1konov, ak je pravdepodobn\u00e9, \u017ee by Va\u0161e pr\u00e1vo znemo\u017enilo alebo z\u00e1va\u017en\u00fdm sp\u00f4sobom s\u0165a\u017eilo dosiahnutie cie\u013eov tak\u00e9ho sprac\u00favania;<\/p>\n<ul>\n<li><strong>pr\u00e1vo na obmedzenie sprac\u00favania osobn\u00fdch \u00fadajov<\/strong> (Va\u0161e pr\u00e1vo na obmedzenie sprac\u00favania osobn\u00fdch \u00fadajov upravuje \u00a7 24 z\u00e1kona \u010d. 18\/2018 Z.z. o ochrane osobn\u00fdch \u00fadajov a o zmene a doplnen\u00ed niektor\u00fdch z\u00e1konov a \u010dl. 16 nariadenia Eur\u00f3pskeho parlamentu a Rady (E\u00da) \u010d. 2016\/679), ak<\/li>\n<\/ul>\n<p style=\"padding-left: 80px;\">(a) namietate spr\u00e1vnos\u0165 osobn\u00fdch \u00fadajov, a to po\u010das obdobia umo\u017e\u0148uj\u00faceho n\u00e1m overi\u0165 spr\u00e1vnos\u0165 osobn\u00fdch \u00fadajov,<\/p>\n<p style=\"padding-left: 80px;\">(b) sprac\u00favanie osobn\u00fdch \u00fadajov je nez\u00e1konn\u00e9 a Vy namietate vymazanie osobn\u00fdch \u00fadajov a \u017eiadate namiesto toho obmedzenie ich pou\u017eitia,<\/p>\n<p style=\"padding-left: 80px;\">(c) u\u017e nepotrebujeme osobn\u00e9 \u00fadaje na \u00fa\u010del sprac\u00favania osobn\u00fdch \u00fadajov, ale potrebujete ich Vy na uplatnenie pr\u00e1vneho n\u00e1roku, alebo,<\/p>\n<p style=\"padding-left: 80px;\">\u00a0(d) namietate sprac\u00favanie osobn\u00fdch \u00fadajov pod\u013ea \u00a7 27 ods. 1 z\u00e1kona \u010d. 18\/2018 Z.z. o ochrane osobn\u00fdch \u00fadajov a o zmene a doplnen\u00ed niektor\u00fdch z\u00e1konov a \u010dl. 21 ods. 1 nariadenia Eur\u00f3pskeho parlamentu a Rady (E\u00da) \u010d. 2016\/679.<\/p>\n<p style=\"padding-left: 80px;\">Ak do\u0161lo k obmedzeniu sprac\u00favania osobn\u00fdch \u00fadajov, m\u00f4\u017eeme okrem uchov\u00e1vania osobn\u00fdch \u00fadajov osobn\u00e9 \u00fadaje sprac\u00fava\u0165 len s Va\u0161im s\u00fahlasom alebo na \u00fa\u010dely uplatnenia pr\u00e1vneho n\u00e1roku, na ochranu os\u00f4b alebo z d\u00f4vodov verejn\u00e9ho z\u00e1ujmu;<\/p>\n<ul>\n<li><strong>pr\u00e1vo namieta\u0165 sprac\u00favanie osobn\u00fdch \u00fadajov<\/strong> (Va\u0161e pr\u00e1vo namieta\u0165 sprac\u00favanie osobn\u00fdch \u00fadajov upravuje \u00a7 27 z\u00e1kona \u010d. 18\/2018 Z.z. o ochrane osobn\u00fdch \u00fadajov a o zmene a doplnen\u00ed niektor\u00fdch z\u00e1konov a \u010dl. 21 nariadenia Eur\u00f3pskeho parlamentu a Rady (E\u00da) \u010d. 2016\/679), ak doch\u00e1dza k sprac\u00favaniu osobn\u00fdch \u00fadajov na z\u00e1klade pr\u00e1vneho z\u00e1kladu pod\u013ea \u00a7 13 ods. 1 p\u00edsm. e) alebo p\u00edsm. f) z\u00e1kona \u010d. 18\/2018 Z.z. o ochrane osobn\u00fdch \u00fadajov a o zmene a doplnen\u00ed niektor\u00fdch z\u00e1konov, resp. \u010dl. 6 ods. 1 p\u00edsm. e) alebo f) nariadenia Eur\u00f3pskeho parlamentu a Rady (E\u00da) \u010d. 2016\/679. V takom pr\u00edpade ako prev\u00e1dzkovate\u013e nesmieme sprac\u00fava\u0165 osobn\u00e9 \u00fadaje, ak nepreuk\u00e1\u017eeme nevyhnutn\u00e9 opr\u00e1vnen\u00e9 z\u00e1ujmy na sprac\u00favanie osobn\u00fdch \u00fadajov, ktor\u00e9 preva\u017euj\u00fa nad Va\u0161imi pr\u00e1vami alebo z\u00e1ujmami, alebo d\u00f4vody na uplatnenie pr\u00e1vneho n\u00e1roku;<\/li>\n<li><strong>pr\u00e1vo na prenosnos\u0165 osobn\u00fdch \u00fadajov<\/strong> (Va\u0161e pr\u00e1vo na prenosnos\u0165 osobn\u00fdch \u00fadajov upravuje \u00a7 26 z\u00e1kona \u010d. 18\/2018 Z.z. o ochrane osobn\u00fdch \u00fadajov a o zmene a doplnen\u00ed niektor\u00fdch z\u00e1konov a \u010dl. 20 nariadenia Eur\u00f3pskeho parlamentu a Rady (E\u00da) \u010d. 2016\/679), a to v \u0161trukt\u00farovanom, be\u017ene pou\u017e\u00edvanom a strojovo \u010ditate\u013enom form\u00e1te, pri\u010dom m\u00e1te pr\u00e1vo prenies\u0165 tieto osobn\u00e9 \u00fadaje in\u00e9mu prev\u00e1dzkovate\u013eovi, ak je to technicky mo\u017en\u00e9 a ak sa sprac\u00favanie vykon\u00e1va automatizovan\u00fdmi prostriedkami a prebieha na z\u00e1klade pr\u00e1vneho z\u00e1kladu v zmysle \u00a7 13 ods. 1 p\u00edsm. a) alebo p\u00edsm. b) z\u00e1kona \u010d. 18\/2018 Z.z. o ochrane osobn\u00fdch \u00fadajov a o zmene a doplnen\u00ed niektor\u00fdch z\u00e1konov, resp. \u010dl. 6 ods. 1 p\u00edsm. a) alebo p\u00edsm. b) nariadenia Eur\u00f3pskeho parlamentu a Rady (E\u00da) \u010d. 2016\/679, t.j. ak sprac\u00favame osobn\u00e9 \u00fadaje na z\u00e1klade V\u00e1\u0161ho s\u00fahlasu alebo z d\u00f4vodu plnenia zmluvy, pr\u00edpadne zmluvnej povinnosti.<\/li>\n<\/ul>\n<hr \/>\n<p>Osobn\u00e9 \u00fadaje sprac\u00favame tie\u017e pomocou spracovate\u013eov \u2013 poskytovate\u013eov slu\u017eieb, najm\u00e4 z oblasti soci\u00e1lnych m\u00e9di\u00ed a online marketingu.<\/p>\n<p>Osobn\u00e9 \u00fadaje, s v\u00fdnimkou osobn\u00fdch \u00fadajov t\u00fdkaj\u00facich sa n\u00e1v\u0161tevn\u00edkov webu spracov\u00e1van\u00fdch pomocou n\u00e1stroja Google Analytics, GTM a FB Pixel, nie s\u00fa odovzd\u00e1van\u00e9 pr\u00edjemcom so s\u00eddlom mimo Eur\u00f3pskej \u00fanie alebo Eur\u00f3pskeho hospod\u00e1rskeho priestoru. Za \u00fa\u010delom pou\u017eitia vy\u0161\u0161ie uveden\u00fdch slu\u017eieb s\u00fa osobn\u00e9 \u00fadaje prenesen\u00e9 na servery v USA. \u00darove\u0148 ochrany osobn\u00fdch \u00fadajom v USA je porovnate\u013en\u00e1 s \u00farov\u0148ou ochrany v E\u00da. Eur\u00f3pska komisia 12. 7. 2016 pod\u013ea \u010dl\u00e1nku 45 GDPR rozhodla, \u017ee za dodr\u017eania podmienok a ustanoven\u00ed tzv. \u201eE\u00da-U.S. Privacy shield\u201c v USA existuje primeran\u00e1 \u00farove\u0148 ochrany osobn\u00fdch \u00fadajov.<\/p>\n<p>&nbsp;<\/p>\n","protected":false},"excerpt":{"rendered":"<p>Va\u0161e osobn\u00e9 \u00fadaje sprac\u00fava Bratislavsk\u00e1 organiz\u00e1cia cestovn\u00e9ho ruchu\/ Bratislava Tourist Board (\u010falej len \u201eBTB\u201c) prev\u00e1dzka Gr\u00f6sslingov\u00e1 4, 811 09 Bratislava, I\u010cO: 42259088, kontakt pre inform\u00e1cie o sprac\u00favan\u00ed osobn\u00fdch \u00fadajov a uplatnenie pr\u00e1v dotknut\u00fdch os\u00f4b btb@visitbratislava.com. Sprac\u00favame osobn\u00e9 \u00fadaje potrebn\u00e9 pre plnenie predmetu na\u0161ej \u010dinnosti dan\u00e9ho stanovami BTB a\u00a0z\u00e1konom \u010d. 91\/2010 Z.z. o\u00a0podpore cestovn\u00e9ho ruchu, t.j. [&hellip;]<\/p>\n","protected":false},"author":32,"featured_media":294779,"parent":0,"menu_order":0,"comment_status":"closed","ping_status":"closed","template":"","meta":[],"acf":[],"_links":{"self":[{"href":"https:\/\/www.visitbratislava.com\/sk\/wp-json\/wp\/v2\/pages\/291945"}],"collection":[{"href":"https:\/\/www.visitbratislava.com\/sk\/wp-json\/wp\/v2\/pages"}],"about":[{"href":"https:\/\/www.visitbratislava.com\/sk\/wp-json\/wp\/v2\/types\/page"}],"author":[{"embeddable":true,"href":"https:\/\/www.visitbratislava.com\/sk\/wp-json\/wp\/v2\/users\/32"}],"replies":[{"embeddable":true,"href":"https:\/\/www.visitbratislava.com\/sk\/wp-json\/wp\/v2\/comments?post=291945"}],"version-history":[{"count":12,"href":"https:\/\/www.visitbratislava.com\/sk\/wp-json\/wp\/v2\/pages\/291945\/revisions"}],"predecessor-version":[{"id":352242,"href":"https:\/\/www.visitbratislava.com\/sk\/wp-json\/wp\/v2\/pages\/291945\/revisions\/352242"}],"wp:featuredmedia":[{"embeddable":true,"href":"https:\/\/www.visitbratislava.com\/sk\/wp-json\/wp\/v2\/media\/294779"}],"wp:attachment":[{"href":"https:\/\/www.visitbratislava.com\/sk\/wp-json\/wp\/v2\/media?parent=291945"}],"curies":[{"name":"wp","href":"https:\/\/api.w.org\/{rel}","templated":true}]}}