{"id":304447,"date":"2024-07-26T15:48:04","date_gmt":"2024-07-26T13:48:04","guid":{"rendered":"https:\/\/www.visitbratislava.com\/?page_id=304447"},"modified":"2025-07-02T16:09:54","modified_gmt":"2025-07-02T14:09:54","slug":"prakticke-informacie","status":"publish","type":"page","link":"https:\/\/www.visitbratislava.com\/sk\/prakticke-informacie\/","title":{"rendered":"Praktick\u00e9 inform\u00e1cie"},"content":{"rendered":"<h3><span style=\"color: #db1800;\">Parkovanie<\/span><\/h3>\n<p>Pri Bratislavskom hrade je mo\u017en\u00e9 <a href=\"https:\/\/www.sabaparking.com\/sk\/web\/sk\/parkovisko-bratislava\/parking-saba-garaz-ipp-park-hrad\" target=\"_blank\" rel=\"noopener\">parkova\u0165<\/a> oproti hradn\u00e9mu are\u00e1lu min\u00fatu ch\u00f4dze k hlavnej br\u00e1ne.<\/p>\n<h3><span style=\"color: #db1800;\">V pr\u00edpade hor\u00faceho po\u010dasia<\/span><\/h3>\n<p>Po\u010das programu na Hlavnom n\u00e1mest\u00ed bude zabezpe\u010den\u00e1 pitn\u00e1 voda z cisterny BVS a bud\u00fa pr\u00edtomn\u00ed aj zdravotn\u00edci.<\/p>\n<h3><span style=\"color: #db1800;\">Bezbari\u00e9rovos\u0165<\/span><\/h3>\n<p>\u267fProgram na Hlavnom n\u00e1mest\u00ed bude mo\u017en\u00e9 sledova\u0165 aj zo \u0161peci\u00e1lnej z\u00f3ny pre zdravotne znev\u00fdhodnen\u00fdch, navigova\u0165 v\u00e1s bude \u010dlen n\u00e1\u0161ho t\u00edmu.<\/p>\n<h3><span style=\"color: #db1800;\">Korunky a vlajo\u010dky pre deti<\/span><\/h3>\n<p>\ud83d\udc51v <a href=\"https:\/\/www.visitbratislava.com\/sk\/navsteva\/turisticke-informacne-centra-sk\/\" target=\"_blank\" rel=\"noopener\">Turistickom informa\u010dnom centre<\/a><\/p>\n<p>\ud83d\udc51na Bratislavskom hrade pred korunova\u010dn\u00fdm sprievodom v sobotu od \u010dlenov n\u00e1\u0161ho t\u00edmu<\/p>\n<p>\ud83d\udc51na Tyr\u0161ovom n\u00e1bre\u017e\u00ed a na Hlavnom n\u00e1mest\u00ed po\u010das programu<\/p>\n<h3><span style=\"color: #db1800;\">Tla\u010den\u00fd program<\/span><\/h3>\n<p>K dispoz\u00edcii bude aj tla\u010den\u00fd program, ktor\u00fd si budete m\u00f4c\u0165 vyzdvihn\u00fa\u0165 okrem vy\u0161\u0161ie spom\u00ednan\u00fdch miest aj v informa\u010dnom centre v Martineu pri Katedr\u00e1le sv. Martina.<\/p>\n<h3 data-start=\"111\" data-end=\"172\"><span style=\"color: #bf3030;\">\ud83d\udcf8 AI fotopoint \u2013 Sta\u0148 sa s\u00fa\u010das\u0165ou korunova\u010dnej hist\u00f3rie<\/span><\/h3>\n<p data-start=\"174\" data-end=\"374\">Za\u017ei Bratislavsk\u00e9 korunova\u010dn\u00e9 dni 2025 na vlastnej ko\u017ei! Nav\u0161t\u00edv n\u00e1\u0161 <strong data-start=\"243\" data-end=\"278\">AI fotopoint na Hlavnom n\u00e1mest\u00ed<\/strong> a z\u00edskaj jedine\u010dn\u00fa spomienku \u2013 tvoj portr\u00e9t ako kr\u00e1\u013ea, kr\u00e1\u013eovnej, rytiera alebo urodzenej d\u00e1my.<\/p>\n<p data-start=\"376\" data-end=\"558\">\ud83d\uddbc Fotografia v historickom kost\u00fdme generovan\u00e1 pomocou umelej inteligencie<br data-start=\"450\" data-end=\"453\" \/>\ud83d\udccd <strong data-start=\"456\" data-end=\"475\">Hlavn\u00e9 n\u00e1mestie<\/strong><br data-start=\"475\" data-end=\"478\" \/>\ud83d\udd70\ufe0f <strong data-start=\"482\" data-end=\"517\">Sobota 26. j\u00fala | 16:00 \u2013 19:00<\/strong><br data-start=\"517\" data-end=\"520\" \/>\ud83c\udf9f Pre v\u0161etk\u00fdch n\u00e1v\u0161tevn\u00edkov zadarmo<\/p>\n<p data-start=\"560\" data-end=\"633\">\u27a1\ufe0f Pode\u013e sa o svoj kr\u00e1\u013eovsk\u00fd vzh\u013ead s hashtagom <strong data-start=\"608\" data-end=\"633\">#BratislavaCoronation<\/strong><\/p>\n","protected":false},"excerpt":{"rendered":"<p>Tu n\u00e1jdete inform\u00e1cie o parkovan\u00ed, bezbari\u00e9rovosti, korunk\u00e1ch a vlajo\u010dk\u00e1ch pre deti a praktick\u00e9 tipy pre \u010do najlep\u0161\u00ed z\u00e1\u017eitok z Bratislavsk\u00fdch korunova\u010dn\u00fdch dn\u00ed. <\/p>\n","protected":false},"author":41,"featured_media":304308,"parent":0,"menu_order":0,"comment_status":"closed","ping_status":"closed","template":"","meta":[],"acf":[],"_links":{"self":[{"href":"https:\/\/www.visitbratislava.com\/sk\/wp-json\/wp\/v2\/pages\/304447"}],"collection":[{"href":"https:\/\/www.visitbratislava.com\/sk\/wp-json\/wp\/v2\/pages"}],"about":[{"href":"https:\/\/www.visitbratislava.com\/sk\/wp-json\/wp\/v2\/types\/page"}],"author":[{"embeddable":true,"href":"https:\/\/www.visitbratislava.com\/sk\/wp-json\/wp\/v2\/users\/41"}],"replies":[{"embeddable":true,"href":"https:\/\/www.visitbratislava.com\/sk\/wp-json\/wp\/v2\/comments?post=304447"}],"version-history":[{"count":21,"href":"https:\/\/www.visitbratislava.com\/sk\/wp-json\/wp\/v2\/pages\/304447\/revisions"}],"predecessor-version":[{"id":342092,"href":"https:\/\/www.visitbratislava.com\/sk\/wp-json\/wp\/v2\/pages\/304447\/revisions\/342092"}],"wp:featuredmedia":[{"embeddable":true,"href":"https:\/\/www.visitbratislava.com\/sk\/wp-json\/wp\/v2\/media\/304308"}],"wp:attachment":[{"href":"https:\/\/www.visitbratislava.com\/sk\/wp-json\/wp\/v2\/media?parent=304447"}],"curies":[{"name":"wp","href":"https:\/\/api.w.org\/{rel}","templated":true}]}}