{"id":304469,"date":"2024-07-26T16:28:31","date_gmt":"2024-07-26T14:28:31","guid":{"rendered":"https:\/\/www.visitbratislava.com\/?page_id=304469"},"modified":"2025-07-01T22:32:50","modified_gmt":"2025-07-01T20:32:50","slug":"smart-guide","status":"publish","type":"page","link":"https:\/\/www.visitbratislava.com\/sk\/smart-guide\/","title":{"rendered":"Smart Guide"},"content":{"rendered":"<p>Stiahnite si bezplatn\u00fa aplik\u00e1ciu, postavte sa na za\u010diato\u010dn\u00fd bod trasy a u\u017e len po\u010d\u00favajte.<\/p>\n<p><a class=\"cta-button\" href=\"https:\/\/www.smart-guide.org\/destinations\/sk\/bratislava\/?tour=Korunova%C4%8Dn%C3%A1+cesta\" target=\"_blank\" rel=\"noopener\">Korunova\u010dn\u00e1 cesta<\/a><\/p>\n<p><img loading=\"lazy\" width=\"1008\" height=\"707\" class=\"alignnone size-full wp-image-304470\" src=\"https:\/\/www.visitbratislava.com\/wp-content\/uploads\/2024\/07\/Korunovacna-trasa.png\" alt=\"\" srcset=\"https:\/\/www.visitbratislava.com\/wp-content\/uploads\/2024\/07\/Korunovacna-trasa.png 1008w, https:\/\/www.visitbratislava.com\/wp-content\/uploads\/2024\/07\/Korunovacna-trasa-400x281.png 400w, https:\/\/www.visitbratislava.com\/wp-content\/uploads\/2024\/07\/Korunovacna-trasa-800x561.png 800w, https:\/\/www.visitbratislava.com\/wp-content\/uploads\/2024\/07\/Korunovacna-trasa-768x539.png 768w, https:\/\/www.visitbratislava.com\/wp-content\/uploads\/2024\/07\/Korunovacna-trasa-200x140.png 200w\" sizes=\"(max-width: 1008px) 100vw, 1008px\" \/><\/p>\n<h2 data-start=\"142\" data-end=\"200\">\ud83d\udc51 Objav korunova\u010dn\u00fa Bratislavu s aplik\u00e1ciou SmartGuide<\/h2>\n<p data-start=\"202\" data-end=\"424\">Za\u017ei atmosf\u00e9ru d\u00e1vnych \u010dias a vydaj sa po stop\u00e1ch uhorsk\u00fdch kr\u00e1\u013eov a kr\u00e1\u013eovien, ktor\u00ed boli korunovan\u00ed v Bratislave. <strong data-start=\"318\" data-end=\"339\">Korunova\u010dn\u00e1 trasa<\/strong> \u0165a prevedie historick\u00fdm centrom mesta \u2013 od D\u00f3mu sv. Martina a\u017e po Bratislavsk\u00fd hrad.<\/p>\n<p data-start=\"426\" data-end=\"643\">\ud83d\udcf1 <em data-start=\"429\" data-end=\"518\">Stiahni si bezplatn\u00fa aplik\u00e1ciu SmartGuide a preme\u0148 svoj telef\u00f3n na osobn\u00e9ho sprievodcu.<\/em><br data-start=\"518\" data-end=\"521\" \/>\ud83c\udfa7 Vypo\u010duj si p\u00fatav\u00fd v\u00fdklad, prech\u00e1dzaj sa v re\u00e1lnom \u010dase s GPS navig\u00e1ciou a spoznaj pr\u00edbehy korunova\u010dnej minulosti mesta.<\/p>\n<p data-start=\"645\" data-end=\"727\">\u27a1\ufe0f <strong data-start=\"648\" data-end=\"727\">Trasa je dostupn\u00e1 offline, bez potreby sprievodcu a kedyko\u013evek ti vyhovuje.<\/strong><\/p>\n<p data-start=\"729\" data-end=\"811\">\ud83d\udd17 <a class=\"\" href=\"https:\/\/www.smart-guide.org\" target=\"_new\" rel=\"noopener\" data-start=\"732\" data-end=\"811\">Zisti viac a spusti trasu v aplik\u00e1cii SmartGuide<\/a><\/p>\n","protected":false},"excerpt":{"rendered":"<p>Navigujte sa po korunova\u010dnej trase zadarmo a vypo\u010dujte si zauj\u00edmav\u00e9 inform\u00e1cie pri svedkoch korunov\u00e1ci\u00ed zo svojho mobilu. <\/p>\n","protected":false},"author":41,"featured_media":341897,"parent":0,"menu_order":0,"comment_status":"closed","ping_status":"closed","template":"","meta":[],"acf":[],"_links":{"self":[{"href":"https:\/\/www.visitbratislava.com\/sk\/wp-json\/wp\/v2\/pages\/304469"}],"collection":[{"href":"https:\/\/www.visitbratislava.com\/sk\/wp-json\/wp\/v2\/pages"}],"about":[{"href":"https:\/\/www.visitbratislava.com\/sk\/wp-json\/wp\/v2\/types\/page"}],"author":[{"embeddable":true,"href":"https:\/\/www.visitbratislava.com\/sk\/wp-json\/wp\/v2\/users\/41"}],"replies":[{"embeddable":true,"href":"https:\/\/www.visitbratislava.com\/sk\/wp-json\/wp\/v2\/comments?post=304469"}],"version-history":[{"count":5,"href":"https:\/\/www.visitbratislava.com\/sk\/wp-json\/wp\/v2\/pages\/304469\/revisions"}],"predecessor-version":[{"id":341903,"href":"https:\/\/www.visitbratislava.com\/sk\/wp-json\/wp\/v2\/pages\/304469\/revisions\/341903"}],"wp:featuredmedia":[{"embeddable":true,"href":"https:\/\/www.visitbratislava.com\/sk\/wp-json\/wp\/v2\/media\/341897"}],"wp:attachment":[{"href":"https:\/\/www.visitbratislava.com\/sk\/wp-json\/wp\/v2\/media?parent=304469"}],"curies":[{"name":"wp","href":"https:\/\/api.w.org\/{rel}","templated":true}]}}