{"id":304897,"date":"2024-07-30T14:17:55","date_gmt":"2024-07-30T12:17:55","guid":{"rendered":"https:\/\/www.visitbratislava.com\/?page_id=304897"},"modified":"2025-07-02T09:27:29","modified_gmt":"2025-07-02T07:27:29","slug":"bratislava-card-x-korunovacne-dni","status":"publish","type":"page","link":"https:\/\/www.visitbratislava.com\/sk\/bratislava-card-x-korunovacne-dni\/","title":{"rendered":"Bratislava CARD x korunova\u010dn\u00e9 dni"},"content":{"rendered":"<h3><span style=\"color: #d91818;\">Verejn\u00e1 doprava zadarmo<\/span><\/h3>\n<p><a href=\"https:\/\/card.visitbratislava.com\/\" target=\"_blank\" rel=\"noopener\">Bratislava CARD<\/a> je z\u00e1rove\u0148 sie\u0165ov\u00fdm cestovn\u00fdm l\u00edstkom, ktor\u00fd umo\u017e\u0148uje neobmedzen\u00e9 cestovanie vo v\u0161etk\u00fdch z\u00f3nach mestskej a pr\u00edmestskej dopravy. Vyu\u017eite elektri\u010dky, trolejbusy a autobusy, no\u010dn\u00e9 linky, region\u00e1lne \u010derven\u00e9 autobusy a dokonca aj vlaky.<\/p>\n<h3><span style=\"color: #d91818;\">Prehliadka mesta so sprievodcom v cene karty<\/span><\/h3>\n<p><a href=\"https:\/\/www.visitbratislava.com\/sk\/sluzby\/pravidelne-prehliadky\/\" target=\"_blank\" rel=\"noopener\">75 min\u00fatov\u00fa prehliadku<\/a> mesta m\u00f4\u017eete vyu\u017ei\u0165 ka\u017ed\u00fd de\u0148 o 14:00 spred Turistick\u00e9ho informa\u010dn\u00e9ho centra. N\u00e1rok na bezplatn\u00fa prehliadku m\u00e1 aj jedno die\u0165a do 18 rokov v sprievode rodi\u010da \u2013 dr\u017eite\u013ea karty. Z\u00e1ujem o prehliadku je nutn\u00e9 nahl\u00e1si\u0165 najnesk\u00f4r 2 hodiny vopred.<\/p>\n<h3><span style=\"color: #d91818;\">Prezrite si uhorsk\u00fa korunu zbl\u00edzka<\/span><\/h3>\n<p>S na\u0161ou kartou m\u00f4\u017eete nav\u0161t\u00edvi\u0165 bezplatne <a href=\"https:\/\/card.visitbratislava.com\/sk\/discount\/muzeum-dejin-mesta\/\" target=\"_blank\" rel=\"noopener\">Star\u00fa radnicu<\/a>, v ktorej M\u00fazeum mesta Bratislavy po\u010das Bratislavsk\u00fdch korunova\u010dn\u00fdch dn\u00ed vystavuje vern\u00fa <a href=\"https:\/\/www.visitbratislava.com\/sk\/uhorska-kralovska-koruna\/\" target=\"_blank\" rel=\"noopener\">repliku koruny<\/a>, ktor\u00fa st\u00e1ro\u010dia pokladali po\u010das korunov\u00e1ci\u00ed na hlavy kr\u00e1\u013eov. Nevynechajte ani radni\u010dn\u00fa ve\u017eu, preto\u017ee pon\u00faka nezamenite\u013en\u00fd poh\u013ead na historick\u00e9 centrum mesta.<\/p>\n<h3><span style=\"color: #db1800;\">Bratislavsk\u00fd hrad\u00a0<\/span><\/h3>\n<p>Okrem atrakt\u00edvnych v\u00fdstav je s\u00fa\u010das\u0165ou prehliadky m\u00fazea p\u00f4sobiv\u00fd <a href=\"https:\/\/card.visitbratislava.com\/sk\/discount\/snm-historicke-muzeum-bratislavsky-hrad\/\" target=\"_blank\" rel=\"noopener\">interi\u00e9r hradu<\/a>. Budete prech\u00e1dza\u0165 cez honosn\u00e9 schodisko z \u010dias M\u00e1rie Ter\u00e9zie, pokra\u010dova\u0165 m\u00f4\u017eete a\u017e na vrchol Korunnej ve\u017ee s kr\u00e1snym v\u00fdh\u013eadom na mesto a okolie. S kartou zadarmo.<\/p>\n<h3><span style=\"color: #d91818;\">Ke\u010f v\u00e1m vyhladne<\/span><\/h3>\n<p>\u0160\u00e9fkuch\u00e1r v re\u0161taur\u00e1cii <a href=\"https:\/\/card.visitbratislava.com\/sk\/discount\/zylinder-cafe-restaurant\/\" target=\"_blank\" rel=\"noopener\">Zylinder<\/a>, ktor\u00e1 pon\u00faka prav\u00fa pre\u0161porsk\u00e9 dobroty, starostlivo vybral najv\u00e4\u010d\u0161ie poklady rak\u00faskej, slovenskej a ma\u010farskej kuchyne, ktor\u00e9 \u201eokorenil\u201c s\u00fa\u010dasn\u00fdmi kulin\u00e1rskymi trendami. Vyu\u017eite z\u013eavu 10%.<\/p>\n<p>Star\u00fa dobr\u00fa pre\u0161porsk\u00fa kuchy\u0148u n\u00e1jdete od roku 1894 aj na pravom brehu Dunaja v Sade Janka Kr\u00e1\u013ea v re\u0161taur\u00e1cii <a href=\"https:\/\/card.visitbratislava.com\/discount\/leberfinger-restaurant\/\" target=\"_blank\" rel=\"noopener\">Leberfinger<\/a>, kde v\u00e1m tak isto poskytn\u00fa z\u013eavu 10%.<\/p>\n<h3><span style=\"color: #d91828;\">Dejisko korunov\u00e1ci\u00ed<\/span><\/h3>\n<p>Jedna z najnav\u0161tevovanej\u0161\u00edch pamiatok hlavn\u00e9ho mesta je taktie\u017e pr\u00edstupn\u00e1 s kartou zadarmo.<a href=\"https:\/\/card.visitbratislava.com\/sk\/discount\/katedrala-sv-martina\/\" target=\"_blank\" rel=\"noopener\"> Katedr\u00e1la sv. Martina<\/a> postaven\u00e1 v gotickom \u0161t\u00fdle zdob\u00ed Bratislavu od roku 1452. Jej s\u00fa\u010das\u0165ou je aj barokov\u00e1 architekt\u00fara, Kaplnka sv. J\u00e1na Almu\u017en\u00edka a socha sv. Martina v interi\u00e9ri. V rokoch 1563 a\u017e 1830 tu korunovali 11 kr\u00e1\u013eov a 7 kr\u00e1\u013eovsk\u00fdch man\u017eeliek.<\/p>\n<p>Ak vst\u00fapite z Rudnayovho n\u00e1mestia cez ju\u017en\u00fd port\u00e1l a vyjdeme severn\u00fdm port\u00e1lom smerom po malebnej stredovekej Kapitulskej ulici, zopakujeme si korunova\u010dn\u00fa trasu uhorsk\u00fdch kr\u00e1\u013eov.<\/p>\n<h3><span style=\"color: #d91828;\">\u010eal\u0161\u00ed svedok doby<\/span><\/h3>\n<p><a href=\"https:\/\/card.visitbratislava.com\/sk\/discount\/galeria-mesta-bratislavy-mirbachov-palac\/\" target=\"_blank\" rel=\"noopener\">Mirbachov pal\u00e1c<\/a> postaven\u00fd v rokoch 1768 \u2013 1770 patr\u00ed medzi klenoty rokokovej architekt\u00fary Bratislavy. S\u00eddli v \u0148om Gal\u00e9ria mesta Bratislavy, ktorej v\u00fdstavy si m\u00f4\u017eete s kartou prezrie\u0165 \u00faplne zadarmo. Z p\u00f4vodn\u00e9ho zariadenia sa zachovali dve miestnosti s dreven\u00fdmi obkladmi stien zdoben\u00fdmi vz\u00e1cnymi dobov\u00fdmi kolorovan\u00fdmi rytinami. Zaru\u010dujeme, \u017ee tak\u00e9 nie\u010do ste e\u0161te nevideli.<\/p>\n<h3><span style=\"color: #d91828;\">Jedin\u00e1 zachovan\u00e1 br\u00e1na mestsk\u00e9ho opevnenia<\/span><\/h3>\n<p><a href=\"https:\/\/card.visitbratislava.com\/sk\/discount\/michalska-veza\/\" target=\"_blank\" rel=\"noopener\">Michalsk\u00e1 ve\u017ea<\/a> nad p\u00f4vodnou br\u00e1nou do mesta pon\u00faka 360\u00b0 vyhliadku na historick\u00e9 centrum Bratislavy a na hrad. Poch\u00e1dza u\u017e zo 14. storo\u010dia, ale jej s\u00fa\u010dasn\u00fd vzh\u013ead je z 18. storo\u010dia. Pod br\u00e1nou sa nach\u00e1dza nult\u00fd kilometer so svetov\u00fdmi stranami, ktor\u00fd ukazuje vzdialenos\u0165 eur\u00f3pskych a svetov\u00fdch metropol od Bratislavy. S Bratislava CARD m\u00e1te n\u00e1v\u0161tevu zadarmo.<\/p>\n<h3><span style=\"color: #d91828;\">Nie len frankovka<\/span><\/h3>\n<p>Ochutnajte top 100 slovensk\u00fdch v\u00edn od slovensk\u00fdch vin\u00e1rov. Jedine\u010dn\u00fd koncept na svete, <a href=\"https:\/\/card.visitbratislava.com\/sk\/discount\/narodny-salon-vin\/\" target=\"_blank\" rel=\"noopener\">N\u00e1rodn\u00fd sal\u00f3n v\u00edn Slovenskej republiky<\/a>, v\u00e1m ur\u010dite pon\u00fakne aj frankovku, ob\u013e\u00faben\u00e9 v\u00edno M\u00e1rie Ter\u00e9zie, ale najm\u00e4 riaden\u00e9 degust\u00e1cie s profesion\u00e1lnym someli\u00e9rom alebo najpopul\u00e1rnej\u0161\u00ed program 72 v\u00edn za 100 min\u00fat v historickej pivnici z 18. storo\u010dia so z\u013eavou 10%.<\/p>\n<h3><span style=\"color: #db1800;\">Kl\u00e1\u0161torn\u00fd pivovar<\/span><\/h3>\n<p>Ak preferujete zlat\u00fd mok, s 10% z\u013eavou v\u00e1m ho nalej\u00fa <a href=\"https:\/\/card.visitbratislava.com\/sk\/discount\/klastorny-pivovar\/\" target=\"_blank\" rel=\"noopener\">v p\u00f4vodn\u00fdch kl\u00e1\u0161torn\u00fdch pivniciach<\/a>, kde sa pod doh\u013eadom sl\u00e1dkov tradi\u010dn\u00fdm sp\u00f4sobom a z prvotriednych surov\u00edn vyr\u00e1ba nepasterizovan\u00e9 pivo plzensk\u00e9ho typu \u2013 Kl\u00e1\u0161torn\u00fd le\u017eiak 11\u00b0. Ochutnajte spolu so \u0161pecialitami dom\u00e1cej kuchyne.<\/p>\n<h3><span style=\"color: #d61818;\">Primaci\u00e1lny pal\u00e1c<\/span><\/h3>\n<p><a href=\"https:\/\/card.visitbratislava.com\/sk\/discount\/primacialny-palac\/\" target=\"_blank\" rel=\"noopener\">Klasicistick\u00fd pal\u00e1c<\/a> z 18. storo\u010dia sa p\u00fd\u0161i expoz\u00edciou portr\u00e9tov uhorsk\u00fdch panovn\u00edkov, dobov\u00e9ho n\u00e1bytku a \u0161iestich unik\u00e1tnych anglick\u00fdch tapis\u00e9rii zo 17. storo\u010dia zobrazuj\u00facich antick\u00fa legendu o tragickej l\u00e1ske H\u00e9ro a Leandra. \u010eal\u0161\u00edmi skvostmi s\u00fa honosn\u00e1 Zrkadlov\u00e1 s\u00e1la a Kaplnka sv. Ladislava a to v\u0161etko so z\u013eavou 20%.<\/p>\n<h3><span style=\"color: #db1800;\">\u0160etrite si nohy s Pre\u0161por\u00e1\u010dikom\u00a0<\/span><\/h3>\n<p>Spoznajte tie najv\u00fdznamnej\u0161ie dominanty a pamiatky Bratislavy z paluby Pre\u0161por\u00e1\u010dika. Povoz\u00ed v\u00e1s nielen v historickom centre, ale aj v \u0161ir\u0161om okol\u00ed mesta a objavte kr\u00e1sy Bratislavsk\u00e9ho hradu. Z\u013eava 2 Eur\u00e1 na <a href=\"https:\/\/card.visitbratislava.com\/sk\/discount\/presporacik-hradny-okruh\/\" target=\"_blank\" rel=\"noopener\">hradn\u00fd okruh<\/a> alebo 10%.<\/p>\n<h3><span style=\"color: #d9181b;\">Sladk\u00e1 bodka<\/span><\/h3>\n<p>Kaviare\u0148<a href=\"https:\/\/card.visitbratislava.com\/discount\/franz-xaver-messerschmidt-cafe\/\" target=\"_blank\" rel=\"noopener\"> Franz Xaver Messerschmidt<\/a> v \u0161t\u00fdle star\u00e9ho Pre\u0161porka zalo\u017een\u00e1 na po\u010des\u0165 svetozn\u00e1meho barokov\u00e9ho soch\u00e1ra. Pr\u00ed\u010fte a pochutnajte si na bratislavsk\u00fdch ro\u017ekoch, tradi\u010dn\u00fdch dezertoch, dom\u00e1cej zmrzline \u010di skvel\u00fdch ra\u0148ajk\u00e1ch.<\/p>\n<p>To v\u0161ak nie je v\u0161etko, pozrite si aj<a href=\"https:\/\/card.visitbratislava.com\/sk\/discount\/\" target=\"_blank\" rel=\"noopener\"> ostatn\u00e9 v\u00fdhody<\/a>, ktor\u00e9 karta pon\u00faka a vychutnajte si svoju n\u00e1v\u0161tevu Bratislavy naplno.<\/p>\n<p>Cena <a href=\"https:\/\/card.visitbratislava.com\/\" target=\"_blank\" rel=\"noopener\">Bratislava CARD<\/a> za\u010d\u00edna na 27 Eur bez dopravy a 30 Eur s dopravou. 72 hodinov\u00e1 karta s dopravou stoj\u00ed 39 Eur.<\/p>\n<p><a class=\"cta-button\" href=\"https:\/\/card.visitbratislava.com\/sk\/kupit\/\" target=\"_blank\" rel=\"noopener\">Karol, no\u017ee podaj jednu kartu<\/a><\/p>\n<p>&nbsp;<\/p>\n<p>&nbsp;<\/p>\n<p>&nbsp;<\/p>\n","protected":false},"excerpt":{"rendered":"<p>Karol III. odpor\u00fa\u010da ofici\u00e1lnu kartu pre v\u0161etk\u00fdch n\u00e1v\u0161tevn\u00edkov a n\u00e1v\u0161tevn\u00ed\u010dky Bratislavy aj po\u010das Bratislavsk\u00fdch korunova\u010dn\u00fdch dn\u00ed.<\/p>\n","protected":false},"author":41,"featured_media":305365,"parent":0,"menu_order":0,"comment_status":"closed","ping_status":"closed","template":"","meta":[],"acf":[],"_links":{"self":[{"href":"https:\/\/www.visitbratislava.com\/sk\/wp-json\/wp\/v2\/pages\/304897"}],"collection":[{"href":"https:\/\/www.visitbratislava.com\/sk\/wp-json\/wp\/v2\/pages"}],"about":[{"href":"https:\/\/www.visitbratislava.com\/sk\/wp-json\/wp\/v2\/types\/page"}],"author":[{"embeddable":true,"href":"https:\/\/www.visitbratislava.com\/sk\/wp-json\/wp\/v2\/users\/41"}],"replies":[{"embeddable":true,"href":"https:\/\/www.visitbratislava.com\/sk\/wp-json\/wp\/v2\/comments?post=304897"}],"version-history":[{"count":34,"href":"https:\/\/www.visitbratislava.com\/sk\/wp-json\/wp\/v2\/pages\/304897\/revisions"}],"predecessor-version":[{"id":341948,"href":"https:\/\/www.visitbratislava.com\/sk\/wp-json\/wp\/v2\/pages\/304897\/revisions\/341948"}],"wp:featuredmedia":[{"embeddable":true,"href":"https:\/\/www.visitbratislava.com\/sk\/wp-json\/wp\/v2\/media\/305365"}],"wp:attachment":[{"href":"https:\/\/www.visitbratislava.com\/sk\/wp-json\/wp\/v2\/media?parent=304897"}],"curies":[{"name":"wp","href":"https:\/\/api.w.org\/{rel}","templated":true}]}}