{"id":32055,"date":"2017-05-02T10:21:55","date_gmt":"2017-05-02T08:21:55","guid":{"rendered":"https:\/\/www.visitbratislava.com\/?page_id=32055\/"},"modified":"2017-10-09T12:50:58","modified_gmt":"2017-10-09T10:50:58","slug":"kupa-karty","status":"publish","type":"page","link":"https:\/\/www.visitbratislava.com\/sk\/bratislava-card\/kupa-karty\/","title":{"rendered":"K\u00fapte si svoju Bratislava CARD"},"content":{"rendered":"<p><strong>V\u00fdmena voucheru za Bratislava CARD<\/strong><\/p>\n<p>Kartu si m\u00f4\u017eete vyzdvihn\u00fa\u0165 na ni\u017e\u0161ie uveden\u00fdch miestach. Je potrebn\u00e9 ma\u0165 so sebou vytla\u010den\u00fd voucher, ktor\u00fd V\u00e1m bol zaslan\u00fd na Va\u0161u emailov\u00fa adresu. <strong>Karta bude aktivovan\u00e1 a\u017e pri osobnom odbere.<\/strong><\/p>\n<ul>\n<li><strong>Turistick\u00e9 informa\u010dn\u00e9 centrum BTB \u2013 Klobu\u010dn\u00edcka 2, 811 01 Bratislava<br \/>\n<\/strong>Otv\u00e1racie hodiny: IV \u2013 X Po \u2013 Ne 9.00 \u2013 19.00 \/ XI \u2013 III Po \u2013 Ne 9.00 \u2013 18.00<\/li>\n<li><strong>Turistick\u00e9 informa\u010dn\u00e9 centrum BTB \u2013 Letisko M. R. \u0160tef\u00e1nika, Ivansk\u00e1 cesta, 820 01 Bratislava <\/strong>&#8211; Aktu\u00e1lne otv\u00e1racie hodiny s\u00fa dostupn\u00e9\u00a0<a href=\"https:\/\/www.visitbratislava.com\/sk\/navsteva\/turisticke-informacne-centra\/\">tu<\/a>.<\/li>\n<li><strong>Pokladnice Slovak Lines <\/strong><strong>\u2013<\/strong><strong> Autobusov\u00e1 stanica, Bottova 7, 811 09 Bratislava\u00a0<\/strong>&#8211;\u00a0Otv\u00e1racie hodiny: Po \u2013 Pia 7.30 \u2013 18.00, So \u2013 Ne 7.30 \u2013 17.00<\/li>\n<li><strong>Z\u00e1kazn\u00edcke centrum ZSSK <\/strong><strong>\u2013<\/strong><strong> Hlavn\u00e1 \u017eelezni\u010dn\u00e1 stanica, N\u00e1mestie Franza Liszta 1, 811 04 Bratislava<\/strong> &#8211;\u00a0Otv\u00e1racie hodiny: Po \u2013 Ne 6.45 \u2013 19.30<\/li>\n<\/ul>\n<p>Viac inform\u00e1cii o\u00a0V\u0161eobecn\u00fdch obchodn\u00fdch podmienkach n\u00e1jdete\u00a0<a href=\"https:\/\/www.visitbratislava.com\/wp-content\/uploads\/2017\/04\/Bratislava-CARD-VOP.pdf\" target=\"_blank\" rel=\"noopener noreferrer\">tu<\/a>.<\/p>\n<p>&nbsp;<\/p>\n<p><iframe style=\"height: 600px; width: 900px;\" src=\"https:\/\/bcc.cardberg.com\/checkout\/type?lang=sk\" width=\"900\" height=\"500\"><\/iframe><\/p>\n","protected":false},"excerpt":{"rendered":"<p>V\u00fdmena voucheru za Bratislava CARD Kartu si m\u00f4\u017eete vyzdvihn\u00fa\u0165 na ni\u017e\u0161ie uveden\u00fdch miestach. Je potrebn\u00e9 ma\u0165 so sebou vytla\u010den\u00fd voucher, ktor\u00fd V\u00e1m bol zaslan\u00fd na Va\u0161u emailov\u00fa adresu. Karta bude aktivovan\u00e1 a\u017e pri osobnom odbere. Turistick\u00e9 informa\u010dn\u00e9 centrum BTB \u2013 Klobu\u010dn\u00edcka 2, 811 01 Bratislava Otv\u00e1racie hodiny: IV \u2013 X Po \u2013 Ne 9.00 \u2013 [&hellip;]<\/p>\n","protected":false},"author":10,"featured_media":29650,"parent":31772,"menu_order":0,"comment_status":"closed","ping_status":"closed","template":"","meta":[],"acf":[],"_links":{"self":[{"href":"https:\/\/www.visitbratislava.com\/sk\/wp-json\/wp\/v2\/pages\/32055"}],"collection":[{"href":"https:\/\/www.visitbratislava.com\/sk\/wp-json\/wp\/v2\/pages"}],"about":[{"href":"https:\/\/www.visitbratislava.com\/sk\/wp-json\/wp\/v2\/types\/page"}],"author":[{"embeddable":true,"href":"https:\/\/www.visitbratislava.com\/sk\/wp-json\/wp\/v2\/users\/10"}],"replies":[{"embeddable":true,"href":"https:\/\/www.visitbratislava.com\/sk\/wp-json\/wp\/v2\/comments?post=32055"}],"version-history":[{"count":0,"href":"https:\/\/www.visitbratislava.com\/sk\/wp-json\/wp\/v2\/pages\/32055\/revisions"}],"up":[{"embeddable":true,"href":"https:\/\/www.visitbratislava.com\/sk\/wp-json\/wp\/v2\/pages\/31772"}],"wp:featuredmedia":[{"embeddable":true,"href":"https:\/\/www.visitbratislava.com\/sk\/wp-json\/wp\/v2\/media\/29650"}],"wp:attachment":[{"href":"https:\/\/www.visitbratislava.com\/sk\/wp-json\/wp\/v2\/media?parent=32055"}],"curies":[{"name":"wp","href":"https:\/\/api.w.org\/{rel}","templated":true}]}}