{"id":32457,"date":"2017-05-12T15:47:49","date_gmt":"2017-05-12T13:47:49","guid":{"rendered":"https:\/\/www.visitbratislava.com\/?page_id=32457\/"},"modified":"2025-02-17T19:18:21","modified_gmt":"2025-02-17T18:18:21","slug":"top-10-vyhladov-v-bratislave","status":"publish","type":"page","link":"https:\/\/www.visitbratislava.com\/sk\/top-10-vyhladov-v-bratislave\/","title":{"rendered":"Top 10 v\u00fdh\u013eadov v Bratislave"},"content":{"rendered":"<p><iframe src=\"https:\/\/www.google.com\/maps\/d\/embed?mid=1ootV-MxFEPt5_g36nKtydynMaz0\" width=\"1000\" height=\"480\"><\/iframe><\/p>\n<h3>1. V\u00fdh\u013ead zo Starej radnice<\/h3>\n<p>Budova Starej radnice sa nach\u00e1dza na Hlavnom n\u00e1mest\u00ed ne\u010faleko Maximili\u00e1novej font\u00e1ny. Od roku 1868 v nej s\u00eddli M\u00fazeum dej\u00edn mesta. Z jej ve\u017ee sa n\u00e1v\u0161tevn\u00edkom naskyt\u00e1 n\u00e1dhern\u00fd poh\u013ead na historick\u00e9 centrum mesta. <a href=\"https:\/\/muzeumbratislava.sk\/stara-radnica\" target=\"_blank\" rel=\"noopener\">Vstupn\u00e9<\/a> je spojen\u00e9 so vstupn\u00fdm do Apponyiho pal\u00e1ca.<\/p>\n<p>Z\u013eava s <a href=\"https:\/\/card.visitbratislava.com\/\" target=\"_blank\" rel=\"noopener\">Bratislava CARD<\/a> 100%*Plat\u00ed na jednorazov\u00fd vstup. <strong><a href=\"https:\/\/muzeumbratislava.sk\/stara-radnica\" target=\"_blank\" rel=\"noopener\">Otv\u00e1racie hodiny<\/a><\/strong><\/p>\n<p><strong> <img loading=\"lazy\" width=\"2560\" height=\"1121\" class=\"alignnone size-full wp-image-249857\" src=\"https:\/\/www.visitbratislava.com\/wp-content\/uploads\/2023\/07\/Matej-Kovac_2016_hlavne-namestie_hrad_stare-mesto_nevyhradna-licencia-scaled.jpg\" alt=\"\" srcset=\"https:\/\/www.visitbratislava.com\/wp-content\/uploads\/2023\/07\/Matej-Kovac_2016_hlavne-namestie_hrad_stare-mesto_nevyhradna-licencia-scaled.jpg 2560w, https:\/\/www.visitbratislava.com\/wp-content\/uploads\/2023\/07\/Matej-Kovac_2016_hlavne-namestie_hrad_stare-mesto_nevyhradna-licencia-400x175.jpg 400w, https:\/\/www.visitbratislava.com\/wp-content\/uploads\/2023\/07\/Matej-Kovac_2016_hlavne-namestie_hrad_stare-mesto_nevyhradna-licencia-800x350.jpg 800w, https:\/\/www.visitbratislava.com\/wp-content\/uploads\/2023\/07\/Matej-Kovac_2016_hlavne-namestie_hrad_stare-mesto_nevyhradna-licencia-768x336.jpg 768w, https:\/\/www.visitbratislava.com\/wp-content\/uploads\/2023\/07\/Matej-Kovac_2016_hlavne-namestie_hrad_stare-mesto_nevyhradna-licencia-1536x673.jpg 1536w, https:\/\/www.visitbratislava.com\/wp-content\/uploads\/2023\/07\/Matej-Kovac_2016_hlavne-namestie_hrad_stare-mesto_nevyhradna-licencia-2048x897.jpg 2048w, https:\/\/www.visitbratislava.com\/wp-content\/uploads\/2023\/07\/Matej-Kovac_2016_hlavne-namestie_hrad_stare-mesto_nevyhradna-licencia-200x88.jpg 200w\" sizes=\"(max-width: 2560px) 100vw, 2560px\" \/><\/strong><\/p>\n<h3>2. V\u00fdh\u013ead z\u00a0UFA<\/h3>\n<p>Vyhliadkov\u00e1 ve\u017ea t\u00fd\u010diaca sa na Dunaji je jedn\u00fdm zo symbolov hlavn\u00e9ho mesta Bratislavy. Do vyhliadkovej ve\u017ee V\u00e1s vyvezie v\u00fd\u0165ah, ktor\u00e9mu trv\u00e1 cesta nahor cca 45 sek\u00fand. UFO je vysok\u00e9 95m a odv\u00e1\u017elivcom, ktor\u00ed sa neboja v\u00fd\u0161ok pon\u00faka v\u00fdh\u013ead na okolit\u00fa krajinu v okruhu 100km. <a href=\"https:\/\/www.u-f-o.sk\/sk\/ufo-vstup-na-vyhliadku.html\" target=\"_blank\" rel=\"noopener\">Vstupn\u00e9<\/a> pre dospel\u00e9ho je 9,90 \u20ac ale v pr\u00edpade, ak sa pl\u00e1nujete najes\u0165 v re\u0161taur\u00e1cii UFO taste.watch.groove. dostanete 100% z\u013eavu zo vstupn\u00e9ho na vyhliadku.<\/p>\n<p>Z\u013eava s <a href=\"https:\/\/card.visitbratislava.com\/\" target=\"_blank\" rel=\"noopener\">Bratislava CARD <\/a>20% \/ 10%.* 20% plat\u00ed len na vstup na vyhliadku. Hostia konzumuj\u00faci v re\u0161taur\u00e1cii maj\u00fa z\u013eavu 10% z \u00fa\u010dtu a bezplatn\u00fd vstup. <strong><a href=\"https:\/\/www.u-f-o.sk\/sk\/ufo-vstup-na-vyhliadku.html\" target=\"_blank\" rel=\"noopener\">Otv\u00e1racie hodiny<\/a> sa l\u00ed\u0161ia pod\u013ea sez\u00f3ny.<\/strong><\/p>\n<p><img loading=\"lazy\" width=\"2880\" height=\"1621\" class=\"aligncenter size-full wp-image-1373\" src=\"https:\/\/www.visitbratislava.com\/wp-content\/uploads\/2014\/10\/hrad-dunaj-ufo.jpg\" alt=\"\" srcset=\"https:\/\/www.visitbratislava.com\/wp-content\/uploads\/2014\/10\/hrad-dunaj-ufo.jpg 2880w, https:\/\/www.visitbratislava.com\/wp-content\/uploads\/2014\/10\/hrad-dunaj-ufo-400x225.jpg 400w, https:\/\/www.visitbratislava.com\/wp-content\/uploads\/2014\/10\/hrad-dunaj-ufo-800x450.jpg 800w, https:\/\/www.visitbratislava.com\/wp-content\/uploads\/2014\/10\/hrad-dunaj-ufo-200x113.jpg 200w\" sizes=\"(max-width: 2880px) 100vw, 2880px\" \/><\/p>\n<h3>3. V\u00fdh\u013ead z\u00a0Bratislavsk\u00e9ho hradu<\/h3>\n<p>Bratislavsk\u00fd hrad sa nach\u00e1dza ne\u010faleko centra a\u00a0je jednou z\u00a0najzn\u00e1mej\u0161\u00edch a\u00a0najnav\u0161tevovanej\u0161\u00edch pamiatok Bratislavy. Pr\u00edstup na hrad je jednoduch\u00fd, cesta pe\u0161o z\u00a0centra mesta trv\u00e1 do 30 min\u00fat. Z\u00a0n\u00e1dvoria hradu je v\u00fdh\u013ead na najstar\u0161ie s\u00eddlisko \u2013 Petr\u017ealku, UFO, most SNP aj Apollo. Vstup na n\u00e1dvorie je mo\u017en\u00fd celoro\u010dne aj vo ve\u010dern\u00fdch hodin\u00e1ch. Je ide\u00e1lnym miestom na ve\u010dern\u00e9 prech\u00e1dzky pri z\u00e1pade slnka.<\/p>\n<p>Vstup do are\u00e1lu hradu je bezplatn\u00fd. Vstup do interi\u00e9rov hradu a Historick\u00e9ho m\u00faze SNM je <a href=\"https:\/\/www.snm.sk\/muzea-snm\/historicke-muzeum\/historicke-muzeum\/navstivte\/vstupne\" target=\"_blank\" rel=\"noopener\">spoplatnen\u00fd<\/a>. Z\u013eava s <a href=\"https:\/\/card.visitbratislava.com\/\" target=\"_blank\" rel=\"noopener\">Bratislava CARD<\/a> 100%<\/p>\n<p><img loading=\"lazy\" width=\"2880\" height=\"1920\" class=\"aligncenter size-full wp-image-1808\" src=\"https:\/\/www.visitbratislava.com\/wp-content\/uploads\/2014\/10\/letecka-vychod-slnka-hrad.jpg\" alt=\"\" srcset=\"https:\/\/www.visitbratislava.com\/wp-content\/uploads\/2014\/10\/letecka-vychod-slnka-hrad.jpg 2880w, https:\/\/www.visitbratislava.com\/wp-content\/uploads\/2014\/10\/letecka-vychod-slnka-hrad-400x267.jpg 400w, https:\/\/www.visitbratislava.com\/wp-content\/uploads\/2014\/10\/letecka-vychod-slnka-hrad-800x533.jpg 800w, https:\/\/www.visitbratislava.com\/wp-content\/uploads\/2014\/10\/letecka-vychod-slnka-hrad-200x133.jpg 200w\" sizes=\"(max-width: 2880px) 100vw, 2880px\" \/><\/p>\n<h3>4. V\u00fdh\u013ead zo Slav\u00edna<\/h3>\n<p>Najv\u00e4\u010d\u0161\u00ed vojnov\u00fd pam\u00e4tn\u00edk v\u00a0strednej Eur\u00f3pe, ktor\u00fd v\u010faka svojej polohe a\u00a0v\u00fd\u0161ke 52 metrov patr\u00ed medzi dominanty mesta. Je tu pochovan\u00fdch 6845 vojakov Sovietskej arm\u00e1dy padl\u00fdch pri oslobodzovan\u00ed Bratislavy po\u010das druhej svetovej vojny. Pr\u00edstup ku Slav\u00ednu je mo\u017en\u00fd bez obmedzenia, najkraj\u0161\u00ed v\u00fdh\u013ead na mesto je v\u0161ak vo ve\u010dern\u00fdch hodin\u00e1ch. Ka\u017ed\u00fa hodinu na Slav\u00edn prem\u00e1va MHD \u010d. 147 z\u00a0Hod\u017eovho n\u00e1mestia.<\/p>\n<p>Vstup do are\u00e1lu pam\u00e4tn\u00edka Slav\u00edn je bezplatn\u00fd.<\/p>\n<p><img loading=\"lazy\" width=\"2560\" height=\"1707\" class=\"alignnone size-full wp-image-249865\" src=\"https:\/\/www.visitbratislava.com\/wp-content\/uploads\/2023\/07\/Skymove_2022_dron_slavin_vyhlad_kamzik_green_panorama_stare-mesto_nevyhradna-licencia-scaled.jpg\" alt=\"\" srcset=\"https:\/\/www.visitbratislava.com\/wp-content\/uploads\/2023\/07\/Skymove_2022_dron_slavin_vyhlad_kamzik_green_panorama_stare-mesto_nevyhradna-licencia-scaled.jpg 2560w, https:\/\/www.visitbratislava.com\/wp-content\/uploads\/2023\/07\/Skymove_2022_dron_slavin_vyhlad_kamzik_green_panorama_stare-mesto_nevyhradna-licencia-400x267.jpg 400w, https:\/\/www.visitbratislava.com\/wp-content\/uploads\/2023\/07\/Skymove_2022_dron_slavin_vyhlad_kamzik_green_panorama_stare-mesto_nevyhradna-licencia-800x533.jpg 800w, https:\/\/www.visitbratislava.com\/wp-content\/uploads\/2023\/07\/Skymove_2022_dron_slavin_vyhlad_kamzik_green_panorama_stare-mesto_nevyhradna-licencia-768x512.jpg 768w, https:\/\/www.visitbratislava.com\/wp-content\/uploads\/2023\/07\/Skymove_2022_dron_slavin_vyhlad_kamzik_green_panorama_stare-mesto_nevyhradna-licencia-1536x1024.jpg 1536w, https:\/\/www.visitbratislava.com\/wp-content\/uploads\/2023\/07\/Skymove_2022_dron_slavin_vyhlad_kamzik_green_panorama_stare-mesto_nevyhradna-licencia-2048x1365.jpg 2048w, https:\/\/www.visitbratislava.com\/wp-content\/uploads\/2023\/07\/Skymove_2022_dron_slavin_vyhlad_kamzik_green_panorama_stare-mesto_nevyhradna-licencia-200x133.jpg 200w\" sizes=\"(max-width: 2560px) 100vw, 2560px\" \/><\/p>\n<h3>5. V\u00fdh\u013ead z Dev\u00edna<\/h3>\n<p>Dev\u00edn je bezpochyby p\u00f4sobivou krajinnou dominantou, ktor\u00e1 sa t\u00fd\u010di nad s\u00fatokom rieky Dunaj a\u00a0Morava. Od roku 1961 je n\u00e1rodnou kult\u00farnou pamiatkou. V\u00a0priestoroch jaskyne horn\u00e9ho hradu sa nach\u00e1dza expoz\u00edcia s\u00a0n\u00e1zvom <em>Stavebn\u00fd v\u00fdvoj hradu Dev\u00edn<\/em>. V\u00fdh\u013eadu na s\u00fatok Dunaja s Moravou dominuje zn\u00e1ma legendami opraden\u00e1 Panensk\u00e1 ve\u017ea zachyten\u00e1 i na star\u0161\u00edch slovensk\u00fdch minciach. Na Dev\u00edn je mo\u017en\u00e9 dosta\u0165 sa z pod Mostu SNP autobusom \u010d. 29. Pr\u00edstup na Dev\u00edn je mo\u017en\u00fd aj po vode. Pr\u00edstavisko pri Dunaji obsluhuje sez\u00f3nne <a href=\"https:\/\/www.lod.sk\/sk\/plavby\/pravidelne-plavby\/detail\/bratislava-devin-bratislava\/\" target=\"_blank\" rel=\"noopener\">lodn\u00e9 linky<\/a> <strong>z centra Bratislavy<\/strong> (v sez\u00f3ne od apr\u00edla do okt\u00f3bra).<\/p>\n<p>Z\u00e1kladn\u00e9 <a href=\"https:\/\/muzeumbratislava.sk\/hrad-devin\" target=\"_blank\" rel=\"noopener\">vstupn\u00e9<\/a> pre dospel\u00e9ho v sez\u00f3ne je je 8 \u20ac. Upozor\u0148ujeme, \u017ee po\u010das zimnej sez\u00f3ny je mo\u017en\u00fd vstup len do are\u00e1lu hradu a v\u00fdstavn\u00e9 priestory s\u00fa zatvoren\u00e9.<\/p>\n<p>Z\u013eava s <a href=\"https:\/\/card.visitbratislava.com\/\" target=\"_blank\" rel=\"noopener\">Bratislava CARD<\/a> 100% * Plat\u00ed na jednorazov\u00fd vstup. <strong><a href=\"https:\/\/muzeumbratislava.sk\/hrad-devin\" target=\"_blank\" rel=\"noopener\">Otv\u00e1racie hodiny<\/a><\/strong><\/p>\n<p><img loading=\"lazy\" width=\"798\" height=\"531\" class=\"size-full wp-image-16634 alignnone\" src=\"https:\/\/www.visitbratislava.com\/wp-content\/uploads\/2016\/05\/devin_Tour4U_1.jpg\" alt=\"\" srcset=\"https:\/\/www.visitbratislava.com\/wp-content\/uploads\/2016\/05\/devin_Tour4U_1.jpg 798w, https:\/\/www.visitbratislava.com\/wp-content\/uploads\/2016\/05\/devin_Tour4U_1-400x266.jpg 400w, https:\/\/www.visitbratislava.com\/wp-content\/uploads\/2016\/05\/devin_Tour4U_1-768x511.jpg 768w, https:\/\/www.visitbratislava.com\/wp-content\/uploads\/2016\/05\/devin_Tour4U_1-200x133.jpg 200w\" sizes=\"(max-width: 798px) 100vw, 798px\" \/><\/p>\n<h3>6. V\u00fdh\u013ead z\u00a0 Michalskej ve\u017ee<\/h3>\n<p>Michalsk\u00e1 br\u00e1na bola postaven\u00e1 v 14. storo\u010d\u00ed a je jedinou zachovanou br\u00e1nou mestsk\u00e9ho opevnenia. Nach\u00e1dza sa v historickej \u010dasti mesta a zara\u010fuje sa medzi turistami vyh\u013ead\u00e1van\u00fa pamiatku. Vo vn\u00fatri sa nach\u00e1dza M\u00fazeum zbran\u00ed, ale aj socha sv. Michala pod\u013ea ktor\u00e9ho je br\u00e1na pomenovan\u00e1. Z balk\u00f3na sa pon\u00faka panoramatick\u00fd v\u00fdh\u013ead na hradn\u00fd vrch, strechy a ve\u017ee mesta ako aj na Mal\u00e9 Karpaty.<\/p>\n<p>Inform\u00e1cie o vstupnom a otv\u00e1rac\u00edch hodin\u00e1ch n\u00e1jdete <a href=\"https:\/\/muzeumbratislava.sk\/udalost\/michalska-veza-po-rekonstrukcii-0\" target=\"_blank\" rel=\"noopener\">TU<\/a>.<\/p>\n<p><img loading=\"lazy\" width=\"2560\" height=\"1707\" class=\"alignnone size-full wp-image-249850\" src=\"https:\/\/www.visitbratislava.com\/wp-content\/uploads\/2023\/07\/0N2A0088-Enhanced-NRa-scaled.jpg\" alt=\"\" srcset=\"https:\/\/www.visitbratislava.com\/wp-content\/uploads\/2023\/07\/0N2A0088-Enhanced-NRa-scaled.jpg 2560w, https:\/\/www.visitbratislava.com\/wp-content\/uploads\/2023\/07\/0N2A0088-Enhanced-NRa-400x267.jpg 400w, https:\/\/www.visitbratislava.com\/wp-content\/uploads\/2023\/07\/0N2A0088-Enhanced-NRa-800x533.jpg 800w, https:\/\/www.visitbratislava.com\/wp-content\/uploads\/2023\/07\/0N2A0088-Enhanced-NRa-768x512.jpg 768w, https:\/\/www.visitbratislava.com\/wp-content\/uploads\/2023\/07\/0N2A0088-Enhanced-NRa-1536x1024.jpg 1536w, https:\/\/www.visitbratislava.com\/wp-content\/uploads\/2023\/07\/0N2A0088-Enhanced-NRa-2048x1365.jpg 2048w, https:\/\/www.visitbratislava.com\/wp-content\/uploads\/2023\/07\/0N2A0088-Enhanced-NRa-200x133.jpg 200w\" sizes=\"(max-width: 2560px) 100vw, 2560px\" \/><\/p>\n<h3>7. V\u00fdh\u013ead z Kamz\u00edka \u2013 vyhliadka<\/h3>\n<p>Telev\u00edzny vysiela\u010d Kamz\u00edk tvor\u00ed siluetu n\u00e1\u0161ho hlavn\u00e9ho mesta od roku 1975. V budove vysiela\u010da sa nach\u00e1dza re\u0161taur\u00e1cia Ve\u017ea, kde si vychutn\u00e1te gurm\u00e1nsky z\u00e1\u017eitok z vt\u00e1\u010dej perspekt\u00edvy s kr\u00e1snym v\u00fdh\u013eadom. Ak sa vyd\u00e1te po stop\u00e1ch \u010dervenej turistickej zna\u010dky dostanete sa k drevenej rozh\u013eadni, ktor\u00e1 je ob\u013e\u00faben\u00fdm a vyh\u013ead\u00e1van\u00fdm miestom turistov, ale aj dom\u00e1cich n\u00e1v\u0161tevn\u00edkov. Nach\u00e1dza sa na Americkej l\u00fake v bl\u00edzkosti telev\u00edznej ve\u017ee Kamz\u00edk. Atrakt\u00edvna je svojou polohou a preto je ide\u00e1lnym miestom na rodinn\u00e9 v\u00fdlety, \u010di na men\u0161iu cyklot\u00faru. Z jej vrchu m\u00f4\u017eete vidie\u0165 n\u00e1dhern\u00fa panor\u00e1mu mesta, ktor\u00e1 sa m\u00f4\u017ee zaradi\u0165 medzi najkraj\u0161ie v\u00fdh\u013eady v Bratislave. Cesta k rozh\u013eadni vedie cez les a trv\u00e1 pribli\u017ene 15 min\u00fat. \u00a0Ide\u00e1lny spoj na Kamz\u00edk je trolejbusom zo zast\u00e1vky Hod\u017eovo n\u00e1mestie, vyst\u00fapi\u0165 na zast\u00e1vke Koliba, kde sa d\u00e1 potom pokra\u010dova\u0165 jednou z viacer\u00fdch vyzna\u010den\u00fdch i nevyzna\u010den\u00fdch cesti\u010diek.<\/p>\n<p><strong><a href=\"https:\/\/veza.sk\/bistro\/\" target=\"_blank\" rel=\"noopener\">Vstupn\u00e9<\/a><\/strong>. <strong><a href=\"https:\/\/veza.sk\/kontakt\/\" target=\"_blank\" rel=\"noopener\">Otv\u00e1racie hodiny<\/a>:<\/strong> denne 11.30 &#8211; 20.00 hod.<\/p>\n<p><img loading=\"lazy\" width=\"2560\" height=\"1705\" class=\"alignnone size-full wp-image-249871\" src=\"https:\/\/www.visitbratislava.com\/wp-content\/uploads\/2023\/07\/Crot-Prod_2022_dron_leto_kamzik_green_vyhlad_obloha_nevyhradna-licencia-scaled.jpg\" alt=\"\" srcset=\"https:\/\/www.visitbratislava.com\/wp-content\/uploads\/2023\/07\/Crot-Prod_2022_dron_leto_kamzik_green_vyhlad_obloha_nevyhradna-licencia-scaled.jpg 2560w, https:\/\/www.visitbratislava.com\/wp-content\/uploads\/2023\/07\/Crot-Prod_2022_dron_leto_kamzik_green_vyhlad_obloha_nevyhradna-licencia-400x266.jpg 400w, https:\/\/www.visitbratislava.com\/wp-content\/uploads\/2023\/07\/Crot-Prod_2022_dron_leto_kamzik_green_vyhlad_obloha_nevyhradna-licencia-800x533.jpg 800w, https:\/\/www.visitbratislava.com\/wp-content\/uploads\/2023\/07\/Crot-Prod_2022_dron_leto_kamzik_green_vyhlad_obloha_nevyhradna-licencia-768x512.jpg 768w, https:\/\/www.visitbratislava.com\/wp-content\/uploads\/2023\/07\/Crot-Prod_2022_dron_leto_kamzik_green_vyhlad_obloha_nevyhradna-licencia-1536x1023.jpg 1536w, https:\/\/www.visitbratislava.com\/wp-content\/uploads\/2023\/07\/Crot-Prod_2022_dron_leto_kamzik_green_vyhlad_obloha_nevyhradna-licencia-2048x1364.jpg 2048w, https:\/\/www.visitbratislava.com\/wp-content\/uploads\/2023\/07\/Crot-Prod_2022_dron_leto_kamzik_green_vyhlad_obloha_nevyhradna-licencia-200x133.jpg 200w\" sizes=\"(max-width: 2560px) 100vw, 2560px\" \/><\/p>\n<h3>8. V\u00fdh\u013ead zo Star\u00e9ho mosta<\/h3>\n<p>Star\u00fd most je paradoxne najmlad\u0161\u00ed most v\u00a0Bratislave. V\u00a0roku 2016 prebehlo jeho sl\u00e1vnostn\u00e9 otvorenie. Cez most prech\u00e1dzaj\u00fa elektri\u010dky, ktor\u00e9 sp\u00e1jaj\u00fa star\u00fa \u010das\u0165 mesta s\u00a0Petr\u017ealkou. Kon\u0161trukcia mosta je prisp\u00f4soben\u00e1\u00a0 predov\u0161etk\u00fdm pre chodcov a\u00a0preto tu n\u00e1jdete z\u00a0ka\u017edej strany osaden\u00e9 lavi\u010dky, ktor\u00e9 pon\u00fakaj\u00fa v\u00fdh\u013eady na okolie Dunaja a\u00a0centrum mesta. V\u00fdh\u013eady, ktor\u00e9 pon\u00faka Star\u00fd most s\u00fa zo strany turistov ve\u013emi vyh\u013ead\u00e1van\u00e9 a\u00a0niet sa \u010domu \u010dudova\u0165.<\/p>\n<p><img loading=\"lazy\" width=\"2560\" height=\"1920\" class=\"alignnone size-full wp-image-249878\" src=\"https:\/\/www.visitbratislava.com\/wp-content\/uploads\/2023\/07\/M-Kovac_2022_dunaj_stary-most_most-snp_ba-hrad_nevyhradna-licencia-casovo-neobmedzena-scaled.jpg\" alt=\"\" srcset=\"https:\/\/www.visitbratislava.com\/wp-content\/uploads\/2023\/07\/M-Kovac_2022_dunaj_stary-most_most-snp_ba-hrad_nevyhradna-licencia-casovo-neobmedzena-scaled.jpg 2560w, https:\/\/www.visitbratislava.com\/wp-content\/uploads\/2023\/07\/M-Kovac_2022_dunaj_stary-most_most-snp_ba-hrad_nevyhradna-licencia-casovo-neobmedzena-400x300.jpg 400w, https:\/\/www.visitbratislava.com\/wp-content\/uploads\/2023\/07\/M-Kovac_2022_dunaj_stary-most_most-snp_ba-hrad_nevyhradna-licencia-casovo-neobmedzena-800x600.jpg 800w, https:\/\/www.visitbratislava.com\/wp-content\/uploads\/2023\/07\/M-Kovac_2022_dunaj_stary-most_most-snp_ba-hrad_nevyhradna-licencia-casovo-neobmedzena-768x576.jpg 768w, https:\/\/www.visitbratislava.com\/wp-content\/uploads\/2023\/07\/M-Kovac_2022_dunaj_stary-most_most-snp_ba-hrad_nevyhradna-licencia-casovo-neobmedzena-1536x1152.jpg 1536w, https:\/\/www.visitbratislava.com\/wp-content\/uploads\/2023\/07\/M-Kovac_2022_dunaj_stary-most_most-snp_ba-hrad_nevyhradna-licencia-casovo-neobmedzena-2048x1536.jpg 2048w, https:\/\/www.visitbratislava.com\/wp-content\/uploads\/2023\/07\/M-Kovac_2022_dunaj_stary-most_most-snp_ba-hrad_nevyhradna-licencia-casovo-neobmedzena-200x150.jpg 200w, https:\/\/www.visitbratislava.com\/wp-content\/uploads\/2023\/07\/M-Kovac_2022_dunaj_stary-most_most-snp_ba-hrad_nevyhradna-licencia-casovo-neobmedzena-600x450.jpg 600w\" sizes=\"(max-width: 2560px) 100vw, 2560px\" \/><\/p>\n<h3>9. V\u00fdh\u013ead zo Sandbergu<\/h3>\n<p>Sandberg je pozostatok morsk\u00e9ho \u00fatesu, ktor\u00e9 sa tu nach\u00e1dzalo pred 14 a\u017e 16 mili\u00f3nmi rokov a\u00a0le\u017e\u00ed takmer na hraniciach s\u00a0Rak\u00faskom. Pieskov\u00fd vrch je najz\u00e1padnej\u0161\u00edm v\u00fdbe\u017ekom Dev\u00ednskych Karp\u00e1t. Na jar sa v\u00a0okol\u00ed Sandbergu objavia koberce pestrofarebn\u00fdch kvetov, ktor\u00e9 ulahodia nejedn\u00e9mu oku, e\u0161te v\u00a0kombin\u00e1cii s\u00a0kr\u00e1snym v\u00fdh\u013eadom na nivu rieky Moravy, hrad Dev\u00edn a na Rak\u00fasko. V\u00a0pr\u00edpade priazniv\u00e9ho po\u010dasia je vidie\u0165 aj Alpy. Ak pl\u00e1nujete nav\u0161t\u00edvi\u0165 aj hrad Dev\u00edn ide\u00e1lne je spoji\u0165 tieto dve lokality do jedn\u00e9ho v\u00fdletu a\u00a0pokra\u010dova\u0165 z\u00a0hradu po modr\u00fdch zna\u010dk\u00e1ch, ktor\u00e9 v\u00e1s doved\u00fa a\u017e k\u00a0Sandbergu.<\/p>\n<p>Z centra mesta prem\u00e1va na Sandberg linka autobusu \u010d. 29 zo zast\u00e1vky Most SNP a z Hl. a Autobusovej stanice linka 21.<\/p>\n<p><img loading=\"lazy\" class=\"alignnone wp-image-40096 size-large\" src=\"https:\/\/www.visitbratislava.com\/wp-content\/uploads\/2017\/05\/sandberg-800x594.jpg\" alt=\"\" width=\"800\" height=\"594\" srcset=\"https:\/\/www.visitbratislava.com\/wp-content\/uploads\/2017\/05\/sandberg-800x594.jpg 800w, https:\/\/www.visitbratislava.com\/wp-content\/uploads\/2017\/05\/sandberg-400x297.jpg 400w, https:\/\/www.visitbratislava.com\/wp-content\/uploads\/2017\/05\/sandberg-768x570.jpg 768w, https:\/\/www.visitbratislava.com\/wp-content\/uploads\/2017\/05\/sandberg-200x148.jpg 200w\" sizes=\"(max-width: 800px) 100vw, 800px\" \/><\/p>\n<h3>10. V\u00fdh\u013ead z Outlook Bar &amp; Lounge<\/h3>\n<p>V\u00a0hoteli Lindner sa nach\u00e1dza na 13. poschod\u00ed re\u0161taur\u00e1cia Outlook Bar &amp; Lounge. Vo ve\u010dern\u00fdch hodin\u00e1ch je ide\u00e1lnym miestom na romantick\u00fa ve\u010deru, ktor\u00fa V\u00e1m dotvor\u00ed panoramatick\u00fd v\u00fdh\u013ead, ktor\u00fd patr\u00ed k\u00a0jedn\u00fdm z\u00a0najp\u00f4sobivej\u0161\u00edch v\u00a0Bratislave. Ve\u010dera sa pod\u00e1va po 17-tej hodine a\u00a0vychutna\u0165 si ju m\u00f4\u017eete a\u017e do polnoci. K\u00a0hotelu sa z\u00a0centra mesta dostanete zo zast\u00e1vky Most SNP elektri\u010dkou \u010d. 4 alebo zo zast\u00e1vky Nov\u00e9 SND autobusom \u010d.78 a\u00a0vyst\u00fapite na zast\u00e1vke Trnavsk\u00e9 m\u00fdto.<\/p>\n<p><strong>Otv\u00e1racie hodiny:<\/strong> pondelok &#8211; piatok 17:00 &#8211; 00:00, kuchy\u0148a do 22:00.<\/p>\n<p><img loading=\"lazy\" width=\"1280\" height=\"384\" class=\"aligncenter size-full wp-image-32480\" src=\"https:\/\/www.visitbratislava.com\/wp-content\/uploads\/2017\/05\/lindner-hotel-gallery-central-outlook-bar-and-lounge.jpg\" alt=\"\" srcset=\"https:\/\/www.visitbratislava.com\/wp-content\/uploads\/2017\/05\/lindner-hotel-gallery-central-outlook-bar-and-lounge.jpg 1280w, https:\/\/www.visitbratislava.com\/wp-content\/uploads\/2017\/05\/lindner-hotel-gallery-central-outlook-bar-and-lounge-400x120.jpg 400w, https:\/\/www.visitbratislava.com\/wp-content\/uploads\/2017\/05\/lindner-hotel-gallery-central-outlook-bar-and-lounge-768x230.jpg 768w, https:\/\/www.visitbratislava.com\/wp-content\/uploads\/2017\/05\/lindner-hotel-gallery-central-outlook-bar-and-lounge-800x240.jpg 800w, https:\/\/www.visitbratislava.com\/wp-content\/uploads\/2017\/05\/lindner-hotel-gallery-central-outlook-bar-and-lounge-200x60.jpg 200w\" sizes=\"(max-width: 1280px) 100vw, 1280px\" \/><\/p>\n","protected":false},"excerpt":{"rendered":"<p>Objavte najkraj\u0161ie v\u00fdh\u013eady Bratislavy! Prejdite sa po mestsk\u00fdch dominant\u00e1ch, vychutnajte si panor\u00e1mu Dunaja \u010di historick\u00e9 \u010daro Star\u00e9ho Mesta a spoznajte miesta, ktor\u00e9 v\u00e1m vyrazia dych.<\/p>\n","protected":false},"author":10,"featured_media":1808,"parent":0,"menu_order":0,"comment_status":"closed","ping_status":"closed","template":"","meta":[],"acf":[],"_links":{"self":[{"href":"https:\/\/www.visitbratislava.com\/sk\/wp-json\/wp\/v2\/pages\/32457"}],"collection":[{"href":"https:\/\/www.visitbratislava.com\/sk\/wp-json\/wp\/v2\/pages"}],"about":[{"href":"https:\/\/www.visitbratislava.com\/sk\/wp-json\/wp\/v2\/types\/page"}],"author":[{"embeddable":true,"href":"https:\/\/www.visitbratislava.com\/sk\/wp-json\/wp\/v2\/users\/10"}],"replies":[{"embeddable":true,"href":"https:\/\/www.visitbratislava.com\/sk\/wp-json\/wp\/v2\/comments?post=32457"}],"version-history":[{"count":15,"href":"https:\/\/www.visitbratislava.com\/sk\/wp-json\/wp\/v2\/pages\/32457\/revisions"}],"predecessor-version":[{"id":328278,"href":"https:\/\/www.visitbratislava.com\/sk\/wp-json\/wp\/v2\/pages\/32457\/revisions\/328278"}],"wp:featuredmedia":[{"embeddable":true,"href":"https:\/\/www.visitbratislava.com\/sk\/wp-json\/wp\/v2\/media\/1808"}],"wp:attachment":[{"href":"https:\/\/www.visitbratislava.com\/sk\/wp-json\/wp\/v2\/media?parent=32457"}],"curies":[{"name":"wp","href":"https:\/\/api.w.org\/{rel}","templated":true}]}}