{"id":32510,"date":"2017-05-15T08:56:33","date_gmt":"2017-05-15T06:56:33","guid":{"rendered":"https:\/\/www.visitbratislava.com\/?page_id=32510\/"},"modified":"2026-03-10T17:46:53","modified_gmt":"2026-03-10T16:46:53","slug":"top10","status":"publish","type":"page","link":"https:\/\/www.visitbratislava.com\/sk\/top10\/","title":{"rendered":"Top 10"},"content":{"rendered":"","protected":false},"excerpt":{"rendered":"<p>Objavte to najlep\u0161ie z Bratislavy! \u010ci u\u017e v\u00e1s l\u00e1ka gastron\u00f3mia, pamiatky, romantika alebo sez\u00f3nne z\u00e1\u017eitky, v Bratislave n\u00e1jdete top miesta.<\/p>\n","protected":false},"author":10,"featured_media":72365,"parent":0,"menu_order":0,"comment_status":"closed","ping_status":"closed","template":"tpl-page-grid.php","meta":[],"acf":[],"_links":{"self":[{"href":"https:\/\/www.visitbratislava.com\/sk\/wp-json\/wp\/v2\/pages\/32510"}],"collection":[{"href":"https:\/\/www.visitbratislava.com\/sk\/wp-json\/wp\/v2\/pages"}],"about":[{"href":"https:\/\/www.visitbratislava.com\/sk\/wp-json\/wp\/v2\/types\/page"}],"author":[{"embeddable":true,"href":"https:\/\/www.visitbratislava.com\/sk\/wp-json\/wp\/v2\/users\/10"}],"replies":[{"embeddable":true,"href":"https:\/\/www.visitbratislava.com\/sk\/wp-json\/wp\/v2\/comments?post=32510"}],"version-history":[{"count":11,"href":"https:\/\/www.visitbratislava.com\/sk\/wp-json\/wp\/v2\/pages\/32510\/revisions"}],"predecessor-version":[{"id":435501,"href":"https:\/\/www.visitbratislava.com\/sk\/wp-json\/wp\/v2\/pages\/32510\/revisions\/435501"}],"wp:featuredmedia":[{"embeddable":true,"href":"https:\/\/www.visitbratislava.com\/sk\/wp-json\/wp\/v2\/media\/72365"}],"wp:attachment":[{"href":"https:\/\/www.visitbratislava.com\/sk\/wp-json\/wp\/v2\/media?parent=32510"}],"curies":[{"name":"wp","href":"https:\/\/api.w.org\/{rel}","templated":true}]}}