{"id":32649,"date":"2017-05-22T10:53:17","date_gmt":"2017-05-22T08:53:17","guid":{"rendered":"https:\/\/www.visitbratislava.com\/?page_id=32649\/"},"modified":"2024-03-19T15:47:50","modified_gmt":"2024-03-19T14:47:50","slug":"top10instagram","status":"publish","type":"page","link":"https:\/\/www.visitbratislava.com\/sk\/top10instagram\/","title":{"rendered":"Top 10 Instagram miest v Bratislave"},"content":{"rendered":"<h2>1. Modr\u00fd kostol\u00edk<\/h2>\n<p>Ofici\u00e1lne zn\u00e1my ako Kostol sv. Al\u017ebety, tento secesn\u00fd skvost n\u00e1jdete na Bezru\u010dovej 2, v\u00a0bl\u00edzkosti gymn\u00e1zia Gr\u00f6sslingov\u00e1. Modr\u00fd zhora nadol a\u00a0vyzdoben\u00fd majolikou, tento kostol je defin\u00edciou nov\u00e9ho Instagram filtru.<\/p>\n<h2>2. Koun<\/h2>\n<p>Denn\u00e1 d\u00e1vka farebnosti a sladk\u00e9ho #gelato v jednom? Rodinn\u00e1 zmrzlin\u00e1re\u0148 v centre Bratislavy na Paul\u00ednyho, ktor\u00e1 je nielen hitom internetu, ale aj chu\u0165ov\u00fdch poh\u00e1rikov. Koun prin\u00e1\u0161a ka\u017ed\u00fd de\u0148 nov\u00e9 pr\u00edchute, vyroben\u00e9 priamo na mieste. Va\u0161i followeri v\u00e1s bud\u00fa milova\u0165.<\/p>\n<h2>3. Vila na Klemensovej ulici<\/h2>\n<p>T\u00e1to netypick\u00e1 mestsk\u00e1 zele\u0148 je ob\u013e\u00faben\u00fdm miestom dom\u00e1cich, ako aj zahrani\u010dn\u00fdch n\u00e1v\u0161tevn\u00edkov na dokonal\u00e9 zelen\u00e9 fotografie. Bytov\u00fd dom na Klemensovej ulici v\u00a0bl\u00edzkosti Modr\u00e9ho kostol\u00edka je obrasten\u00fd bre\u010dtanom. Ne\u010faleko n\u00e1jdete aj kaviare\u0148, kde si k\u00e1vi\u010dku m\u00f4\u017eete spr\u00edjemni\u0165 poh\u013eadom na tento zelen\u00fd raj.<\/p>\n<h2>4. Tyr\u0161ovo n\u00e1bre\u017eie a Sad Janka Kr\u00e1\u013ea<\/h2>\n<p>Jedine\u010dn\u00fd v\u00fdh\u013ead na Bratislavsk\u00fd hrad a n\u00e1bre\u017eie, Dunaj ako na dlani a oddych vo ve\u013ekom parku, ktor\u00fd je najstar\u0161\u00edm verejn\u00fdm parkom v strednej Eur\u00f3pe, v\u00e1s \u010dak\u00e1 po pr\u00edjemnej prech\u00e1dzke po Starom moste. Zaru\u010den\u00fd #relax.<\/p>\n<h2>5. Z\u00e1hrada Bratislavsk\u00e9ho hradu<\/h2>\n<p>Ned\u00e1vno otvoren\u00e1 zrekon\u0161truovan\u00e1 barokov\u00e1 z\u00e1hrada je e\u0161te st\u00e1le neobjavenou, no o\u00a0to zauj\u00edmavej\u0161ou destin\u00e1ciou nielen na v\u00fdborn\u00e9 fotky, ale aj skvel\u00fd oddych. Pokocha\u0165 sa tu medzi in\u00fdmi m\u00f4\u017eete aj 122 lipami a\u00a0pribli\u017ene 1500 letni\u010dkami.<\/p>\n<h2>6. Bistro St. Germain<\/h2>\n<p>\u0160armantn\u00e9 franc\u00fazske bistro so \u0161t\u00fdlov\u00fdm interi\u00e9rom, ide\u00e1lnym na posedenia s priate\u013emi \u010di oddych pri k\u00e1ve s kol\u00e1\u010dikom. Hladn\u00fd odtia\u013eto ur\u010dite neod\u00eddete, nehovoriac o profile plnom prirodzene \u0161ik fotiek.<\/p>\n<h2>7. Kapitulsk\u00e1<\/h2>\n<p>Jedna z najstar\u0161\u00edch a najkraj\u0161\u00edch ul\u00edc Star\u00e9ho Mesta v\u00e1s o\u010dar\u00ed hne\u010f na prv\u00fd poh\u013ead. Stretn\u00fa\u0165 tu z\u00e1stupy \u013eud\u00ed je takmer nemo\u017en\u00e9, v\u010faka \u010domu \u010doskoro zist\u00edte, \u017ee na tejto ulici \u010das akosi zastal. Hist\u00f3ria tejto malebnej uli\u010dky siaha a\u017e do 14. storo\u010dia a bola tu prv\u00e1 \u0161kola v meste ozna\u010dovan\u00e1 ako gymn\u00e1zium.<\/p>\n<h2>8. Urban House<\/h2>\n<p>Nach\u00e1dzaj\u00faca sa na Laurinskej ulici, t\u00e1to kaviare\u0148 je samotnou defin\u00edciou #hipster kaviarne, v\u00a0ktorej sa v\u0161ak n\u00e1jde ka\u017ed\u00fd. \u010ci u\u017e ide o\u00a0vyv\u00e1\u017een\u00fa ponuku sendvi\u010dov, \u0161al\u00e1tov, r\u00f4znych \u010dajov a\u00a0k\u00e1v, alebo delik\u00e1tnych kol\u00e1\u010dov, sta\u010d\u00ed sa usadi\u0165 a\u00a0vychutn\u00e1va\u0165 toto #dogfriendly miesto.<\/p>\n<h2>9. Star\u00e1 radnica<\/h2>\n<p>Jedna z\u00a0najstar\u0161\u00edch budov v\u00a0Bratislave nach\u00e1dzaj\u00faca sa na Hlavnom n\u00e1mest\u00ed poch\u00e1dza z\u00a015. storo\u010dia a\u00a0jej priestory sl\u00fa\u017eili aj ako v\u00e4zenie \u010di mincov\u0148a. V\u00a0s\u00fa\u010dasnosti sa v\u00a0nej nach\u00e1dza M\u00fazeum dej\u00edn mesta. Mesto odtia\u013eto uvid\u00edte naozaj ako na dlani a\u00a0m\u00f4\u017eete sa naba\u017ei\u0165 poh\u013eadom na malebn\u00e9 strechy budov historick\u00e9ho centra.<\/p>\n<h2>10. \u0160af\u00e1rikovo n\u00e1mestie<\/h2>\n<p>N\u00e1jdete tu dva secesn\u00e9 domy, novogotick\u00fd a\u00a0novobarokov\u00fd dom, v\u0161etky postaven\u00e9 za\u010diatkom 20. storo\u010dia, ako aj budovu Univerzity Komensk\u00e9ho. V\u00a0strede n\u00e1mestia n\u00e1jdete mal\u00fd park vhodn\u00fd na kr\u00e1tky oddych a\u00a0super z\u00e1bery na Instagram. Okrem budov r\u00f4znych architektonick\u00fdch slohov a\u00a0farieb m\u00f4\u017eete nasadn\u00fa\u0165 na jednu z\u00a0mnoh\u00fdch elektri\u010diek, ktor\u00e9 tu zastavuj\u00fa a\u00a0presk\u00fama\u0165 Bratislavu na v\u00e1\u0161 Instagram e\u0161te viac.<\/p>\n<p><iframe src=\"https:\/\/www.google.com\/maps\/d\/embed?mid=1Ei1V5JfjQH9l8gbMREHdzr2ZkPg\" width=\"1000\" height=\"480\"><span data-mce-type=\"bookmark\" style=\"display: inline-block; width: 0px; overflow: hidden; line-height: 0;\" class=\"mce_SELRES_start\">\ufeff<\/span><span data-mce-type=\"bookmark\" style=\"display: inline-block; width: 0px; overflow: hidden; line-height: 0;\" class=\"mce_SELRES_start\">\ufeff<\/span><\/iframe><\/p>\n","protected":false},"excerpt":{"rendered":"<p>Na t\u00fdchto miestach filter potrebova\u0165 nebudete #nofilter.<\/p>\n","protected":false},"author":10,"featured_media":135508,"parent":0,"menu_order":0,"comment_status":"closed","ping_status":"closed","template":"","meta":[],"acf":[],"_links":{"self":[{"href":"https:\/\/www.visitbratislava.com\/sk\/wp-json\/wp\/v2\/pages\/32649"}],"collection":[{"href":"https:\/\/www.visitbratislava.com\/sk\/wp-json\/wp\/v2\/pages"}],"about":[{"href":"https:\/\/www.visitbratislava.com\/sk\/wp-json\/wp\/v2\/types\/page"}],"author":[{"embeddable":true,"href":"https:\/\/www.visitbratislava.com\/sk\/wp-json\/wp\/v2\/users\/10"}],"replies":[{"embeddable":true,"href":"https:\/\/www.visitbratislava.com\/sk\/wp-json\/wp\/v2\/comments?post=32649"}],"version-history":[{"count":1,"href":"https:\/\/www.visitbratislava.com\/sk\/wp-json\/wp\/v2\/pages\/32649\/revisions"}],"predecessor-version":[{"id":286763,"href":"https:\/\/www.visitbratislava.com\/sk\/wp-json\/wp\/v2\/pages\/32649\/revisions\/286763"}],"wp:featuredmedia":[{"embeddable":true,"href":"https:\/\/www.visitbratislava.com\/sk\/wp-json\/wp\/v2\/media\/135508"}],"wp:attachment":[{"href":"https:\/\/www.visitbratislava.com\/sk\/wp-json\/wp\/v2\/media?parent=32649"}],"curies":[{"name":"wp","href":"https:\/\/api.w.org\/{rel}","templated":true}]}}