{"id":32986,"date":"2017-05-29T14:59:15","date_gmt":"2017-05-29T12:59:15","guid":{"rendered":"https:\/\/www.visitbratislava.com\/?page_id=32986\/"},"modified":"2025-04-07T10:11:00","modified_gmt":"2025-04-07T08:11:00","slug":"top10streetfood","status":"publish","type":"page","link":"https:\/\/www.visitbratislava.com\/sk\/top10streetfood\/","title":{"rendered":"Top 10 street food podnikov"},"content":{"rendered":"<h3>Street Food Park<\/h3>\n<p>Festival pouli\u010dn\u00e9ho jedla alebo<a href=\"https:\/\/www.visitbratislava.com\/sk\/podujatia\/street-food-park\/\" target=\"_blank\" rel=\"noopener\"> Street Food Park<\/a> je sviatkom pre ka\u017ed\u00e9ho, kto miluje jedlo v\u00a0akejko\u013evek podobe. Na n\u00e1mest\u00ed pred Starou tr\u017enicou sa nieko\u013ekokr\u00e1t do roka odparkuj\u00fa pr\u00edvesy a foodtrucky, ktor\u00e9 pon\u00fakaj\u00fa kvalitn\u00e9 a\u00a0chutn\u00e9 \u201epouli\u010dn\u00e9 jedlo\u201c. \u00a0Ak ste veg\u00e1n, milujete hamburgery alebo si potrp\u00edte na slovensk\u00fdch vychyt\u00e1vkach, ur\u010dite sa tu zastavte a\u00a0nechajte sa presved\u010di\u0165 o\u00a0tom, \u017ee aj na Slovensku existuje streetfood, ktor\u00fd stoj\u00ed za to ochutna\u0165.<\/p>\n<h3>1. Streetfood &amp; Caf\u00e9 Possonium<\/h3>\n<p>R\u00f4znorod\u00e9 street food prev\u00e1dzky a bar sa tu spojili do jedn\u00e9ho projektu, doslova pod jednu strechu. Minimalistick\u00fd interi\u00e9r nech\u00e1va vynikn\u00fa\u0165 v\u00fdtvarn\u00e9 diela, ktor\u00e9 sa pravidelne obmie\u0148aj\u00fa a celoro\u010dne pr\u00edstupn\u00e1 z\u00e1hrada pon\u00faka oddych v p\u00fatavom, zelenom prostred\u00ed. Vychutn\u00e1te si skvel\u00e9 jedlo a k\u00e1vu pripraven\u00fa vy\u0161kolen\u00fdmi baristami v kaviarni, v z\u00e1hrade alebo na priedom\u00ed, v priamom susedstve Trhoviska \u017dilinsk\u00e1. <a href=\"https:\/\/www.facebook.com\/possoniumstreetfood\/\">Facebook<\/a><\/p>\n<p><img loading=\"lazy\" width=\"533\" height=\"800\" class=\"alignnone size-large wp-image-240177\" src=\"https:\/\/www.visitbratislava.com\/wp-content\/uploads\/2023\/05\/possonium-fb-533x800.jpg\" alt=\"\" srcset=\"https:\/\/www.visitbratislava.com\/wp-content\/uploads\/2023\/05\/possonium-fb-533x800.jpg 533w, https:\/\/www.visitbratislava.com\/wp-content\/uploads\/2023\/05\/possonium-fb-267x400.jpg 267w, https:\/\/www.visitbratislava.com\/wp-content\/uploads\/2023\/05\/possonium-fb-768x1152.jpg 768w, https:\/\/www.visitbratislava.com\/wp-content\/uploads\/2023\/05\/possonium-fb-1024x1536.jpg 1024w, https:\/\/www.visitbratislava.com\/wp-content\/uploads\/2023\/05\/possonium-fb-133x200.jpg 133w, https:\/\/www.visitbratislava.com\/wp-content\/uploads\/2023\/05\/possonium-fb.jpg 1365w\" sizes=\"(max-width: 533px) 100vw, 533px\" \/><em><span style=\"font-size: 8pt;\"> Foto: Streetfood &amp; Caf\u00e9 Possonium<\/span><\/em><\/p>\n<h3>2. Foodstock<\/h3>\n<p>N\u00e1zov Foodstock, in\u0161pirovan\u00fd legend\u00e1rnym festivalom Woodstock, je viac ne\u017e len slovn\u00e1 hra\u010dka. Ich claim je good mood food :) Pod\u013ea vlastn\u00fdch slov pod\u00e1vaj\u00fa najlep\u0161iu gyozu v meste. Veg\u00e1nske\/vegetari\u00e1nske bistro n\u00e1jdete priamo v centre mesta. <a href=\"https:\/\/www.facebook.com\/FoodstockBratislava\/\">Facebook<\/a><\/p>\n<p><img loading=\"lazy\" width=\"800\" height=\"419\" class=\"alignnone size-large wp-image-240171\" src=\"https:\/\/www.visitbratislava.com\/wp-content\/uploads\/2023\/05\/Foodstock-gyoza-800x419.jpg\" alt=\"\" srcset=\"https:\/\/www.visitbratislava.com\/wp-content\/uploads\/2023\/05\/Foodstock-gyoza-800x419.jpg 800w, https:\/\/www.visitbratislava.com\/wp-content\/uploads\/2023\/05\/Foodstock-gyoza-400x209.jpg 400w, https:\/\/www.visitbratislava.com\/wp-content\/uploads\/2023\/05\/Foodstock-gyoza-768x402.jpg 768w, https:\/\/www.visitbratislava.com\/wp-content\/uploads\/2023\/05\/Foodstock-gyoza-200x105.jpg 200w, https:\/\/www.visitbratislava.com\/wp-content\/uploads\/2023\/05\/Foodstock-gyoza.jpg 1200w\" sizes=\"(max-width: 800px) 100vw, 800px\" \/><span style=\"font-size: 8pt;\"><em> Foto: Foodstock<\/em><\/span><\/p>\n<h3>3. Circus Streetfood<\/h3>\n<p>Circus Streetfood n\u00e1jdete na spodnom poschod\u00ed Stredoeur\u00f3pskeho domu fotografie. Vychutna\u0165 si tu m\u00f4\u017eete leberk\u00e4se, veg\u00e1nsky burger a viac. Z\u00e1rove\u0148 je tu Stud\u0148a &#8211; umeleck\u00fd klub, coffee, craft beer a borovi\u010dka bar s terasou v historickej kamennej uli\u010dke. <a href=\"https:\/\/www.facebook.com\/people\/Circus-Streetfood\/100083203783090\/\">Facebook<\/a><\/p>\n<p><img loading=\"lazy\" width=\"800\" height=\"800\" class=\"alignnone size-large wp-image-240164\" src=\"https:\/\/www.visitbratislava.com\/wp-content\/uploads\/2023\/05\/Circus-800x800.jpg\" alt=\"\" srcset=\"https:\/\/www.visitbratislava.com\/wp-content\/uploads\/2023\/05\/Circus-800x800.jpg 800w, https:\/\/www.visitbratislava.com\/wp-content\/uploads\/2023\/05\/Circus-400x400.jpg 400w, https:\/\/www.visitbratislava.com\/wp-content\/uploads\/2023\/05\/Circus-150x150.jpg 150w, https:\/\/www.visitbratislava.com\/wp-content\/uploads\/2023\/05\/Circus-768x768.jpg 768w, https:\/\/www.visitbratislava.com\/wp-content\/uploads\/2023\/05\/Circus-200x200.jpg 200w, https:\/\/www.visitbratislava.com\/wp-content\/uploads\/2023\/05\/Circus-184x184.jpg 184w, https:\/\/www.visitbratislava.com\/wp-content\/uploads\/2023\/05\/Circus-384x384.jpg 384w, https:\/\/www.visitbratislava.com\/wp-content\/uploads\/2023\/05\/Circus-784x784.jpg 784w, https:\/\/www.visitbratislava.com\/wp-content\/uploads\/2023\/05\/Circus.jpg 1440w\" sizes=\"(max-width: 800px) 100vw, 800px\" \/> <span style=\"font-size: 8pt;\"><em>Foto: Circus Street Food<\/em><\/span><\/p>\n<h3>4. SY RAJT<\/h3>\n<p>Perfektn\u00e1 maslov\u00e1 \u017eem\u013ea v spojen\u00ed s poctiv\u00fdm m\u00e4som, dom\u00e1cim deluxe dressingom a TROJITOU!! porciou cheddaru. A aby toho nebolo m\u00e1lo, v\u0161etko poliate cheddar om\u00e1\u010dkou! \u010co je lep\u0161ie ako poctiv\u00e9 Taco? Dve Tacos !! Poctiv\u00e1 kukuri\u010dn\u00e1 placka je z\u00e1klad, prid\u00e1me jemn\u00e9 hov\u00e4dzie m\u00e4sko z riadnou porciou ement\u00e1leru, ohniv\u00e9, na \u010derstvo nakr\u00e1jan\u00e9 Habanero a svie\u017eu limetku. Samozrejme kopa cheddaru na vrch. Ani vegetari\u00e1ni nezostan\u00fa hladn\u00ed. Arancini deepfried balls zo zeleninov\u00e9ho rizota, \u0161tyrmi druhmi syra a \u0161alviou \u010dakaj\u00fa! <a href=\"https:\/\/sites.google.com\/view\/syrajtlocalcheesestreetfood\/home\">Web<\/a><\/p>\n<p><img loading=\"lazy\" width=\"640\" height=\"800\" class=\"alignnone size-large wp-image-240158\" src=\"https:\/\/www.visitbratislava.com\/wp-content\/uploads\/2023\/05\/Syrajt-640x800.jpg\" alt=\"\" srcset=\"https:\/\/www.visitbratislava.com\/wp-content\/uploads\/2023\/05\/Syrajt-640x800.jpg 640w, https:\/\/www.visitbratislava.com\/wp-content\/uploads\/2023\/05\/Syrajt-320x400.jpg 320w, https:\/\/www.visitbratislava.com\/wp-content\/uploads\/2023\/05\/Syrajt-768x960.jpg 768w, https:\/\/www.visitbratislava.com\/wp-content\/uploads\/2023\/05\/Syrajt-1229x1536.jpg 1229w, https:\/\/www.visitbratislava.com\/wp-content\/uploads\/2023\/05\/Syrajt-160x200.jpg 160w, https:\/\/www.visitbratislava.com\/wp-content\/uploads\/2023\/05\/Syrajt.jpg 1440w\" sizes=\"(max-width: 640px) 100vw, 640px\" \/> <em><span style=\"font-size: 8pt;\">Foto: Sy Rajt<\/span><\/em><\/p>\n<h3>5. Orbis streetfood<\/h3>\n<p>Orbis \u201estreetfood z cel\u00e9ho sveta v centre Bratislavy\u201c pon\u00fakaj\u00fa hranolky, ktor\u00e9 s\u00fa upravovan\u00e9 pod\u013ea origin\u00e1lneho belgick\u00e9ho postupu z \u010derstv\u00fdch zemiakov a vypr\u00e1\u017ean\u00e9 na hov\u00e4dzej masti. Serv\u00edrovan\u00e9 s\u00fa v korn\u00fatoch a na v\u00fdber m\u00e1te z nieko\u013ek\u00fdch chutn\u00fdch belgick\u00fdch om\u00e1\u010dok. V ich ponuke okrem vych\u00fdren\u00fdch hranoliek n\u00e1jdete jedl\u00e1, ktor\u00e9 poch\u00e1dzaj\u00fa z r\u00f4znych k\u00fatov sveta. Menu pravidelne obnovuj\u00fa a neboja sa experimentova\u0165. Orbis streetfood n\u00e1jdete na Laurinskej ulici ne\u010faleko Primaci\u00e1lneho pal\u00e1ca. <a href=\"http:\/\/orbisfood.sk\/\" target=\"_blank\" rel=\"noopener noreferrer\">Web<\/a><\/p>\n<p><img loading=\"lazy\" width=\"800\" height=\"532\" class=\"alignnone size-large wp-image-240146\" src=\"https:\/\/www.visitbratislava.com\/wp-content\/uploads\/2023\/05\/Orbis-fb-800x532.jpg\" alt=\"\" srcset=\"https:\/\/www.visitbratislava.com\/wp-content\/uploads\/2023\/05\/Orbis-fb-800x532.jpg 800w, https:\/\/www.visitbratislava.com\/wp-content\/uploads\/2023\/05\/Orbis-fb-400x266.jpg 400w, https:\/\/www.visitbratislava.com\/wp-content\/uploads\/2023\/05\/Orbis-fb-768x510.jpg 768w, https:\/\/www.visitbratislava.com\/wp-content\/uploads\/2023\/05\/Orbis-fb-1536x1021.jpg 1536w, https:\/\/www.visitbratislava.com\/wp-content\/uploads\/2023\/05\/Orbis-fb-200x133.jpg 200w, https:\/\/www.visitbratislava.com\/wp-content\/uploads\/2023\/05\/Orbis-fb.jpg 2048w\" sizes=\"(max-width: 800px) 100vw, 800px\" \/><span style=\"font-size: 8pt;\"><em> Foto: Orbis Street Food<\/em><\/span><\/p>\n<h3>6. Burrito Fellas<\/h3>\n<p>Zvodn\u00e9, bohat\u00e9, jemn\u00e9 a absol\u00fatne chutn\u00e9 burit\u00e1. Burrito Fellas je ob\u013e\u00faben\u00e9 bratislavsk\u00e9 bistro pod\u00e1vaj\u00face mexick\u00e9 a tex-mex jedl\u00e1. <a href=\"https:\/\/www.facebook.com\/burritofellas\">Facebook<\/a><\/p>\n<p><img loading=\"lazy\" width=\"800\" height=\"530\" class=\"alignnone size-large wp-image-240139\" src=\"https:\/\/www.visitbratislava.com\/wp-content\/uploads\/2023\/05\/Burrito-rolls-fb-800x530.jpg\" alt=\"\" srcset=\"https:\/\/www.visitbratislava.com\/wp-content\/uploads\/2023\/05\/Burrito-rolls-fb-800x530.jpg 800w, https:\/\/www.visitbratislava.com\/wp-content\/uploads\/2023\/05\/Burrito-rolls-fb-400x265.jpg 400w, https:\/\/www.visitbratislava.com\/wp-content\/uploads\/2023\/05\/Burrito-rolls-fb-768x509.jpg 768w, https:\/\/www.visitbratislava.com\/wp-content\/uploads\/2023\/05\/Burrito-rolls-fb-1536x1017.jpg 1536w, https:\/\/www.visitbratislava.com\/wp-content\/uploads\/2023\/05\/Burrito-rolls-fb-200x132.jpg 200w, https:\/\/www.visitbratislava.com\/wp-content\/uploads\/2023\/05\/Burrito-rolls-fb.jpg 2048w\" sizes=\"(max-width: 800px) 100vw, 800px\" \/> <em><span style=\"font-size: 8pt;\">Foto: Burrito Fellas<\/span><\/em><\/p>\n<h3>7. Petr\u017ealsk\u00e9 lango\u0161e<\/h3>\n<p>Mimo centra ale za to hodn\u00e9 n\u00e1v\u0161tevy. V\u00fdlet si k tomuto kiosku spravili gurm\u00e1ni u\u017e z viac ako 100 kraj\u00edn! <a href=\"https:\/\/www.instagram.com\/petrzalskelangose\/\">Instagram<\/a><\/p>\n<p><img loading=\"lazy\" width=\"748\" height=\"748\" class=\"alignnone size-full wp-image-240133\" src=\"https:\/\/www.visitbratislava.com\/wp-content\/uploads\/2023\/05\/Petrzalske-langose-fb.jpg\" alt=\"\" srcset=\"https:\/\/www.visitbratislava.com\/wp-content\/uploads\/2023\/05\/Petrzalske-langose-fb.jpg 748w, https:\/\/www.visitbratislava.com\/wp-content\/uploads\/2023\/05\/Petrzalske-langose-fb-400x400.jpg 400w, https:\/\/www.visitbratislava.com\/wp-content\/uploads\/2023\/05\/Petrzalske-langose-fb-150x150.jpg 150w, https:\/\/www.visitbratislava.com\/wp-content\/uploads\/2023\/05\/Petrzalske-langose-fb-200x200.jpg 200w, https:\/\/www.visitbratislava.com\/wp-content\/uploads\/2023\/05\/Petrzalske-langose-fb-184x184.jpg 184w, https:\/\/www.visitbratislava.com\/wp-content\/uploads\/2023\/05\/Petrzalske-langose-fb-384x384.jpg 384w\" sizes=\"(max-width: 748px) 100vw, 748px\" \/><em><span style=\"font-size: 8pt;\"> Foto: Petr\u017ealsk\u00e9 lango\u0161e<\/span><\/em><\/p>\n<h3>8. Koun<\/h3>\n<p><a href=\"https:\/\/www.visitbratislava.com\/sk\/miesta\/koun-gelato-2\/\" target=\"_blank\" rel=\"noopener\">Koun<\/a> je ve\u013emi ob\u013e\u00faben\u00e1 a\u00a0vyh\u013ead\u00e1van\u00e1 gelat\u00e9ria v\u00a0srdci Bratislavy na Paul\u00ednyho ulici ne\u010faleko historickej budovy Slovensk\u00e9ho n\u00e1rodn\u00e9ho divadla. Majite\u013eka \u0161tudovala v\u00fdrobu zmrzliny priamo v\u00a0Taliansku a\u00a0otvoren\u00edm svojej vlastnej zmrzlin\u00e1rne si splnila svoj dlhoro\u010dn\u00fd sen. Zmrzlinu si vyr\u00e1baj\u00fa samy z\u00a0najkvalitnej\u0161\u00edch surov\u00edn a\u00a0bez umel\u00fdch pr\u00edsad.\u00a0Pr\u00edde si tu na svoje ka\u017ed\u00fd, kto vyh\u013ead\u00e1va netradi\u010dn\u00e9 pr\u00edchute. Ak chcete ochutna\u0165 k\u00fasok z Talianska v\u00a0centre Bratislavy, ur\u010dite sa tu zastavte. <a href=\"http:\/\/www.koun.sk\/home\/\" target=\"_blank\" rel=\"noopener noreferrer\">Web<\/a><\/p>\n<p><img loading=\"lazy\" width=\"450\" height=\"800\" class=\"alignnone size-large wp-image-237894\" src=\"https:\/\/www.visitbratislava.com\/wp-content\/uploads\/2015\/05\/20230416_134132-450x800.jpg\" alt=\"\" srcset=\"https:\/\/www.visitbratislava.com\/wp-content\/uploads\/2015\/05\/20230416_134132-450x800.jpg 450w, https:\/\/www.visitbratislava.com\/wp-content\/uploads\/2015\/05\/20230416_134132-225x400.jpg 225w, https:\/\/www.visitbratislava.com\/wp-content\/uploads\/2015\/05\/20230416_134132-768x1365.jpg 768w, https:\/\/www.visitbratislava.com\/wp-content\/uploads\/2015\/05\/20230416_134132-864x1536.jpg 864w, https:\/\/www.visitbratislava.com\/wp-content\/uploads\/2015\/05\/20230416_134132-1152x2048.jpg 1152w, https:\/\/www.visitbratislava.com\/wp-content\/uploads\/2015\/05\/20230416_134132-113x200.jpg 113w, https:\/\/www.visitbratislava.com\/wp-content\/uploads\/2015\/05\/20230416_134132-scaled.jpg 1440w\" sizes=\"(max-width: 450px) 100vw, 450px\" \/><\/p>\n<h3>9. Petite Cr\u00eaperie<\/h3>\n<p>Ak by ste \u010dakali od tejto palacink\u00e1rne zrolovan\u00e9 palacinky s d\u017eemom boli by ste na ve\u013ekom omyle. Palacink\u00e1re\u0148 s n\u00e1zvom Petite Cr\u00eaperie za vznikom, ktorej stoj\u00ed \u0161tudentka Veronika sa in\u0161pirovala po\u010das \u0161t\u00fadia v Par\u00ed\u017ei, kde s\u00fa palacink\u00e1rne na ka\u017edom rohu. Po n\u00e1vrate domov sa rozhodla, \u017ee si otvor\u00ed vlastn\u00fa palacink\u00e1re\u0148. V ponuke maj\u00fa sladk\u00e9, ale aj netradi\u010dnej\u0161ie slan\u00e9 palacinky pripravovan\u00e9 z poh\u00e1nkov\u00e9 cesta, ktor\u00e9 pril\u00e1kaj\u00fa najm\u00e4 \u013eud\u00ed, ktor\u00ed radi sk\u00fa\u0161aj\u00fa nov\u00e9 chute. Serv\u00edrovanie je tie\u017e nezvy\u010dajn\u00e9 nako\u013eko palacinky\u00a0 pod\u00e1vaj\u00fa v tvare korn\u00fata. Petite Cr\u00eaperie &#8211; pouli\u010dn\u00e9 palacinky s\u00fa spojen\u00edm malej palacink\u00e1rne, ktor\u00e1 pod\u00e1va ve\u013ek\u00e9 palacinky priamo na ulici. <a href=\"https:\/\/www.facebook.com\/petite.creperie.bratislava\/\" target=\"_blank\" rel=\"noopener noreferrer\">Facebook<\/a><\/p>\n<p><img loading=\"lazy\" width=\"640\" height=\"800\" class=\"alignnone size-large wp-image-240126\" src=\"https:\/\/www.visitbratislava.com\/wp-content\/uploads\/2023\/05\/Petite-creperie-fb-dom-640x800.jpg\" alt=\"\" srcset=\"https:\/\/www.visitbratislava.com\/wp-content\/uploads\/2023\/05\/Petite-creperie-fb-dom-640x800.jpg 640w, https:\/\/www.visitbratislava.com\/wp-content\/uploads\/2023\/05\/Petite-creperie-fb-dom-320x400.jpg 320w, https:\/\/www.visitbratislava.com\/wp-content\/uploads\/2023\/05\/Petite-creperie-fb-dom-768x960.jpg 768w, https:\/\/www.visitbratislava.com\/wp-content\/uploads\/2023\/05\/Petite-creperie-fb-dom-1229x1536.jpg 1229w, https:\/\/www.visitbratislava.com\/wp-content\/uploads\/2023\/05\/Petite-creperie-fb-dom-160x200.jpg 160w, https:\/\/www.visitbratislava.com\/wp-content\/uploads\/2023\/05\/Petite-creperie-fb-dom.jpg 1440w\" sizes=\"(max-width: 640px) 100vw, 640px\" \/> <em><span style=\"font-size: 8pt;\">Foto: Petite Cr\u00eaperie<\/span><\/em><\/p>\n<h3>10. Fresh Market<\/h3>\n<p>Unik\u00e1tne gastro prev\u00e1dzky a autentick\u00e9 obchody s kvalitn\u00fdm sortimentom, ktor\u00e9 prin\u00e1\u0161aj\u00fa celosvetov\u00e9 kuchyne a kult\u00fary pod jednu strechu. <a href=\"https:\/\/www.freshmarket.sk\/\">Web<\/a><\/p>\n<p><img loading=\"lazy\" width=\"800\" height=\"533\" class=\"alignnone size-large wp-image-240120\" src=\"https:\/\/www.visitbratislava.com\/wp-content\/uploads\/2023\/05\/Fresh-market-fb-stanky-800x533.jpg\" alt=\"\" srcset=\"https:\/\/www.visitbratislava.com\/wp-content\/uploads\/2023\/05\/Fresh-market-fb-stanky-800x533.jpg 800w, https:\/\/www.visitbratislava.com\/wp-content\/uploads\/2023\/05\/Fresh-market-fb-stanky-400x267.jpg 400w, https:\/\/www.visitbratislava.com\/wp-content\/uploads\/2023\/05\/Fresh-market-fb-stanky-768x512.jpg 768w, https:\/\/www.visitbratislava.com\/wp-content\/uploads\/2023\/05\/Fresh-market-fb-stanky-1536x1024.jpg 1536w, https:\/\/www.visitbratislava.com\/wp-content\/uploads\/2023\/05\/Fresh-market-fb-stanky-200x133.jpg 200w, https:\/\/www.visitbratislava.com\/wp-content\/uploads\/2023\/05\/Fresh-market-fb-stanky.jpg 2048w\" sizes=\"(max-width: 800px) 100vw, 800px\" \/><span style=\"font-size: 8pt;\"><em> Foto: Fresh Market<\/em><\/span><\/p>\n<p><iframe src=\"https:\/\/www.google.com\/maps\/d\/embed?mid=1xOMuf8oVagAjclBo3XIQznRQfB4\" width=\"1000\" height=\"480\"><span data-mce-type=\"bookmark\" style=\"display: inline-block; width: 0px; overflow: hidden; line-height: 0;\" class=\"mce_SELRES_start\">\ufeff<\/span><\/iframe><\/p>\n","protected":false},"excerpt":{"rendered":"<p>Street Food Park Festival pouli\u010dn\u00e9ho jedla alebo Street Food Park je sviatkom pre ka\u017ed\u00e9ho, kto miluje jedlo v\u00a0akejko\u013evek podobe. Na n\u00e1mest\u00ed pred Starou tr\u017enicou sa nieko\u013ekokr\u00e1t do roka odparkuj\u00fa pr\u00edvesy a foodtrucky, ktor\u00e9 pon\u00fakaj\u00fa kvalitn\u00e9 a\u00a0chutn\u00e9 \u201epouli\u010dn\u00e9 jedlo\u201c. \u00a0Ak ste veg\u00e1n, milujete hamburgery alebo si potrp\u00edte na slovensk\u00fdch vychyt\u00e1vkach, ur\u010dite sa tu zastavte a\u00a0nechajte sa [&hellip;]<\/p>\n","protected":false},"author":10,"featured_media":33102,"parent":0,"menu_order":0,"comment_status":"closed","ping_status":"closed","template":"","meta":[],"acf":[],"_links":{"self":[{"href":"https:\/\/www.visitbratislava.com\/sk\/wp-json\/wp\/v2\/pages\/32986"}],"collection":[{"href":"https:\/\/www.visitbratislava.com\/sk\/wp-json\/wp\/v2\/pages"}],"about":[{"href":"https:\/\/www.visitbratislava.com\/sk\/wp-json\/wp\/v2\/types\/page"}],"author":[{"embeddable":true,"href":"https:\/\/www.visitbratislava.com\/sk\/wp-json\/wp\/v2\/users\/10"}],"replies":[{"embeddable":true,"href":"https:\/\/www.visitbratislava.com\/sk\/wp-json\/wp\/v2\/comments?post=32986"}],"version-history":[{"count":10,"href":"https:\/\/www.visitbratislava.com\/sk\/wp-json\/wp\/v2\/pages\/32986\/revisions"}],"predecessor-version":[{"id":333657,"href":"https:\/\/www.visitbratislava.com\/sk\/wp-json\/wp\/v2\/pages\/32986\/revisions\/333657"}],"wp:featuredmedia":[{"embeddable":true,"href":"https:\/\/www.visitbratislava.com\/sk\/wp-json\/wp\/v2\/media\/33102"}],"wp:attachment":[{"href":"https:\/\/www.visitbratislava.com\/sk\/wp-json\/wp\/v2\/media?parent=32986"}],"curies":[{"name":"wp","href":"https:\/\/api.w.org\/{rel}","templated":true}]}}