{"id":33100,"date":"2017-05-31T15:02:16","date_gmt":"2017-05-31T13:02:16","guid":{"rendered":"https:\/\/www.visitbratislava.com\/?page_id=33100\/"},"modified":"2024-03-27T16:09:31","modified_gmt":"2024-03-27T15:09:31","slug":"korunovacie","status":"publish","type":"page","link":"https:\/\/www.visitbratislava.com\/sk\/korunovacie\/","title":{"rendered":"Korunov\u00e1cie"},"content":{"rendered":"<h2>Kr\u00e1\u013eovsk\u00e1 minulos\u0165<\/h2>\n<p>Bratislava, ktor\u00fa kedysi Slov\u00e1ci volali Pre\u0161porok, Nemci Pressburg a Ma\u010fari Pozsony sa stala korunova\u010dn\u00fdm mestom po tureckej okup\u00e1cii Uhorska, ke\u010f Turci obsadili aj dejisko korunov\u00e1ci\u00ed, mesto Stoli\u010dn\u00fd Belehrad (Sz\u00e9kesfeh\u00e9rv\u00e1r). V tom \u010dase bol Pre\u0161porok bezpe\u010dn\u00fdm miestom bl\u00edzko cis\u00e1rskeho reziden\u010dn\u00e9ho mesta Viedne, ktor\u00e9 si vybrali uhorsk\u00ed \u0161\u013eachtici, svetsk\u00ed a cirkevn\u00ed hodnost\u00e1ri za svoje \u00fato\u010disko.<\/p>\n<p>Od roku 1536 sa vtedaj\u0161ia <strong>Bratislava stala aj hlavn\u00fdm mestom Uhorska<\/strong>. V\u00a0hist\u00f3rii mal\u00e9ho mesta na Dunaji nastal rozmach, bolo spr\u00e1vnym centrom krajiny, s\u00eddlom kr\u00e1\u013ea, arcibiskupa a\u00a0uhorsk\u00e9ho snemu a\u00a0taktie\u017e korunova\u010dn\u00fdm mestom uhorsk\u00fdch kr\u00e1\u013eov.<\/p>\n<blockquote><p>V\u00a0D\u00f3me sv. Martina v\u00a0rokoch 1563 &#8211; 1830 korunovali 10 kr\u00e1\u013eov, 1 panuj\u00facu kr\u00e1\u013eovn\u00fa a\u00a07 kr\u00e1\u013eovsk\u00fdch man\u017eeliek.<\/p><\/blockquote>\n<p><strong>Prv\u00fdm korunovan\u00fdm panovn\u00edkom bol Maximili\u00e1n z\u00a0rodu Habsburgovcov<\/strong> a\u00a0sl\u00e1vna korunova\u010dn\u00e1 \u00e9ra Bratislavy kon\u010dila korunov\u00e1ciou Ferdinanda V. Jedinou v\u00a0Bratislave korunovanou vl\u00e1dnucou kr\u00e1\u013eovnou bola M\u00e1ria Ter\u00e9zia, ktor\u00e1 sl\u00e1vnostne prijala titul a korunu 25. j\u00fana 1741.<\/p>\n<p><img loading=\"lazy\" class=\"wp-image-31860 aligncenter\" src=\"https:\/\/www.visitbratislava.com\/wp-content\/uploads\/2017\/04\/numizmaticka-vystava-SNM_BA-Hrad_Kaiserin_Maria_Theresia_HRR-e1587723384526-602x800.jpg\" alt=\"\" width=\"400\" height=\"532\" srcset=\"https:\/\/www.visitbratislava.com\/wp-content\/uploads\/2017\/04\/numizmaticka-vystava-SNM_BA-Hrad_Kaiserin_Maria_Theresia_HRR-e1587723384526-602x800.jpg 602w, https:\/\/www.visitbratislava.com\/wp-content\/uploads\/2017\/04\/numizmaticka-vystava-SNM_BA-Hrad_Kaiserin_Maria_Theresia_HRR-e1587723384526-301x400.jpg 301w, https:\/\/www.visitbratislava.com\/wp-content\/uploads\/2017\/04\/numizmaticka-vystava-SNM_BA-Hrad_Kaiserin_Maria_Theresia_HRR-e1587723384526-768x1021.jpg 768w, https:\/\/www.visitbratislava.com\/wp-content\/uploads\/2017\/04\/numizmaticka-vystava-SNM_BA-Hrad_Kaiserin_Maria_Theresia_HRR-e1587723384526-150x200.jpg 150w, https:\/\/www.visitbratislava.com\/wp-content\/uploads\/2017\/04\/numizmaticka-vystava-SNM_BA-Hrad_Kaiserin_Maria_Theresia_HRR-e1587723384526.jpg 1258w\" sizes=\"(max-width: 400px) 100vw, 400px\" \/><\/p>\n<h2><a href=\"https:\/\/www.visitbratislava.com\/sk\/korunovacie\/svedkovia-korunovacii\/\" target=\"_blank\" rel=\"noopener noreferrer\">Svedkovia korunov\u00e1ci\u00ed<\/a><\/h2>\n<p>V\u00a0uliciach dne\u0161nej Bratislavy sa nach\u00e1dzaj\u00fa kostoly a\u00a0budovy, v\u00a0ktor\u00fdch sa odohr\u00e1vali historick\u00e9 udalosti, st\u00e1le tu stoja\u00a0domy, ktor\u00e9 lemovali trasu korunova\u010dn\u00e9ho sprievodu a\u00a0existuj\u00fa n\u00e1mestia, ktor\u00e9 boli svedkami korunova\u010dn\u00e9ho obradu. <strong>\u010cas\u0165 trasy p\u00f4vodn\u00e9ho korunova\u010dn\u00e9ho sprievodu je dnes vyzna\u010den\u00e1 mosadzn\u00fdmi korunkami v\u00a0dla\u017ebe<\/strong>.<\/p>\n<h2>Objavte korunova\u010dn\u00fa Bratislavu<\/h2>\n<p>Vydajte sa po stop\u00e1ch kr\u00e1\u013eov a absolvujte \u010das\u0165 trasy p\u00f4vodn\u00e9ho korunova\u010dn\u00e9ho sprievodu po\u010das sprev\u00e1dzan\u00fdch <a href=\"https:\/\/www.visitbratislava.com\/sk\/bratislavske-korunovacne-dni\/prehliadky-pocas-bratislavskych-korunovacnych-dni\/\" target=\"_blank\" rel=\"noopener\">korunova\u010dn\u00fdch prehliadok<\/a>, ktor\u00e9 organizuje Turistick\u00e9 informa\u010dn\u00e9 centrum mesta a vybran\u00e9 cestovn\u00e9 kancel\u00e1rie. Objavte miesta, ktor\u00e9 d\u00fdchaj\u00fa hist\u00f3riou a boli svedkami sl\u00e1vnych korunov\u00e1ci\u00ed.<\/p>\n<p>Kr\u00e1\u013eovsk\u00e1 minulos\u0165 o\u017e\u00edva po\u010das<a href=\"https:\/\/www.visitbratislava.com\/sk\/bratislavske-korunovacne-dni\/\" target=\"_blank\" rel=\"noopener\"> Bratislavsk\u00fdch korunova\u010dn\u00fdch dn\u00ed<\/a>, kedy sa n\u00e1v\u0161tevn\u00edci stan\u00fa priamymi \u00fa\u010dastn\u00edkmi zinscenovanej cerem\u00f3nie nad\u0161encov v dobov\u00fdch kost\u00fdmoch. Viacd\u0148ov\u00e9 sl\u00e1vnosti sprev\u00e1dza mno\u017estvo podujat\u00ed, rytierske hry, divadeln\u00e9 a hudobn\u00e9 predstavenia, predn\u00e1\u0161ky a v\u00fdstavy, sprev\u00e1dzan\u00e9 prehliadky a z\u00e1bava pre v\u0161etk\u00fdch.<\/p>\n<p><img loading=\"lazy\" width=\"800\" height=\"600\" class=\"alignnone size-large wp-image-243170\" src=\"https:\/\/www.visitbratislava.com\/wp-content\/uploads\/2014\/11\/Karol-Srnec_BKD-2022_korunovacne-dni_ba-hrad_Tyrsovo-nabrezie_kone_nevyhradna-licencia_casovo-neobmedzena-36-800x600.jpg\" alt=\"\" srcset=\"https:\/\/www.visitbratislava.com\/wp-content\/uploads\/2014\/11\/Karol-Srnec_BKD-2022_korunovacne-dni_ba-hrad_Tyrsovo-nabrezie_kone_nevyhradna-licencia_casovo-neobmedzena-36-800x600.jpg 800w, https:\/\/www.visitbratislava.com\/wp-content\/uploads\/2014\/11\/Karol-Srnec_BKD-2022_korunovacne-dni_ba-hrad_Tyrsovo-nabrezie_kone_nevyhradna-licencia_casovo-neobmedzena-36-400x300.jpg 400w, https:\/\/www.visitbratislava.com\/wp-content\/uploads\/2014\/11\/Karol-Srnec_BKD-2022_korunovacne-dni_ba-hrad_Tyrsovo-nabrezie_kone_nevyhradna-licencia_casovo-neobmedzena-36-768x576.jpg 768w, https:\/\/www.visitbratislava.com\/wp-content\/uploads\/2014\/11\/Karol-Srnec_BKD-2022_korunovacne-dni_ba-hrad_Tyrsovo-nabrezie_kone_nevyhradna-licencia_casovo-neobmedzena-36-1536x1152.jpg 1536w, https:\/\/www.visitbratislava.com\/wp-content\/uploads\/2014\/11\/Karol-Srnec_BKD-2022_korunovacne-dni_ba-hrad_Tyrsovo-nabrezie_kone_nevyhradna-licencia_casovo-neobmedzena-36-2048x1536.jpg 2048w, https:\/\/www.visitbratislava.com\/wp-content\/uploads\/2014\/11\/Karol-Srnec_BKD-2022_korunovacne-dni_ba-hrad_Tyrsovo-nabrezie_kone_nevyhradna-licencia_casovo-neobmedzena-36-200x150.jpg 200w, https:\/\/www.visitbratislava.com\/wp-content\/uploads\/2014\/11\/Karol-Srnec_BKD-2022_korunovacne-dni_ba-hrad_Tyrsovo-nabrezie_kone_nevyhradna-licencia_casovo-neobmedzena-36-600x450.jpg 600w\" sizes=\"(max-width: 800px) 100vw, 800px\" \/><\/p>\n","protected":false},"excerpt":{"rendered":"<p>Kr\u00e1\u013eovsk\u00e1 minulos\u0165 Bratislava, ktor\u00fa kedysi Slov\u00e1ci volali Pre\u0161porok, Nemci Pressburg a Ma\u010fari Pozsony sa stala korunova\u010dn\u00fdm mestom po tureckej okup\u00e1cii Uhorska, ke\u010f Turci obsadili aj dejisko korunov\u00e1ci\u00ed, mesto Stoli\u010dn\u00fd Belehrad (Sz\u00e9kesfeh\u00e9rv\u00e1r). V tom \u010dase bol Pre\u0161porok bezpe\u010dn\u00fdm miestom bl\u00edzko cis\u00e1rskeho reziden\u010dn\u00e9ho mesta Viedne, ktor\u00e9 si vybrali uhorsk\u00ed \u0161\u013eachtici, svetsk\u00ed a cirkevn\u00ed hodnost\u00e1ri za svoje \u00fato\u010disko. [&hellip;]<\/p>\n","protected":false},"author":10,"featured_media":77674,"parent":0,"menu_order":0,"comment_status":"closed","ping_status":"closed","template":"","meta":[],"acf":[],"_links":{"self":[{"href":"https:\/\/www.visitbratislava.com\/sk\/wp-json\/wp\/v2\/pages\/33100"}],"collection":[{"href":"https:\/\/www.visitbratislava.com\/sk\/wp-json\/wp\/v2\/pages"}],"about":[{"href":"https:\/\/www.visitbratislava.com\/sk\/wp-json\/wp\/v2\/types\/page"}],"author":[{"embeddable":true,"href":"https:\/\/www.visitbratislava.com\/sk\/wp-json\/wp\/v2\/users\/10"}],"replies":[{"embeddable":true,"href":"https:\/\/www.visitbratislava.com\/sk\/wp-json\/wp\/v2\/comments?post=33100"}],"version-history":[{"count":10,"href":"https:\/\/www.visitbratislava.com\/sk\/wp-json\/wp\/v2\/pages\/33100\/revisions"}],"predecessor-version":[{"id":287965,"href":"https:\/\/www.visitbratislava.com\/sk\/wp-json\/wp\/v2\/pages\/33100\/revisions\/287965"}],"wp:featuredmedia":[{"embeddable":true,"href":"https:\/\/www.visitbratislava.com\/sk\/wp-json\/wp\/v2\/media\/77674"}],"wp:attachment":[{"href":"https:\/\/www.visitbratislava.com\/sk\/wp-json\/wp\/v2\/media?parent=33100"}],"curies":[{"name":"wp","href":"https:\/\/api.w.org\/{rel}","templated":true}]}}