{"id":33226,"date":"2017-06-02T13:45:40","date_gmt":"2017-06-02T11:45:40","guid":{"rendered":"https:\/\/www.visitbratislava.com\/?page_id=33226\/"},"modified":"2017-06-02T16:23:41","modified_gmt":"2017-06-02T14:23:41","slug":"360view","status":"publish","type":"page","link":"https:\/\/www.visitbratislava.com\/sk\/mariatheresa\/360view\/","title":{"rendered":"360\u00b0"},"content":{"rendered":"<p>Korzo<br \/>\n\n    <iframe width=\"100%\" height=\"360\" scrolling=\"no\" allowfullscreen src=\"https:\/\/www.visitbratislava.com\/wp-content\/plugins\/wp-vr-view\/asset\/index.html?image=https:\/\/www.visitbratislava.com\/wp-content\/uploads\/2017\/06\/360_07-SedlarskaKorzo-MT.jpg&is_stereo=false\"><\/iframe>\n\n  <\/p>\n<p>D\u00f3m sv. Martina<br \/>\n\n    <iframe width=\"100%\" height=\"360\" scrolling=\"no\" allowfullscreen src=\"https:\/\/www.visitbratislava.com\/wp-content\/plugins\/wp-vr-view\/asset\/index.html?image=https:\/\/www.visitbratislava.com\/wp-content\/uploads\/2017\/06\/360_09-SvMartina.MostSNP-MT.jpg&is_stereo=false\"><\/iframe>\n\n  <\/p>\n<p>Hrad<br \/>\n\n    <iframe width=\"100%\" height=\"360\" scrolling=\"no\" allowfullscreen src=\"https:\/\/www.visitbratislava.com\/wp-content\/plugins\/wp-vr-view\/asset\/index.html?image=https:\/\/www.visitbratislava.com\/wp-content\/uploads\/2017\/06\/360_10-Hrad-MT.jpg&is_stereo=false\"><\/iframe>\n\n  <\/p>\n<p>Grassalkovichova z\u00e1hrada<br \/>\n\n    <iframe width=\"100%\" height=\"360\" scrolling=\"no\" allowfullscreen src=\"https:\/\/www.visitbratislava.com\/wp-content\/plugins\/wp-vr-view\/asset\/index.html?image=https:\/\/www.visitbratislava.com\/wp-content\/uploads\/2017\/06\/360_15-Zahrada.Prezidentsky-MT.jpg&is_stereo=false\"><\/iframe>\n\n  <\/p>\n<p>Primaci\u00e1lne n\u00e1mestie<br \/>\n\n    <iframe width=\"100%\" height=\"360\" scrolling=\"no\" allowfullscreen src=\"https:\/\/www.visitbratislava.com\/wp-content\/plugins\/wp-vr-view\/asset\/index.html?image=https:\/\/www.visitbratislava.com\/wp-content\/uploads\/2017\/06\/360_06-Primacialne-MT.jpg&is_stereo=false\"><\/iframe>\n\n  <\/p>\n","protected":false},"excerpt":{"rendered":"<p>Korzo D\u00f3m sv. Martina Hrad Grassalkovichova z\u00e1hrada Primaci\u00e1lne n\u00e1mestie<\/p>\n","protected":false},"author":10,"featured_media":33088,"parent":32561,"menu_order":0,"comment_status":"closed","ping_status":"closed","template":"","meta":[],"acf":[],"_links":{"self":[{"href":"https:\/\/www.visitbratislava.com\/sk\/wp-json\/wp\/v2\/pages\/33226"}],"collection":[{"href":"https:\/\/www.visitbratislava.com\/sk\/wp-json\/wp\/v2\/pages"}],"about":[{"href":"https:\/\/www.visitbratislava.com\/sk\/wp-json\/wp\/v2\/types\/page"}],"author":[{"embeddable":true,"href":"https:\/\/www.visitbratislava.com\/sk\/wp-json\/wp\/v2\/users\/10"}],"replies":[{"embeddable":true,"href":"https:\/\/www.visitbratislava.com\/sk\/wp-json\/wp\/v2\/comments?post=33226"}],"version-history":[{"count":0,"href":"https:\/\/www.visitbratislava.com\/sk\/wp-json\/wp\/v2\/pages\/33226\/revisions"}],"up":[{"embeddable":true,"href":"https:\/\/www.visitbratislava.com\/sk\/wp-json\/wp\/v2\/pages\/32561"}],"wp:featuredmedia":[{"embeddable":true,"href":"https:\/\/www.visitbratislava.com\/sk\/wp-json\/wp\/v2\/media\/33088"}],"wp:attachment":[{"href":"https:\/\/www.visitbratislava.com\/sk\/wp-json\/wp\/v2\/media?parent=33226"}],"curies":[{"name":"wp","href":"https:\/\/api.w.org\/{rel}","templated":true}]}}