{"id":33395,"date":"2017-06-07T11:32:40","date_gmt":"2017-06-07T09:32:40","guid":{"rendered":"https:\/\/www.visitbratislava.com\/?page_id=33395\/"},"modified":"2024-08-01T15:20:44","modified_gmt":"2024-08-01T13:20:44","slug":"svedkovia-korunovacii","status":"publish","type":"page","link":"https:\/\/www.visitbratislava.com\/sk\/korunovacie\/svedkovia-korunovacii\/","title":{"rendered":"Svedkovia korunov\u00e1ci\u00ed"},"content":{"rendered":"<h2>D\u00f3m sv. Martina<\/h2>\n<p>D\u00f3m zasv\u00e4ten\u00fd sv\u00e4t\u00e9mu biskupovi Martinovi z\u00a0Tours a\u00a0Najsv\u00e4tej\u0161iemu Spasite\u013eovi nebol s\u00edce najreprezentat\u00edvnej\u0161\u00ed chr\u00e1m Uhorska, ale kv\u00f4li v\u00fdhodn\u00e9mu situovaniu v\u00a0meste, ktor\u00e9 nebolo okupovan\u00e9 Turkami a\u00a0bolo bl\u00edzko Viedne, \u00a0sa stal na takmer tri storo\u010dia korunova\u010dn\u00fdm chr\u00e1mom. Korunova\u010dn\u00e9 sl\u00e1vnosti pripom\u00edna dodnes model pozl\u00e1tenej uhorskej koruny na vrchole ve\u017ee, ne\u00fapln\u00fd zoznam korunovan\u00fdch kr\u00e1\u013eov a\u00a0kr\u00e1\u013eovien nama\u013eovan\u00fd na stene v\u013eavo od olt\u00e1ra. V\u00a0krypt\u00e1ch katedr\u00e1ly odpo\u010d\u00edvaj\u00fa mnoh\u00ed biskupi a\u00a0\u0161\u013eachtici, ktor\u00ed sa z\u00fa\u010dast\u0148ovali korunov\u00e1ci\u00ed.<\/p>\n<p><img loading=\"lazy\" width=\"800\" height=\"600\" class=\"aligncenter size-large wp-image-110139\" src=\"https:\/\/www.visitbratislava.com\/wp-content\/uploads\/2021\/08\/zdronu_Stare-Mesto_Dom-Sv.-Martina_dron_nevyhradna-licencia-casovo-neobmedzena-800x600.jpg\" alt=\"\" srcset=\"https:\/\/www.visitbratislava.com\/wp-content\/uploads\/2021\/08\/zdronu_Stare-Mesto_Dom-Sv.-Martina_dron_nevyhradna-licencia-casovo-neobmedzena-800x600.jpg 800w, https:\/\/www.visitbratislava.com\/wp-content\/uploads\/2021\/08\/zdronu_Stare-Mesto_Dom-Sv.-Martina_dron_nevyhradna-licencia-casovo-neobmedzena-400x300.jpg 400w, https:\/\/www.visitbratislava.com\/wp-content\/uploads\/2021\/08\/zdronu_Stare-Mesto_Dom-Sv.-Martina_dron_nevyhradna-licencia-casovo-neobmedzena-768x576.jpg 768w, https:\/\/www.visitbratislava.com\/wp-content\/uploads\/2021\/08\/zdronu_Stare-Mesto_Dom-Sv.-Martina_dron_nevyhradna-licencia-casovo-neobmedzena-1536x1151.jpg 1536w, https:\/\/www.visitbratislava.com\/wp-content\/uploads\/2021\/08\/zdronu_Stare-Mesto_Dom-Sv.-Martina_dron_nevyhradna-licencia-casovo-neobmedzena-2048x1535.jpg 2048w, https:\/\/www.visitbratislava.com\/wp-content\/uploads\/2021\/08\/zdronu_Stare-Mesto_Dom-Sv.-Martina_dron_nevyhradna-licencia-casovo-neobmedzena-200x150.jpg 200w, https:\/\/www.visitbratislava.com\/wp-content\/uploads\/2021\/08\/zdronu_Stare-Mesto_Dom-Sv.-Martina_dron_nevyhradna-licencia-casovo-neobmedzena-600x450.jpg 600w\" sizes=\"(max-width: 800px) 100vw, 800px\" \/><\/p>\n<h2>Bratislavsk\u00fd hrad<\/h2>\n<p>Symbolom dne\u0161nej Bratislavy je <strong>hrad<\/strong>, ktor\u00fd bol od roku 1536 rezidenciou uhorsk\u00fdch kr\u00e1\u013eov a\u00a0v\u00a0jeho juhoz\u00e1padnej ve\u017ei od roku 1784 str\u00e1\u017eili korunova\u010dn\u00e9 klenoty. Jeho honosn\u00e9 priestory sa zaplnili vzne\u0161en\u00fdmi hos\u0165ami najm\u00e4 pri korunov\u00e1ci\u00e1ch. Po po\u017eiari v\u00a0r. 1811 prechodn\u00fdm s\u00eddlom panovn\u00edkov sa stal Primaci\u00e1lny pal\u00e1c a\u00a0Grassalkovichov pal\u00e1c.<\/p>\n<p><img loading=\"lazy\" width=\"800\" height=\"533\" class=\"aligncenter size-full wp-image-107073\" src=\"https:\/\/www.visitbratislava.com\/wp-content\/uploads\/2021\/06\/Kovac-Bratislavsky-hrad-dron.jpg\" alt=\"\" srcset=\"https:\/\/www.visitbratislava.com\/wp-content\/uploads\/2021\/06\/Kovac-Bratislavsky-hrad-dron.jpg 800w, https:\/\/www.visitbratislava.com\/wp-content\/uploads\/2021\/06\/Kovac-Bratislavsky-hrad-dron-400x267.jpg 400w, https:\/\/www.visitbratislava.com\/wp-content\/uploads\/2021\/06\/Kovac-Bratislavsky-hrad-dron-768x512.jpg 768w, https:\/\/www.visitbratislava.com\/wp-content\/uploads\/2021\/06\/Kovac-Bratislavsky-hrad-dron-200x133.jpg 200w\" sizes=\"(max-width: 800px) 100vw, 800px\" \/><\/p>\n<h2>Hlavn\u00e9 n\u00e1mestie<\/h2>\n<p><strong>Hlavn\u00e9mu n\u00e1mestiu<\/strong> dominuje font\u00e1na, ktor\u00fa dal postavi\u0165 so svojou podobiz\u0148ou Maximili\u00e1n, prv\u00fd panovn\u00edk korunovan\u00fd v\u00a0meste. Len p\u00e1r krokov odtia\u013e sa nach\u00e1dza aj franti\u0161k\u00e1nsky kostol, kde panovn\u00edk pasoval rytierov a\u00a0Primaci\u00e1lny pal\u00e1c, s\u00eddlo arcibiskupa, v\u00a0ktorom sa ubytovali aj kr\u00e1li, pr\u00edpadne sa tam konala korunova\u010dn\u00e1 hostina.<\/p>\n<p><img loading=\"lazy\" width=\"800\" height=\"534\" class=\"aligncenter size-large wp-image-66583\" src=\"https:\/\/www.visitbratislava.com\/wp-content\/uploads\/2019\/09\/Radnica-2-800x534.jpg\" alt=\"\" srcset=\"https:\/\/www.visitbratislava.com\/wp-content\/uploads\/2019\/09\/Radnica-2-800x534.jpg 800w, https:\/\/www.visitbratislava.com\/wp-content\/uploads\/2019\/09\/Radnica-2-400x267.jpg 400w, https:\/\/www.visitbratislava.com\/wp-content\/uploads\/2019\/09\/Radnica-2-768x513.jpg 768w, https:\/\/www.visitbratislava.com\/wp-content\/uploads\/2019\/09\/Radnica-2-200x134.jpg 200w\" sizes=\"(max-width: 800px) 100vw, 800px\" \/><\/p>\n<h2>Michalsk\u00e1 br\u00e1na<\/h2>\n<p><strong>Michalsk\u00e1 br\u00e1na<\/strong> je posledn\u00e1 zachoval\u00e1 br\u00e1na z mestsk\u00e9ho opevnenia. Je pomenovan\u00e1 po archanjelovi Michalovi. Cez t\u00fato br\u00e1nu op\u00fa\u0161\u0165al korunova\u010dn\u00fd sprievod mesto a na vo\u013enom priestranstve za mestsk\u00fdm opevnen\u00edm nov\u00fd panovn\u00edk zlo\u017eil sl\u00e1vnostn\u00fa pr\u00edsahu. <em>*Michalsk\u00e1 br\u00e1na je moment\u00e1lne v rekon\u0161trukcii.<\/em><\/p>\n<p><img loading=\"lazy\" width=\"800\" height=\"533\" class=\"alignnone size-large wp-image-249846\" src=\"https:\/\/www.visitbratislava.com\/wp-content\/uploads\/2023\/07\/0N2A0088-Enhanced-NRa-800x533.jpg\" alt=\"\" srcset=\"https:\/\/www.visitbratislava.com\/wp-content\/uploads\/2023\/07\/0N2A0088-Enhanced-NRa-800x533.jpg 800w, https:\/\/www.visitbratislava.com\/wp-content\/uploads\/2023\/07\/0N2A0088-Enhanced-NRa-400x267.jpg 400w, https:\/\/www.visitbratislava.com\/wp-content\/uploads\/2023\/07\/0N2A0088-Enhanced-NRa-768x512.jpg 768w, https:\/\/www.visitbratislava.com\/wp-content\/uploads\/2023\/07\/0N2A0088-Enhanced-NRa-1536x1024.jpg 1536w, https:\/\/www.visitbratislava.com\/wp-content\/uploads\/2023\/07\/0N2A0088-Enhanced-NRa-2048x1365.jpg 2048w, https:\/\/www.visitbratislava.com\/wp-content\/uploads\/2023\/07\/0N2A0088-Enhanced-NRa-200x133.jpg 200w\" sizes=\"(max-width: 800px) 100vw, 800px\" \/><\/p>\n<h2>Korunova\u010dn\u00e9 predmety<\/h2>\n<p>Okrem historick\u00fdch budov a\u00a0pamiatok sa z\u00a0korunova\u010dn\u00e9ho obdobia zachovali aj sakr\u00e1lne predmety v\u00a0D\u00f3me sv. Martina, korunova\u010dn\u00e9 medaily, \u017eet\u00f3ny a\u00a0predmety spojen\u00e9 s\u00a0korunov\u00e1ciami v\u00a0zbierkach Slovensk\u00e9ho n\u00e1rodn\u00e9ho m\u00fazea a\u00a0M\u00fazea mesta Bratislava, obrazy a\u00a0p\u00edsomnosti v\u00a0zbierkach Gal\u00e9rie mesta Bratislava a\u00a0Mestsk\u00e9ho arch\u00edvu.<\/p>\n<p><img loading=\"lazy\" width=\"800\" height=\"600\" class=\"alignnone size-large wp-image-240955\" src=\"https:\/\/www.visitbratislava.com\/wp-content\/uploads\/2018\/07\/Srnec_leto_2021_korunovacie-2021_kupene_nevyhradna-licencia-casovo-neobmedzena-60-800x600.jpg\" alt=\"\" srcset=\"https:\/\/www.visitbratislava.com\/wp-content\/uploads\/2018\/07\/Srnec_leto_2021_korunovacie-2021_kupene_nevyhradna-licencia-casovo-neobmedzena-60-800x600.jpg 800w, https:\/\/www.visitbratislava.com\/wp-content\/uploads\/2018\/07\/Srnec_leto_2021_korunovacie-2021_kupene_nevyhradna-licencia-casovo-neobmedzena-60-400x300.jpg 400w, https:\/\/www.visitbratislava.com\/wp-content\/uploads\/2018\/07\/Srnec_leto_2021_korunovacie-2021_kupene_nevyhradna-licencia-casovo-neobmedzena-60-768x576.jpg 768w, https:\/\/www.visitbratislava.com\/wp-content\/uploads\/2018\/07\/Srnec_leto_2021_korunovacie-2021_kupene_nevyhradna-licencia-casovo-neobmedzena-60-1536x1152.jpg 1536w, https:\/\/www.visitbratislava.com\/wp-content\/uploads\/2018\/07\/Srnec_leto_2021_korunovacie-2021_kupene_nevyhradna-licencia-casovo-neobmedzena-60-2048x1536.jpg 2048w, https:\/\/www.visitbratislava.com\/wp-content\/uploads\/2018\/07\/Srnec_leto_2021_korunovacie-2021_kupene_nevyhradna-licencia-casovo-neobmedzena-60-200x150.jpg 200w, https:\/\/www.visitbratislava.com\/wp-content\/uploads\/2018\/07\/Srnec_leto_2021_korunovacie-2021_kupene_nevyhradna-licencia-casovo-neobmedzena-60-600x450.jpg 600w\" sizes=\"(max-width: 800px) 100vw, 800px\" \/><\/p>\n","protected":false},"excerpt":{"rendered":"<p>Prejdite sa centrom Bratislavy k budov\u00e1m, ktor\u00e9 boli svedkami korunova\u010dnej minulosti mesta, po\u0161epn\u00fa v\u00e1m pestr\u00e9 pr\u00edbehy.<\/p>\n","protected":false},"author":10,"featured_media":73599,"parent":33100,"menu_order":0,"comment_status":"closed","ping_status":"closed","template":"","meta":[],"acf":[],"_links":{"self":[{"href":"https:\/\/www.visitbratislava.com\/sk\/wp-json\/wp\/v2\/pages\/33395"}],"collection":[{"href":"https:\/\/www.visitbratislava.com\/sk\/wp-json\/wp\/v2\/pages"}],"about":[{"href":"https:\/\/www.visitbratislava.com\/sk\/wp-json\/wp\/v2\/types\/page"}],"author":[{"embeddable":true,"href":"https:\/\/www.visitbratislava.com\/sk\/wp-json\/wp\/v2\/users\/10"}],"replies":[{"embeddable":true,"href":"https:\/\/www.visitbratislava.com\/sk\/wp-json\/wp\/v2\/comments?post=33395"}],"version-history":[{"count":8,"href":"https:\/\/www.visitbratislava.com\/sk\/wp-json\/wp\/v2\/pages\/33395\/revisions"}],"predecessor-version":[{"id":305282,"href":"https:\/\/www.visitbratislava.com\/sk\/wp-json\/wp\/v2\/pages\/33395\/revisions\/305282"}],"up":[{"embeddable":true,"href":"https:\/\/www.visitbratislava.com\/sk\/wp-json\/wp\/v2\/pages\/33100"}],"wp:featuredmedia":[{"embeddable":true,"href":"https:\/\/www.visitbratislava.com\/sk\/wp-json\/wp\/v2\/media\/73599"}],"wp:attachment":[{"href":"https:\/\/www.visitbratislava.com\/sk\/wp-json\/wp\/v2\/media?parent=33395"}],"curies":[{"name":"wp","href":"https:\/\/api.w.org\/{rel}","templated":true}]}}