{"id":34021,"date":"2017-06-28T11:27:38","date_gmt":"2017-06-28T09:27:38","guid":{"rendered":"https:\/\/www.visitbratislava.com\/?page_id=34021\/"},"modified":"2025-10-09T11:24:25","modified_gmt":"2025-10-09T09:24:25","slug":"top-10-modernych-budov-v-bratislave","status":"publish","type":"page","link":"https:\/\/www.visitbratislava.com\/sk\/top-10-modernych-budov-v-bratislave\/","title":{"rendered":"Top 10 modern\u00fdch budov v Bratislave"},"content":{"rendered":"<p><iframe src=\"https:\/\/www.google.com\/maps\/d\/embed?mid=1eC1xTNyBM2fuu8jhCqr9vxoOf2o&amp;hl=sk\" width=\"1000\" height=\"480\"><\/iframe><\/p>\n<h3>1. Eurovea<\/h3>\n<p>Modern\u00e9 n\u00e1kupn\u00e9 centrum otvorilo svoje br\u00e1ny v\u00a0roku 2010 a\u00a0stalo sa ob\u013e\u00faben\u00fdm miestom na n\u00e1kupy, b\u00fdvanie a\u00a0oddych v\u010faka atrakt\u00edvnej polohe priamo na brehu Dunaja. Okrem v\u0161etk\u00fdch ve\u013ek\u00fdch zna\u010diek tu n\u00e1jdete aj skvel\u00e9 re\u0161taur\u00e1cie a\u00a0kaviarne s\u00a0terasami len p\u00e1r metrov od Dunaja, ktor\u00e9 s\u00fa ide\u00e1lnym \u00fato\u010diskom po\u010das hor\u00facich letn\u00fdch dn\u00ed \u010di dlh\u00fdch zimn\u00fdch ve\u010derov.<\/p>\n<p><img loading=\"lazy\" width=\"800\" height=\"533\" class=\"alignnone size-large wp-image-67815\" src=\"https:\/\/www.visitbratislava.com\/wp-content\/uploads\/2015\/02\/eurovea-event-2-800x533.jpg\" alt=\"\" srcset=\"https:\/\/www.visitbratislava.com\/wp-content\/uploads\/2015\/02\/eurovea-event-2-800x533.jpg 800w, https:\/\/www.visitbratislava.com\/wp-content\/uploads\/2015\/02\/eurovea-event-2-400x267.jpg 400w, https:\/\/www.visitbratislava.com\/wp-content\/uploads\/2015\/02\/eurovea-event-2-768x512.jpg 768w, https:\/\/www.visitbratislava.com\/wp-content\/uploads\/2015\/02\/eurovea-event-2-200x133.jpg 200w\" sizes=\"(max-width: 800px) 100vw, 800px\" \/><\/p>\n<h3>2. River Park<\/h3>\n<p>Apartm\u00e1ny, luxusn\u00fd hotel a\u00a0re\u0161taur\u00e1cie, n\u00e1dhern\u00fd poh\u013ead na Dunaj \u010di oddychov\u00e1 z\u00f3na s\u00a0mno\u017estvom zelene \u2013 to v\u0161etko na v\u00e1s \u010dak\u00e1 pri n\u00e1v\u0161teve multifunk\u010dn\u00e9ho komplexu River Park. N\u00e1jdete tu aj tane\u010dn\u00fa \u0161kolu a\u00a0exkluz\u00edvne spa s\u00a0najlep\u0161\u00edm v\u00fdh\u013eadom. Zaru\u010den\u00fd relax s\u00a0poh\u013eadom na z\u00e1pad slnka si m\u00f4\u017eete dopria\u0165 pri drinku na letnej terase Grand Hotel River Park.<\/p>\n<p><img loading=\"lazy\" width=\"800\" height=\"450\" class=\"alignnone size-large wp-image-75269\" src=\"https:\/\/www.visitbratislava.com\/wp-content\/uploads\/2020\/03\/nabrezie-dunaj-riverpark-800x450.jpg\" alt=\"\" srcset=\"https:\/\/www.visitbratislava.com\/wp-content\/uploads\/2020\/03\/nabrezie-dunaj-riverpark-800x450.jpg 800w, https:\/\/www.visitbratislava.com\/wp-content\/uploads\/2020\/03\/nabrezie-dunaj-riverpark-400x225.jpg 400w, https:\/\/www.visitbratislava.com\/wp-content\/uploads\/2020\/03\/nabrezie-dunaj-riverpark-768x432.jpg 768w, https:\/\/www.visitbratislava.com\/wp-content\/uploads\/2020\/03\/nabrezie-dunaj-riverpark-200x113.jpg 200w\" sizes=\"(max-width: 800px) 100vw, 800px\" \/><\/p>\n<h3>3. Danubiana Meulensteen Art Museum<\/h3>\n<p>M\u00fazeum modern\u00e9ho umenia sa nach\u00e1dza kr\u00e1tku jazdu autom \u010di autobusom z\u00a0centra mesta. Po\u010das letn\u00fdch mesiacov odpor\u00fa\u010dame v\u00fdlet lo\u010fou po Dunaji priamo do m\u00fazea. Cel\u00fd are\u00e1l obklopuje park s\u00a0rozlohou vy\u0161e 8000 m2, v\u00a0ktorom n\u00e1jdete v\u00a0st\u00e1lej expoz\u00edci\u00ed sochy od slovensk\u00fdch a\u00a0svetov\u00fdch autorov. Svoju n\u00e1v\u0161tevu m\u00f4\u017eete obohati\u0165 aj o\u00a0k\u00e1vu s\u00a0kol\u00e1\u010dom s\u00a0t\u00fdm najlep\u0161\u00edm v\u00fdh\u013eadom na Dunaj v\u010faka panoramatick\u00fdm okn\u00e1m.<\/p>\n<p><img loading=\"lazy\" width=\"800\" height=\"477\" class=\"alignnone size-large wp-image-351852\" src=\"https:\/\/www.visitbratislava.com\/wp-content\/uploads\/2025\/09\/Danubiana-3-scaled-1-800x477.jpg\" alt=\"\" srcset=\"https:\/\/www.visitbratislava.com\/wp-content\/uploads\/2025\/09\/Danubiana-3-scaled-1-800x477.jpg 800w, https:\/\/www.visitbratislava.com\/wp-content\/uploads\/2025\/09\/Danubiana-3-scaled-1-400x238.jpg 400w, https:\/\/www.visitbratislava.com\/wp-content\/uploads\/2025\/09\/Danubiana-3-scaled-1-768x458.jpg 768w, https:\/\/www.visitbratislava.com\/wp-content\/uploads\/2025\/09\/Danubiana-3-scaled-1-1536x916.jpg 1536w, https:\/\/www.visitbratislava.com\/wp-content\/uploads\/2025\/09\/Danubiana-3-scaled-1-2048x1221.jpg 2048w, https:\/\/www.visitbratislava.com\/wp-content\/uploads\/2025\/09\/Danubiana-3-scaled-1-200x119.jpg 200w\" sizes=\"(max-width: 800px) 100vw, 800px\" \/><\/p>\n<h3>4. Digital Park<\/h3>\n<p>Administrat\u00edvny komplex s neprehliadnute\u013en\u00fdm dizajnom sa nach\u00e1dza v\u00a0bl\u00edzkosti n\u00e1kupn\u00e9ho centra Aupark. V\u00fdnimo\u010dnos\u0165ou Digital Park-u je ve\u013ek\u00fd podiel oddychov\u00fdch z\u00f3n ide\u00e1lnych na r\u00fdchly obed \u010di stretnutie s\u00a0kolegami. Pr\u00edjemn\u00e9 prostredie cel\u00e9ho komplexu dotv\u00e1ra aj mno\u017estvo zelen\u00fdch a\u00a0vodn\u00fdch pl\u00f4ch.<\/p>\n<p><img loading=\"lazy\" width=\"800\" height=\"278\" class=\"alignnone size-large wp-image-34022\" src=\"https:\/\/www.visitbratislava.com\/wp-content\/uploads\/2017\/06\/digital-park-bratislava-einsteinova-800x278.jpg\" alt=\"Zdroj: digitalpark.sk\" srcset=\"https:\/\/www.visitbratislava.com\/wp-content\/uploads\/2017\/06\/digital-park-bratislava-einsteinova.jpg 800w, https:\/\/www.visitbratislava.com\/wp-content\/uploads\/2017\/06\/digital-park-bratislava-einsteinova-400x139.jpg 400w, https:\/\/www.visitbratislava.com\/wp-content\/uploads\/2017\/06\/digital-park-bratislava-einsteinova-768x267.jpg 768w, https:\/\/www.visitbratislava.com\/wp-content\/uploads\/2017\/06\/digital-park-bratislava-einsteinova-200x70.jpg 200w\" sizes=\"(max-width: 800px) 100vw, 800px\" \/><\/p>\n<h3>5. N\u00e1rodn\u00e1 banka Slovenska<\/h3>\n<p>Jednou z najv\u00fdraznej\u0161\u00edch domin\u00e1nt mesta je budova N\u00e1rodnej banky Slovenska, ktor\u00e1 bola sl\u00e1vnostne otvoren\u00e1 v roku 2002 a t\u00fd\u010di sa do v\u00fd\u0161ky 111 metrov. Medzi zauj\u00edmavosti budovy patr\u00ed 23 v\u00fd\u0165ahov \u2013 a\u017e 6 z nich prem\u00e1va r\u00fdchlos\u0165ou 3,15 metra za sekundu. V \u00fastred\u00ed NBS pracuje vy\u0161e 1000 \u013eud\u00ed a na samom vrchu sa nach\u00e1dza heliport.<\/p>\n<p><img loading=\"lazy\" width=\"800\" height=\"533\" class=\"alignnone size-large wp-image-365809\" src=\"https:\/\/www.visitbratislava.com\/wp-content\/uploads\/2025\/10\/narodna-banka-slovenska-800x533.jpg\" alt=\"\" srcset=\"https:\/\/www.visitbratislava.com\/wp-content\/uploads\/2025\/10\/narodna-banka-slovenska-800x533.jpg 800w, https:\/\/www.visitbratislava.com\/wp-content\/uploads\/2025\/10\/narodna-banka-slovenska-400x267.jpg 400w, https:\/\/www.visitbratislava.com\/wp-content\/uploads\/2025\/10\/narodna-banka-slovenska-768x512.jpg 768w, https:\/\/www.visitbratislava.com\/wp-content\/uploads\/2025\/10\/narodna-banka-slovenska-200x133.jpg 200w, https:\/\/www.visitbratislava.com\/wp-content\/uploads\/2025\/10\/narodna-banka-slovenska.jpg 1500w\" sizes=\"(max-width: 800px) 100vw, 800px\" \/><\/p>\n<p><span style=\"font-size: 8pt;\">Zdroj: Finsider.sk<\/span><\/p>\n<h3>6. Eurovea City<\/h3>\n<p>Na n\u00e1bre\u017e\u00ed Dunaja, na mieste niekdaj\u0161ej industri\u00e1lnej z\u00f3ny, dnes vyrast\u00e1 Eurovea City \u2013 modern\u00e1 \u0161tvr\u0165, ktor\u00e1 preber\u00e1 rolu spolo\u010densk\u00e9ho a kult\u00farneho centra mesta. Dominova\u0165 jej bude prv\u00fd slovensk\u00fd mrakodrap Eurovea Tower, ktor\u00fd spolu s \u010fal\u0161\u00edmi unik\u00e1tnymi architektonick\u00fdmi dielami\u00a0v spojen\u00ed s hum\u00e1nnym urbanizmom \u0161panielskej architektky Beth Gal\u00ed definit\u00edvne zmen\u00ed panor\u00e1mu Bratislavy.<\/p>\n<p><img loading=\"lazy\" width=\"800\" height=\"450\" class=\"alignnone size-large wp-image-365789\" src=\"https:\/\/www.visitbratislava.com\/wp-content\/uploads\/2025\/10\/Eurovea-tower-800x450.jpg\" alt=\"\" srcset=\"https:\/\/www.visitbratislava.com\/wp-content\/uploads\/2025\/10\/Eurovea-tower-800x450.jpg 800w, https:\/\/www.visitbratislava.com\/wp-content\/uploads\/2025\/10\/Eurovea-tower-400x225.jpg 400w, https:\/\/www.visitbratislava.com\/wp-content\/uploads\/2025\/10\/Eurovea-tower-768x432.jpg 768w, https:\/\/www.visitbratislava.com\/wp-content\/uploads\/2025\/10\/Eurovea-tower-1536x864.jpg 1536w, https:\/\/www.visitbratislava.com\/wp-content\/uploads\/2025\/10\/Eurovea-tower-200x113.jpg 200w, https:\/\/www.visitbratislava.com\/wp-content\/uploads\/2025\/10\/Eurovea-tower.jpg 1920w\" sizes=\"(max-width: 800px) 100vw, 800px\" \/><\/p>\n<p><span style=\"font-size: 8pt;\">Zdroj: JTRE.sk<\/span><\/p>\n<h3>7. Panorama Towers<\/h3>\n<p>Ne\u010faleko Eurovei vyr\u00e1stli dva obytn\u00e9 ve\u017ee, ktor\u00e9 na svojich 33 poschodiach poskytuj\u00fa b\u00fdvanie spolu v\u00a0605 bytoch. Projekt v\u00a0\u010doraz ob\u013e\u00fabenej\u0161ej lokalite na brehu Dunaja pon\u00faka pre svojich obyvate\u013eov aj n\u00e1v\u0161tevn\u00edkov obchody, re\u0161taur\u00e1cie a\u00a0skvel\u00fa ob\u010diansku vybavenos\u0165. Panorama City sa aj v\u010faka svojmu modern\u00e9mu dizajnu a\u00a0architekt\u00fare 21. storo\u010dia stala Stavbou roka 2016.<\/p>\n<p><img loading=\"lazy\" width=\"800\" height=\"450\" class=\"alignnone size-large wp-image-365795\" src=\"https:\/\/www.visitbratislava.com\/wp-content\/uploads\/2025\/10\/panorama_towers_header-800x450.jpg\" alt=\"\" srcset=\"https:\/\/www.visitbratislava.com\/wp-content\/uploads\/2025\/10\/panorama_towers_header-800x450.jpg 800w, https:\/\/www.visitbratislava.com\/wp-content\/uploads\/2025\/10\/panorama_towers_header-400x225.jpg 400w, https:\/\/www.visitbratislava.com\/wp-content\/uploads\/2025\/10\/panorama_towers_header-768x432.jpg 768w, https:\/\/www.visitbratislava.com\/wp-content\/uploads\/2025\/10\/panorama_towers_header-1536x864.jpg 1536w, https:\/\/www.visitbratislava.com\/wp-content\/uploads\/2025\/10\/panorama_towers_header-200x113.jpg 200w, https:\/\/www.visitbratislava.com\/wp-content\/uploads\/2025\/10\/panorama_towers_header.jpg 1920w\" sizes=\"(max-width: 800px) 100vw, 800px\" \/><\/p>\n<p><span style=\"font-size: 8pt;\">Zdroj: JTRE.sk<\/span><\/p>\n<h3><strong>8. <\/strong>Zuckermandel<\/h3>\n<p>Polyfunk\u010dn\u00fd s\u00fabor 7 budov nach\u00e1dzaj\u00faci sa pod Bratislavsk\u00fdm hradom pon\u00faka okrem bytov s\u00a0v\u00fdh\u013eadom na Dunaj \u010di hradn\u00fd vrch aj kaviarne a\u00a0mal\u00e9 obchod\u00edky. Viac ako polovicu cel\u00e9ho komplexu tvor\u00ed verejn\u00fd priestor, ide\u00e1lny na tr\u00e1venie vo\u013en\u00fdch chv\u00ed\u013e s\u00a0rodinou \u010di priate\u013emi. Prirodzen\u00e9 mestsk\u00e9 prostredie je dotvoren\u00e9 dizajnom budov v\u00a0r\u00f4znych fas\u00e1dach.<\/p>\n<p><img loading=\"lazy\" width=\"800\" height=\"449\" class=\"alignnone size-large wp-image-34038\" src=\"https:\/\/www.visitbratislava.com\/wp-content\/uploads\/2017\/06\/zuckermandel-800x449.jpg\" alt=\"Zdroj: jtre.sk\" srcset=\"https:\/\/www.visitbratislava.com\/wp-content\/uploads\/2017\/06\/zuckermandel-800x449.jpg 800w, https:\/\/www.visitbratislava.com\/wp-content\/uploads\/2017\/06\/zuckermandel-400x225.jpg 400w, https:\/\/www.visitbratislava.com\/wp-content\/uploads\/2017\/06\/zuckermandel-768x431.jpg 768w, https:\/\/www.visitbratislava.com\/wp-content\/uploads\/2017\/06\/zuckermandel-200x112.jpg 200w, https:\/\/www.visitbratislava.com\/wp-content\/uploads\/2017\/06\/zuckermandel.jpg 1280w\" sizes=\"(max-width: 800px) 100vw, 800px\" \/><\/p>\n<h3>9. Sky Park<\/h3>\n<p>Jeden z najnov\u0161\u00edch projektov prinesol do Bratislavy architekt\u00faru svetozn\u00e1mej Zahy Hadid v troch exkluz\u00edvnych reziden\u010dn\u00fdch budov\u00e1ch. B\u00fdval\u00e1 industri\u00e1lna \u010das\u0165 mesta tak o\u017eila a z\u00edskala nov\u00fd \u0161mrnc, v\u010faka ide\u00e1lnej lokalite bl\u00edzko centra mesta. Sky Park sused\u00ed s n\u00e1bre\u017e\u00edm Dunaja, ktor\u00e9 je celoro\u010dne ob\u013e\u00fabenou lokalitou na relax a gastronomick\u00e9 z\u00e1\u017eitky.<\/p>\n<p><img loading=\"lazy\" width=\"800\" height=\"335\" class=\"alignnone size-large wp-image-34042\" src=\"https:\/\/www.visitbratislava.com\/wp-content\/uploads\/2017\/06\/sky-park-by-zaha-hadid-800x335.jpg\" alt=\"Zdroj: skypark.sk\" srcset=\"https:\/\/www.visitbratislava.com\/wp-content\/uploads\/2017\/06\/sky-park-by-zaha-hadid-800x335.jpg 800w, https:\/\/www.visitbratislava.com\/wp-content\/uploads\/2017\/06\/sky-park-by-zaha-hadid-400x168.jpg 400w, https:\/\/www.visitbratislava.com\/wp-content\/uploads\/2017\/06\/sky-park-by-zaha-hadid-768x322.jpg 768w, https:\/\/www.visitbratislava.com\/wp-content\/uploads\/2017\/06\/sky-park-by-zaha-hadid-200x84.jpg 200w, https:\/\/www.visitbratislava.com\/wp-content\/uploads\/2017\/06\/sky-park-by-zaha-hadid.jpg 1920w\" sizes=\"(max-width: 800px) 100vw, 800px\" \/><\/p>\n<h3>10. Twin City<\/h3>\n<p>\u010eal\u0161\u00edm projektom v\u00a0\u010doraz popul\u00e1rnej\u0161ej oblasti v\u00a0bl\u00edzkosti Dunaja je Twin City, ktor\u00fd sa okrem 24 podla\u017enej ve\u017ee sklad\u00e1 aj z\u00a0troch \u010fal\u0161\u00edch administrat\u00edvnych budov. Presvetlen\u00e9 priestory, trojit\u00e9 zasklenie \u010di nab\u00edjacie stanice na elektromobily s\u00fa \u0161tandardom. V\u00a0bl\u00edzkosti sa tie\u017e nach\u00e1dza mno\u017estvo lok\u00e1lnych kaviarn\u00ed a\u00a0re\u0161taur\u00e1ci\u00ed.<\/p>\n<p><img loading=\"lazy\" width=\"800\" height=\"533\" class=\"alignnone size-large wp-image-213069\" src=\"https:\/\/www.visitbratislava.com\/wp-content\/uploads\/2022\/12\/Pozadie_Dekan_jesen_Twin-City_Zaha-Hadid_architektura_downtown_vyhradna-licencia-casovo-neobmedzena-800x533.jpg\" alt=\"\" srcset=\"https:\/\/www.visitbratislava.com\/wp-content\/uploads\/2022\/12\/Pozadie_Dekan_jesen_Twin-City_Zaha-Hadid_architektura_downtown_vyhradna-licencia-casovo-neobmedzena-800x533.jpg 800w, https:\/\/www.visitbratislava.com\/wp-content\/uploads\/2022\/12\/Pozadie_Dekan_jesen_Twin-City_Zaha-Hadid_architektura_downtown_vyhradna-licencia-casovo-neobmedzena-400x267.jpg 400w, https:\/\/www.visitbratislava.com\/wp-content\/uploads\/2022\/12\/Pozadie_Dekan_jesen_Twin-City_Zaha-Hadid_architektura_downtown_vyhradna-licencia-casovo-neobmedzena-768x512.jpg 768w, https:\/\/www.visitbratislava.com\/wp-content\/uploads\/2022\/12\/Pozadie_Dekan_jesen_Twin-City_Zaha-Hadid_architektura_downtown_vyhradna-licencia-casovo-neobmedzena-1536x1024.jpg 1536w, https:\/\/www.visitbratislava.com\/wp-content\/uploads\/2022\/12\/Pozadie_Dekan_jesen_Twin-City_Zaha-Hadid_architektura_downtown_vyhradna-licencia-casovo-neobmedzena-200x133.jpg 200w, https:\/\/www.visitbratislava.com\/wp-content\/uploads\/2022\/12\/Pozadie_Dekan_jesen_Twin-City_Zaha-Hadid_architektura_downtown_vyhradna-licencia-casovo-neobmedzena.jpg 1920w\" sizes=\"(max-width: 800px) 100vw, 800px\" \/><\/p>\n","protected":false},"excerpt":{"rendered":"<p>1. Eurovea Modern\u00e9 n\u00e1kupn\u00e9 centrum otvorilo svoje br\u00e1ny v\u00a0roku 2010 a\u00a0stalo sa ob\u013e\u00faben\u00fdm miestom na n\u00e1kupy, b\u00fdvanie a\u00a0oddych v\u010faka atrakt\u00edvnej polohe priamo na brehu Dunaja. Okrem v\u0161etk\u00fdch ve\u013ek\u00fdch zna\u010diek tu n\u00e1jdete aj skvel\u00e9 re\u0161taur\u00e1cie a\u00a0kaviarne s\u00a0terasami len p\u00e1r metrov od Dunaja, ktor\u00e9 s\u00fa ide\u00e1lnym \u00fato\u010diskom po\u010das hor\u00facich letn\u00fdch dn\u00ed \u010di dlh\u00fdch zimn\u00fdch ve\u010derov. 2. River [&hellip;]<\/p>\n","protected":false},"author":10,"featured_media":34042,"parent":0,"menu_order":0,"comment_status":"closed","ping_status":"closed","template":"","meta":[],"acf":[],"_links":{"self":[{"href":"https:\/\/www.visitbratislava.com\/sk\/wp-json\/wp\/v2\/pages\/34021"}],"collection":[{"href":"https:\/\/www.visitbratislava.com\/sk\/wp-json\/wp\/v2\/pages"}],"about":[{"href":"https:\/\/www.visitbratislava.com\/sk\/wp-json\/wp\/v2\/types\/page"}],"author":[{"embeddable":true,"href":"https:\/\/www.visitbratislava.com\/sk\/wp-json\/wp\/v2\/users\/10"}],"replies":[{"embeddable":true,"href":"https:\/\/www.visitbratislava.com\/sk\/wp-json\/wp\/v2\/comments?post=34021"}],"version-history":[{"count":5,"href":"https:\/\/www.visitbratislava.com\/sk\/wp-json\/wp\/v2\/pages\/34021\/revisions"}],"predecessor-version":[{"id":365816,"href":"https:\/\/www.visitbratislava.com\/sk\/wp-json\/wp\/v2\/pages\/34021\/revisions\/365816"}],"wp:featuredmedia":[{"embeddable":true,"href":"https:\/\/www.visitbratislava.com\/sk\/wp-json\/wp\/v2\/media\/34042"}],"wp:attachment":[{"href":"https:\/\/www.visitbratislava.com\/sk\/wp-json\/wp\/v2\/media?parent=34021"}],"curies":[{"name":"wp","href":"https:\/\/api.w.org\/{rel}","templated":true}]}}