{"id":34425,"date":"2017-07-18T11:39:39","date_gmt":"2017-07-18T09:39:39","guid":{"rendered":"https:\/\/www.visitbratislava.com\/?page_id=34425\/"},"modified":"2024-07-01T15:12:06","modified_gmt":"2024-07-01T13:12:06","slug":"top10leto","status":"publish","type":"page","link":"https:\/\/www.visitbratislava.com\/sk\/top10leto\/","title":{"rendered":"Top 10 letn\u00fdch z\u00e1\u017eitkov v Bratislave"},"content":{"rendered":"<h2>1. Wakelake a Zlat\u00e9 piesky<\/h2>\n<p>Ste pripraven\u00ed za\u017ei\u0165 leto pln\u00e9 adrenal\u00ednu v\u00a0Bratislave? Wakelake na Zlat\u00fdch pieskoch pon\u00faka wakeboardov\u00fd vlek, skvel\u00fa re\u0161taur\u00e1ciu s\u00a0denn\u00fdm menu a bar pln\u00fd drinkov. Okrem toho tu m\u00e1te mo\u017enos\u0165 vysk\u00fa\u0161a\u0165 flyboard, zahra\u0165 si s\u00a0priate\u013emi pl\u00e1\u017eov\u00fd volejbal a\u00a0cel\u00fd de\u0148 zakon\u010di\u0165 jednou z\u00a0mnoh\u00fdch party, ktor\u00e9 Wakelake organizuje. Samotn\u00fd are\u00e1l Zlat\u00fdch pieskov je v\u010faka svojim super pl\u00e1\u017eam a\u00a0ve\u013ek\u00e9mu jazeru stvoren\u00fd na letn\u00fd oddych v\u00a0Bratislave. V\u00a0okol\u00ed n\u00e1jdete aj mno\u017estvo mal\u00fdch barov a\u00a0re\u0161taur\u00e1ci\u00ed v\u010faka ktor\u00fdm strat\u00edte v\u00a0tejto o\u00e1ze pokoja pojem o\u00a0\u010dase.\u00a0<a href=\"https:\/\/www.visitbratislava.com\/sk\/miesta\/wakelake\/\">Viac info<\/a><\/p>\n<p><img loading=\"lazy\" class=\"wp-image-34720 size-large aligncenter\" src=\"https:\/\/www.visitbratislava.com\/wp-content\/uploads\/2017\/07\/wake-lake-2-800x532.jpg\" alt=\"\" width=\"800\" height=\"532\" srcset=\"https:\/\/www.visitbratislava.com\/wp-content\/uploads\/2017\/07\/wake-lake-2-800x532.jpg 800w, https:\/\/www.visitbratislava.com\/wp-content\/uploads\/2017\/07\/wake-lake-2-400x266.jpg 400w, https:\/\/www.visitbratislava.com\/wp-content\/uploads\/2017\/07\/wake-lake-2-768x511.jpg 768w, https:\/\/www.visitbratislava.com\/wp-content\/uploads\/2017\/07\/wake-lake-2-200x133.jpg 200w, https:\/\/www.visitbratislava.com\/wp-content\/uploads\/2017\/07\/wake-lake-2.jpg 2048w\" sizes=\"(max-width: 800px) 100vw, 800px\" \/><\/p>\n<h2>2. Divok\u00e1 voda<\/h2>\n<p>Are\u00e1l vodn\u00fdch \u0161portov Divok\u00e1 voda je vzdialen\u00fd kr\u00e1tku jazdu autom \u010di autobusom od centra Bratislavy. V\u00a0r\u00e1mci dvoch vodn\u00fdch kan\u00e1lov v\u00a0starom koryte Dunaja m\u00e1te mo\u017enos\u0165 vysk\u00fa\u0161a\u0165 rafting, vodn\u00e9 sk\u00fatre, jazdu na kajaku \u010di vodn\u00e9 ly\u017ee. To v\u0161ak nie je v\u0161etko \u2013 are\u00e1l pon\u00faka vy\u017eitie aj formou jazdy na \u0161tvorkolke, lukostre\u013eby, pl\u00e1\u017eov\u00e9ho volejbalu \u010di jazdy na pon\u00edkoch. V\u00a0are\u00e1li n\u00e1jdete aj skvel\u00fa re\u0161taur\u00e1ciu a\u00a0mo\u017enos\u0165 ubytovania v\u00a0hoteli. <a href=\"https:\/\/www.visitbratislava.com\/sk\/miesta\/divoka-voda-cunovo\/\">Viac info<\/a><\/p>\n<p><img loading=\"lazy\" width=\"800\" height=\"450\" class=\"size-large wp-image-21534 aligncenter\" src=\"https:\/\/www.visitbratislava.com\/wp-content\/uploads\/2015\/04\/s-800x450.jpg\" alt=\"\" srcset=\"https:\/\/www.visitbratislava.com\/wp-content\/uploads\/2015\/04\/s-800x450.jpg 800w, https:\/\/www.visitbratislava.com\/wp-content\/uploads\/2015\/04\/s-400x225.jpg 400w, https:\/\/www.visitbratislava.com\/wp-content\/uploads\/2015\/04\/s-768x432.jpg 768w, https:\/\/www.visitbratislava.com\/wp-content\/uploads\/2015\/04\/s-200x113.jpg 200w\" sizes=\"(max-width: 800px) 100vw, 800px\" \/><\/p>\n<h2>3. Tyr\u0161\u00e1k pl\u00e1\u017e<\/h2>\n<p>Pieskov\u00e1 pl\u00e1\u017e v centre Bratislavy na brehu Dunaja? \u00c1no, aj to je skuto\u010dnos\u0165ou na Tyr\u0161ovom n\u00e1bre\u017e\u00ed v bl\u00edzkosti Sadu Janka Kr\u00e1\u013ea. Tyr\u0161\u00e1k pl\u00e1\u017e prin\u00e1\u0161a do mesta spojenie z\u00e1bavy a oddychu \u2013 n\u00e1jdete tu bohat\u00fd kult\u00farny program, gastro \u0161peciality, \u0161portov\u00e9 aktivity ako futbal \u010di pl\u00e1\u017eov\u00fd volejbal a WiFi zadarmo. Z\u00e1pad slnka si tak m\u00f4\u017eete u\u017ei\u0165 v pohodl\u00ed pieso\u010dnej pl\u00e1\u017ee, plyn\u00faceho Dunaja a fantastick\u00fdm n\u00e1pojom v ruke. <a href=\"https:\/\/tyrsak.sk\/\" target=\"_blank\" rel=\"noopener noreferrer\">Viac info<\/a><\/p>\n<p><img loading=\"lazy\" width=\"800\" height=\"533\" class=\"aligncenter size-large wp-image-84925\" src=\"https:\/\/www.visitbratislava.com\/wp-content\/uploads\/2020\/07\/kicka-pla\u017e-800x533.jpg\" alt=\"\" srcset=\"https:\/\/www.visitbratislava.com\/wp-content\/uploads\/2020\/07\/kicka-pla\u017e-800x533.jpg 800w, https:\/\/www.visitbratislava.com\/wp-content\/uploads\/2020\/07\/kicka-pla\u017e-400x267.jpg 400w, https:\/\/www.visitbratislava.com\/wp-content\/uploads\/2020\/07\/kicka-pla\u017e-768x512.jpg 768w, https:\/\/www.visitbratislava.com\/wp-content\/uploads\/2020\/07\/kicka-pla\u017e-200x133.jpg 200w\" sizes=\"(max-width: 800px) 100vw, 800px\" \/><\/p>\n<h2>4. Bratislavsk\u00fd lesopark<\/h2>\n<p>Mestsk\u00e9 lesy v Bratislave rozkladaj\u00face sa na ploche vy\u0161e 3000 ha tvoria oddychov\u00fa z\u00f3nu v bl\u00edzkosti Mal\u00fdch Karp\u00e1t, ktor\u00e1 je perfektn\u00fdm miestom na pr\u00edjemn\u00e9 vych\u00e1dzky a nabratie novej energie. Patr\u00ed sem aj ob\u013e\u00faben\u00e1 \u017delezn\u00e1 studni\u010dka na ktorej n\u00e1jdete aj Partiz\u00e1nsku l\u00faku, ktor\u00e1 sa p\u00fd\u0161i mno\u017estvom detsk\u00fdch ihr\u00edsk, alt\u00e1nkami, mo\u017enos\u0165ou zahra\u0165 si futbal \u010di \u010dlnkova\u0165 na jazere v bl\u00edzkosti l\u00faky. Milovn\u00edci bicyklovania si pr\u00eddu na svoje v\u010faka skvele upraven\u00fdm a dlh\u00fdm cyklotras\u00e1m. Pr\u00edjemn\u00fd de\u0148 tu str\u00e1via aj ryb\u00e1ri, ktor\u00ed maj\u00fa mo\u017enos\u0165 zak\u00fapi\u0165 si povolenie. Z\u00e1\u017eitkom pre mal\u00fdch a ve\u013ek\u00fdch je lanovka zo \u017deleznej Studni\u010dky na Kamz\u00edk, kde m\u00f4\u017eete de\u0148 zakon\u010di\u0165 na bobovej dr\u00e1he.\u00a0<a href=\"https:\/\/www.visitbratislava.com\/sk\/miesta\/bratislavsky-lesopark\/\">Viac info<\/a><\/p>\n<p><iframe src=\"https:\/\/www.youtube.com\/embed\/WpfbG7H6dAs\" width=\"800\" height=\"450\" frameborder=\"0\" allowfullscreen=\"allowfullscreen\"><\/iframe><\/p>\n<h2>5. Eurovea<\/h2>\n<p>T\u00e1to ob\u013e\u00faben\u00e1 destin\u00e1cia je nielen rajom pre n\u00e1kupy, no n\u00e1jdete tu aj n\u00e1dhern\u00e9 n\u00e1bre\u017eie zaliate slnkom. Pri skvelom drinku \u010di k\u00e1ve na jednej z\u00a0ter\u00e1s sa m\u00f4\u017eete naba\u017ei\u0165 poh\u013eadom na plyn\u00faci Dunaj a\u00a0jemn\u00fd v\u00e1nok. Eurovea pon\u00faka jednoduch\u00fd pr\u00edstup z\u00a0centra mesta, ako aj prostredn\u00edctvom hromadnej dopravy \u010di autom v\u010faka roz\u013eahlej gar\u00e1\u017ei. Eurovea je aj jedn\u00fdm z\u00a0dej\u00edsk kult\u00farneho leta a\u00a0hradn\u00fdch sl\u00e1vnost\u00ed, v\u010faka ktor\u00e9mu si m\u00f4\u017eete vychutna\u0165 skvel\u00e9 koncerty v\u00a0pr\u00edjemnom prostred\u00ed. <a href=\"https:\/\/www.visitbratislava.com\/sk\/miesta\/eurovea\/\">Viac info<\/a><\/p>\n<p><img loading=\"lazy\" width=\"800\" height=\"533\" class=\"size-large wp-image-17338 aligncenter\" src=\"https:\/\/www.visitbratislava.com\/wp-content\/uploads\/2016\/05\/Eurovea-river-bank_outside-shopping-mall-800x533.jpg\" alt=\"\" srcset=\"https:\/\/www.visitbratislava.com\/wp-content\/uploads\/2016\/05\/Eurovea-river-bank_outside-shopping-mall-800x533.jpg 800w, https:\/\/www.visitbratislava.com\/wp-content\/uploads\/2016\/05\/Eurovea-river-bank_outside-shopping-mall-400x267.jpg 400w, https:\/\/www.visitbratislava.com\/wp-content\/uploads\/2016\/05\/Eurovea-river-bank_outside-shopping-mall-768x512.jpg 768w, https:\/\/www.visitbratislava.com\/wp-content\/uploads\/2016\/05\/Eurovea-river-bank_outside-shopping-mall-200x133.jpg 200w\" sizes=\"(max-width: 800px) 100vw, 800px\" \/><\/p>\n<h2>6. R\u00fdchlo\u010dlny na Dunaji<\/h2>\n<p>Ohromuj\u00faci a\u00a0jedine\u010dn\u00fd v\u00fdh\u013ead na cel\u00fa Bratislavu v\u00a0plnej r\u00fdchlosti \u2013 to na V\u00e1s \u010dak\u00e1 na palube r\u00fdchlostn\u00e9ho \u010dlnu. Uvid\u00edte n\u00e1bre\u017eie \u010di n\u00e1\u0161 hrad z\u00a0\u00faplne novej perspekt\u00edvy a\u00a0majest\u00e1tny hrad Dev\u00edn budete ma\u0165 ako na dlani v\u010faka tomuto exkluz\u00edvnemu z\u00e1\u017eitku. Ve\u010dern\u00e1 Bratislava \u010di rozl\u00fa\u010dka so slobodou v\u00a0r\u00fdchlo\u010dlne? Aj to je mo\u017en\u00e9 v\u010faka pestrej ponuke r\u00f4znych prehliadok. <a href=\"https:\/\/www.visitbratislava.com\/sk\/sluzby\/speedboat\/\">Viac info<\/a><\/p>\n<p><img loading=\"lazy\" width=\"800\" height=\"533\" class=\"size-large wp-image-13581 aligncenter\" src=\"https:\/\/www.visitbratislava.com\/wp-content\/uploads\/2015\/05\/speedboat1-800x533.jpg\" alt=\"\" srcset=\"https:\/\/www.visitbratislava.com\/wp-content\/uploads\/2015\/05\/speedboat1-800x533.jpg 800w, https:\/\/www.visitbratislava.com\/wp-content\/uploads\/2015\/05\/speedboat1-400x267.jpg 400w, https:\/\/www.visitbratislava.com\/wp-content\/uploads\/2015\/05\/speedboat1-768x512.jpg 768w, https:\/\/www.visitbratislava.com\/wp-content\/uploads\/2015\/05\/speedboat1-200x133.jpg 200w, https:\/\/www.visitbratislava.com\/wp-content\/uploads\/2015\/05\/speedboat1.jpg 1728w\" sizes=\"(max-width: 800px) 100vw, 800px\" \/><\/p>\n<h2>7. Zmrzlina<\/h2>\n<p>V\u00a0lete sa cel\u00e9 mesto hem\u017e\u00ed \u013eu\u010fmi s\u00a0r\u00f4znymi korn\u00fatmi v\u00a0ruke a\u00a0bla\u017een\u00fdm v\u00fdrazom na tv\u00e1ri. Ob\u013e\u00fabenou poch\u00fa\u0165kou, ktor\u00e1 z\u00e1rove\u0148 osvie\u017ei je ako inak zmrzlina a\u00a0t\u00fdchto 5 prev\u00e1dzok dokazuje to, \u017ee tento dezert m\u00f4\u017ee by\u0165 ozajstnou delikatesou.<\/p>\n<p><a href=\"https:\/\/www.visitbratislava.com\/sk\/miesta\/koun-gelato-2\/\">Koun<\/a> \u2013 ka\u017ed\u00fd de\u0148 nov\u00e1, origin\u00e1lna pr\u00edchu\u0165 (Paul\u00ednyho 1)<br \/>\n<a href=\"https:\/\/goo.gl\/maps\/unKWLFbegyN2\">Arthur Ice Cream<\/a> \u2013 kr\u00e9mov\u00e1 zmrzlina v\u00a0samom centre mesta (Laurinsk\u00e1 2)<br \/>\n<a href=\"https:\/\/www.visitbratislava.com\/sk\/miesta\/luculus\/\">Luculus<\/a> \u2013 tradi\u010dn\u00e1 zmrzlin\u00e1re\u0148 na Hviezdoslavovom n\u00e1mest\u00ed, ktor\u00e1 V\u00e1s oh\u00fari mno\u017estvom skvel\u00fdch veg\u00e1nskych pr\u00edchut\u00ed (Hviezdoslavovo n\u00e1m. 16)<br \/>\n<a href=\"https:\/\/www.instagram.com\/iscream.umelka\/\" target=\"_blank\" rel=\"noopener\">I Scream<\/a> &#8211; schovan\u00e1 za Umelkou, pon\u00fakne pr\u00edchute ako moravsk\u00fd \u010di marhu\u013eov\u00fd kol\u00e1\u010d (Dostojevsk\u00e9ho rad 2)<\/p>\n<p><iframe src=\"https:\/\/www.youtube.com\/embed\/Ed6uqdf20jk\" width=\"800\" height=\"450\" frameborder=\"0\" allowfullscreen=\"allowfullscreen\"><span data-mce-type=\"bookmark\" style=\"display: inline-block; width: 0px; overflow: hidden; line-height: 0;\" class=\"mce_SELRES_start\">\ufeff<\/span><\/iframe><\/p>\n<h2>8. Splav Mal\u00e9ho Dunaja<\/h2>\n<p>Neopakovate\u013en\u00fd z\u00e1\u017eitok za\u017eijete po\u010das splavu Mal\u00e9ho Dunaja, ktor\u00fd vytv\u00e1ra najrozsiahlej\u0161\u00ed rie\u010dny ostrov v Eur\u00f3pe. Po\u010das splavu uvid\u00edte kr\u00e1snu pr\u00edrodu, lu\u017en\u00e9 lesy, bohat\u00fa faunu a fl\u00f3ru a skvel\u00e9 miesta na rekre\u00e1ciu. M\u00f4\u017eete sa plavi\u0165 z mestskej \u010dasti Vraku\u0148a len nieko\u013eko hod\u00edn, alebo \u010falej do regi\u00f3nu aj cel\u00fd v\u00edkend. <a href=\"https:\/\/splavdunaja.sk\/\">Viac info<\/a><\/p>\n<p><img loading=\"lazy\" width=\"800\" height=\"531\" class=\"size-large wp-image-18365 aligncenter\" src=\"https:\/\/www.visitbratislava.com\/wp-content\/uploads\/2016\/06\/splav_maly_dunaj-800x531.jpg\" alt=\"\" srcset=\"https:\/\/www.visitbratislava.com\/wp-content\/uploads\/2016\/06\/splav_maly_dunaj-800x531.jpg 800w, https:\/\/www.visitbratislava.com\/wp-content\/uploads\/2016\/06\/splav_maly_dunaj-400x266.jpg 400w, https:\/\/www.visitbratislava.com\/wp-content\/uploads\/2016\/06\/splav_maly_dunaj-768x510.jpg 768w, https:\/\/www.visitbratislava.com\/wp-content\/uploads\/2016\/06\/splav_maly_dunaj-200x133.jpg 200w\" sizes=\"(max-width: 800px) 100vw, 800px\" \/><\/p>\n<h2>9. Font\u00e1ny<\/h2>\n<p>Osvie\u017ete sa v najv\u00e4\u010d\u0161ej font\u00e1ne na Slovensku aj vy. Font\u00e1na Dru\u017eba pre\u0161la komplexnou rekon\u0161trukciou a v lete tu n\u00e1jdete o\u00e1zu osvie\u017eenia. <a href=\"https:\/\/www.visitbratislava.com\/sk\/miesta\/namestie-slobody-vodne-ihrisko\/\" target=\"_blank\" rel=\"noopener\">Viac info<\/a><\/p>\n<p><img loading=\"lazy\" width=\"2560\" height=\"1440\" class=\"alignnone size-full wp-image-301908\" src=\"https:\/\/www.visitbratislava.com\/wp-content\/uploads\/2024\/07\/namestie-slobody-mib.jpg\" alt=\"\" srcset=\"https:\/\/www.visitbratislava.com\/wp-content\/uploads\/2024\/07\/namestie-slobody-mib.jpg 2560w, https:\/\/www.visitbratislava.com\/wp-content\/uploads\/2024\/07\/namestie-slobody-mib-400x225.jpg 400w, https:\/\/www.visitbratislava.com\/wp-content\/uploads\/2024\/07\/namestie-slobody-mib-800x450.jpg 800w, https:\/\/www.visitbratislava.com\/wp-content\/uploads\/2024\/07\/namestie-slobody-mib-768x432.jpg 768w, https:\/\/www.visitbratislava.com\/wp-content\/uploads\/2024\/07\/namestie-slobody-mib-1536x864.jpg 1536w, https:\/\/www.visitbratislava.com\/wp-content\/uploads\/2024\/07\/namestie-slobody-mib-2048x1152.jpg 2048w, https:\/\/www.visitbratislava.com\/wp-content\/uploads\/2024\/07\/namestie-slobody-mib-200x113.jpg 200w\" sizes=\"(max-width: 2560px) 100vw, 2560px\" \/> <span style=\"font-size: 8pt;\"><em>Foto: MIB<\/em><\/span><\/p>\n<h2>10. K\u00fapalisk\u00e1<\/h2>\n<p>Osvie\u017eenie v\u00a0Bratislave nie je probl\u00e9m v\u010faka mno\u017estvu vonkaj\u0161\u00edch k\u00fapal\u00edsk, ktor\u00e9 s\u00fa ob\u013e\u00fabenou destin\u00e1ciou obyvate\u013eov hlavne po\u010das hor\u00facich letn\u00fdch v\u00edkendov. Medzi tie najpopul\u00e1rnej\u0161ie patr\u00ed Rosni\u010dka (tri baz\u00e9ny a\u00a0\u0161myk\u013eavky), Mi\u010durin (v\u00a0bl\u00edzkosti Slav\u00edna a\u00a0Horsk\u00e9ho parku) a\u00a0Teheln\u00e9 pole (tri baz\u00e9ny pre plavcov aj neplavcov, bezbari\u00e9rov\u00fd are\u00e1l a trojdr\u00e1hov\u00e1 \u0161myk\u013eavka). <a href=\"https:\/\/www.visitbratislava.com\/sk\/vas-vylet\/rocne-obdobia\/leto\/kupaliska\/\" target=\"_blank\" rel=\"noopener noreferrer\">Viac info<\/a>.<\/p>\n<p><img loading=\"lazy\" class=\"wp-image-60973 size-large aligncenter\" src=\"https:\/\/www.visitbratislava.com\/wp-content\/uploads\/2019\/06\/voda-leto-800x533.jpg\" alt=\"\" width=\"800\" height=\"533\" srcset=\"https:\/\/www.visitbratislava.com\/wp-content\/uploads\/2019\/06\/voda-leto-800x533.jpg 800w, https:\/\/www.visitbratislava.com\/wp-content\/uploads\/2019\/06\/voda-leto-400x267.jpg 400w, https:\/\/www.visitbratislava.com\/wp-content\/uploads\/2019\/06\/voda-leto-768x512.jpg 768w, https:\/\/www.visitbratislava.com\/wp-content\/uploads\/2019\/06\/voda-leto-200x133.jpg 200w\" sizes=\"(max-width: 800px) 100vw, 800px\" \/><\/p>\n<p><iframe src=\"https:\/\/www.google.com\/maps\/d\/embed?mid=1jh8j2wwmOv9xH04VDGb14T_SvyI\" width=\"1000\" height=\"480\"><span data-mce-type=\"bookmark\" style=\"display: inline-block; width: 0px; overflow: hidden; line-height: 0;\" class=\"mce_SELRES_start\">\ufeff<\/span><span data-mce-type=\"bookmark\" style=\"display: inline-block; width: 0px; overflow: hidden; line-height: 0;\" class=\"mce_SELRES_start\">\ufeff<\/span><\/iframe><\/p>\n","protected":false},"excerpt":{"rendered":"<p>Promen\u00e1da priamo pri Dunaji so skvel\u00fdm v\u00fdh\u013eadom na cel\u00e9 mesto a n\u00e1\u0161 hrad, drobn\u00e9 uli\u010dky pln\u00e9 mal\u00fdch kaviarni\u010diek so skvel\u00fdm ob\u010derstven\u00edm \u010di skryt\u00e9 z\u00e1kutia d\u00fdchaj\u00face hist\u00f3riou \u2013 to v\u0161etko v\u00e1s \u010dak\u00e1 v letnej Bratislave. Tu je na\u0161ich 10 najob\u013e\u00fabenej\u0161\u00edch letn\u00fdch z\u00e1\u017eitkov!<\/p>\n","protected":false},"author":10,"featured_media":286787,"parent":0,"menu_order":0,"comment_status":"closed","ping_status":"closed","template":"","meta":[],"acf":[],"_links":{"self":[{"href":"https:\/\/www.visitbratislava.com\/sk\/wp-json\/wp\/v2\/pages\/34425"}],"collection":[{"href":"https:\/\/www.visitbratislava.com\/sk\/wp-json\/wp\/v2\/pages"}],"about":[{"href":"https:\/\/www.visitbratislava.com\/sk\/wp-json\/wp\/v2\/types\/page"}],"author":[{"embeddable":true,"href":"https:\/\/www.visitbratislava.com\/sk\/wp-json\/wp\/v2\/users\/10"}],"replies":[{"embeddable":true,"href":"https:\/\/www.visitbratislava.com\/sk\/wp-json\/wp\/v2\/comments?post=34425"}],"version-history":[{"count":12,"href":"https:\/\/www.visitbratislava.com\/sk\/wp-json\/wp\/v2\/pages\/34425\/revisions"}],"predecessor-version":[{"id":301915,"href":"https:\/\/www.visitbratislava.com\/sk\/wp-json\/wp\/v2\/pages\/34425\/revisions\/301915"}],"wp:featuredmedia":[{"embeddable":true,"href":"https:\/\/www.visitbratislava.com\/sk\/wp-json\/wp\/v2\/media\/286787"}],"wp:attachment":[{"href":"https:\/\/www.visitbratislava.com\/sk\/wp-json\/wp\/v2\/media?parent=34425"}],"curies":[{"name":"wp","href":"https:\/\/api.w.org\/{rel}","templated":true}]}}