{"id":34776,"date":"2017-07-26T14:58:00","date_gmt":"2017-07-26T12:58:00","guid":{"rendered":"https:\/\/www.visitbratislava.com\/?page_id=34776\/"},"modified":"2024-03-19T14:40:53","modified_gmt":"2024-03-19T13:40:53","slug":"top5zmrzlina","status":"publish","type":"page","link":"https:\/\/www.visitbratislava.com\/sk\/top5zmrzlina\/","title":{"rendered":"Top 5 zmrzlin\u00e1rn\u00ed v Bratislave"},"content":{"rendered":"<p><iframe src=\"https:\/\/www.youtube.com\/embed\/73KTbovoU78?rel=0&amp;showinfo=0\" width=\"786\" height=\"442\" frameborder=\"0\" allowfullscreen=\"allowfullscreen\"><\/iframe><\/p>\n<p><strong>1. Arthur<\/strong><br \/>\n\u010cierna zmrzlina, \u010dierne korn\u00fatiky a poriadne porcie pln\u00e9 origin\u00e1lnych chut\u00ed. Arthur Ice Cream na Laurinskej 2 v\u00e1s prekvap\u00ed hust\u00fdm obsahom pravej belgickej \u010dokol\u00e1dy, slan\u00e9ho karamelu \u010di mascarpone. Milovn\u00edci zdrav\u00e9ho stravovania si tu tie\u017e n\u00e1jdu ve\u013ek\u00fd v\u00fdber, medzi in\u00fdmi spomenieme \u00faplne exkluz\u00edvnu zmrzlinu z\u00a0kokosov\u00e9ho uhlia \u010di sorbet z\u00a0indick\u00e9ho manga.<\/p>\n<div class=\"grid-container\"><div class=\"grid-container__item\"><div class=\"block\"><a href=\"https:\/\/www.visitbratislava.com\/wp-content\/uploads\/2024\/03\/arthur-what-642x800.jpg\" data-fancybox=\"gallery\" data-caption=\"\"><div class=\"background\"><img src=\"https:\/\/www.visitbratislava.com\/wp-content\/uploads\/2024\/03\/arthur-what-642x800.jpg\" alt=\"foto\"\/><\/div><div class=\"overlay filter-blue\"><div class=\"content\"><span class=\"zoom-button\"><\/span><\/div><\/div><\/a><\/div><\/div><div class=\"grid-container__item\"><div class=\"block\"><a href=\"https:\/\/www.visitbratislava.com\/wp-content\/uploads\/2024\/03\/arthur-pistachio-800x800.jpg\" data-fancybox=\"gallery\" data-caption=\"\"><div class=\"background\" style=\"background-image: url(https:\/\/www.visitbratislava.com\/wp-content\/uploads\/2024\/03\/arthur-pistachio-800x800.jpg)\"><\/div><div class=\"overlay filter-green\"><div class=\"content\"><span class=\"zoom-button\"><\/span><\/div><\/div><\/a><\/div><\/div><div class=\"grid-container__item\"><div class=\"block\" ><a href=\"https:\/\/www.visitbratislava.com\/wp-content\/uploads\/2024\/03\/arthur-freddy-643x800.jpg\" data-fancybox=\"gallery\" data-caption=\"\"><div class=\"background\" style=\"background-image: url(https:\/\/www.visitbratislava.com\/wp-content\/uploads\/2024\/03\/arthur-freddy-643x800.jpg)\"><\/div><div class=\"overlay filter-orange\"><div class=\"content\"><span class=\"zoom-button\"><\/span><\/div><\/div><\/a><\/div><\/div><div class=\"grid-container__item\"><div class=\"block\"><a href=\"https:\/\/www.visitbratislava.com\/wp-content\/uploads\/2024\/03\/arthur-rome-800x800.jpg\" data-fancybox=\"gallery\" data-caption=\"\"><div class=\"background\" style=\"background-image: url(https:\/\/www.visitbratislava.com\/wp-content\/uploads\/2024\/03\/arthur-rome-800x800.jpg)\"><\/div><div class=\"overlay filter-purple\"><div class=\"content\"><span class=\"zoom-button\"><\/span><\/div><\/div><\/a><\/div><\/div><div class=\"grid-container__item more\"><\/div><\/div>\n<p><strong>2. Luculus<\/strong><br \/>\nZmrzlin\u00e1re\u0148, ktor\u00e1 na Hviezdoslavovom n\u00e1mest\u00ed stoj\u00ed u\u017e nieko\u013eko desa\u0165ro\u010d\u00ed a\u00a0st\u00e1le si zachovala svoj \u0161arm a\u00a0kvalitu. Denne tu pon\u00fakaj\u00fa viac ako 20 druhov zmrzl\u00edn od v\u00fdmyslu sveta a mnoh\u00e9 z\u00a0nich s\u00fa aj veg\u00e1nske. Z\u00e1kladom s\u00fa \u010derstv\u00e9 suroviny, usmievav\u00fd person\u00e1l a\u00a0samozrejme kvalitn\u00e9 mlieko. Pochut\u00edte si tu aj na r\u00f4znych kol\u00e1\u010dikoch \u010di k\u00e1ve.<\/p>\n<p><img loading=\"lazy\" class=\"alignnone wp-image-286838 size-full\" src=\"https:\/\/www.visitbratislava.com\/wp-content\/uploads\/2024\/03\/2.png\" alt=\"\" width=\"1920\" height=\"1280\" srcset=\"https:\/\/www.visitbratislava.com\/wp-content\/uploads\/2024\/03\/2.png 1920w, https:\/\/www.visitbratislava.com\/wp-content\/uploads\/2024\/03\/2-400x267.png 400w, https:\/\/www.visitbratislava.com\/wp-content\/uploads\/2024\/03\/2-800x533.png 800w, https:\/\/www.visitbratislava.com\/wp-content\/uploads\/2024\/03\/2-768x512.png 768w, https:\/\/www.visitbratislava.com\/wp-content\/uploads\/2024\/03\/2-1536x1024.png 1536w, https:\/\/www.visitbratislava.com\/wp-content\/uploads\/2024\/03\/2-200x133.png 200w\" sizes=\"(max-width: 1920px) 100vw, 1920px\" \/><\/p>\n<p><strong>3. Koun<\/strong><br \/>\nVyr\u00e1ban\u00e9 ru\u010dne ka\u017ed\u00fd de\u0148 z\u00a0\u010derstvej smotany, bez konzerva\u010dn\u00fdch l\u00e1tok v\u00a0origin\u00e1lnych pr\u00edchutiach \u2013 to je zmrzlina, ktor\u00e1 je absol\u00fatnym hitom Bratislavy. Prav\u00e9 \u201egelato\u201c \u010di chutn\u00e9 sorbety pod\u013ea talianskej recept\u00fary pripravuje vy\u0161tudovan\u00e1 zmrzlin\u00e1rka a\u00a0medzi jej najvychytenej\u0161ie pr\u00edchute patria makov\u00e1, bazalkov\u00e1 \u010di ara\u0161idov\u00e1.<\/p>\n<p><img loading=\"lazy\" class=\"alignnone wp-image-286802 size-full\" src=\"https:\/\/www.visitbratislava.com\/wp-content\/uploads\/2024\/03\/Koun.jpg\" alt=\"\" width=\"2048\" height=\"1331\" srcset=\"https:\/\/www.visitbratislava.com\/wp-content\/uploads\/2024\/03\/Koun.jpg 2048w, https:\/\/www.visitbratislava.com\/wp-content\/uploads\/2024\/03\/Koun-400x260.jpg 400w, https:\/\/www.visitbratislava.com\/wp-content\/uploads\/2024\/03\/Koun-800x520.jpg 800w, https:\/\/www.visitbratislava.com\/wp-content\/uploads\/2024\/03\/Koun-768x499.jpg 768w, https:\/\/www.visitbratislava.com\/wp-content\/uploads\/2024\/03\/Koun-1536x998.jpg 1536w, https:\/\/www.visitbratislava.com\/wp-content\/uploads\/2024\/03\/Koun-200x130.jpg 200w\" sizes=\"(max-width: 2048px) 100vw, 2048px\" \/><\/p>\n<p><strong>4. Mondieu<\/strong><br \/>\nChutn\u00e9 a\u00a0plne veg\u00e1nske \u2013 tak\u00e9 kop\u010deky na v\u00e1s \u010dakaj\u00fa v\u00a0Mondieu. Zmrzlina je tu ka\u017ed\u00fd de\u0148 \u010derstv\u00e1 a\u00a0pod\u00e1van\u00e1 v\u00a0mnoh\u00fdch pr\u00edchutiach ako ara\u0161idov\u00e9 maslo, brownie \u010di levandu\u013eov\u00e1. K\u00a0v\u00fdbornej zmrzline si doprajte kvalitn\u00fa k\u00e1vu alebo r\u00f4zne zdrav\u00e9 smoothie, \u010di \u0161al\u00e1ty a\u00a0bagety plnen\u00e9 lahodn\u00fdmi surovinami.<\/p>\n<figure id=\"attachment_34785\" aria-describedby=\"caption-attachment-34785\" style=\"width: 800px\" class=\"wp-caption aligncenter\"><img loading=\"lazy\" class=\"wp-image-34785 size-large\" src=\"https:\/\/www.visitbratislava.com\/wp-content\/uploads\/2017\/07\/mondieu-zmrzlina-800x608.jpg\" alt=\"\" width=\"800\" height=\"608\" srcset=\"https:\/\/www.visitbratislava.com\/wp-content\/uploads\/2017\/07\/mondieu-zmrzlina-800x608.jpg 800w, https:\/\/www.visitbratislava.com\/wp-content\/uploads\/2017\/07\/mondieu-zmrzlina-400x304.jpg 400w, https:\/\/www.visitbratislava.com\/wp-content\/uploads\/2017\/07\/mondieu-zmrzlina-768x583.jpg 768w, https:\/\/www.visitbratislava.com\/wp-content\/uploads\/2017\/07\/mondieu-zmrzlina-200x152.jpg 200w, https:\/\/www.visitbratislava.com\/wp-content\/uploads\/2017\/07\/mondieu-zmrzlina.jpg 960w\" sizes=\"(max-width: 800px) 100vw, 800px\" \/><figcaption id=\"caption-attachment-34785\" class=\"wp-caption-text\">foto: mondieu.sk<\/figcaption><\/figure>\n<p><strong>5. Marinela<\/strong><br \/>\nFarebn\u00e9 nanuky z prav\u00e9ho ovocia, ktor\u00e9 s\u00fa dosladen\u00e9 len ak je to \u00faplne nevyhnutn\u00e9\u2026 Z\u00e1klady cesty za zmrzlin\u00e1rskym snom majite\u013eov nanuk\u00e1rne im dala talianska univerzita, kde sa chodia u\u010di\u0165 prav\u00e9 talianske recept\u00fary nad\u0161enci z cel\u00e9ho sveta. Ako vravia: \u201eV na\u0161ich receptoch nie je priestor pre pr\u00e1\u0161kov\u00e9 zmrzliny. Poctiv\u00e9 gelato je charakteristick\u00e9 t\u00fdmi najkvalitnej\u0161\u00edmi surovinami, preto je aj na\u0161a recept\u00fara zalo\u017een\u00e1 na \u010derstv\u00fdch surovin\u00e1ch.\u201c<\/p>\n<p><img loading=\"lazy\" width=\"720\" height=\"960\" class=\"alignnone size-full wp-image-237956\" src=\"https:\/\/www.visitbratislava.com\/wp-content\/uploads\/2023\/04\/Marinela-ufo.jpg\" alt=\"\" srcset=\"https:\/\/www.visitbratislava.com\/wp-content\/uploads\/2023\/04\/Marinela-ufo.jpg 720w, https:\/\/www.visitbratislava.com\/wp-content\/uploads\/2023\/04\/Marinela-ufo-300x400.jpg 300w, https:\/\/www.visitbratislava.com\/wp-content\/uploads\/2023\/04\/Marinela-ufo-600x800.jpg 600w, https:\/\/www.visitbratislava.com\/wp-content\/uploads\/2023\/04\/Marinela-ufo-150x200.jpg 150w\" sizes=\"(max-width: 720px) 100vw, 720px\" \/><em><span style=\"font-size: 8pt;\"> foto: Marinela<\/span><\/em><\/p>\n<p><iframe src=\"https:\/\/www.google.com\/maps\/d\/embed?mid=1Y3eg-ixw5ZZYT9uA93G3o3C3oKs\" width=\"1000\" height=\"480\"><\/iframe><\/p>\n","protected":false},"excerpt":{"rendered":"<p>1. Arthur \u010cierna zmrzlina, \u010dierne korn\u00fatiky a poriadne porcie pln\u00e9 origin\u00e1lnych chut\u00ed. Arthur Ice Cream na Laurinskej 2 v\u00e1s prekvap\u00ed hust\u00fdm obsahom pravej belgickej \u010dokol\u00e1dy, slan\u00e9ho karamelu \u010di mascarpone. Milovn\u00edci zdrav\u00e9ho stravovania si tu tie\u017e n\u00e1jdu ve\u013ek\u00fd v\u00fdber, medzi in\u00fdmi spomenieme \u00faplne exkluz\u00edvnu zmrzlinu z\u00a0kokosov\u00e9ho uhlia \u010di sorbet z\u00a0indick\u00e9ho manga. 2. Luculus Zmrzlin\u00e1re\u0148, ktor\u00e1 na [&hellip;]<\/p>\n","protected":false},"author":10,"featured_media":34778,"parent":0,"menu_order":0,"comment_status":"closed","ping_status":"closed","template":"","meta":[],"acf":[],"_links":{"self":[{"href":"https:\/\/www.visitbratislava.com\/sk\/wp-json\/wp\/v2\/pages\/34776"}],"collection":[{"href":"https:\/\/www.visitbratislava.com\/sk\/wp-json\/wp\/v2\/pages"}],"about":[{"href":"https:\/\/www.visitbratislava.com\/sk\/wp-json\/wp\/v2\/types\/page"}],"author":[{"embeddable":true,"href":"https:\/\/www.visitbratislava.com\/sk\/wp-json\/wp\/v2\/users\/10"}],"replies":[{"embeddable":true,"href":"https:\/\/www.visitbratislava.com\/sk\/wp-json\/wp\/v2\/comments?post=34776"}],"version-history":[{"count":4,"href":"https:\/\/www.visitbratislava.com\/sk\/wp-json\/wp\/v2\/pages\/34776\/revisions"}],"predecessor-version":[{"id":286844,"href":"https:\/\/www.visitbratislava.com\/sk\/wp-json\/wp\/v2\/pages\/34776\/revisions\/286844"}],"wp:featuredmedia":[{"embeddable":true,"href":"https:\/\/www.visitbratislava.com\/sk\/wp-json\/wp\/v2\/media\/34778"}],"wp:attachment":[{"href":"https:\/\/www.visitbratislava.com\/sk\/wp-json\/wp\/v2\/media?parent=34776"}],"curies":[{"name":"wp","href":"https:\/\/api.w.org\/{rel}","templated":true}]}}