{"id":348674,"date":"2025-08-22T13:49:17","date_gmt":"2025-08-22T11:49:17","guid":{"rendered":"https:\/\/www.visitbratislava.com\/?page_id=348674"},"modified":"2025-11-26T15:22:51","modified_gmt":"2025-11-26T14:22:51","slug":"co-vidiet-v-bratislave-za-1-den","status":"publish","type":"page","link":"https:\/\/www.visitbratislava.com\/sk\/co-vidiet-v-bratislave-za-1-den\/","title":{"rendered":"\u010co vidie\u0165 v Bratislave za jeden de\u0148"},"content":{"rendered":"<h2 data-start=\"173\" data-end=\"212\"><strong>Bratislava za jeden de\u0148 bez starost\u00ed<\/strong><\/h2>\n<ul>\n<li><strong data-start=\"214\" data-end=\"230\">9:00 \u2013 11:00:<\/strong> Historick\u00e9 m\u00fazeum \u2013 Bratislavsk\u00fd hrad &amp; barokov\u00e1 z\u00e1hrada (zadarmo s Bratislava Card)<\/li>\n<li><strong data-start=\"318\" data-end=\"335\">11:15 \u2013 11:45:<\/strong> Katedr\u00e1la sv. Martina \u2013 krypty, ch\u00f3r, klenotnica (zadarmo s Bratislava Card)<\/li>\n<li><strong data-start=\"415\" data-end=\"433\">12:00 \u2013 13:45:<\/strong> Obed v Zylinder Cafe Restaurant (z\u013eava 10 % s Bratislava Card)<\/li>\n<li><strong data-start=\"499\" data-end=\"517\">14:00 \u2013 15:15:<\/strong> Pe\u0161ia prehliadka mesta \u2013 Star\u00e9 Mesto so sprievodcom (zadarmo s Bratislava Card, za\u010d\u00edna denne o 14:00)<\/li>\n<li><strong data-start=\"622\" data-end=\"640\">15:30 \u2013 16:45:<\/strong> Gal\u00e9ria mesta Bratislavy \u2013 Mirbachov pal\u00e1c (zadarmo s Bratislava Card)<\/li>\n<li><strong data-start=\"714\" data-end=\"732\">16:45 \u2013 18:00:<\/strong> Star\u00e1 mestsk\u00e1 radnica \u2013 historick\u00e9 m\u00fazeum a vyhliadka z ve\u017ee (zadarmo s Bratislava Card)<\/li>\n<li><strong data-start=\"824\" data-end=\"842\">18:15 \u2013 ve\u010der:<\/strong> Sky Bar &amp; Restaurant \u2013 v\u00fdh\u013ead na osvetlen\u00e9 mesto (z\u013eava 10 % s Bratislava Card)<\/li>\n<\/ul>\n<p><img loading=\"lazy\" class=\"aligncenter wp-image-348708 size-large\" src=\"https:\/\/www.visitbratislava.com\/wp-content\/uploads\/2025\/08\/HITART_2023_nivy_bc_card_komparz_vyhradna_licencia_casovo_neobmedzena-92-800x533.jpg\" alt=\"pani dr\u017eiaca Bratislava Card a mapu mesta\" width=\"800\" height=\"533\" srcset=\"https:\/\/www.visitbratislava.com\/wp-content\/uploads\/2025\/08\/HITART_2023_nivy_bc_card_komparz_vyhradna_licencia_casovo_neobmedzena-92-800x533.jpg 800w, https:\/\/www.visitbratislava.com\/wp-content\/uploads\/2025\/08\/HITART_2023_nivy_bc_card_komparz_vyhradna_licencia_casovo_neobmedzena-92-400x267.jpg 400w, https:\/\/www.visitbratislava.com\/wp-content\/uploads\/2025\/08\/HITART_2023_nivy_bc_card_komparz_vyhradna_licencia_casovo_neobmedzena-92-768x512.jpg 768w, https:\/\/www.visitbratislava.com\/wp-content\/uploads\/2025\/08\/HITART_2023_nivy_bc_card_komparz_vyhradna_licencia_casovo_neobmedzena-92-1536x1024.jpg 1536w, https:\/\/www.visitbratislava.com\/wp-content\/uploads\/2025\/08\/HITART_2023_nivy_bc_card_komparz_vyhradna_licencia_casovo_neobmedzena-92-2048x1365.jpg 2048w, https:\/\/www.visitbratislava.com\/wp-content\/uploads\/2025\/08\/HITART_2023_nivy_bc_card_komparz_vyhradna_licencia_casovo_neobmedzena-92-200x133.jpg 200w\" sizes=\"(max-width: 800px) 100vw, 800px\" \/><\/p>\n<h2 data-start=\"929\" data-end=\"966\"><strong>Kr\u00e1\u013eovsk\u00e9 r\u00e1no s v\u00fdh\u013eadom na Dunaj<\/strong><\/h2>\n<p data-start=\"968\" data-end=\"1211\">Pripravili sme pre v\u00e1s itiner\u00e1r z najpopul\u00e1rnej\u0161\u00edch atrakci\u00ed jedine\u010dn\u00e9ho mesta na Dunaji. R\u00e1no za\u010dnite na <a href=\"https:\/\/www.visitbratislava.com\/sk\/miesta\/bratislavsky-hrad\/\" target=\"_blank\" rel=\"noopener\"><strong>Bratislavskom hrade<\/strong><\/a>. Jeho barokov\u00e1 z\u00e1hrada bola navrhnut\u00e1 pre M\u00e1riu Ter\u00e9ziu, ktor\u00e1 patr\u00ed k najv\u00fdznamnej\u0161\u00edm panovn\u00ed\u010dkam na uhorskom tr\u00f3ne.<\/p>\n<p data-start=\"1213\" data-end=\"1466\">Prejdite sa medzi strieborn\u00fdmi lipami a barokov\u00fdmi sochami. Zastavte sa pri font\u00e1ne a vychutnajte si v\u00fdh\u013ead na mesto a Dunaj. S <a href=\"https:\/\/card.visitbratislava.com\/sk\/\" target=\"_blank\" rel=\"noopener\"><strong>Bratislava Card<\/strong><\/a> m\u00e1te bezplatn\u00fd vstup do <a href=\"https:\/\/card.visitbratislava.com\/sk\/discount\/snm-historicke-muzeum-bratislavsky-hrad\/\" target=\"_blank\" rel=\"noopener\"><strong>Historick\u00e9ho m\u00fazea SNM<\/strong><\/a>, vr\u00e1tane hradnej klenotnice, korunnej ve\u017ee a sez\u00f3nnych v\u00fdstav.<\/p>\n<p data-start=\"1213\" data-end=\"1466\"><img loading=\"lazy\" class=\"aligncenter wp-image-382296 size-large\" src=\"https:\/\/www.visitbratislava.com\/wp-content\/uploads\/2025\/11\/Bratislavsky-hrad-800x533.jpg\" alt=\"Bratislava za jeden de\u0148 - Bratislavsk\u00fd hrad\" width=\"800\" height=\"533\" srcset=\"https:\/\/www.visitbratislava.com\/wp-content\/uploads\/2025\/11\/Bratislavsky-hrad-800x533.jpg 800w, https:\/\/www.visitbratislava.com\/wp-content\/uploads\/2025\/11\/Bratislavsky-hrad-400x267.jpg 400w, https:\/\/www.visitbratislava.com\/wp-content\/uploads\/2025\/11\/Bratislavsky-hrad-768x512.jpg 768w, https:\/\/www.visitbratislava.com\/wp-content\/uploads\/2025\/11\/Bratislavsky-hrad-1536x1024.jpg 1536w, https:\/\/www.visitbratislava.com\/wp-content\/uploads\/2025\/11\/Bratislavsky-hrad-2048x1366.jpg 2048w, https:\/\/www.visitbratislava.com\/wp-content\/uploads\/2025\/11\/Bratislavsky-hrad-200x133.jpg 200w\" sizes=\"(max-width: 800px) 100vw, 800px\" \/><\/p>\n<h2><strong>Po stop\u00e1ch kr\u00e1\u013eov a kr\u00e1\u013eovn\u00fdch<\/strong><\/h2>\n<p>N\u00e1sledne sa prejdite do <a href=\"https:\/\/card.visitbratislava.com\/sk\/discount\/katedrala-sv-martina\/\" target=\"_blank\" rel=\"noopener\"><strong>Katedr\u00e1ly sv. Martina<\/strong><\/a>, miesta korunov\u00e1ci\u00ed jeden\u00e1stich uhorsk\u00fdch panovn\u00edkov a siedmich kr\u00e1\u013eovsk\u00fdch man\u017eeliek (do roku 1830). Vstup do katedr\u00e1ly je bezplatn\u00fd, no s kartou z\u00edskate navy\u0161e pr\u00edstup do krypty, ch\u00f3ru a do klenotnice.<\/p>\n<p><img loading=\"lazy\" class=\"aligncenter wp-image-382290 size-large\" src=\"https:\/\/www.visitbratislava.com\/wp-content\/uploads\/2025\/11\/Katedrala-sv.-Martina-vyhlad-800x387.jpg\" alt=\"Bratislava za jeden de\u0148 - katedr\u00e1la sv. Martina\" width=\"800\" height=\"387\" srcset=\"https:\/\/www.visitbratislava.com\/wp-content\/uploads\/2025\/11\/Katedrala-sv.-Martina-vyhlad-800x387.jpg 800w, https:\/\/www.visitbratislava.com\/wp-content\/uploads\/2025\/11\/Katedrala-sv.-Martina-vyhlad-400x193.jpg 400w, https:\/\/www.visitbratislava.com\/wp-content\/uploads\/2025\/11\/Katedrala-sv.-Martina-vyhlad-768x371.jpg 768w, https:\/\/www.visitbratislava.com\/wp-content\/uploads\/2025\/11\/Katedrala-sv.-Martina-vyhlad-1536x742.jpg 1536w, https:\/\/www.visitbratislava.com\/wp-content\/uploads\/2025\/11\/Katedrala-sv.-Martina-vyhlad-2048x990.jpg 2048w, https:\/\/www.visitbratislava.com\/wp-content\/uploads\/2025\/11\/Katedrala-sv.-Martina-vyhlad-200x97.jpg 200w\" sizes=\"(max-width: 800px) 100vw, 800px\" \/><\/p>\n<h2><strong>Pre\u0161porsk\u00e1 pauza na obed<\/strong><\/h2>\n<p data-start=\"1807\" data-end=\"1993\">Na obed sa zastavte v <a href=\"https:\/\/card.visitbratislava.com\/sk\/discount\/zylinder-cafe-restaurant\/\" target=\"_blank\" rel=\"noopener\"><strong>Zylinder Cafe Restaurant<\/strong><\/a> na Hviezdoslavovom n\u00e1mest\u00ed. Re\u0161taur\u00e1cia pon\u00faka autentick\u00fa pre\u0161porsk\u00fa kuchy\u0148u a pr\u00edjemn\u00fa atmosf\u00e9ru. S <a href=\"https:\/\/card.visitbratislava.com\/sk\/\" target=\"_blank\" rel=\"noopener\"><strong>Bratislava Card<\/strong><\/a> tu z\u00edskate 10 % z\u013eavu.<\/p>\n<p data-start=\"1995\" data-end=\"2048\">Odd\u00fdchnite si a na\u010derpajte energiu na druh\u00fa \u010das\u0165 d\u0148a.<\/p>\n<p data-start=\"1995\" data-end=\"2048\"><img loading=\"lazy\" class=\"aligncenter wp-image-382302 size-large\" src=\"https:\/\/www.visitbratislava.com\/wp-content\/uploads\/2025\/11\/zylinder-cafe-and-restaurant-800x533.jpg\" alt=\"zylinder cafe and restaurant\" width=\"800\" height=\"533\" srcset=\"https:\/\/www.visitbratislava.com\/wp-content\/uploads\/2025\/11\/zylinder-cafe-and-restaurant-800x533.jpg 800w, https:\/\/www.visitbratislava.com\/wp-content\/uploads\/2025\/11\/zylinder-cafe-and-restaurant-400x267.jpg 400w, https:\/\/www.visitbratislava.com\/wp-content\/uploads\/2025\/11\/zylinder-cafe-and-restaurant-768x512.jpg 768w, https:\/\/www.visitbratislava.com\/wp-content\/uploads\/2025\/11\/zylinder-cafe-and-restaurant-1536x1024.jpg 1536w, https:\/\/www.visitbratislava.com\/wp-content\/uploads\/2025\/11\/zylinder-cafe-and-restaurant-2048x1365.jpg 2048w, https:\/\/www.visitbratislava.com\/wp-content\/uploads\/2025\/11\/zylinder-cafe-and-restaurant-200x133.jpg 200w\" sizes=\"(max-width: 800px) 100vw, 800px\" \/><\/p>\n<h2 data-start=\"2055\" data-end=\"2084\"><strong>Pr\u00edbehy ul\u00edc Star\u00e9ho Mesta<\/strong><\/h2>\n<p data-start=\"2086\" data-end=\"2249\">Po obede sa vydajte na <a href=\"https:\/\/card.visitbratislava.com\/sk\/discount\/pesia-prehliadka-centra-mesta\/\" target=\"_blank\" rel=\"noopener\"><strong>prehliadku mesta so sprievodcom<\/strong><\/a>. Okrem historick\u00fdch faktov sa dozviete aj zauj\u00edmavosti zo \u017eivota mesta a praktick\u00e9 tipy pre v\u00e1\u0161 pobyt.<\/p>\n<p data-start=\"2251\" data-end=\"2315\">Prehliadka za\u010d\u00edna denne o 14:00 a je zahrnut\u00e1 v <a href=\"https:\/\/card.visitbratislava.com\/sk\/\" target=\"_blank\" rel=\"noopener\"><strong>Bratislava Card<\/strong><\/a>.<\/p>\n<p data-start=\"2251\" data-end=\"2315\"><img loading=\"lazy\" class=\"aligncenter wp-image-382308 size-large\" src=\"https:\/\/www.visitbratislava.com\/wp-content\/uploads\/2025\/11\/prehliadka-mesta-so-sprievodcom-Bratislava-800x533.jpg\" alt=\"Bratislava za jeden de\u0148 - sprev\u00e1dzan\u00e1 prehliadka mesta\" width=\"800\" height=\"533\" srcset=\"https:\/\/www.visitbratislava.com\/wp-content\/uploads\/2025\/11\/prehliadka-mesta-so-sprievodcom-Bratislava-800x533.jpg 800w, https:\/\/www.visitbratislava.com\/wp-content\/uploads\/2025\/11\/prehliadka-mesta-so-sprievodcom-Bratislava-400x267.jpg 400w, https:\/\/www.visitbratislava.com\/wp-content\/uploads\/2025\/11\/prehliadka-mesta-so-sprievodcom-Bratislava-768x512.jpg 768w, https:\/\/www.visitbratislava.com\/wp-content\/uploads\/2025\/11\/prehliadka-mesta-so-sprievodcom-Bratislava-1536x1024.jpg 1536w, https:\/\/www.visitbratislava.com\/wp-content\/uploads\/2025\/11\/prehliadka-mesta-so-sprievodcom-Bratislava-2048x1366.jpg 2048w, https:\/\/www.visitbratislava.com\/wp-content\/uploads\/2025\/11\/prehliadka-mesta-so-sprievodcom-Bratislava-200x133.jpg 200w\" sizes=\"(max-width: 800px) 100vw, 800px\" \/><\/p>\n<h2 data-start=\"2322\" data-end=\"2355\"><strong>Barok, ve\u017ee a umeleck\u00e9 poklady<\/strong><\/h2>\n<p data-start=\"2357\" data-end=\"2537\">Va\u0161\u00edm \u010fal\u0161\u00edm cie\u013eom je <a href=\"https:\/\/card.visitbratislava.com\/sk\/discount\/galeria-mesta-bratislavy-mirbachov-palac\/\" target=\"_blank\" rel=\"noopener\"><strong>Gal\u00e9ria mesta Bratislavy v<\/strong> <strong>Mirbachovom pal\u00e1ci<\/strong><\/a>. Uvid\u00edte tu v\u00fdstavy stredoeur\u00f3pskeho barokov\u00e9ho maliarstva a soch\u00e1rstva, ako aj \u010fal\u0161ie st\u00e1le a do\u010dasn\u00e9 v\u00fdstavy.<\/p>\n<p data-start=\"2539\" data-end=\"2808\">Odd\u00fdchnu\u0165 si m\u00f4\u017eete v n\u00e1dvornej kaviarni pri \u0161\u00e1lke k\u00e1vy. N\u00e1sledne si doprajte n\u00e1v\u0161tevu <a href=\"https:\/\/card.visitbratislava.com\/sk\/discount\/muzeum-dejin-mesta\/\" target=\"_blank\" rel=\"noopener\"><strong>M\u00fazea mesta Bratislavy v Starej radnici<\/strong><\/a>. Spozn\u00e1te tu zauj\u00edmavosti z hist\u00f3rie mesta. Nezabudnite vyst\u00fapi\u0165 na ve\u017eu, z ktorej sa v\u00e1m naskytne jeden z najkraj\u0161\u00edch v\u00fdh\u013eadov na Bratislavu.<\/p>\n<div class=\"grid-container\"><div class=\"grid-container__item\"><div class=\"block\"><a href=\"https:\/\/www.visitbratislava.com\/wp-content\/uploads\/2025\/11\/Mirbachov-palac-stare-mesto-bratislava-800x533.jpg\" data-fancybox=\"gallery\" data-caption=\"Mirbachov pal\u00e1c\"><div class=\"background\"><img src=\"https:\/\/www.visitbratislava.com\/wp-content\/uploads\/2025\/11\/Mirbachov-palac-stare-mesto-bratislava-800x533.jpg\" alt=\"foto\"\/><\/div><div class=\"overlay filter-blue\"><div class=\"content\"><span class=\"zoom-button\"><\/span><\/div><\/div><\/a><\/div><\/div><div class=\"grid-container__item\"><div class=\"block\"><a href=\"https:\/\/www.visitbratislava.com\/wp-content\/uploads\/2025\/11\/stara-radnica-stare-mesto-bratislava-800x533.jpg\" data-fancybox=\"gallery\" data-caption=\"Star\u00e1 Radnica\"><div class=\"background\" style=\"background-image: url(https:\/\/www.visitbratislava.com\/wp-content\/uploads\/2025\/11\/stara-radnica-stare-mesto-bratislava-800x533.jpg)\"><\/div><div class=\"overlay filter-green\"><div class=\"content\"><span class=\"zoom-button\"><\/span><\/div><\/div><\/a><\/div><\/div><div class=\"grid-container__item more\"><\/div><\/div>\n<h2 data-start=\"2815\" data-end=\"2846\"><strong>Ve\u010der nad mestsk\u00fdmi svetlami<\/strong><\/h2>\n<p data-start=\"2848\" data-end=\"3016\">De\u0148 zakon\u010dite v <a href=\"https:\/\/card.visitbratislava.com\/sk\/discount\/sky-restaurant-bar\/\" target=\"_blank\" rel=\"noopener\"><strong>Sky Bar &amp; Restaurant<\/strong><\/a>. Modern\u00e1 kuchy\u0148a sa tu sp\u00e1ja s miestnymi chu\u0165ami a panoramatick\u00fdm v\u00fdh\u013eadom na Star\u00e9 Mesto. Aj tu m\u00e1te s <a href=\"https:\/\/card.visitbratislava.com\/sk\/\" target=\"_blank\" rel=\"noopener\"><strong>Bratislava Card<\/strong><\/a> 10 % z\u013eavu.<\/p>\n<p data-start=\"3018\" data-end=\"3196\">Tak\u00fdto de\u0148 v Bratislave by v\u00e1s zvy\u010dajne st\u00e1l viac ako <strong>66 eur<\/strong>. S <a href=\"https:\/\/card.visitbratislava.com\/sk\/\" target=\"_blank\" rel=\"noopener\"><strong>Bratislava Card<\/strong><\/a> v\u0161ak m\u00e1te v\u0161etky tieto vstupy zdarma a k tomu aj mno\u017estvo \u010fal\u0161\u00edch v\u00fdhod. Za\u017eite Bratislavu naplno.<\/p>\n<p data-start=\"3018\" data-end=\"3196\"><img loading=\"lazy\" class=\"aligncenter wp-image-382326 size-large\" src=\"https:\/\/www.visitbratislava.com\/wp-content\/uploads\/2025\/11\/skybar-bratislava-vyhlad-na-mesto-hrad-800x533.jpg\" alt=\"skybar restaurant vyh\u013ead na star\u00e9 mesto\" width=\"800\" height=\"533\" srcset=\"https:\/\/www.visitbratislava.com\/wp-content\/uploads\/2025\/11\/skybar-bratislava-vyhlad-na-mesto-hrad-800x533.jpg 800w, https:\/\/www.visitbratislava.com\/wp-content\/uploads\/2025\/11\/skybar-bratislava-vyhlad-na-mesto-hrad-400x267.jpg 400w, https:\/\/www.visitbratislava.com\/wp-content\/uploads\/2025\/11\/skybar-bratislava-vyhlad-na-mesto-hrad-768x512.jpg 768w, https:\/\/www.visitbratislava.com\/wp-content\/uploads\/2025\/11\/skybar-bratislava-vyhlad-na-mesto-hrad-1536x1024.jpg 1536w, https:\/\/www.visitbratislava.com\/wp-content\/uploads\/2025\/11\/skybar-bratislava-vyhlad-na-mesto-hrad-2048x1366.jpg 2048w, https:\/\/www.visitbratislava.com\/wp-content\/uploads\/2025\/11\/skybar-bratislava-vyhlad-na-mesto-hrad-200x133.jpg 200w\" sizes=\"(max-width: 800px) 100vw, 800px\" \/><\/p>\n<p>&nbsp;<\/p>\n","protected":false},"excerpt":{"rendered":"<p>Ak m\u00e1te na Bratislavu iba jeden de\u0148, tento n\u00e1vrh programu v\u00e1s zavedie k najd\u00f4le\u017eitej\u0161\u00edm pamiatkam a atrakci\u00e1m ktor\u00e9 mesto pon\u00faka.<\/p>\n","protected":false},"author":23,"featured_media":348689,"parent":0,"menu_order":0,"comment_status":"closed","ping_status":"closed","template":"","meta":[],"acf":[],"_links":{"self":[{"href":"https:\/\/www.visitbratislava.com\/sk\/wp-json\/wp\/v2\/pages\/348674"}],"collection":[{"href":"https:\/\/www.visitbratislava.com\/sk\/wp-json\/wp\/v2\/pages"}],"about":[{"href":"https:\/\/www.visitbratislava.com\/sk\/wp-json\/wp\/v2\/types\/page"}],"author":[{"embeddable":true,"href":"https:\/\/www.visitbratislava.com\/sk\/wp-json\/wp\/v2\/users\/23"}],"replies":[{"embeddable":true,"href":"https:\/\/www.visitbratislava.com\/sk\/wp-json\/wp\/v2\/comments?post=348674"}],"version-history":[{"count":16,"href":"https:\/\/www.visitbratislava.com\/sk\/wp-json\/wp\/v2\/pages\/348674\/revisions"}],"predecessor-version":[{"id":382332,"href":"https:\/\/www.visitbratislava.com\/sk\/wp-json\/wp\/v2\/pages\/348674\/revisions\/382332"}],"wp:featuredmedia":[{"embeddable":true,"href":"https:\/\/www.visitbratislava.com\/sk\/wp-json\/wp\/v2\/media\/348689"}],"wp:attachment":[{"href":"https:\/\/www.visitbratislava.com\/sk\/wp-json\/wp\/v2\/media?parent=348674"}],"curies":[{"name":"wp","href":"https:\/\/api.w.org\/{rel}","templated":true}]}}