{"id":35291,"date":"2017-08-21T11:47:16","date_gmt":"2017-08-21T09:47:16","guid":{"rendered":"https:\/\/www.visitbratislava.com\/?page_id=35291\/"},"modified":"2025-10-09T08:47:17","modified_gmt":"2025-10-09T06:47:17","slug":"top10romantika","status":"publish","type":"page","link":"https:\/\/www.visitbratislava.com\/sk\/top10romantika\/","title":{"rendered":"Top 10 romantick\u00fdch miest v Bratislave"},"content":{"rendered":"<p><iframe src=\"https:\/\/www.google.com\/maps\/d\/u\/0\/embed?mid=1hBuAEGszZ35P0i9Ee4lvHQ_ruCg\" width=\"1000\" height=\"480\"><\/iframe><\/p>\n<h3>1. Bratislavsk\u00fd hrad<\/h3>\n<p><span style=\"font-weight: 400;\"><a href=\"https:\/\/www.visitbratislava.com\/sk\/miesta\/bratislavsky-hrad\/\" target=\"_blank\" rel=\"noopener noreferrer\">Bratislavsk\u00fd hrad<\/a> je jeden z domin\u00e1nt hlavn\u00e9ho mesta. Pon\u00faka ve\u013ekolep\u00fd v\u00fdh\u013ead na mesto, ako aj mo\u017enos\u0165 za\u017ei\u0165 romantick\u00fd z\u00e1pad slnka s va\u0161ou drahou polovi\u010dkou. Dostanete sa tam pe\u0161i po Z\u00e1mockej ulici, kde sa nesk\u00f4r m\u00f4\u017eete zastavi\u0165 na k\u00e1vu \u010di poh\u00e1rik v\u00edna v \u00fatulnej atmosf\u00e9re Star\u00e9ho Mesta.<\/span><\/p>\n<p><span style=\"font-weight: 400;\"><img loading=\"lazy\" width=\"800\" height=\"533\" class=\"alignnone size-large wp-image-348682\" src=\"https:\/\/www.visitbratislava.com\/wp-content\/uploads\/2025\/08\/hrad-vyhlad-1-800x533.jpg\" alt=\"\" srcset=\"https:\/\/www.visitbratislava.com\/wp-content\/uploads\/2025\/08\/hrad-vyhlad-1-800x533.jpg 800w, https:\/\/www.visitbratislava.com\/wp-content\/uploads\/2025\/08\/hrad-vyhlad-1-400x267.jpg 400w, https:\/\/www.visitbratislava.com\/wp-content\/uploads\/2025\/08\/hrad-vyhlad-1-768x512.jpg 768w, https:\/\/www.visitbratislava.com\/wp-content\/uploads\/2025\/08\/hrad-vyhlad-1-1536x1024.jpg 1536w, https:\/\/www.visitbratislava.com\/wp-content\/uploads\/2025\/08\/hrad-vyhlad-1-2048x1365.jpg 2048w, https:\/\/www.visitbratislava.com\/wp-content\/uploads\/2025\/08\/hrad-vyhlad-1-200x133.jpg 200w\" sizes=\"(max-width: 800px) 100vw, 800px\" \/><\/span><\/p>\n<h3>2. Sad Janka Kr\u00e1\u013ea<\/h3>\n<p><span style=\"font-weight: 400;\">Tento park, nach\u00e1dzaj\u00faci sa na petr\u017ealskom brehu Dunaja, pon\u00faka kopec zelene ktor\u00e1 tu udr\u017euje chl\u00e1dok aj po\u010das t\u00fdch najhor\u00facej\u0161\u00edch letn\u00fdch dn\u00ed. Zo <a href=\"https:\/\/www.visitbratislava.com\/sk\/miesta\/sad-janka-krala\/\" target=\"_blank\" rel=\"noopener noreferrer\">Sadu Janka Kr\u00e1\u013ea<\/a> je to iba k\u00fasok na dunajsk\u00fa Magio pl\u00e1\u017e, kde si m\u00f4\u017eete u\u017ei\u0165 relax \u010di r\u00f4zne \u0161portov\u00e9 aktivity. Ak by ste rad\u0161ej uprednostnili n\u00e1kupy, Aupark je to prav\u00e9 miesto pre v\u00e1s.<\/span><\/p>\n<p><span style=\"font-weight: 400;\"><img loading=\"lazy\" width=\"800\" height=\"800\" class=\"alignnone size-large wp-image-141309\" src=\"https:\/\/www.visitbratislava.com\/wp-content\/uploads\/2022\/06\/Dekan_komparz_leto_2021_cyklo_bicykel_Sad-Janka-Krala_04_kupene_vyhradna-licencia-casovo-neobmedzena_icon-800x800.jpg\" alt=\"\" srcset=\"https:\/\/www.visitbratislava.com\/wp-content\/uploads\/2022\/06\/Dekan_komparz_leto_2021_cyklo_bicykel_Sad-Janka-Krala_04_kupene_vyhradna-licencia-casovo-neobmedzena_icon-800x800.jpg 800w, https:\/\/www.visitbratislava.com\/wp-content\/uploads\/2022\/06\/Dekan_komparz_leto_2021_cyklo_bicykel_Sad-Janka-Krala_04_kupene_vyhradna-licencia-casovo-neobmedzena_icon-400x400.jpg 400w, https:\/\/www.visitbratislava.com\/wp-content\/uploads\/2022\/06\/Dekan_komparz_leto_2021_cyklo_bicykel_Sad-Janka-Krala_04_kupene_vyhradna-licencia-casovo-neobmedzena_icon-150x150.jpg 150w, https:\/\/www.visitbratislava.com\/wp-content\/uploads\/2022\/06\/Dekan_komparz_leto_2021_cyklo_bicykel_Sad-Janka-Krala_04_kupene_vyhradna-licencia-casovo-neobmedzena_icon-768x768.jpg 768w, https:\/\/www.visitbratislava.com\/wp-content\/uploads\/2022\/06\/Dekan_komparz_leto_2021_cyklo_bicykel_Sad-Janka-Krala_04_kupene_vyhradna-licencia-casovo-neobmedzena_icon-200x200.jpg 200w, https:\/\/www.visitbratislava.com\/wp-content\/uploads\/2022\/06\/Dekan_komparz_leto_2021_cyklo_bicykel_Sad-Janka-Krala_04_kupene_vyhradna-licencia-casovo-neobmedzena_icon-184x184.jpg 184w, https:\/\/www.visitbratislava.com\/wp-content\/uploads\/2022\/06\/Dekan_komparz_leto_2021_cyklo_bicykel_Sad-Janka-Krala_04_kupene_vyhradna-licencia-casovo-neobmedzena_icon-384x384.jpg 384w, https:\/\/www.visitbratislava.com\/wp-content\/uploads\/2022\/06\/Dekan_komparz_leto_2021_cyklo_bicykel_Sad-Janka-Krala_04_kupene_vyhradna-licencia-casovo-neobmedzena_icon-784x784.jpg 784w, https:\/\/www.visitbratislava.com\/wp-content\/uploads\/2022\/06\/Dekan_komparz_leto_2021_cyklo_bicykel_Sad-Janka-Krala_04_kupene_vyhradna-licencia-casovo-neobmedzena_icon.jpg 1500w\" sizes=\"(max-width: 800px) 100vw, 800px\" \/><\/span><\/p>\n<h3>3. UFO re\u0161taur\u00e1cia a vyhliadkov\u00e1 ve\u017ea<\/h3>\n<p><span style=\"font-weight: 400;\">Unik\u00e1tna <a href=\"https:\/\/www.visitbratislava.com\/sk\/miesta\/ufo\/\" target=\"_blank\" rel=\"noopener noreferrer\">vyhliadkov\u00e1 ve\u017ea a luxusn\u00e1 re\u0161taur\u00e1cia UFO<\/a>, nach\u00e1dzaj\u00faca sa na pyl\u00f3ne mosta SNP, je perfektn\u00e9 miesto pre str\u00e1venie romantick\u00e9ho ve\u010dera. \u010ci u\u017e sa usad\u00edte v re\u0161taur\u00e1cii, alebo sa rozhodnete v\u00fdjs\u0165 na \u00fapln\u00fd vrchol, pripravte sa na nezabudnute\u013en\u00fd v\u00fdh\u013ead.<\/span><\/p>\n<p><span style=\"font-weight: 400;\"><img loading=\"lazy\" width=\"796\" height=\"800\" class=\"alignnone size-large wp-image-67720\" src=\"https:\/\/www.visitbratislava.com\/wp-content\/uploads\/2019\/10\/ufo-vyhlad-dunaj-hrad-796x800.jpg\" alt=\"\" srcset=\"https:\/\/www.visitbratislava.com\/wp-content\/uploads\/2019\/10\/ufo-vyhlad-dunaj-hrad-796x800.jpg 796w, https:\/\/www.visitbratislava.com\/wp-content\/uploads\/2019\/10\/ufo-vyhlad-dunaj-hrad-150x150.jpg 150w, https:\/\/www.visitbratislava.com\/wp-content\/uploads\/2019\/10\/ufo-vyhlad-dunaj-hrad-398x400.jpg 398w, https:\/\/www.visitbratislava.com\/wp-content\/uploads\/2019\/10\/ufo-vyhlad-dunaj-hrad-768x772.jpg 768w, https:\/\/www.visitbratislava.com\/wp-content\/uploads\/2019\/10\/ufo-vyhlad-dunaj-hrad-200x200.jpg 200w, https:\/\/www.visitbratislava.com\/wp-content\/uploads\/2019\/10\/ufo-vyhlad-dunaj-hrad-184x184.jpg 184w\" sizes=\"(max-width: 796px) 100vw, 796px\" \/><\/span><\/p>\n<h3>4. N\u00e1bre\u017eie Dunaja<\/h3>\n<p>Vydajte sa na prech\u00e1dzku po n\u00e1bre\u017e\u00ed, objavte sochy osobnosti a umeleck\u00e9 diela, prejdite sa po \u0161tyroch mostoch na druh\u00fd breh, \u013eahnite si na tr\u00e1vnik pred Euroveou alebo na Tyr\u0161ovom n\u00e1bre\u017e\u00ed a ochutnajte miestne \u0161peciality v re\u0161taur\u00e1ci\u00e1ch s v\u00fdh\u013eadom na rieku alebo na mestsk\u00fdch pl\u00e1\u017each pod Star\u00fdm mostom alebo na Tyr\u0161\u00e1ku.<\/p>\n<p><img loading=\"lazy\" width=\"800\" height=\"533\" class=\"alignnone size-large wp-image-345686\" src=\"https:\/\/www.visitbratislava.com\/wp-content\/uploads\/2025\/08\/Kovac_2022_nabrezie_tyrsovo-nabrezie_green_ba-hrad_obloha_leto_lod_katedrala-sv-martina_nevyhradna-licencia-800x533.jpg\" alt=\"\" srcset=\"https:\/\/www.visitbratislava.com\/wp-content\/uploads\/2025\/08\/Kovac_2022_nabrezie_tyrsovo-nabrezie_green_ba-hrad_obloha_leto_lod_katedrala-sv-martina_nevyhradna-licencia-800x533.jpg 800w, https:\/\/www.visitbratislava.com\/wp-content\/uploads\/2025\/08\/Kovac_2022_nabrezie_tyrsovo-nabrezie_green_ba-hrad_obloha_leto_lod_katedrala-sv-martina_nevyhradna-licencia-400x267.jpg 400w, https:\/\/www.visitbratislava.com\/wp-content\/uploads\/2025\/08\/Kovac_2022_nabrezie_tyrsovo-nabrezie_green_ba-hrad_obloha_leto_lod_katedrala-sv-martina_nevyhradna-licencia-768x512.jpg 768w, https:\/\/www.visitbratislava.com\/wp-content\/uploads\/2025\/08\/Kovac_2022_nabrezie_tyrsovo-nabrezie_green_ba-hrad_obloha_leto_lod_katedrala-sv-martina_nevyhradna-licencia-1536x1024.jpg 1536w, https:\/\/www.visitbratislava.com\/wp-content\/uploads\/2025\/08\/Kovac_2022_nabrezie_tyrsovo-nabrezie_green_ba-hrad_obloha_leto_lod_katedrala-sv-martina_nevyhradna-licencia-2048x1365.jpg 2048w, https:\/\/www.visitbratislava.com\/wp-content\/uploads\/2025\/08\/Kovac_2022_nabrezie_tyrsovo-nabrezie_green_ba-hrad_obloha_leto_lod_katedrala-sv-martina_nevyhradna-licencia-200x133.jpg 200w\" sizes=\"(max-width: 800px) 100vw, 800px\" \/><\/p>\n<h3>5. Gal\u00e9ria Danubiana<\/h3>\n<p><span style=\"font-weight: 400;\">Ak m\u00e1te radi modern\u00e9 umenie, <a href=\"https:\/\/www.visitbratislava.com\/sk\/miesta\/danubiana\/\" target=\"_blank\" rel=\"noopener noreferrer\">m\u00fazeum modern\u00e9ho umenia Danubiana<\/a> je ur\u010dite potrebn\u00e9 vidie\u0165. M\u00fazeum le\u017e\u00ed asi 15km od centra mesta na dunajskom polostrove obklopen\u00e9 vodnou hladinou, ktor\u00e1 spolu so zele\u0148ou parku utv\u00e1ra oku lahodiaci kontrast. Taktie\u017e je v\u00fdnimo\u010dn\u00e9 svojou polohou, ke\u010f\u017ee sa nach\u00e1dza na rozhran\u00ed troch kraj\u00edn &#8211; Slovenska, Rak\u00faska a Ma\u010farska.<\/span><\/p>\n<p><span style=\"font-weight: 400;\"><img loading=\"lazy\" width=\"800\" height=\"477\" class=\"alignnone size-large wp-image-351852\" src=\"https:\/\/www.visitbratislava.com\/wp-content\/uploads\/2025\/09\/Danubiana-3-scaled-1-800x477.jpg\" alt=\"\" srcset=\"https:\/\/www.visitbratislava.com\/wp-content\/uploads\/2025\/09\/Danubiana-3-scaled-1-800x477.jpg 800w, https:\/\/www.visitbratislava.com\/wp-content\/uploads\/2025\/09\/Danubiana-3-scaled-1-400x238.jpg 400w, https:\/\/www.visitbratislava.com\/wp-content\/uploads\/2025\/09\/Danubiana-3-scaled-1-768x458.jpg 768w, https:\/\/www.visitbratislava.com\/wp-content\/uploads\/2025\/09\/Danubiana-3-scaled-1-1536x916.jpg 1536w, https:\/\/www.visitbratislava.com\/wp-content\/uploads\/2025\/09\/Danubiana-3-scaled-1-2048x1221.jpg 2048w, https:\/\/www.visitbratislava.com\/wp-content\/uploads\/2025\/09\/Danubiana-3-scaled-1-200x119.jpg 200w\" sizes=\"(max-width: 800px) 100vw, 800px\" \/><\/span><\/p>\n<h3>6. VE\u017dA Restaurant<\/h3>\n<p><span style=\"font-weight: 400;\">T\u00e1to <a href=\"https:\/\/veza.sk\/\" target=\"_blank\" rel=\"noopener noreferrer\">re\u0161taur\u00e1cia<\/a>, situovan\u00e1 v telev\u00edznej ve\u017ei na Kamz\u00edku, pon\u00faka v\u010faka svojej nadmorskej v\u00fd\u0161ke a v\u00fdh\u013eadu na okolit\u00fa pr\u00edrodu a mesto azda najlep\u0161\u00ed vyhliadkov\u00fd bod v Bratislave. Ak si rezervujete st\u00f4l vo vn\u00fatri ot\u00e1\u010dacieho prstenca, v\u00e1\u0161 z\u00e1\u017eitok bude skuto\u010dne 360\u00b0.<\/span><\/p>\n<p><span style=\"font-weight: 400;\"><img loading=\"lazy\" width=\"800\" height=\"533\" class=\"alignnone size-large wp-image-249871\" src=\"https:\/\/www.visitbratislava.com\/wp-content\/uploads\/2023\/07\/Crot-Prod_2022_dron_leto_kamzik_green_vyhlad_obloha_nevyhradna-licencia-800x533.jpg\" alt=\"\" srcset=\"https:\/\/www.visitbratislava.com\/wp-content\/uploads\/2023\/07\/Crot-Prod_2022_dron_leto_kamzik_green_vyhlad_obloha_nevyhradna-licencia-800x533.jpg 800w, https:\/\/www.visitbratislava.com\/wp-content\/uploads\/2023\/07\/Crot-Prod_2022_dron_leto_kamzik_green_vyhlad_obloha_nevyhradna-licencia-400x266.jpg 400w, https:\/\/www.visitbratislava.com\/wp-content\/uploads\/2023\/07\/Crot-Prod_2022_dron_leto_kamzik_green_vyhlad_obloha_nevyhradna-licencia-768x512.jpg 768w, https:\/\/www.visitbratislava.com\/wp-content\/uploads\/2023\/07\/Crot-Prod_2022_dron_leto_kamzik_green_vyhlad_obloha_nevyhradna-licencia-1536x1023.jpg 1536w, https:\/\/www.visitbratislava.com\/wp-content\/uploads\/2023\/07\/Crot-Prod_2022_dron_leto_kamzik_green_vyhlad_obloha_nevyhradna-licencia-2048x1364.jpg 2048w, https:\/\/www.visitbratislava.com\/wp-content\/uploads\/2023\/07\/Crot-Prod_2022_dron_leto_kamzik_green_vyhlad_obloha_nevyhradna-licencia-200x133.jpg 200w\" sizes=\"(max-width: 800px) 100vw, 800px\" \/><\/span><\/p>\n<p>&nbsp;<\/p>\n<h3>7. Star\u00e9 Mesto<\/h3>\n<p><span style=\"font-weight: 400;\">V bratislavskom Starom Meste si ve\u010der m\u00f4\u017eete vychutna\u0165 romantick\u00fa, \u00fatuln\u00fa atmosf\u00e9ru centra a jeho historickej architekt\u00fary v tlmenom svetle star\u00fdch pouli\u010dn\u00fdch l\u00e1mp. Je tu mnoho kaviarn\u00ed, pubov a re\u0161taur\u00e1cii ktor\u00e9 v\u00e1m poskytn\u00fa ten najlep\u0161\u00ed z\u00e1\u017eitok z no\u010dn\u00e9ho \u017eivota.<\/span><\/p>\n<p><span style=\"font-weight: 400;\"><img loading=\"lazy\" width=\"800\" height=\"600\" class=\"alignnone size-large wp-image-348818\" src=\"https:\/\/www.visitbratislava.com\/wp-content\/uploads\/2025\/08\/38_Kovac_2022_katedrala-sv-martina_leto_zapad-slnka_stare-mesto_stara-radnica_nevyhradna-licencia-800x600.jpg\" alt=\"\" srcset=\"https:\/\/www.visitbratislava.com\/wp-content\/uploads\/2025\/08\/38_Kovac_2022_katedrala-sv-martina_leto_zapad-slnka_stare-mesto_stara-radnica_nevyhradna-licencia-800x600.jpg 800w, https:\/\/www.visitbratislava.com\/wp-content\/uploads\/2025\/08\/38_Kovac_2022_katedrala-sv-martina_leto_zapad-slnka_stare-mesto_stara-radnica_nevyhradna-licencia-400x300.jpg 400w, https:\/\/www.visitbratislava.com\/wp-content\/uploads\/2025\/08\/38_Kovac_2022_katedrala-sv-martina_leto_zapad-slnka_stare-mesto_stara-radnica_nevyhradna-licencia-768x576.jpg 768w, https:\/\/www.visitbratislava.com\/wp-content\/uploads\/2025\/08\/38_Kovac_2022_katedrala-sv-martina_leto_zapad-slnka_stare-mesto_stara-radnica_nevyhradna-licencia-1536x1152.jpg 1536w, https:\/\/www.visitbratislava.com\/wp-content\/uploads\/2025\/08\/38_Kovac_2022_katedrala-sv-martina_leto_zapad-slnka_stare-mesto_stara-radnica_nevyhradna-licencia-2048x1536.jpg 2048w, https:\/\/www.visitbratislava.com\/wp-content\/uploads\/2025\/08\/38_Kovac_2022_katedrala-sv-martina_leto_zapad-slnka_stare-mesto_stara-radnica_nevyhradna-licencia-200x150.jpg 200w, https:\/\/www.visitbratislava.com\/wp-content\/uploads\/2025\/08\/38_Kovac_2022_katedrala-sv-martina_leto_zapad-slnka_stare-mesto_stara-radnica_nevyhradna-licencia-600x450.jpg 600w\" sizes=\"(max-width: 800px) 100vw, 800px\" \/><\/span><\/p>\n<h3>8. N\u00e1rodn\u00fd sal\u00f3n v\u00edn<\/h3>\n<p><a href=\"https:\/\/www.visitbratislava.com\/sk\/miesta\/narodny-salon-vin\/\">N\u00e1rodn\u00fd sal\u00f3n v\u00edn<\/a> prezentuje 100 najlep\u0161\u00edch slovensk\u00fdch v\u00edn. Nach\u00e1dza sa\u00a0 v historickej \u010dasti Apponnyiho pal\u00e1ca \u2013 v M\u00fazeu vinohradn\u00edctva a vin\u00e1rstva v Bratislave. N\u00e1rodn\u00fd sal\u00f3n v\u00edn Slovenskej republiky je najvy\u0161\u0161ou s\u00fa\u0165a\u017eou v\u00edn vyroben\u00fdch v Slovenskej republike z hrozna poch\u00e1dzaj\u00faceho zo Slovenskej republiky.<\/p>\n<p><img loading=\"lazy\" width=\"800\" height=\"533\" class=\"alignnone size-full wp-image-320710\" src=\"https:\/\/www.visitbratislava.com\/wp-content\/uploads\/2024\/12\/narodny-salon-vin-degustacia-vin-1-800x533-1.jpg\" alt=\"\" srcset=\"https:\/\/www.visitbratislava.com\/wp-content\/uploads\/2024\/12\/narodny-salon-vin-degustacia-vin-1-800x533-1.jpg 800w, https:\/\/www.visitbratislava.com\/wp-content\/uploads\/2024\/12\/narodny-salon-vin-degustacia-vin-1-800x533-1-400x267.jpg 400w, https:\/\/www.visitbratislava.com\/wp-content\/uploads\/2024\/12\/narodny-salon-vin-degustacia-vin-1-800x533-1-768x512.jpg 768w, https:\/\/www.visitbratislava.com\/wp-content\/uploads\/2024\/12\/narodny-salon-vin-degustacia-vin-1-800x533-1-200x133.jpg 200w\" sizes=\"(max-width: 800px) 100vw, 800px\" \/><\/p>\n<h3>9. Eurovea<\/h3>\n<p><span style=\"font-weight: 400;\">Modern\u00e9 <a href=\"https:\/\/www.visitbratislava.com\/sk\/miesta\/eurovea\/\" target=\"_blank\" rel=\"noopener noreferrer\">obchodn\u00e9 centrum<\/a>, nach\u00e1dzaj\u00face sa na staromestskom brehu Dunaja, pon\u00faka mno\u017estvo n\u00e1kupn\u00fdch mo\u017enost\u00ed spolu s re\u0161taur\u00e1ciami a kaviar\u0148ami s pr\u00edjemn\u00fdm v\u00fdh\u013eadom na rieku a v neposlednom rade aj kino.<\/span><\/p>\n<p><span style=\"font-weight: 400;\"><img loading=\"lazy\" width=\"800\" height=\"533\" class=\"alignnone size-large wp-image-67815\" src=\"https:\/\/www.visitbratislava.com\/wp-content\/uploads\/2015\/02\/eurovea-event-2-800x533.jpg\" alt=\"\" srcset=\"https:\/\/www.visitbratislava.com\/wp-content\/uploads\/2015\/02\/eurovea-event-2-800x533.jpg 800w, https:\/\/www.visitbratislava.com\/wp-content\/uploads\/2015\/02\/eurovea-event-2-400x267.jpg 400w, https:\/\/www.visitbratislava.com\/wp-content\/uploads\/2015\/02\/eurovea-event-2-768x512.jpg 768w, https:\/\/www.visitbratislava.com\/wp-content\/uploads\/2015\/02\/eurovea-event-2-200x133.jpg 200w\" sizes=\"(max-width: 800px) 100vw, 800px\" \/> <\/span><\/p>\n<h3>10. Koncertn\u00e1 sie\u0148 Slovenskej filharm\u00f3nie<\/h3>\n<p><span style=\"font-weight: 400;\"><a href=\"https:\/\/www.visitbratislava.com\/sk\/miesta\/slovenska-filharmonia\/\" target=\"_blank\" rel=\"noopener noreferrer\">Koncertn\u00e1 sie\u0148<\/a>, nach\u00e1dzaj\u00faca sa v prerobenom Barokovom pal\u00e1ci, ktor\u00e1 v\u010faka jej v\u00fdbornej akustike o\u010dar\u00ed milovn\u00edkov hudby a dopraje v\u00e1m unik\u00e1tny kult\u00farny z\u00e1\u017eitok.<\/span><\/p>\n<p><img loading=\"lazy\" width=\"800\" height=\"534\" class=\"alignnone size-large wp-image-266282\" src=\"https:\/\/www.visitbratislava.com\/wp-content\/uploads\/2023\/11\/07-SF-Svarovsky-Al-Ashhab-Mendelssohn-foto-\u00a9-A.-Trizuljak-w-800x534.jpg\" alt=\"\" srcset=\"https:\/\/www.visitbratislava.com\/wp-content\/uploads\/2023\/11\/07-SF-Svarovsky-Al-Ashhab-Mendelssohn-foto-\u00a9-A.-Trizuljak-w-800x534.jpg 800w, https:\/\/www.visitbratislava.com\/wp-content\/uploads\/2023\/11\/07-SF-Svarovsky-Al-Ashhab-Mendelssohn-foto-\u00a9-A.-Trizuljak-w-400x267.jpg 400w, https:\/\/www.visitbratislava.com\/wp-content\/uploads\/2023\/11\/07-SF-Svarovsky-Al-Ashhab-Mendelssohn-foto-\u00a9-A.-Trizuljak-w-768x513.jpg 768w, https:\/\/www.visitbratislava.com\/wp-content\/uploads\/2023\/11\/07-SF-Svarovsky-Al-Ashhab-Mendelssohn-foto-\u00a9-A.-Trizuljak-w-1536x1025.jpg 1536w, https:\/\/www.visitbratislava.com\/wp-content\/uploads\/2023\/11\/07-SF-Svarovsky-Al-Ashhab-Mendelssohn-foto-\u00a9-A.-Trizuljak-w-2048x1367.jpg 2048w, https:\/\/www.visitbratislava.com\/wp-content\/uploads\/2023\/11\/07-SF-Svarovsky-Al-Ashhab-Mendelssohn-foto-\u00a9-A.-Trizuljak-w-200x133.jpg 200w\" sizes=\"(max-width: 800px) 100vw, 800px\" \/><\/p>\n","protected":false},"excerpt":{"rendered":"<p>1. Bratislavsk\u00fd hrad Bratislavsk\u00fd hrad je jeden z domin\u00e1nt hlavn\u00e9ho mesta. Pon\u00faka ve\u013ekolep\u00fd v\u00fdh\u013ead na mesto, ako aj mo\u017enos\u0165 za\u017ei\u0165 romantick\u00fd z\u00e1pad slnka s va\u0161ou drahou polovi\u010dkou. Dostanete sa tam pe\u0161i po Z\u00e1mockej ulici, kde sa nesk\u00f4r m\u00f4\u017eete zastavi\u0165 na k\u00e1vu \u010di poh\u00e1rik v\u00edna v \u00fatulnej atmosf\u00e9re Star\u00e9ho Mesta. 2. Sad Janka Kr\u00e1\u013ea Tento park, [&hellip;]<\/p>\n","protected":false},"author":10,"featured_media":74347,"parent":0,"menu_order":0,"comment_status":"closed","ping_status":"closed","template":"","meta":[],"acf":[],"_links":{"self":[{"href":"https:\/\/www.visitbratislava.com\/sk\/wp-json\/wp\/v2\/pages\/35291"}],"collection":[{"href":"https:\/\/www.visitbratislava.com\/sk\/wp-json\/wp\/v2\/pages"}],"about":[{"href":"https:\/\/www.visitbratislava.com\/sk\/wp-json\/wp\/v2\/types\/page"}],"author":[{"embeddable":true,"href":"https:\/\/www.visitbratislava.com\/sk\/wp-json\/wp\/v2\/users\/10"}],"replies":[{"embeddable":true,"href":"https:\/\/www.visitbratislava.com\/sk\/wp-json\/wp\/v2\/comments?post=35291"}],"version-history":[{"count":7,"href":"https:\/\/www.visitbratislava.com\/sk\/wp-json\/wp\/v2\/pages\/35291\/revisions"}],"predecessor-version":[{"id":365711,"href":"https:\/\/www.visitbratislava.com\/sk\/wp-json\/wp\/v2\/pages\/35291\/revisions\/365711"}],"wp:featuredmedia":[{"embeddable":true,"href":"https:\/\/www.visitbratislava.com\/sk\/wp-json\/wp\/v2\/media\/74347"}],"wp:attachment":[{"href":"https:\/\/www.visitbratislava.com\/sk\/wp-json\/wp\/v2\/media?parent=35291"}],"curies":[{"name":"wp","href":"https:\/\/api.w.org\/{rel}","templated":true}]}}