{"id":36176,"date":"2017-09-26T14:10:10","date_gmt":"2017-09-26T12:10:10","guid":{"rendered":"https:\/\/www.visitbratislava.com\/?page_id=36176\/"},"modified":"2025-10-09T10:53:52","modified_gmt":"2025-10-09T08:53:52","slug":"top-10-pivarni","status":"publish","type":"page","link":"https:\/\/www.visitbratislava.com\/sk\/top10\/top-10-pivarni\/","title":{"rendered":"Top 10 piv\u00e1rn\u00ed"},"content":{"rendered":"<h2>1. <a href=\"http:\/\/www.dunajskypivovar.sk\/\" target=\"_blank\" rel=\"noopener\">Dunajsk\u00fd pivovar<\/a><\/h2>\n<p><span style=\"font-weight: 400;\">T\u00e1to re\u0161taur\u00e1cia pon\u00faka unik\u00e1tnu mo\u017enos\u0165 vychutna\u0165 si v\u00fdborn\u00e9 pivo v jedine\u010dnom pivovare nach\u00e1dzaj\u00facom sa priamo na Dunaji. Ak ste fan\u00fa\u0161ikom piva, ur\u010dite ocen\u00edte mo\u017enos\u0165 by\u0165 svedkom cel\u00e9ho v\u00fdrobn\u00e9ho procesu. N\u00e1dhern\u00fd v\u00fdh\u013ead je samozrejmos\u0165ou.<\/span><\/p>\n<p><span style=\"font-weight: 400;\"><img loading=\"lazy\" width=\"800\" height=\"500\" class=\"alignnone size-large wp-image-365721\" src=\"https:\/\/www.visitbratislava.com\/wp-content\/uploads\/2025\/10\/dunajsky-pivovar-800x500.jpg\" alt=\"\" srcset=\"https:\/\/www.visitbratislava.com\/wp-content\/uploads\/2025\/10\/dunajsky-pivovar-800x500.jpg 800w, https:\/\/www.visitbratislava.com\/wp-content\/uploads\/2025\/10\/dunajsky-pivovar-400x250.jpg 400w, https:\/\/www.visitbratislava.com\/wp-content\/uploads\/2025\/10\/dunajsky-pivovar-768x480.jpg 768w, https:\/\/www.visitbratislava.com\/wp-content\/uploads\/2025\/10\/dunajsky-pivovar-1536x960.jpg 1536w, https:\/\/www.visitbratislava.com\/wp-content\/uploads\/2025\/10\/dunajsky-pivovar-200x125.jpg 200w, https:\/\/www.visitbratislava.com\/wp-content\/uploads\/2025\/10\/dunajsky-pivovar.jpg 1600w\" sizes=\"(max-width: 800px) 100vw, 800px\" \/><\/span><\/p>\n<p><span style=\"font-size: 8pt;\">Zdroj: dunajskypivovar.sk<\/span><\/p>\n<h2>2. <a href=\"http:\/\/www.mestianskypivovar.sk\/home\" target=\"_blank\" rel=\"noopener\">Bratislavsk\u00fd me\u0161tiansky pivovar<\/a><\/h2>\n<p><span style=\"font-weight: 400;\">Miestny pivovar na Dunajskej ulici nadv\u00e4zuj\u00faci na trad\u00edciu zn\u00e1meho me\u0161tianskeho pivovaru \u201eDie B\u00fcrgerliche Brauerei\u201c var\u00ed pivo s pou\u017eit\u00edm tej najmodernej\u0161ej technol\u00f3gie. Ich kvalitn\u00e1 kuchy\u0148a je atrakcia sama osebe.<\/span><\/p>\n<p><img loading=\"lazy\" width=\"800\" height=\"533\" class=\"alignnone size-large wp-image-365731\" src=\"https:\/\/www.visitbratislava.com\/wp-content\/uploads\/2025\/10\/Bratislavsky-mestiansky-pivovar-800x533.jpg\" alt=\"\" srcset=\"https:\/\/www.visitbratislava.com\/wp-content\/uploads\/2025\/10\/Bratislavsky-mestiansky-pivovar-800x533.jpg 800w, https:\/\/www.visitbratislava.com\/wp-content\/uploads\/2025\/10\/Bratislavsky-mestiansky-pivovar-400x267.jpg 400w, https:\/\/www.visitbratislava.com\/wp-content\/uploads\/2025\/10\/Bratislavsky-mestiansky-pivovar-768x512.jpg 768w, https:\/\/www.visitbratislava.com\/wp-content\/uploads\/2025\/10\/Bratislavsky-mestiansky-pivovar-1536x1024.jpg 1536w, https:\/\/www.visitbratislava.com\/wp-content\/uploads\/2025\/10\/Bratislavsky-mestiansky-pivovar-200x133.jpg 200w, https:\/\/www.visitbratislava.com\/wp-content\/uploads\/2025\/10\/Bratislavsky-mestiansky-pivovar.jpg 2048w\" sizes=\"(max-width: 800px) 100vw, 800px\" \/><\/p>\n<p><span style=\"font-size: 8pt;\">Zdroj: mestianskypivovar.sk<\/span><\/p>\n<h2>3. <a href=\"https:\/\/www.fabrikapub.sk\/sk\" target=\"_blank\" rel=\"noopener\">Fabrika &#8211; The Beer Pub<\/a><\/h2>\n<p><span style=\"font-weight: 400;\">\u0160t\u00fdlov\u00fd pub, ktor\u00fd okrem vlastn\u00e9ho piva pon\u00faka aj v\u00fdborn\u00e9 jedl\u00e1, ako napr\u00edklad ich vych\u00fdren\u00fd Fabrika burger.<\/span><\/p>\n<p><img loading=\"lazy\" width=\"800\" height=\"600\" class=\"alignnone size-large wp-image-365737\" src=\"https:\/\/www.visitbratislava.com\/wp-content\/uploads\/2025\/10\/Fabrika-the-beer-pub-800x600.jpg\" alt=\"\" srcset=\"https:\/\/www.visitbratislava.com\/wp-content\/uploads\/2025\/10\/Fabrika-the-beer-pub-800x600.jpg 800w, https:\/\/www.visitbratislava.com\/wp-content\/uploads\/2025\/10\/Fabrika-the-beer-pub-400x300.jpg 400w, https:\/\/www.visitbratislava.com\/wp-content\/uploads\/2025\/10\/Fabrika-the-beer-pub-768x576.jpg 768w, https:\/\/www.visitbratislava.com\/wp-content\/uploads\/2025\/10\/Fabrika-the-beer-pub-200x150.jpg 200w, https:\/\/www.visitbratislava.com\/wp-content\/uploads\/2025\/10\/Fabrika-the-beer-pub-600x450.jpg 600w, https:\/\/www.visitbratislava.com\/wp-content\/uploads\/2025\/10\/Fabrika-the-beer-pub.jpg 1000w\" sizes=\"(max-width: 800px) 100vw, 800px\" \/><\/p>\n<p><span style=\"font-size: 8pt;\">Zdroj: fabrikapub.sk<\/span><\/p>\n<h2>4. <a href=\"https:\/\/klastornypivovar.sk\/\" target=\"_blank\" rel=\"noopener\">Kl\u00e1\u0161torn\u00fd pivovar<\/a><\/h2>\n<p><span style=\"font-weight: 400;\">Pr\u00ed\u010fte ochutna\u0165 Kl\u00e1\u0161torn\u00fd le\u017eiak, uvaren\u00fd pomocou starod\u00e1vneho fermenta\u010dn\u00e9ho procesu z t\u00fdch najlep\u0161\u00edch \u010derstv\u00fdch ingredienci\u00ed pod drobnoh\u013eadom sk\u00fasen\u00fdch sl\u00e1dkov.<\/span><\/p>\n<p><img loading=\"lazy\" width=\"800\" height=\"534\" class=\"alignnone size-full wp-image-365743\" src=\"https:\/\/www.visitbratislava.com\/wp-content\/uploads\/2025\/10\/Klastorny-pivovar.jpg\" alt=\"\" srcset=\"https:\/\/www.visitbratislava.com\/wp-content\/uploads\/2025\/10\/Klastorny-pivovar.jpg 800w, https:\/\/www.visitbratislava.com\/wp-content\/uploads\/2025\/10\/Klastorny-pivovar-400x267.jpg 400w, https:\/\/www.visitbratislava.com\/wp-content\/uploads\/2025\/10\/Klastorny-pivovar-768x513.jpg 768w, https:\/\/www.visitbratislava.com\/wp-content\/uploads\/2025\/10\/Klastorny-pivovar-200x134.jpg 200w\" sizes=\"(max-width: 800px) 100vw, 800px\" \/><\/p>\n<p><span style=\"font-size: 8pt;\">Zdroj: superfotograf.sk<\/span><\/p>\n<h2>5. <a href=\"https:\/\/www.facebook.com\/vycapuernoho\/\" target=\"_blank\" rel=\"noopener\">V\u00fd\u010dap u Ern\u00f6ho<\/a><\/h2>\n<p><span style=\"font-weight: 400;\">Skvel\u00e9 pivo z pivovaru Shenk a nezamenite\u013en\u00e1 atmosf\u00e9ra &#8211; to je\u00a0<\/span>V\u00fd\u010dap u Ern\u00f6ho<span style=\"font-weight: 400;\">. Jedine\u010dn\u00e9 miesto na stretnutie s priate\u013emi, kde to \u017eije najm\u00e4 v lete.<\/span><\/p>\n<p><span style=\"font-weight: 400;\"> <img loading=\"lazy\" width=\"526\" height=\"526\" class=\"alignnone size-full wp-image-365749\" src=\"https:\/\/www.visitbratislava.com\/wp-content\/uploads\/2025\/10\/Vycap-u-Ernoa.jpg\" alt=\"\" srcset=\"https:\/\/www.visitbratislava.com\/wp-content\/uploads\/2025\/10\/Vycap-u-Ernoa.jpg 526w, https:\/\/www.visitbratislava.com\/wp-content\/uploads\/2025\/10\/Vycap-u-Ernoa-400x400.jpg 400w, https:\/\/www.visitbratislava.com\/wp-content\/uploads\/2025\/10\/Vycap-u-Ernoa-150x150.jpg 150w, https:\/\/www.visitbratislava.com\/wp-content\/uploads\/2025\/10\/Vycap-u-Ernoa-200x200.jpg 200w, https:\/\/www.visitbratislava.com\/wp-content\/uploads\/2025\/10\/Vycap-u-Ernoa-184x184.jpg 184w, https:\/\/www.visitbratislava.com\/wp-content\/uploads\/2025\/10\/Vycap-u-Ernoa-384x384.jpg 384w\" sizes=\"(max-width: 526px) 100vw, 526px\" \/><\/span><\/p>\n<p><span style=\"font-size: 8pt;\">Zdroj: Fb V\u00fd\u010dap U Ern\u0151ho<\/span><\/p>\n<h2>6. <a href=\"https:\/\/sk-sk.facebook.com\/pivovaralzbetka\" target=\"_blank\" rel=\"noopener\">Mestsk\u00fd pivovar Al\u017ebetka<\/a><\/h2>\n<p><span style=\"font-weight: 400;\">Podnik s trad\u00edciou a kvalitnou slovensko-\u010desko-ma\u010farskou kuchy\u0148ou a s v\u00fdborn\u00fdm pivom z pivovaru Kom\u00edn.<\/span><\/p>\n<p><img loading=\"lazy\" width=\"512\" height=\"640\" class=\"alignnone size-full wp-image-365756\" src=\"https:\/\/www.visitbratislava.com\/wp-content\/uploads\/2025\/10\/Mestsky-pivovar-Alzbetka.jpg\" alt=\"\" srcset=\"https:\/\/www.visitbratislava.com\/wp-content\/uploads\/2025\/10\/Mestsky-pivovar-Alzbetka.jpg 512w, https:\/\/www.visitbratislava.com\/wp-content\/uploads\/2025\/10\/Mestsky-pivovar-Alzbetka-320x400.jpg 320w, https:\/\/www.visitbratislava.com\/wp-content\/uploads\/2025\/10\/Mestsky-pivovar-Alzbetka-160x200.jpg 160w\" sizes=\"(max-width: 512px) 100vw, 512px\" \/><\/p>\n<p><span style=\"font-size: 8pt;\">Zdroj: Fb Mestsk\u00fd pivovar Al\u017ebetka\u00a0<\/span><\/p>\n<h2>7.\u00a0 <a href=\"https:\/\/slovakpub.sk\/\" target=\"_blank\" rel=\"noopener\">1. Slovak Pub<\/a><\/h2>\n<p><span style=\"font-weight: 400;\">Tradi\u010dn\u00fd slovensk\u00fd pub s atmosf\u00e9rou star\u00fdch \u010dias, kde si m\u00f4\u017eete zvoli\u0165 z pestr\u00e9ho v\u00fdberu slovensk\u00fdch p\u00edv alebo vychutna\u0165 pivo z Kl\u00e1\u0161torn\u00e9ho pivovaru \u010di jedl\u00e1 typicky slovenskej kuchyne.<\/span><\/p>\n<p><img loading=\"lazy\" width=\"800\" height=\"533\" class=\"alignnone size-full wp-image-351744\" src=\"https:\/\/www.visitbratislava.com\/wp-content\/uploads\/2025\/09\/slovak_pub1-800x533-1.jpg\" alt=\"\" srcset=\"https:\/\/www.visitbratislava.com\/wp-content\/uploads\/2025\/09\/slovak_pub1-800x533-1.jpg 800w, https:\/\/www.visitbratislava.com\/wp-content\/uploads\/2025\/09\/slovak_pub1-800x533-1-400x267.jpg 400w, https:\/\/www.visitbratislava.com\/wp-content\/uploads\/2025\/09\/slovak_pub1-800x533-1-768x512.jpg 768w, https:\/\/www.visitbratislava.com\/wp-content\/uploads\/2025\/09\/slovak_pub1-800x533-1-200x133.jpg 200w\" sizes=\"(max-width: 800px) 100vw, 800px\" \/><\/p>\n<h2>8. <a href=\"https:\/\/www.facebook.com\/steinplatz\/\" target=\"_blank\" rel=\"noopener\">Steinplatz<\/a><\/h2>\n<p>N\u00e1padit\u00fd koncept tohto baru a piv\u00e1rne v\u00e1s ur\u010dite prekvap\u00ed, ide toti\u017e o b\u00fdval\u00e9 verejn\u00e9 toalety. \u010cak\u00e1 v\u00e1s \u00fatuln\u00fd interi\u00e9r, \u0161t\u00fdlov\u00e1 terasa a\u00a0k\u00a0tomu bohat\u00fd v\u00fdber chutn\u00fdch p\u00edv z\u00a0mal\u00fdch a\u00a0kvalitn\u00fdch pivovarov.<\/p>\n<p><img loading=\"lazy\" width=\"800\" height=\"600\" class=\"alignnone size-large wp-image-365714\" src=\"https:\/\/www.visitbratislava.com\/wp-content\/uploads\/2025\/10\/Steinplatz-800x600.jpg\" alt=\"\" srcset=\"https:\/\/www.visitbratislava.com\/wp-content\/uploads\/2025\/10\/Steinplatz-800x600.jpg 800w, https:\/\/www.visitbratislava.com\/wp-content\/uploads\/2025\/10\/Steinplatz-400x300.jpg 400w, https:\/\/www.visitbratislava.com\/wp-content\/uploads\/2025\/10\/Steinplatz-768x576.jpg 768w, https:\/\/www.visitbratislava.com\/wp-content\/uploads\/2025\/10\/Steinplatz-1536x1152.jpg 1536w, https:\/\/www.visitbratislava.com\/wp-content\/uploads\/2025\/10\/Steinplatz-200x150.jpg 200w, https:\/\/www.visitbratislava.com\/wp-content\/uploads\/2025\/10\/Steinplatz-600x450.jpg 600w, https:\/\/www.visitbratislava.com\/wp-content\/uploads\/2025\/10\/Steinplatz.jpg 2048w\" sizes=\"(max-width: 800px) 100vw, 800px\" \/><\/p>\n<p><span style=\"font-size: 8pt;\">Zdroj: The European Bar Guide<\/span><\/p>\n<h2>9. <a href=\"https:\/\/sk-sk.facebook.com\/%C4%8Cierny-Pes-220771667967534\/\" target=\"_blank\" rel=\"noopener\">\u010cierny pes<\/a><\/h2>\n<p><span style=\"font-weight: 400;\">Ak chcete unikn\u00fa\u0165 ruchu ul\u00edc historick\u00e9ho centra, tento mal\u00fd \u00fatuln\u00fd pub situovan\u00fd v \u00fazkej a tichej uli\u010dke je perfektn\u00fdm miestom na nefal\u0161ovan\u00fd pivn\u00fd z\u00e1\u017eitok.<\/span><\/p>\n<p><img loading=\"lazy\" width=\"720\" height=\"480\" class=\"alignnone size-full wp-image-365768\" src=\"https:\/\/www.visitbratislava.com\/wp-content\/uploads\/2025\/10\/cierny-pes.jpg\" alt=\"\" srcset=\"https:\/\/www.visitbratislava.com\/wp-content\/uploads\/2025\/10\/cierny-pes.jpg 720w, https:\/\/www.visitbratislava.com\/wp-content\/uploads\/2025\/10\/cierny-pes-400x267.jpg 400w, https:\/\/www.visitbratislava.com\/wp-content\/uploads\/2025\/10\/cierny-pes-200x133.jpg 200w\" sizes=\"(max-width: 720px) 100vw, 720px\" \/><\/p>\n<p><span style=\"font-size: 8pt;\">Zdroj: Fb \u010cierny Pes<\/span><\/p>\n<h2>10. <a href=\"https:\/\/www.facebook.com\/profile.php?id=100090309886870\" target=\"_blank\" rel=\"noopener\">\u017dil Verne<\/a><\/h2>\n<p><span style=\"font-weight: 400;\">\u0160t\u00fdlov\u00e1 piv\u00e1re\u0148 s vlastn\u00fdm pivom na pe\u0161ej z\u00f3ne v centre mesta. Priv\u00edta v\u00e1s priate\u013esk\u00e1 atmosf\u00e9ra a priestor vhodn\u00fd aj na sledovanie \u0161portov\u00fdch z\u00e1pasov.<\/span><\/p>\n<p><span style=\"font-weight: 400;\"> <img loading=\"lazy\" width=\"450\" height=\"800\" class=\"alignnone size-large wp-image-365774\" src=\"https:\/\/www.visitbratislava.com\/wp-content\/uploads\/2025\/10\/zil-verne-450x800.jpg\" alt=\"\" srcset=\"https:\/\/www.visitbratislava.com\/wp-content\/uploads\/2025\/10\/zil-verne-450x800.jpg 450w, https:\/\/www.visitbratislava.com\/wp-content\/uploads\/2025\/10\/zil-verne-225x400.jpg 225w, https:\/\/www.visitbratislava.com\/wp-content\/uploads\/2025\/10\/zil-verne-768x1364.jpg 768w, https:\/\/www.visitbratislava.com\/wp-content\/uploads\/2025\/10\/zil-verne-865x1536.jpg 865w, https:\/\/www.visitbratislava.com\/wp-content\/uploads\/2025\/10\/zil-verne-113x200.jpg 113w, https:\/\/www.visitbratislava.com\/wp-content\/uploads\/2025\/10\/zil-verne.jpg 1153w\" sizes=\"(max-width: 450px) 100vw, 450px\" \/><\/span><\/p>\n<p><span style=\"font-size: 8pt;\">Zdroj: Fb \u017dil Verne craftbeerpub Bratislava\u00a0<\/span><\/p>\n<p>&nbsp;<\/p>\n<p><iframe src=\"https:\/\/www.google.com\/maps\/d\/embed?mid=1YUacHqP6LbcQG5O2gwlM6sg0c5o&amp;hl=en\" width=\"800\" height=\"480\"><\/iframe><\/p>\n","protected":false},"excerpt":{"rendered":"<p>1. Dunajsk\u00fd pivovar T\u00e1to re\u0161taur\u00e1cia pon\u00faka unik\u00e1tnu mo\u017enos\u0165 vychutna\u0165 si v\u00fdborn\u00e9 pivo v jedine\u010dnom pivovare nach\u00e1dzaj\u00facom sa priamo na Dunaji. Ak ste fan\u00fa\u0161ikom piva, ur\u010dite ocen\u00edte mo\u017enos\u0165 by\u0165 svedkom cel\u00e9ho v\u00fdrobn\u00e9ho procesu. N\u00e1dhern\u00fd v\u00fdh\u013ead je samozrejmos\u0165ou. Zdroj: dunajskypivovar.sk 2. Bratislavsk\u00fd me\u0161tiansky pivovar Miestny pivovar na Dunajskej ulici nadv\u00e4zuj\u00faci na trad\u00edciu zn\u00e1meho me\u0161tianskeho pivovaru \u201eDie B\u00fcrgerliche [&hellip;]<\/p>\n","protected":false},"author":10,"featured_media":10669,"parent":32510,"menu_order":0,"comment_status":"closed","ping_status":"closed","template":"","meta":[],"acf":[],"_links":{"self":[{"href":"https:\/\/www.visitbratislava.com\/sk\/wp-json\/wp\/v2\/pages\/36176"}],"collection":[{"href":"https:\/\/www.visitbratislava.com\/sk\/wp-json\/wp\/v2\/pages"}],"about":[{"href":"https:\/\/www.visitbratislava.com\/sk\/wp-json\/wp\/v2\/types\/page"}],"author":[{"embeddable":true,"href":"https:\/\/www.visitbratislava.com\/sk\/wp-json\/wp\/v2\/users\/10"}],"replies":[{"embeddable":true,"href":"https:\/\/www.visitbratislava.com\/sk\/wp-json\/wp\/v2\/comments?post=36176"}],"version-history":[{"count":4,"href":"https:\/\/www.visitbratislava.com\/sk\/wp-json\/wp\/v2\/pages\/36176\/revisions"}],"predecessor-version":[{"id":365786,"href":"https:\/\/www.visitbratislava.com\/sk\/wp-json\/wp\/v2\/pages\/36176\/revisions\/365786"}],"up":[{"embeddable":true,"href":"https:\/\/www.visitbratislava.com\/sk\/wp-json\/wp\/v2\/pages\/32510"}],"wp:featuredmedia":[{"embeddable":true,"href":"https:\/\/www.visitbratislava.com\/sk\/wp-json\/wp\/v2\/media\/10669"}],"wp:attachment":[{"href":"https:\/\/www.visitbratislava.com\/sk\/wp-json\/wp\/v2\/media?parent=36176"}],"curies":[{"name":"wp","href":"https:\/\/api.w.org\/{rel}","templated":true}]}}