{"id":36772,"date":"2017-10-18T13:13:02","date_gmt":"2017-10-18T11:13:02","guid":{"rendered":"https:\/\/www.visitbratislava.com\/?page_id=36772\/"},"modified":"2024-12-19T15:04:25","modified_gmt":"2024-12-19T14:04:25","slug":"top-10-nightlife","status":"publish","type":"page","link":"https:\/\/www.visitbratislava.com\/sk\/top-10-nightlife\/","title":{"rendered":"Top 10 Nightlife"},"content":{"rendered":"<p><iframe src=\"https:\/\/www.google.com\/maps\/d\/u\/0\/embed?mid=1BTSlnOgsd8V6DXb7gAgPZn1ZC2c\" width=\"1024\" height=\"480\"><\/iframe><\/p>\n<p>&nbsp;<\/p>\n<h3><a href=\"https:\/\/www.visitbratislava.com\/sk\/miesta\/the-club\/\" target=\"_blank\" rel=\"noopener\">1. The Club<\/a><\/h3>\n<p>Najv\u00e4\u010d\u0161\u00ed klub v Bratislave, The Club, pon\u00faka v\u00fdnimo\u010dn\u00fd z\u00e1\u017eitok spolu so zn\u00e1mymi DJmi z Bratislavy i zo zahrani\u010dia.<\/p>\n<p><img loading=\"lazy\" width=\"800\" height=\"533\" class=\"alignnone size-large wp-image-36966\" src=\"https:\/\/www.visitbratislava.com\/wp-content\/uploads\/2017\/10\/1-800x533.jpg\" alt=\"\" srcset=\"https:\/\/www.visitbratislava.com\/wp-content\/uploads\/2017\/10\/1-800x533.jpg 800w, https:\/\/www.visitbratislava.com\/wp-content\/uploads\/2017\/10\/1-400x266.jpg 400w, https:\/\/www.visitbratislava.com\/wp-content\/uploads\/2017\/10\/1-768x511.jpg 768w, https:\/\/www.visitbratislava.com\/wp-content\/uploads\/2017\/10\/1-200x133.jpg 200w, https:\/\/www.visitbratislava.com\/wp-content\/uploads\/2017\/10\/1.jpg 960w\" sizes=\"(max-width: 800px) 100vw, 800px\" \/><\/p>\n<h3><a href=\"https:\/\/www.visitbratislava.com\/sk\/miesta\/rio-grande-restaurant-night-bar-cafe\/\" target=\"_blank\" rel=\"noopener\">2. Rio Grande Night Bar<\/a><\/h3>\n<p>V Rio Night Bare n\u00e1jdete exotick\u00fd interi\u00e9r a atmosf\u00e9ru, pri ktorej si m\u00f4\u017eete vybra\u0165 zo \u0161irok\u00e9ho v\u00fdberu a\u017e 150 druhov koktejlov.<\/p>\n<p><img loading=\"lazy\" width=\"800\" height=\"532\" class=\"alignnone size-large wp-image-36970\" src=\"https:\/\/www.visitbratislava.com\/wp-content\/uploads\/2017\/10\/1-1-800x532.jpg\" alt=\"\" srcset=\"https:\/\/www.visitbratislava.com\/wp-content\/uploads\/2017\/10\/1-1-800x532.jpg 800w, https:\/\/www.visitbratislava.com\/wp-content\/uploads\/2017\/10\/1-1-400x266.jpg 400w, https:\/\/www.visitbratislava.com\/wp-content\/uploads\/2017\/10\/1-1-768x510.jpg 768w, https:\/\/www.visitbratislava.com\/wp-content\/uploads\/2017\/10\/1-1-200x133.jpg 200w, https:\/\/www.visitbratislava.com\/wp-content\/uploads\/2017\/10\/1-1.jpg 960w\" sizes=\"(max-width: 800px) 100vw, 800px\" \/><\/p>\n<h3><a href=\"http:\/\/www.greatbratislava.sk\/\" target=\"_blank\" rel=\"noopener\">3. Great Club<\/a><\/h3>\n<p>Ak h\u013ead\u00e1te skvel\u00fa tane\u010dn\u00fa z\u00e1bavu a chutn\u00e9 drinky, n\u00e1jdete ich pr\u00e1ve tu. Great Club Bratislava pon\u00faka skvel\u00fa z\u00e1bavu, mie\u0161an\u00e9 n\u00e1poje a v\u00edkendov\u00e9 p\u00e1rty so zn\u00e1mymi DJmi z Bratislavy aj zahrani\u010dia.<\/p>\n<p><img loading=\"lazy\" width=\"800\" height=\"533\" class=\"alignnone size-large wp-image-37011\" src=\"https:\/\/www.visitbratislava.com\/wp-content\/uploads\/2017\/10\/1-5-800x533.jpg\" alt=\"\" srcset=\"https:\/\/www.visitbratislava.com\/wp-content\/uploads\/2017\/10\/1-5-800x533.jpg 800w, https:\/\/www.visitbratislava.com\/wp-content\/uploads\/2017\/10\/1-5-400x267.jpg 400w, https:\/\/www.visitbratislava.com\/wp-content\/uploads\/2017\/10\/1-5-768x512.jpg 768w, https:\/\/www.visitbratislava.com\/wp-content\/uploads\/2017\/10\/1-5-200x133.jpg 200w, https:\/\/www.visitbratislava.com\/wp-content\/uploads\/2017\/10\/1-5.jpg 960w\" sizes=\"(max-width: 800px) 100vw, 800px\" \/><\/p>\n<h3><a href=\"https:\/\/www.visitbratislava.com\/sk\/miesta\/barrock\/\" target=\"_blank\" rel=\"noopener\">4. Barrock<\/a><\/h3>\n<p>\u0160t\u00fdlov\u00fd pub pre rockerov, ktor\u00ed ob\u013eubuj\u00fa americk\u00e9 jedlo a dobr\u00e9 pivo. \u0160irok\u00fd v\u00fdber whiskey je samozrejmos\u0165ou.<\/p>\n<p><img loading=\"lazy\" width=\"800\" height=\"532\" class=\"alignnone size-large wp-image-36974\" src=\"https:\/\/www.visitbratislava.com\/wp-content\/uploads\/2017\/10\/1-2-800x532.jpg\" alt=\"\" srcset=\"https:\/\/www.visitbratislava.com\/wp-content\/uploads\/2017\/10\/1-2-800x532.jpg 800w, https:\/\/www.visitbratislava.com\/wp-content\/uploads\/2017\/10\/1-2-400x266.jpg 400w, https:\/\/www.visitbratislava.com\/wp-content\/uploads\/2017\/10\/1-2-768x510.jpg 768w, https:\/\/www.visitbratislava.com\/wp-content\/uploads\/2017\/10\/1-2-200x133.jpg 200w, https:\/\/www.visitbratislava.com\/wp-content\/uploads\/2017\/10\/1-2.jpg 960w\" sizes=\"(max-width: 800px) 100vw, 800px\" \/><\/p>\n<h3><a href=\"https:\/\/www.visitbratislava.com\/sk\/miesta\/trafo-music-bar\/\" target=\"_blank\" rel=\"noopener\">5. Trafo Music Bar<\/a><\/h3>\n<p>Trafo, nach\u00e1dzaj\u00face sa v podzem\u00ed historick\u00e9ho Erdodyho pal\u00e1ca, dostalo svoje pomenovanie po funk\u010dnej trafo stanici, ktor\u00e1 je z\u00e1rove\u0148 s\u00fa\u010das\u0165ou interi\u00e9ru. Be\u017en\u00fdmi hudobn\u00fdmi \u017e\u00e1nrami s\u00fa house, hip-hop a r\u2019n\u2019b.<\/p>\n<p><img loading=\"lazy\" width=\"800\" height=\"532\" class=\"alignnone size-large wp-image-36978\" src=\"https:\/\/www.visitbratislava.com\/wp-content\/uploads\/2017\/10\/1-3-800x532.jpg\" alt=\"\" srcset=\"https:\/\/www.visitbratislava.com\/wp-content\/uploads\/2017\/10\/1-3-800x532.jpg 800w, https:\/\/www.visitbratislava.com\/wp-content\/uploads\/2017\/10\/1-3-400x266.jpg 400w, https:\/\/www.visitbratislava.com\/wp-content\/uploads\/2017\/10\/1-3-768x510.jpg 768w, https:\/\/www.visitbratislava.com\/wp-content\/uploads\/2017\/10\/1-3-200x133.jpg 200w, https:\/\/www.visitbratislava.com\/wp-content\/uploads\/2017\/10\/1-3.jpg 960w\" sizes=\"(max-width: 800px) 100vw, 800px\" \/><\/p>\n<h3>6. <a href=\"https:\/\/www.instagram.com\/safkoklub\/?fbclid=IwAR193QJ9GhfIXrA5nMnGCCZKcTe_p8GCUcZ2GSoo0VvVeoYeYWqk1Vv5BaU\" target=\"_blank\" rel=\"noopener\">\u0160afko Klub<\/a><\/h3>\n<p>\u0160AFKO klub je \u201covergroundov\u00fd\u201c priestor, ktor\u00fd pon\u00faka pestr\u00fd hudobn\u00fd program \u2013 od elektronickej hudby a\u017e po \u017eiv\u00e9 koncerty. Po\u010das v\u00edkendov sa m\u00f4\u017eete zab\u00e1va\u0165 pri elektronike, dnb, house, hip hope \u010di na queer p\u00e1rty. V\u010faka kvalitn\u00e9mu servisu a rozmanit\u00e9mu programu si klub z\u00edskal mno\u017estvo fan\u00fa\u0161ikov.<\/p>\n<p><img loading=\"lazy\" width=\"2560\" height=\"1707\" class=\"alignnone size-full wp-image-322786\" src=\"https:\/\/www.visitbratislava.com\/wp-content\/uploads\/2024\/12\/s\u030caf-34-scaled.jpg\" alt=\"\u0161afko klub\" srcset=\"https:\/\/www.visitbratislava.com\/wp-content\/uploads\/2024\/12\/s\u030caf-34-scaled.jpg 2560w, https:\/\/www.visitbratislava.com\/wp-content\/uploads\/2024\/12\/s\u030caf-34-400x267.jpg 400w, https:\/\/www.visitbratislava.com\/wp-content\/uploads\/2024\/12\/s\u030caf-34-800x533.jpg 800w, https:\/\/www.visitbratislava.com\/wp-content\/uploads\/2024\/12\/s\u030caf-34-768x512.jpg 768w, https:\/\/www.visitbratislava.com\/wp-content\/uploads\/2024\/12\/s\u030caf-34-1536x1024.jpg 1536w, https:\/\/www.visitbratislava.com\/wp-content\/uploads\/2024\/12\/s\u030caf-34-2048x1365.jpg 2048w, https:\/\/www.visitbratislava.com\/wp-content\/uploads\/2024\/12\/s\u030caf-34-200x133.jpg 200w\" sizes=\"(max-width: 2560px) 100vw, 2560px\" \/><\/p>\n<h3><a href=\"https:\/\/www.visitbratislava.com\/sk\/miesta\/fuga\/\" target=\"_blank\" rel=\"noopener\">7. Fuga<\/a><\/h3>\n<p>Fuga, tie\u017e prez\u00fdvan\u00e1 najtmav\u0161\u00edm klubom v Bratislave, je ide\u00e1lnym miestom pre milovn\u00edkov techna. Nach\u00e1dza sa priamo na N\u00e1mesti SNP a je tak v pe\u0161ej vzdialenosti nech u\u017e sa nach\u00e1dzate kdeko\u013evek v centre.<\/p>\n<p><img loading=\"lazy\" width=\"800\" height=\"533\" class=\"alignnone size-large wp-image-37001\" src=\"https:\/\/www.visitbratislava.com\/wp-content\/uploads\/2017\/10\/1-crop-800x533.png\" alt=\"\" srcset=\"https:\/\/www.visitbratislava.com\/wp-content\/uploads\/2017\/10\/1-crop.png 800w, https:\/\/www.visitbratislava.com\/wp-content\/uploads\/2017\/10\/1-crop-400x267.png 400w, https:\/\/www.visitbratislava.com\/wp-content\/uploads\/2017\/10\/1-crop-768x512.png 768w, https:\/\/www.visitbratislava.com\/wp-content\/uploads\/2017\/10\/1-crop-200x133.png 200w\" sizes=\"(max-width: 800px) 100vw, 800px\" \/><\/p>\n<h3><a href=\"http:\/\/www.havanacafe.sk\/\" target=\"_blank\" rel=\"noopener\">8. Casa del Havana<\/a><\/h3>\n<p>Fan\u00fa\u0161ikovia latino hudby si zamiluj\u00fa kub\u00e1nsku atmosf\u00e9ru tohto klubu. Priestory na tancovanie nie s\u00fa ve\u013ek\u00e9, no v\u00fdborn\u00e9 drinky a priate\u013esk\u00e9 prostredie v\u00e1m to nepochybne vynahradia.<\/p>\n<p><img loading=\"lazy\" width=\"800\" height=\"600\" class=\"alignnone size-large wp-image-37007\" src=\"https:\/\/www.visitbratislava.com\/wp-content\/uploads\/2017\/10\/1-4-800x600.jpg\" alt=\"\" srcset=\"https:\/\/www.visitbratislava.com\/wp-content\/uploads\/2017\/10\/1-4-800x600.jpg 800w, https:\/\/www.visitbratislava.com\/wp-content\/uploads\/2017\/10\/1-4-400x300.jpg 400w, https:\/\/www.visitbratislava.com\/wp-content\/uploads\/2017\/10\/1-4-768x576.jpg 768w, https:\/\/www.visitbratislava.com\/wp-content\/uploads\/2017\/10\/1-4-200x150.jpg 200w, https:\/\/www.visitbratislava.com\/wp-content\/uploads\/2017\/10\/1-4.jpg 960w\" sizes=\"(max-width: 800px) 100vw, 800px\" \/><\/p>\n<h3><a href=\"https:\/\/www.visitbratislava.com\/sk\/miesta\/channels-club\/\" target=\"_blank\" rel=\"noopener\">9. Channels Club<\/a><\/h3>\n<p>K\u00fdm v\u00e4\u010d\u0161ina klubov u\u017e d\u00e1vno zatvorila, skvel\u00e1 obsluha Channels je pripraven\u00e1 v\u00e1s obsl\u00fa\u017ei\u0165 v\u00fdborn\u00fdmi drinkami a\u017e do 6. r\u00e1na.<\/p>\n<p><img loading=\"lazy\" width=\"800\" height=\"533\" class=\"alignnone size-large wp-image-36701\" src=\"https:\/\/www.visitbratislava.com\/wp-content\/uploads\/2017\/10\/20246378_905892526233234_590849217742277109_n-800x533.jpg\" alt=\"\" srcset=\"https:\/\/www.visitbratislava.com\/wp-content\/uploads\/2017\/10\/20246378_905892526233234_590849217742277109_n-800x533.jpg 800w, https:\/\/www.visitbratislava.com\/wp-content\/uploads\/2017\/10\/20246378_905892526233234_590849217742277109_n-400x267.jpg 400w, https:\/\/www.visitbratislava.com\/wp-content\/uploads\/2017\/10\/20246378_905892526233234_590849217742277109_n-768x512.jpg 768w, https:\/\/www.visitbratislava.com\/wp-content\/uploads\/2017\/10\/20246378_905892526233234_590849217742277109_n-200x133.jpg 200w, https:\/\/www.visitbratislava.com\/wp-content\/uploads\/2017\/10\/20246378_905892526233234_590849217742277109_n.jpg 960w\" sizes=\"(max-width: 800px) 100vw, 800px\" \/><\/p>\n<h3><a href=\"https:\/\/www.visitbratislava.com\/sk\/miesta\/randal-club\/\" target=\"_blank\" rel=\"noopener\">10. Randal<\/a><\/h3>\n<p>Pr\u00ed\u010fte si vychutna\u0165 nefal\u0161ovan\u00fa atmosf\u00e9ru v tomto hard rockovo orientovanom pube, kde nie je neobvykl\u00e9 po\u010du\u0165 zo zvukov\u00e9ho syst\u00e9mu najr\u00f4znej\u0161ie \u017e\u00e1nre metalu.<\/p>\n<p><img loading=\"lazy\" width=\"800\" height=\"530\" class=\"alignnone size-large wp-image-37015\" src=\"https:\/\/www.visitbratislava.com\/wp-content\/uploads\/2017\/10\/1-6-800x530.jpg\" alt=\"\" srcset=\"https:\/\/www.visitbratislava.com\/wp-content\/uploads\/2017\/10\/1-6.jpg 800w, https:\/\/www.visitbratislava.com\/wp-content\/uploads\/2017\/10\/1-6-400x265.jpg 400w, https:\/\/www.visitbratislava.com\/wp-content\/uploads\/2017\/10\/1-6-768x509.jpg 768w, https:\/\/www.visitbratislava.com\/wp-content\/uploads\/2017\/10\/1-6-200x133.jpg 200w\" sizes=\"(max-width: 800px) 100vw, 800px\" \/><\/p>\n","protected":false},"excerpt":{"rendered":"<p>&nbsp; 1. The Club Najv\u00e4\u010d\u0161\u00ed klub v Bratislave, The Club, pon\u00faka v\u00fdnimo\u010dn\u00fd z\u00e1\u017eitok spolu so zn\u00e1mymi DJmi z Bratislavy i zo zahrani\u010dia. 2. Rio Grande Night Bar V Rio Night Bare n\u00e1jdete exotick\u00fd interi\u00e9r a atmosf\u00e9ru, pri ktorej si m\u00f4\u017eete vybra\u0165 zo \u0161irok\u00e9ho v\u00fdberu a\u017e 150 druhov koktejlov. 3. Great Club Ak h\u013ead\u00e1te skvel\u00fa tane\u010dn\u00fa [&hellip;]<\/p>\n","protected":false},"author":10,"featured_media":36693,"parent":0,"menu_order":0,"comment_status":"closed","ping_status":"closed","template":"","meta":[],"acf":[],"_links":{"self":[{"href":"https:\/\/www.visitbratislava.com\/sk\/wp-json\/wp\/v2\/pages\/36772"}],"collection":[{"href":"https:\/\/www.visitbratislava.com\/sk\/wp-json\/wp\/v2\/pages"}],"about":[{"href":"https:\/\/www.visitbratislava.com\/sk\/wp-json\/wp\/v2\/types\/page"}],"author":[{"embeddable":true,"href":"https:\/\/www.visitbratislava.com\/sk\/wp-json\/wp\/v2\/users\/10"}],"replies":[{"embeddable":true,"href":"https:\/\/www.visitbratislava.com\/sk\/wp-json\/wp\/v2\/comments?post=36772"}],"version-history":[{"count":6,"href":"https:\/\/www.visitbratislava.com\/sk\/wp-json\/wp\/v2\/pages\/36772\/revisions"}],"predecessor-version":[{"id":322793,"href":"https:\/\/www.visitbratislava.com\/sk\/wp-json\/wp\/v2\/pages\/36772\/revisions\/322793"}],"wp:featuredmedia":[{"embeddable":true,"href":"https:\/\/www.visitbratislava.com\/sk\/wp-json\/wp\/v2\/media\/36693"}],"wp:attachment":[{"href":"https:\/\/www.visitbratislava.com\/sk\/wp-json\/wp\/v2\/media?parent=36772"}],"curies":[{"name":"wp","href":"https:\/\/api.w.org\/{rel}","templated":true}]}}