{"id":368455,"date":"2025-11-04T15:05:09","date_gmt":"2025-11-04T14:05:09","guid":{"rendered":"https:\/\/www.visitbratislava.com\/?page_id=368455"},"modified":"2025-11-04T15:06:50","modified_gmt":"2025-11-04T14:06:50","slug":"mesto-s-dusou-vina","status":"publish","type":"page","link":"https:\/\/www.visitbratislava.com\/sk\/mesto-s-dusou-vina\/","title":{"rendered":"Mesto s du\u0161ou v\u00edna"},"content":{"rendered":"<h2 data-start=\"822\" data-end=\"854\"><strong data-start=\"825\" data-end=\"852\">\u010co sa v \u010dl\u00e1nku dozviete<\/strong><\/h2>\n<p data-start=\"855\" data-end=\"1210\">Pre\u010do m\u00e1 Bratislava tak\u00e9 siln\u00e9 vinohradn\u00edcke korene <span style=\"color: #ff0000;\">\u2502<\/span> Kde ochutna\u0165 v\u00edno priamo v centre<span style=\"color: #ff0000;\"> \u2502<\/span> Kam sa vybra\u0165 medzi vinice a lesy<span style=\"color: #ff0000;\"> \u2502<\/span> Pre\u010do je Malokarpatsk\u00e1 v\u00ednna cesta v\u00fdnimo\u010dn\u00e1<span style=\"color: #ff0000;\"> \u2502<\/span> Ak\u00e9 netradi\u010dn\u00e9 v\u00ednne z\u00e1\u017eitky tu m\u00f4\u017eete za\u017ei\u0165 <span style=\"color: #ff0000;\">\u2502<\/span> Kedy pr\u00eds\u0165 za v\u00ednom <span style=\"color: #ff0000;\">\u2502<\/span> Praktick\u00e9 tipy pre pl\u00e1novanie a v\u00fdhody s <a class=\"decorated-link cursor-pointer\" target=\"_new\" rel=\"noopener\" data-start=\"1138\" data-end=\"1208\">Bratislava CARD<\/a><\/p>\n<p data-start=\"1212\" data-end=\"1243\"><strong data-start=\"1212\" data-end=\"1228\">\u010cas \u010d\u00edtania:<\/strong> 8 \u2013 10 min\u00fat<\/p>\n<p data-start=\"1212\" data-end=\"1243\"><img loading=\"lazy\" width=\"2400\" height=\"1600\" class=\"alignnone size-full wp-image-367963\" src=\"https:\/\/www.visitbratislava.com\/wp-content\/uploads\/2025\/10\/Vino-safari-Jur.jpg\" alt=\"\" srcset=\"https:\/\/www.visitbratislava.com\/wp-content\/uploads\/2025\/10\/Vino-safari-Jur.jpg 2400w, https:\/\/www.visitbratislava.com\/wp-content\/uploads\/2025\/10\/Vino-safari-Jur-400x267.jpg 400w, https:\/\/www.visitbratislava.com\/wp-content\/uploads\/2025\/10\/Vino-safari-Jur-800x533.jpg 800w, https:\/\/www.visitbratislava.com\/wp-content\/uploads\/2025\/10\/Vino-safari-Jur-768x512.jpg 768w, https:\/\/www.visitbratislava.com\/wp-content\/uploads\/2025\/10\/Vino-safari-Jur-1536x1024.jpg 1536w, https:\/\/www.visitbratislava.com\/wp-content\/uploads\/2025\/10\/Vino-safari-Jur-2048x1365.jpg 2048w, https:\/\/www.visitbratislava.com\/wp-content\/uploads\/2025\/10\/Vino-safari-Jur-200x133.jpg 200w\" sizes=\"(max-width: 2400px) 100vw, 2400px\" \/><\/p>\n<h2 data-start=\"1250\" data-end=\"1301\"><strong data-start=\"1253\" data-end=\"1301\">Pre\u010do sa oplat\u00ed pr\u00eds\u0165 do Bratislavy za v\u00ednom<\/strong><\/h2>\n<p data-start=\"1303\" data-end=\"1566\">Bratislava m\u00e1 <strong data-start=\"1317\" data-end=\"1353\">jedine\u010dn\u00fa vinohradn\u00edcku trad\u00edciu<\/strong>, ktor\u00e1 siaha a\u017e do stredoveku. <strong data-start=\"1385\" data-end=\"1405\">Kr\u00e1\u013e Ondrej III.<\/strong> udelil mestu pr\u00e1vo vybera\u0165 dane z vinohradov a <strong data-start=\"1453\" data-end=\"1480\">cis\u00e1rovn\u00e1 M\u00e1ria Ter\u00e9zia<\/strong> v roku <strong data-start=\"1488\" data-end=\"1563\">1767 uznala frankovku modr\u00fa z Bratislavy za v\u00edno hodn\u00e9 cis\u00e1rskeho stola<\/strong>.<\/p>\n<p data-start=\"1568\" data-end=\"1705\">Typick\u00fdm javom s\u00fa bratislavsk\u00e9 <strong data-start=\"1599\" data-end=\"1609\">viechy<\/strong> \u2013 mal\u00e9 vin\u00e1rne, kde sa kedysi v\u00edno pred\u00e1valo priamo z vinohradu. Ako p\u00edsali dobov\u00ed historici:<\/p>\n<blockquote data-start=\"1706\" data-end=\"1875\">\n<p data-start=\"1708\" data-end=\"1875\">\u201eKto nebol na Montmartri, nebol v Par\u00ed\u017ei; kto nebol v Pr\u00e1tri, nebol vo Viedni; kto nebol na Hrad\u010danoch, nebol v Prahe \u2013 a kto nebol pod Viechou, nebol v Bratislave.\u201c<\/p>\n<\/blockquote>\n<p data-start=\"1877\" data-end=\"2105\">V centre mesta dnes s\u00eddli <strong data-start=\"1903\" data-end=\"1945\">N\u00e1rodn\u00fd sal\u00f3n v\u00edn Slovenskej republiky<\/strong>, kde odborn\u00edci ka\u017edoro\u010dne vyberaj\u00fa <strong data-start=\"1981\" data-end=\"2018\">stovku najlep\u0161\u00edch slovensk\u00fdch v\u00edn<\/strong>. Na svete existuj\u00fa len <strong data-start=\"2042\" data-end=\"2063\">dve tak\u00e9to miesta<\/strong> \u2013 a jedno z nich je pr\u00e1ve v Bratislave.<\/p>\n<p data-start=\"2107\" data-end=\"2544\">Bratislava m\u00e1 v\u0161ak okrem v\u00edna v krvi aj <strong data-start=\"2147\" data-end=\"2181\">hist\u00f3riu, gastron\u00f3miu a umenie<\/strong>. Hrad na brale nad Dunajom, <strong data-start=\"2210\" data-end=\"2261\">sie\u0165 re\u0161taur\u00e1ci\u00ed a kaviarn\u00ed v pe\u0161ej dostupnosti<\/strong>, <strong data-start=\"2263\" data-end=\"2284\">gal\u00e9ria Danubiana<\/strong> v objat\u00ed Dunaja a <strong data-start=\"2303\" data-end=\"2323\">\u017eiv\u00fd no\u010dn\u00fd \u017eivot<\/strong> robia z mesta miesto, kde v\u00edno dost\u00e1va svoj kontext \u2013 od dopoludnia a\u017e do noci.<a class=\"decorated-link\" href=\"https:\/\/www.visitbratislava.com\/sk\/5-dovodov-preco-si-zamilujete-bratislavu\/\" target=\"_new\" rel=\"noopener\" data-start=\"2406\" data-end=\"2542\"> Objavte viac d\u00f4vodov, pre\u010do sa zamilova\u0165 do Bratislavy \u2192<\/a><\/p>\n<p data-start=\"2107\" data-end=\"2544\"><img loading=\"lazy\" width=\"2048\" height=\"1365\" class=\"alignnone size-full wp-image-285745\" src=\"https:\/\/www.visitbratislava.com\/wp-content\/uploads\/2024\/03\/Viecha-trznica.jpg\" alt=\"\" srcset=\"https:\/\/www.visitbratislava.com\/wp-content\/uploads\/2024\/03\/Viecha-trznica.jpg 2048w, https:\/\/www.visitbratislava.com\/wp-content\/uploads\/2024\/03\/Viecha-trznica-400x267.jpg 400w, https:\/\/www.visitbratislava.com\/wp-content\/uploads\/2024\/03\/Viecha-trznica-800x533.jpg 800w, https:\/\/www.visitbratislava.com\/wp-content\/uploads\/2024\/03\/Viecha-trznica-768x512.jpg 768w, https:\/\/www.visitbratislava.com\/wp-content\/uploads\/2024\/03\/Viecha-trznica-1536x1024.jpg 1536w, https:\/\/www.visitbratislava.com\/wp-content\/uploads\/2024\/03\/Viecha-trznica-200x133.jpg 200w\" sizes=\"(max-width: 2048px) 100vw, 2048px\" \/><\/p>\n<hr data-start=\"2546\" data-end=\"2549\" \/>\n<h2 data-start=\"2551\" data-end=\"2577\"><strong data-start=\"2554\" data-end=\"2577\">Kedy pr\u00eds\u0165 za v\u00ednom<\/strong><\/h2>\n<p data-start=\"2579\" data-end=\"2788\">Bratislava \u017eije v\u00ednom po\u010das cel\u00e9ho roka.<br data-start=\"2619\" data-end=\"2622\" \/>V zime l\u00e1kaj\u00fa <strong data-start=\"2636\" data-end=\"2677\">v\u00ednne podujatia s komornou atmosf\u00e9rou<\/strong>, na jar a jese\u0148 sa konaj\u00fa <strong data-start=\"2704\" data-end=\"2737\">festivaly a prehliadky pivn\u00edc<\/strong>, v lete zas v\u00ednne v\u00fdlety spojen\u00e9 s bicyklovan\u00edm.<\/p>\n<p data-start=\"2790\" data-end=\"3259\"><strong data-start=\"2790\" data-end=\"2815\">Festival mlad\u00e9ho v\u00edna<\/strong> \u2013 oslava nov\u00e9ho ro\u010dn\u00edka, posv\u00e4tenie mlad\u00e9ho v\u00edna na sv. Martina (7.\u20138. november 2025)<br data-start=\"2901\" data-end=\"2904\" \/><strong data-start=\"2904\" data-end=\"2929\">De\u0148 otvoren\u00fdch pivn\u00edc<\/strong> \u2013 vin\u00e1ri otv\u00e1raj\u00fa svoje pivnice a pon\u00fakaj\u00fa ochutn\u00e1vky priamo u seba (14.\u201315. november 2025)<br data-start=\"3021\" data-end=\"3024\" \/><strong data-start=\"3024\" data-end=\"3048\">Husacie hody na lodi<\/strong> \u2013 plavba po Dunaji s pe\u010denou husou, hudbou a v\u00fdh\u013eadom na ve\u010dern\u00fd hrad (november \u2013 december 2025)<br data-start=\"3145\" data-end=\"3148\" \/><strong data-start=\"3148\" data-end=\"3169\">Ra\u010dianska lok\u00e1lka<\/strong> \u2013 letn\u00fd nostalgick\u00fd vl\u00e1\u010dik, ktor\u00fd sp\u00e1ja centrum s ra\u010dianskymi vin\u00e1rmi (j\u00fan \u2013 september)<\/p>\n<p data-start=\"2790\" data-end=\"3259\"><img loading=\"lazy\" width=\"2048\" height=\"1368\" class=\"alignnone size-full wp-image-189032\" src=\"https:\/\/www.visitbratislava.com\/wp-content\/uploads\/2022\/11\/Festival-mladeho-vina-001.jpg\" alt=\"\" srcset=\"https:\/\/www.visitbratislava.com\/wp-content\/uploads\/2022\/11\/Festival-mladeho-vina-001.jpg 2048w, https:\/\/www.visitbratislava.com\/wp-content\/uploads\/2022\/11\/Festival-mladeho-vina-001-400x267.jpg 400w, https:\/\/www.visitbratislava.com\/wp-content\/uploads\/2022\/11\/Festival-mladeho-vina-001-800x534.jpg 800w, https:\/\/www.visitbratislava.com\/wp-content\/uploads\/2022\/11\/Festival-mladeho-vina-001-768x513.jpg 768w, https:\/\/www.visitbratislava.com\/wp-content\/uploads\/2022\/11\/Festival-mladeho-vina-001-1536x1026.jpg 1536w, https:\/\/www.visitbratislava.com\/wp-content\/uploads\/2022\/11\/Festival-mladeho-vina-001-200x134.jpg 200w\" sizes=\"(max-width: 2048px) 100vw, 2048px\" \/><\/p>\n<hr data-start=\"3261\" data-end=\"3264\" \/>\n<h2 data-start=\"3266\" data-end=\"3288\"><strong data-start=\"3269\" data-end=\"3288\">Z\u00e1\u017eitky s v\u00ednom<\/strong><\/h2>\n<p data-start=\"3290\" data-end=\"3606\"><strong data-start=\"3290\" data-end=\"3314\">Ochutn\u00e1vka v\u00edn v tme<\/strong> patr\u00ed k najnezvy\u010dajnej\u0161\u00edm z\u00e1\u017eitkom v Bratislave. Kon\u00e1 sa v historickej pivnici v centre mesta a vedie ju sk\u00fasen\u00fd someli\u00e9r, ktor\u00fd predstav\u00ed v\u00fdber <strong data-start=\"3460\" data-end=\"3518\">slovensk\u00fdch v\u00edn od mal\u00fdch vin\u00e1rov a\u017e po raritn\u00e9 ed\u00edcie<\/strong>. Degust\u00e1cia bez svetla zostr\u00ed \u010duch aj chu\u0165 \u2013 v\u00edno tu spozn\u00e1te inak, ne\u017e ste zvyknut\u00ed.<\/p>\n<p data-start=\"3608\" data-end=\"3819\">V <strong data-start=\"3610\" data-end=\"3633\">N\u00e1rodnom sal\u00f3ne v\u00edn<\/strong> si mo\u017eno vybra\u0165 z programov ako <em data-start=\"3666\" data-end=\"3687\">80 v\u00edn za 100 min\u00fat<\/em> \u010di <em data-start=\"3691\" data-end=\"3712\">72 v\u00edn za 100 min\u00fat<\/em> \u2013 s odborn\u00fdm v\u00fdkladom a z\u013eavou s <a class=\"decorated-link cursor-pointer\" target=\"_new\" rel=\"noopener\" data-start=\"3746\" data-end=\"3816\">Bratislava CARD<\/a>.<\/p>\n<p data-start=\"3821\" data-end=\"3963\">Pre dobrodru\u017enej\u0161\u00edch je tu <strong data-start=\"3848\" data-end=\"3863\">Wine Safari<\/strong> v sv\u00e4tojursk\u00fdch viniciach \u2013 jazda medzi vinohradmi ter\u00e9nnym vozidlom s ochutn\u00e1vkou miestnych v\u00edn.<\/p>\n<p data-start=\"3821\" data-end=\"3963\"><img loading=\"lazy\" width=\"2400\" height=\"1600\" class=\"alignnone size-full wp-image-367969\" src=\"https:\/\/www.visitbratislava.com\/wp-content\/uploads\/2025\/10\/Vino-vinice.jpg\" alt=\"\" srcset=\"https:\/\/www.visitbratislava.com\/wp-content\/uploads\/2025\/10\/Vino-vinice.jpg 2400w, https:\/\/www.visitbratislava.com\/wp-content\/uploads\/2025\/10\/Vino-vinice-400x267.jpg 400w, https:\/\/www.visitbratislava.com\/wp-content\/uploads\/2025\/10\/Vino-vinice-800x533.jpg 800w, https:\/\/www.visitbratislava.com\/wp-content\/uploads\/2025\/10\/Vino-vinice-768x512.jpg 768w, https:\/\/www.visitbratislava.com\/wp-content\/uploads\/2025\/10\/Vino-vinice-1536x1024.jpg 1536w, https:\/\/www.visitbratislava.com\/wp-content\/uploads\/2025\/10\/Vino-vinice-2048x1365.jpg 2048w, https:\/\/www.visitbratislava.com\/wp-content\/uploads\/2025\/10\/Vino-vinice-200x133.jpg 200w\" sizes=\"(max-width: 2400px) 100vw, 2400px\" \/><\/p>\n<hr data-start=\"3965\" data-end=\"3968\" \/>\n<h2 data-start=\"3970\" data-end=\"3995\"><strong data-start=\"3973\" data-end=\"3995\">V\u00edno v srdci mesta<\/strong><\/h2>\n<h3 data-start=\"3997\" data-end=\"4022\"><strong data-start=\"4001\" data-end=\"4022\">Viechy a vinot\u00e9ky<\/strong><\/h3>\n<p data-start=\"4023\" data-end=\"4411\">V starom meste dnes funguj\u00fa modern\u00e9 vin\u00e1rne, ktor\u00e9 nadv\u00e4zuj\u00fa na star\u00e9 trad\u00edcie.<br data-start=\"4102\" data-end=\"4105\" \/><strong data-start=\"4105\" data-end=\"4130\">Viecha mal\u00fdch vin\u00e1rov<\/strong> pon\u00faka v\u00edna z malokarpatsk\u00fdch vin\u00edc a pripom\u00edna atmosf\u00e9ru d\u00e1vnych viech.<br data-start=\"4203\" data-end=\"4206\" \/>Elegantnej\u0161ie prostredie poskytuje <strong data-start=\"4241\" data-end=\"4274\">Vinot\u00e9ka pri Modrom kostol\u00edku<\/strong> s viac ne\u017e <strong data-start=\"4286\" data-end=\"4304\">300 druhmi v\u00edn<\/strong>.<br data-start=\"4305\" data-end=\"4308\" \/>Ob\u013e\u00faben\u00e9 je aj <strong data-start=\"4323\" data-end=\"4343\">V\u00edno u Chvosteka<\/strong>, rodinn\u00e1 vinot\u00e9ka zn\u00e1ma autentick\u00fdmi v\u00ednami a kult\u00farnymi ve\u010dermi.<\/p>\n<p data-start=\"4023\" data-end=\"4411\"><img loading=\"lazy\" width=\"1600\" height=\"2400\" class=\"alignnone size-full wp-image-367939\" src=\"https:\/\/www.visitbratislava.com\/wp-content\/uploads\/2025\/10\/Vino-chvostek-dvor.jpg\" alt=\"\" srcset=\"https:\/\/www.visitbratislava.com\/wp-content\/uploads\/2025\/10\/Vino-chvostek-dvor.jpg 1600w, https:\/\/www.visitbratislava.com\/wp-content\/uploads\/2025\/10\/Vino-chvostek-dvor-267x400.jpg 267w, https:\/\/www.visitbratislava.com\/wp-content\/uploads\/2025\/10\/Vino-chvostek-dvor-533x800.jpg 533w, https:\/\/www.visitbratislava.com\/wp-content\/uploads\/2025\/10\/Vino-chvostek-dvor-768x1152.jpg 768w, https:\/\/www.visitbratislava.com\/wp-content\/uploads\/2025\/10\/Vino-chvostek-dvor-1024x1536.jpg 1024w, https:\/\/www.visitbratislava.com\/wp-content\/uploads\/2025\/10\/Vino-chvostek-dvor-1365x2048.jpg 1365w, https:\/\/www.visitbratislava.com\/wp-content\/uploads\/2025\/10\/Vino-chvostek-dvor-133x200.jpg 133w\" sizes=\"(max-width: 1600px) 100vw, 1600px\" \/><\/p>\n<hr data-start=\"4413\" data-end=\"4416\" \/>\n<h2 data-start=\"4418\" data-end=\"4446\"><strong data-start=\"4421\" data-end=\"4446\">Ra\u010da \u2013 v\u00edno a pr\u00edroda<\/strong><\/h2>\n<p data-start=\"4448\" data-end=\"4628\">Mestsk\u00e1 \u010das\u0165 <strong data-start=\"4461\" data-end=\"4469\">Ra\u010da<\/strong> je zn\u00e1ma <strong data-start=\"4479\" data-end=\"4513\">dlhou vinohradn\u00edckou trad\u00edciou<\/strong>. Miestni vin\u00e1ri spr\u00edstup\u0148uj\u00fa pivnice aj vinohrady \u2013 ide\u00e1lne miesto pre jesenn\u00e9 prech\u00e1dzky, v\u00fdlety \u010di cyklotrasy.<\/p>\n<p data-start=\"4630\" data-end=\"4822\"><strong data-start=\"4630\" data-end=\"4665\">Ra\u010diansky vinohradn\u00edcky chodn\u00edk<\/strong> sp\u00e1ja mestsk\u00e9 ulice s tichom lesov a vin\u00edc. D\u00e1 sa prejs\u0165 pe\u0161o alebo na bicykli po trase <em data-start=\"4754\" data-end=\"4782\">Into Forests and Vineyards<\/em> z Ra\u010dianskeho m\u00fdta a\u017e do centra Ra\u010de.<\/p>\n<p data-start=\"4824\" data-end=\"5068\">Ne\u010faleko sa nach\u00e1dza <strong data-start=\"4845\" data-end=\"4859\">Hrad Dev\u00edn<\/strong>, zn\u00e1my <strong data-start=\"4867\" data-end=\"4910\">r\u00edbez\u013eov\u00fdm v\u00ednom \u2013 dev\u00ednskym r\u00edbezl\u00e1kom<\/strong>. S <a class=\"decorated-link cursor-pointer\" target=\"_new\" rel=\"noopener\" data-start=\"4914\" data-end=\"4984\">Bratislava CARD<\/a> m\u00e1te vstup na hrad zdarma a z\u013eavu na tematick\u00fa prech\u00e1dzku s odborn\u00fdm sprievodcom.<\/p>\n<p data-start=\"4824\" data-end=\"5068\"><img loading=\"lazy\" width=\"2560\" height=\"1707\" class=\"alignnone size-full wp-image-272219\" src=\"https:\/\/www.visitbratislava.com\/wp-content\/uploads\/2015\/04\/Dekan_komparz_leto_2023_vino_Devin_hrad_vyhradna_licencia_casovo_neobmedzena-22-scaled.jpg\" alt=\"\" srcset=\"https:\/\/www.visitbratislava.com\/wp-content\/uploads\/2015\/04\/Dekan_komparz_leto_2023_vino_Devin_hrad_vyhradna_licencia_casovo_neobmedzena-22-scaled.jpg 2560w, https:\/\/www.visitbratislava.com\/wp-content\/uploads\/2015\/04\/Dekan_komparz_leto_2023_vino_Devin_hrad_vyhradna_licencia_casovo_neobmedzena-22-400x267.jpg 400w, https:\/\/www.visitbratislava.com\/wp-content\/uploads\/2015\/04\/Dekan_komparz_leto_2023_vino_Devin_hrad_vyhradna_licencia_casovo_neobmedzena-22-800x533.jpg 800w, https:\/\/www.visitbratislava.com\/wp-content\/uploads\/2015\/04\/Dekan_komparz_leto_2023_vino_Devin_hrad_vyhradna_licencia_casovo_neobmedzena-22-768x512.jpg 768w, https:\/\/www.visitbratislava.com\/wp-content\/uploads\/2015\/04\/Dekan_komparz_leto_2023_vino_Devin_hrad_vyhradna_licencia_casovo_neobmedzena-22-1536x1024.jpg 1536w, https:\/\/www.visitbratislava.com\/wp-content\/uploads\/2015\/04\/Dekan_komparz_leto_2023_vino_Devin_hrad_vyhradna_licencia_casovo_neobmedzena-22-2048x1365.jpg 2048w, https:\/\/www.visitbratislava.com\/wp-content\/uploads\/2015\/04\/Dekan_komparz_leto_2023_vino_Devin_hrad_vyhradna_licencia_casovo_neobmedzena-22-200x133.jpg 200w\" sizes=\"(max-width: 2560px) 100vw, 2560px\" \/><\/p>\n<hr data-start=\"5070\" data-end=\"5073\" \/>\n<h2 data-start=\"5075\" data-end=\"5133\"><strong data-start=\"5078\" data-end=\"5133\">Malokarpatsk\u00e1 v\u00ednna cesta \u2013 v\u00edno, hist\u00f3ria a umenie<\/strong><\/h2>\n<p data-start=\"5135\" data-end=\"5375\">Len p\u00e1r kilometrov od mesta za\u010d\u00edna <strong data-start=\"5170\" data-end=\"5199\">Malokarpatsk\u00e1 v\u00ednna cesta<\/strong>, ktor\u00e1 sp\u00e1ja Bratislavu s mestami <strong data-start=\"5234\" data-end=\"5263\">Sv\u00e4t\u00fd Jur, Pezinok, Modra<\/strong> a \u010falej s Trnavou. Je to <strong data-start=\"5289\" data-end=\"5331\">najzn\u00e1mej\u0161ia vin\u00e1rska oblas\u0165 Slovenska<\/strong> s kore\u0148mi e\u0161te z \u010dias <strong data-start=\"5354\" data-end=\"5372\">r\u00edmskych l\u00e9gi\u00ed<\/strong>.<\/p>\n<p data-start=\"5377\" data-end=\"5419\">Spojte ochutn\u00e1vku s objavovan\u00edm kult\u00fary:<\/p>\n<ul data-start=\"5420\" data-end=\"5778\">\n<li data-start=\"5420\" data-end=\"5551\">\n<p data-start=\"5422\" data-end=\"5551\">V <strong data-start=\"5424\" data-end=\"5435\">Pezinku<\/strong> nav\u0161t\u00edvte <strong data-start=\"5446\" data-end=\"5483\">M\u00fazeum vinohradn\u00edctva a vin\u00e1rstva<\/strong> v z\u00e1mku alebo <strong data-start=\"5498\" data-end=\"5524\">Schubertetovu vinot\u00e9ku<\/strong> s koncertmi a v\u00fdstavami.<\/p>\n<\/li>\n<li data-start=\"5552\" data-end=\"5670\">\n<p data-start=\"5554\" data-end=\"5670\">V <strong data-start=\"5556\" data-end=\"5565\">Modre<\/strong> stoj\u00ed za pozornos\u0165 <strong data-start=\"5585\" data-end=\"5614\">Slovensk\u00e1 \u013eudov\u00e1 majolika<\/strong> \u010di gal\u00e9ria <strong data-start=\"5626\" data-end=\"5638\">Skovajsa<\/strong>, kde sa sp\u00e1ja dizajn s v\u00ednom.<\/p>\n<\/li>\n<li data-start=\"5671\" data-end=\"5778\">\n<p data-start=\"5673\" data-end=\"5778\">Vin\u00e1rstvo <strong data-start=\"5683\" data-end=\"5693\">Elesko<\/strong> pon\u00faka prehliadku vlastnej <strong data-start=\"5721\" data-end=\"5749\">gal\u00e9rie s\u00fa\u010dasn\u00e9ho umenia<\/strong> spojen\u00fa s ochutn\u00e1vkou v\u00edn.<\/p>\n<\/li>\n<\/ul>\n<p data-start=\"5780\" data-end=\"5899\">Z\u013eavy na tematick\u00e9 z\u00e1\u017eitky n\u00e1jdete v programe <a class=\"decorated-link cursor-pointer\" target=\"_new\" rel=\"noopener\" data-start=\"5826\" data-end=\"5896\">Bratislava CARD<\/a>.<\/p>\n<p data-start=\"5780\" data-end=\"5899\"><img loading=\"lazy\" width=\"1920\" height=\"1280\" class=\"alignnone size-full wp-image-248427\" src=\"https:\/\/www.visitbratislava.com\/wp-content\/uploads\/2023\/06\/foto-elesko.jpg\" alt=\"\" srcset=\"https:\/\/www.visitbratislava.com\/wp-content\/uploads\/2023\/06\/foto-elesko.jpg 1920w, https:\/\/www.visitbratislava.com\/wp-content\/uploads\/2023\/06\/foto-elesko-400x267.jpg 400w, https:\/\/www.visitbratislava.com\/wp-content\/uploads\/2023\/06\/foto-elesko-800x533.jpg 800w, https:\/\/www.visitbratislava.com\/wp-content\/uploads\/2023\/06\/foto-elesko-768x512.jpg 768w, https:\/\/www.visitbratislava.com\/wp-content\/uploads\/2023\/06\/foto-elesko-1536x1024.jpg 1536w, https:\/\/www.visitbratislava.com\/wp-content\/uploads\/2023\/06\/foto-elesko-200x133.jpg 200w\" sizes=\"(max-width: 1920px) 100vw, 1920px\" \/><\/p>\n<hr data-start=\"5901\" data-end=\"5904\" \/>\n<h2 data-start=\"5906\" data-end=\"5927\"><strong data-start=\"5909\" data-end=\"5927\">Praktick\u00e9 tipy<\/strong><\/h2>\n<ul data-start=\"5929\" data-end=\"6329\">\n<li data-start=\"5929\" data-end=\"6023\">\n<p data-start=\"5931\" data-end=\"6023\"><strong data-start=\"5931\" data-end=\"5943\">Doprava:<\/strong> v\u00fdborn\u00e9 spojenie \u2013 v\u00e4\u010d\u0161ina vin\u00e1rstiev je dostupn\u00e1 MHD, vlakom alebo bicyklom.<\/p>\n<\/li>\n<li data-start=\"6024\" data-end=\"6100\">\n<p data-start=\"6026\" data-end=\"6100\"><strong data-start=\"6026\" data-end=\"6041\">Rezerv\u00e1cia:<\/strong> odpor\u00fa\u010dan\u00e1 najm\u00e4 pri men\u0161\u00edch degust\u00e1ci\u00e1ch so someli\u00e9rom.<\/p>\n<\/li>\n<li data-start=\"6101\" data-end=\"6163\">\n<p data-start=\"6103\" data-end=\"6163\"><strong data-start=\"6103\" data-end=\"6118\">Kombinujte:<\/strong> ubytovanie v meste + v\u00fdlety do vinohradov.<\/p>\n<\/li>\n<li data-start=\"6164\" data-end=\"6281\">\n<p data-start=\"6166\" data-end=\"6281\"><strong data-start=\"6166\" data-end=\"6176\">Z\u013eavy:<\/strong> vyu\u017eite <a class=\"decorated-link cursor-pointer\" target=\"_new\" rel=\"noopener\" data-start=\"6185\" data-end=\"6255\">Bratislava CARD<\/a> na vstupy a ochutn\u00e1vky.<\/p>\n<\/li>\n<li data-start=\"6282\" data-end=\"6329\">\n<p data-start=\"6284\" data-end=\"6329\"><strong data-start=\"6284\" data-end=\"6299\">Zodpovedne:<\/strong> v\u00edno je z\u00e1\u017eitok, nie s\u00fa\u0165a\u017e.<\/p>\n<\/li>\n<\/ul>\n<hr data-start=\"6331\" data-end=\"6334\" \/>\n<h2 data-start=\"6336\" data-end=\"6372\"><strong data-start=\"6339\" data-end=\"6372\">Bonus: Medovina a ovocn\u00e9 v\u00edna<\/strong><\/h2>\n<p data-start=\"6374\" data-end=\"6656\">Okrem hroznov\u00fdch v\u00edn m\u00e1 Bratislava aj trad\u00edciu v\u00fdroby <strong data-start=\"6428\" data-end=\"6455\">medoviny a ovocn\u00fdch v\u00edn<\/strong>.<br data-start=\"6456\" data-end=\"6459\" \/>Odpor\u00fa\u010dame z\u00e1\u017eitok <strong data-start=\"6478\" data-end=\"6514\">Castle Cave &amp; Honey Wine Tasting<\/strong>, ktor\u00fd pon\u00faka kombin\u00e1ciu hist\u00f3rie, chuti a v\u00f4ne \u2013 so z\u013eavou v r\u00e1mci <a class=\"decorated-link cursor-pointer\" target=\"_new\" rel=\"noopener\" data-start=\"6583\" data-end=\"6653\">Bratislava CARD<\/a>.<\/p>\n","protected":false},"excerpt":{"rendered":"<p>Bratislava m\u00e1 v\u00edno v krvi. Medzi barokov\u00fdmi pal\u00e1cmi, stredovek\u00fdmi pivnicami a svahmi Mal\u00fdch Karp\u00e1t tu vyr\u00e1stla trad\u00edcia, ktor\u00e1 z\u00edskava s\u00fa\u010dasn\u00fa podobu. V\u00edno v Bratislave nie je len n\u00e1poj \u2013 je to sp\u00f4sob, ako spozna\u0165 mesto po\u010das cel\u00e9ho roka.<\/p>\n","protected":false},"author":41,"featured_media":367933,"parent":0,"menu_order":0,"comment_status":"closed","ping_status":"closed","template":"","meta":[],"acf":[],"_links":{"self":[{"href":"https:\/\/www.visitbratislava.com\/sk\/wp-json\/wp\/v2\/pages\/368455"}],"collection":[{"href":"https:\/\/www.visitbratislava.com\/sk\/wp-json\/wp\/v2\/pages"}],"about":[{"href":"https:\/\/www.visitbratislava.com\/sk\/wp-json\/wp\/v2\/types\/page"}],"author":[{"embeddable":true,"href":"https:\/\/www.visitbratislava.com\/sk\/wp-json\/wp\/v2\/users\/41"}],"replies":[{"embeddable":true,"href":"https:\/\/www.visitbratislava.com\/sk\/wp-json\/wp\/v2\/comments?post=368455"}],"version-history":[{"count":3,"href":"https:\/\/www.visitbratislava.com\/sk\/wp-json\/wp\/v2\/pages\/368455\/revisions"}],"predecessor-version":[{"id":368458,"href":"https:\/\/www.visitbratislava.com\/sk\/wp-json\/wp\/v2\/pages\/368455\/revisions\/368458"}],"wp:featuredmedia":[{"embeddable":true,"href":"https:\/\/www.visitbratislava.com\/sk\/wp-json\/wp\/v2\/media\/367933"}],"wp:attachment":[{"href":"https:\/\/www.visitbratislava.com\/sk\/wp-json\/wp\/v2\/media?parent=368455"}],"curies":[{"name":"wp","href":"https:\/\/api.w.org\/{rel}","templated":true}]}}