{"id":36949,"date":"2017-10-20T15:32:08","date_gmt":"2017-10-20T13:32:08","guid":{"rendered":"https:\/\/www.visitbratislava.com\/?page_id=36949\/"},"modified":"2024-03-14T14:14:16","modified_gmt":"2024-03-14T13:14:16","slug":"green","status":"publish","type":"page","link":"https:\/\/www.visitbratislava.com\/sk\/green\/","title":{"rendered":"Zelen\u00e1 Bratislava"},"content":{"rendered":"<p><iframe src=\"https:\/\/www.youtube.com\/embed\/KkX4Irjn0Dg\" width=\"800\" height=\"400\" frameborder=\"0\" allowfullscreen=\"allowfullscreen\"><span data-mce-type=\"bookmark\" style=\"display: inline-block; width: 0px; overflow: hidden; line-height: 0;\" class=\"mce_SELRES_start\">\ufeff<\/span><span data-mce-type=\"bookmark\" style=\"display: inline-block; width: 0px; overflow: hidden; line-height: 0;\" class=\"mce_SELRES_start\">\ufeff<\/span><\/iframe><\/p>\n<p><strong>Objavte najzn\u00e1mej\u0161ie bratislavsk\u00e9 mestsk\u00e9 <a href=\"https:\/\/www.visitbratislava.com\/sk\/green\/mestske-parky-zahrady\/\" target=\"_blank\" rel=\"noopener\">parky a\u00a0z\u00e1hrady<\/a>,\u00a0<\/strong>kde si m\u00f4\u017eete da\u0165 pauzu po\u010das objavovania turistick\u00fdch atrakci\u00ed mesta. Ich hist\u00f3ria siaha a\u017e do 18. storo\u010dia a Bratislava sa m\u00f4\u017ee p\u00fd\u0161i\u0165 aj najstar\u0161\u00edm verejn\u00fdm parkom v\u00a0strednej Eur\u00f3pe &#8211; <a href=\"https:\/\/www.visitbratislava.com\/sk\/miesta\/sad-janka-krala\/\" target=\"_blank\" rel=\"noopener\">Sadom Janka Kr\u00e1\u013ea<\/a>. Je ob\u013e\u00faben\u00fdm miestom pre \u0161portovcov ale aj rodiny s de\u0165mi. Okrem akt\u00edvneho oddychu sa ne\u010faleko parku, na n\u00e1bre\u017e\u00ed Dunaja, \u010dasto konaj\u00fa aj r\u00f4zne kult\u00farne podujatia.<\/p>\n<p><img loading=\"lazy\" width=\"800\" height=\"533\" class=\"alignnone size-large wp-image-45526\" src=\"https:\/\/www.visitbratislava.com\/wp-content\/uploads\/2017\/10\/sad-janka-krala-800x533.jpg\" alt=\"\" srcset=\"https:\/\/www.visitbratislava.com\/wp-content\/uploads\/2017\/10\/sad-janka-krala-800x533.jpg 800w, https:\/\/www.visitbratislava.com\/wp-content\/uploads\/2017\/10\/sad-janka-krala-400x267.jpg 400w, https:\/\/www.visitbratislava.com\/wp-content\/uploads\/2017\/10\/sad-janka-krala-768x512.jpg 768w, https:\/\/www.visitbratislava.com\/wp-content\/uploads\/2017\/10\/sad-janka-krala-200x133.jpg 200w\" sizes=\"(max-width: 800px) 100vw, 800px\" \/><\/p>\n<p><img loading=\"lazy\" width=\"800\" height=\"534\" class=\"alignnone size-large wp-image-45517\" src=\"https:\/\/www.visitbratislava.com\/wp-content\/uploads\/2017\/10\/DSC_9923-800x534.jpg\" alt=\"\" srcset=\"https:\/\/www.visitbratislava.com\/wp-content\/uploads\/2017\/10\/DSC_9923-800x534.jpg 800w, https:\/\/www.visitbratislava.com\/wp-content\/uploads\/2017\/10\/DSC_9923-400x267.jpg 400w, https:\/\/www.visitbratislava.com\/wp-content\/uploads\/2017\/10\/DSC_9923-768x513.jpg 768w, https:\/\/www.visitbratislava.com\/wp-content\/uploads\/2017\/10\/DSC_9923-200x133.jpg 200w\" sizes=\"(max-width: 800px) 100vw, 800px\" \/><\/p>\n<p>Medzi najnov\u0161ie z\u00e1hrady patr\u00ed Barokov\u00e1 z\u00e1hrada <a href=\"https:\/\/www.visitbratislava.com\/sk\/miesta\/bratislavsky-hrad\/\" target=\"_blank\" rel=\"noopener\">Bratislavsk\u00e9ho hradu<\/a>, postaven\u00e1 pod\u013ea n\u00e1vrh architekta M\u00e1rie Ter\u00e9zie. Akt\u00edvny oddych aj pr\u00edjemne str\u00e1ven\u00fd \u010das s de\u0165mi \u010di pri opeka\u010dke s priate\u013emi m\u00e1 priestor na <a href=\"https:\/\/www.visitbratislava.com\/sk\/miesta\/zelezna-studienka\/\" target=\"_blank\" rel=\"noopener\">\u017deleznej studienke<\/a>. Je to jedna z najob\u013e\u00fabenej\u0161\u00edch rekrea\u010dn\u00fdch lokal\u00edt. Funguje tu aj seda\u010dkov\u00e1 lanovka, ktor\u00e1 pon\u00faka kr\u00e1sny v\u00fdh\u013ead.\u00a0Exotick\u00e9 rastliny \u010di vo\u0148av\u00e9 roz\u00e1rium s desiatkami druhmi ru\u017e\u00ed n\u00e1jdete v <a href=\"https:\/\/www.visitbratislava.com\/sk\/miesta\/botanicka-zahrada\/\" target=\"_blank\" rel=\"noopener\">Botanickej z\u00e1hrade<\/a>.<\/p>\n<p><img loading=\"lazy\" width=\"800\" height=\"533\" class=\"alignnone size-large wp-image-2522\" src=\"https:\/\/www.visitbratislava.com\/wp-content\/uploads\/2015\/04\/zelezna-studienka-800x533.jpg\" alt=\"\" srcset=\"https:\/\/www.visitbratislava.com\/wp-content\/uploads\/2015\/04\/zelezna-studienka-800x533.jpg 800w, https:\/\/www.visitbratislava.com\/wp-content\/uploads\/2015\/04\/zelezna-studienka-400x267.jpg 400w, https:\/\/www.visitbratislava.com\/wp-content\/uploads\/2015\/04\/zelezna-studienka-200x133.jpg 200w, https:\/\/www.visitbratislava.com\/wp-content\/uploads\/2015\/04\/zelezna-studienka.jpg 1920w\" sizes=\"(max-width: 800px) 100vw, 800px\" \/><\/p>\n<p><img loading=\"lazy\" class=\"alignnone wp-image-45144 size-full\" src=\"https:\/\/www.visitbratislava.com\/wp-content\/uploads\/2018\/07\/Botanicka.jpg\" alt=\"\" width=\"768\" height=\"512\" srcset=\"https:\/\/www.visitbratislava.com\/wp-content\/uploads\/2018\/07\/Botanicka.jpg 768w, https:\/\/www.visitbratislava.com\/wp-content\/uploads\/2018\/07\/Botanicka-400x267.jpg 400w, https:\/\/www.visitbratislava.com\/wp-content\/uploads\/2018\/07\/Botanicka-200x133.jpg 200w\" sizes=\"(max-width: 768px) 100vw, 768px\" \/><\/p>\n<blockquote><p><strong>Hlavn\u00e9 mesto je obklopen\u00e9 lesn\u00fdm prostred\u00edm.<\/strong><\/p><\/blockquote>\n<p><a href=\"https:\/\/www.visitbratislava.com\/sk\/miesta\/horsky-park\/\" target=\"_blank\" rel=\"noopener\">Horsk\u00fd park<\/a> \u010di ob\u013e\u00faben\u00e9 vo\u013eno\u010dasov\u00e9 lokality Mestsk\u00fdch lesov s\u00fa r\u00fdchlo a\u00a0\u013eahko dostupn\u00e9 z\u00a0centra mesta. Vyberte si na\u0161ich tipov ako str\u00e1vi\u0165 vo\u013en\u00fd \u010das v pr\u00edrode s\u00a0rodinou \u010di priate\u013emi. Vysk\u00fa\u0161ajte aj novinky \u2013 napr\u00edklad si vychutnajte si panor\u00e1mu z\u00a0novej rozh\u013eadne.<\/p>\n<p><img loading=\"lazy\" width=\"800\" height=\"450\" class=\"alignnone size-large wp-image-37081\" src=\"https:\/\/www.visitbratislava.com\/wp-content\/uploads\/2015\/04\/horsky-park-horaren-800x450.jpg\" alt=\"\" srcset=\"https:\/\/www.visitbratislava.com\/wp-content\/uploads\/2015\/04\/horsky-park-horaren-800x450.jpg 800w, https:\/\/www.visitbratislava.com\/wp-content\/uploads\/2015\/04\/horsky-park-horaren-400x225.jpg 400w, https:\/\/www.visitbratislava.com\/wp-content\/uploads\/2015\/04\/horsky-park-horaren-768x432.jpg 768w, https:\/\/www.visitbratislava.com\/wp-content\/uploads\/2015\/04\/horsky-park-horaren-200x113.jpg 200w\" sizes=\"(max-width: 800px) 100vw, 800px\" \/><\/p>\n<blockquote><p><strong>Mesto na Dunaji pon\u00faka aj relax pri vode.<\/strong><\/p><\/blockquote>\n<p>Vydajte sa na prech\u00e1dzku po n\u00e1bre\u017e\u00ed alebo obdivujte rie\u010dnu panor\u00e1mu z\u00a0palube lode \u010di zo sedla bicykla po medzin\u00e1rodnej cyklotrase Eurovelo 6. Po\u010das hor\u00facich dn\u00ed sa m\u00f4\u017eete osvie\u017ei\u0165 alebo si za\u0161portova\u0165 aj v rekrea\u010dn\u00fdch oblasti okolo jazier priamo v\u00a0meste.<\/p>\n<p><img loading=\"lazy\" width=\"800\" height=\"533\" class=\"alignnone size-large wp-image-239176\" src=\"https:\/\/www.visitbratislava.com\/wp-content\/uploads\/2015\/05\/nabrezie-eurovea_komparz_-800x533.jpg\" alt=\"\" srcset=\"https:\/\/www.visitbratislava.com\/wp-content\/uploads\/2015\/05\/nabrezie-eurovea_komparz_-800x533.jpg 800w, https:\/\/www.visitbratislava.com\/wp-content\/uploads\/2015\/05\/nabrezie-eurovea_komparz_-400x267.jpg 400w, https:\/\/www.visitbratislava.com\/wp-content\/uploads\/2015\/05\/nabrezie-eurovea_komparz_-768x512.jpg 768w, https:\/\/www.visitbratislava.com\/wp-content\/uploads\/2015\/05\/nabrezie-eurovea_komparz_-1536x1024.jpg 1536w, https:\/\/www.visitbratislava.com\/wp-content\/uploads\/2015\/05\/nabrezie-eurovea_komparz_-2048x1365.jpg 2048w, https:\/\/www.visitbratislava.com\/wp-content\/uploads\/2015\/05\/nabrezie-eurovea_komparz_-200x133.jpg 200w\" sizes=\"(max-width: 800px) 100vw, 800px\" \/><\/p>\n<p>Na \u00fazem\u00ed mestsk\u00fdch \u010dast\u00ed Bratislavy sa nach\u00e1dzaj\u00fa aj chr\u00e1nen\u00e9 lokality, kde si na svoje pr\u00eddu nad\u0161enci fl\u00f3ry a\u00a0fauny. Milovn\u00edci pr\u00edrody m\u00f4\u017eu v Zelenej Bratislave absolvova\u0165\u00a0 <strong>pe\u0161ie alebo cyklot\u00fary<\/strong>, <strong>birdwatching<\/strong> a\u00a0spozn\u00e1vanie pr\u00edrody po n\u00e1u\u010dn\u00fdch chodn\u00edkoch v\u00a0pr\u00edrodn\u00fdch oblastiach Dunajsk\u00e9 luhy, Dev\u00ednska kobyla a\u00a0v\u00a0povod\u00ed rieky Morava.<\/p>\n<blockquote><p>Tip: Jedine\u010dn\u00fdm z\u00e1\u017eitkom v hlavnom meste je noc v <a href=\"https:\/\/www.visitbratislava.com\/sk\/miesta\/noc-v-domceku-na-strome\/\" target=\"_blank\" rel=\"noopener\">dom\u010deku na strome.<\/a><\/p><\/blockquote>\n<p><img loading=\"lazy\" width=\"800\" height=\"602\" class=\"alignnone size-large wp-image-26248\" src=\"https:\/\/www.visitbratislava.com\/wp-content\/uploads\/2016\/10\/domcek-800x602.jpg\" alt=\"\" srcset=\"https:\/\/www.visitbratislava.com\/wp-content\/uploads\/2016\/10\/domcek-800x602.jpg 800w, https:\/\/www.visitbratislava.com\/wp-content\/uploads\/2016\/10\/domcek-400x301.jpg 400w, https:\/\/www.visitbratislava.com\/wp-content\/uploads\/2016\/10\/domcek-768x578.jpg 768w, https:\/\/www.visitbratislava.com\/wp-content\/uploads\/2016\/10\/domcek-200x150.jpg 200w, https:\/\/www.visitbratislava.com\/wp-content\/uploads\/2016\/10\/domcek.jpg 960w\" sizes=\"(max-width: 800px) 100vw, 800px\" \/><\/p>\n<p><strong><a href=\"https:\/\/www.visitbratislava.com\/wp-content\/uploads\/2017\/10\/Zelena-Bratislava_2xDL_SK_MAPA.pdf\">Stiahnite si mapu zelen\u00fdch pl\u00f4ch v\u00a0Bratislave<\/a><\/strong>\u00a0(PDF, 9 MB).<\/p>\n<p><strong>Stiahnite si inform\u00e1cie v\u00a0skratke vo forme bro\u017e\u00fary <a href=\"https:\/\/www.visitbratislava.com\/wp-content\/uploads\/2017\/10\/zelenaBA_2019_SK_web.pdf\" target=\"_blank\" rel=\"noopener\"><em>Zelen\u00e1 Bratislava<\/em><\/a>\u00a0(PDF, 21 MB).<\/strong><\/p>\n<p>Dopravn\u00e9 linky do rekrea\u010dn\u00fdch oblast\u00ed\u00a0<strong>Dev\u00edn, Kamz\u00edk, Ka\u010d\u00edn a \u017delezn\u00e1 studni\u010dka<\/strong> n\u00e1jdete <a href=\"https:\/\/imhd.sk\/ba\/doc\/sk\/18369\/Rekreacna-doprava-Devin-Kamzik-Kacin-Zelezna-studnicka\"><strong>TU<\/strong><\/a>.<\/p>\n<p><iframe src=\"https:\/\/www.google.com\/maps\/d\/embed?mid=105efiGyu2-6LzQbSrdzbLo3qX2g\" width=\"1000\" height=\"480\"><\/iframe><\/p>\n","protected":false},"excerpt":{"rendered":"<p>Bratislava nie je len miestom, kde pulzuje \u017eivot, biznis a\u00a0z\u00e1bava, ale pon\u00faka aj zelen\u00e9 oddychov\u00e9 z\u00f3ny uprostred mesta.<\/p>\n","protected":false},"author":10,"featured_media":43227,"parent":0,"menu_order":0,"comment_status":"closed","ping_status":"closed","template":"","meta":[],"acf":[],"_links":{"self":[{"href":"https:\/\/www.visitbratislava.com\/sk\/wp-json\/wp\/v2\/pages\/36949"}],"collection":[{"href":"https:\/\/www.visitbratislava.com\/sk\/wp-json\/wp\/v2\/pages"}],"about":[{"href":"https:\/\/www.visitbratislava.com\/sk\/wp-json\/wp\/v2\/types\/page"}],"author":[{"embeddable":true,"href":"https:\/\/www.visitbratislava.com\/sk\/wp-json\/wp\/v2\/users\/10"}],"replies":[{"embeddable":true,"href":"https:\/\/www.visitbratislava.com\/sk\/wp-json\/wp\/v2\/comments?post=36949"}],"version-history":[{"count":1,"href":"https:\/\/www.visitbratislava.com\/sk\/wp-json\/wp\/v2\/pages\/36949\/revisions"}],"predecessor-version":[{"id":286045,"href":"https:\/\/www.visitbratislava.com\/sk\/wp-json\/wp\/v2\/pages\/36949\/revisions\/286045"}],"wp:featuredmedia":[{"embeddable":true,"href":"https:\/\/www.visitbratislava.com\/sk\/wp-json\/wp\/v2\/media\/43227"}],"wp:attachment":[{"href":"https:\/\/www.visitbratislava.com\/sk\/wp-json\/wp\/v2\/media?parent=36949"}],"curies":[{"name":"wp","href":"https:\/\/api.w.org\/{rel}","templated":true}]}}