{"id":36961,"date":"2017-10-20T16:05:40","date_gmt":"2017-10-20T14:05:40","guid":{"rendered":"https:\/\/www.visitbratislava.com\/?page_id=36961\/"},"modified":"2024-03-01T14:36:48","modified_gmt":"2024-03-01T13:36:48","slug":"mestske-parky-zahrady","status":"publish","type":"page","link":"https:\/\/www.visitbratislava.com\/sk\/green\/mestske-parky-zahrady\/","title":{"rendered":"Mestsk\u00e9 parky a\u00a0z\u00e1hrady"},"content":{"rendered":"<p>Hist\u00f3ria bratislavsk\u00fdch parkov siaha do 18. storo\u010dia. Dodnes sl\u00fa\u017eia na oddych, stretnutie s\u00a0priate\u013emi, \u0161port a\u00a0s\u00fa dejiskom r\u00f4znych\u00a0 podujat\u00ed.<\/p>\n<p>Priamo v\u00a0centre sa prejdite po promen\u00e1de na Hviezdoslavovom n\u00e1mest\u00ed s\u00a0alejou, font\u00e1nami a\u00a0s mno\u017estvom pr\u00edle\u017eitostn\u00fdch podujat\u00ed. Zastavte sa v par\u010d\u00edku s\u00a0Ka\u010dacou font\u00e1nou na \u0160af\u00e1rikovom n\u00e1mest\u00ed alebo si sadnite do tr\u00e1vy\u00a0v\u00a0 <strong><a href=\"https:\/\/www.visitbratislava.com\/sk\/miesta\/medicka-zahrada\/\">Medickej z\u00e1hrade<\/a><\/strong>, kde sa konaj\u00fa predstavenia, cvi\u010denia a\u00a0je tu aj detsk\u00e9 ihrisko a kaviare\u0148.<\/p>\n<p><img loading=\"lazy\" width=\"1418\" height=\"458\" class=\"alignleft size-full wp-image-186820\" src=\"https:\/\/www.visitbratislava.com\/wp-content\/uploads\/2022\/10\/Kovac_2022_medicka-zahrada_park_ufo_ba-hrad_jesen_panorama_nevyhradna-licencia_bannerscaled.jpg\" alt=\"\" srcset=\"https:\/\/www.visitbratislava.com\/wp-content\/uploads\/2022\/10\/Kovac_2022_medicka-zahrada_park_ufo_ba-hrad_jesen_panorama_nevyhradna-licencia_bannerscaled.jpg 1418w, https:\/\/www.visitbratislava.com\/wp-content\/uploads\/2022\/10\/Kovac_2022_medicka-zahrada_park_ufo_ba-hrad_jesen_panorama_nevyhradna-licencia_bannerscaled-400x129.jpg 400w, https:\/\/www.visitbratislava.com\/wp-content\/uploads\/2022\/10\/Kovac_2022_medicka-zahrada_park_ufo_ba-hrad_jesen_panorama_nevyhradna-licencia_bannerscaled-800x258.jpg 800w, https:\/\/www.visitbratislava.com\/wp-content\/uploads\/2022\/10\/Kovac_2022_medicka-zahrada_park_ufo_ba-hrad_jesen_panorama_nevyhradna-licencia_bannerscaled-768x248.jpg 768w, https:\/\/www.visitbratislava.com\/wp-content\/uploads\/2022\/10\/Kovac_2022_medicka-zahrada_park_ufo_ba-hrad_jesen_panorama_nevyhradna-licencia_bannerscaled-200x65.jpg 200w\" sizes=\"(max-width: 1418px) 100vw, 1418px\" \/><\/p>\n<p><strong><a href=\"https:\/\/www.visitbratislava.com\/sk\/miesta\/botanicka-zahrada\/\">Botanick\u00e1 z\u00e1hrada<\/a>\u00a0<\/strong>na n\u00e1bre\u017e\u00ed Dunaja je balzamom pre du\u0161u a\u00a0pastvou pre o\u010di. N\u00e1jdete tu v\u0161etky farby kvetov, skalky, jazierka a exotick\u00e9 rastliny v\u00a0sklen\u00edkoch. Chodn\u00edky s\u00fa lemovan\u00e9 drevinami z\u00a0cel\u00e9ho sveta. O\u00e1zou v\u00f4n\u00ed je roz\u00e1rium so 120 druhmi ru\u017e\u00ed.<\/p>\n<p><img loading=\"lazy\" width=\"2560\" height=\"1707\" class=\"alignleft size-full wp-image-259702\" src=\"https:\/\/www.visitbratislava.com\/wp-content\/uploads\/2023\/09\/Dekan_komparz_leto_Botanicka-zahrada_sklenik_jazierko_Karlova-Ves-scaled.jpg\" alt=\"\" srcset=\"https:\/\/www.visitbratislava.com\/wp-content\/uploads\/2023\/09\/Dekan_komparz_leto_Botanicka-zahrada_sklenik_jazierko_Karlova-Ves-scaled.jpg 2560w, https:\/\/www.visitbratislava.com\/wp-content\/uploads\/2023\/09\/Dekan_komparz_leto_Botanicka-zahrada_sklenik_jazierko_Karlova-Ves-400x267.jpg 400w, https:\/\/www.visitbratislava.com\/wp-content\/uploads\/2023\/09\/Dekan_komparz_leto_Botanicka-zahrada_sklenik_jazierko_Karlova-Ves-800x533.jpg 800w, https:\/\/www.visitbratislava.com\/wp-content\/uploads\/2023\/09\/Dekan_komparz_leto_Botanicka-zahrada_sklenik_jazierko_Karlova-Ves-768x512.jpg 768w, https:\/\/www.visitbratislava.com\/wp-content\/uploads\/2023\/09\/Dekan_komparz_leto_Botanicka-zahrada_sklenik_jazierko_Karlova-Ves-1536x1024.jpg 1536w, https:\/\/www.visitbratislava.com\/wp-content\/uploads\/2023\/09\/Dekan_komparz_leto_Botanicka-zahrada_sklenik_jazierko_Karlova-Ves-2048x1365.jpg 2048w, https:\/\/www.visitbratislava.com\/wp-content\/uploads\/2023\/09\/Dekan_komparz_leto_Botanicka-zahrada_sklenik_jazierko_Karlova-Ves-200x133.jpg 200w\" sizes=\"(max-width: 2560px) 100vw, 2560px\" \/><\/p>\n<p><strong><a href=\"https:\/\/www.visitbratislava.com\/sk\/miesta\/grassalkovichova-zahrada\/\">Grassalkovichova z\u00e1hrada<\/a>\u00a0<\/strong>obklopuje letn\u00fd pal\u00e1c gr\u00f3fa Grassalkovicha, ktor\u00fd je dnes s\u00eddlom prezidenta. Zauj\u00edmavos\u0165ou je prezidentsk\u00e1 alej stromov, vysaden\u00e1 hlavami \u0161t\u00e1tov po\u010das n\u00e1v\u0161tev Slovenska.<\/p>\n<blockquote><p><strong><em>\u010co tu n\u00e1jdete?\u00a0<\/em><\/strong>Jazdeck\u00fa sochu M\u00e1rie Ter\u00e9zie, z\u00e1bavn\u00e9 prvky pre deti, exteri\u00e9rov\u00e9 v\u00fdstavy diel modern\u00e9ho umenia<\/p><\/blockquote>\n<p><img loading=\"lazy\" width=\"1418\" height=\"458\" class=\"alignleft size-full wp-image-176196\" src=\"https:\/\/www.visitbratislava.com\/wp-content\/uploads\/2022\/09\/Kovac_2022_prezidentsky-palac_grassalkovichov-palac_zahrada_green_park_leto_kvety_nevyhradna-licencia_banner.jpg\" alt=\"\" srcset=\"https:\/\/www.visitbratislava.com\/wp-content\/uploads\/2022\/09\/Kovac_2022_prezidentsky-palac_grassalkovichov-palac_zahrada_green_park_leto_kvety_nevyhradna-licencia_banner.jpg 1418w, https:\/\/www.visitbratislava.com\/wp-content\/uploads\/2022\/09\/Kovac_2022_prezidentsky-palac_grassalkovichov-palac_zahrada_green_park_leto_kvety_nevyhradna-licencia_banner-400x129.jpg 400w, https:\/\/www.visitbratislava.com\/wp-content\/uploads\/2022\/09\/Kovac_2022_prezidentsky-palac_grassalkovichov-palac_zahrada_green_park_leto_kvety_nevyhradna-licencia_banner-800x258.jpg 800w, https:\/\/www.visitbratislava.com\/wp-content\/uploads\/2022\/09\/Kovac_2022_prezidentsky-palac_grassalkovichov-palac_zahrada_green_park_leto_kvety_nevyhradna-licencia_banner-768x248.jpg 768w, https:\/\/www.visitbratislava.com\/wp-content\/uploads\/2022\/09\/Kovac_2022_prezidentsky-palac_grassalkovichov-palac_zahrada_green_park_leto_kvety_nevyhradna-licencia_banner-200x65.jpg 200w\" sizes=\"(max-width: 1418px) 100vw, 1418px\" \/><\/p>\n<p><strong><a href=\"https:\/\/www.visitbratislava.com\/sk\/miesta\/sad-janka-krala\/\">Sad J. Kr\u00e1\u013ea<\/a>\u00a0<\/strong>na pravom brehu Dunaja je najstar\u0161\u00edm verejn\u00fdm parkom v\u00a0strednej Eur\u00f3pe. Vznikol v\u00a0rokoch 1774 &#8211; 1776 z\u00a0p\u00f4vodn\u00fdch lu\u017en\u00fdch lesov. Pozost\u00e1va z\u00a0alej\u00ed stromov, priestrann\u00fdch l\u00fak a\u00a0cesti\u010diek pret\u00ednaj\u00facich cel\u00fd park. Rast\u00fa tu mohutn\u00e9 dvestoro\u010dn\u00e9 platany\u00a0aj exotick\u00e9 dreviny. Pobyt v\u00a0tejto zelenej mestskej o\u00e1ze \u010dasto spr\u00edjem\u0148uj\u00fa aj mel\u00f3die r\u00f4znych \u017e\u00e1nrov po\u010das podujat\u00ed.<\/p>\n<p><em><strong>\u010co tu n\u00e1jdete?<\/strong><\/em>\u00a0Sochy v\u00a0znamen\u00ed zverokruhu, alt\u00e1nok z p\u00f4vodnej ve\u017ee franti\u0161k\u00e1nskeho kostola, ihrisko s\u00a0atrakciami pre deti<\/p>\n<p><img loading=\"lazy\" width=\"1920\" height=\"1280\" class=\"alignleft size-full wp-image-134878\" src=\"https:\/\/www.visitbratislava.com\/wp-content\/uploads\/2022\/04\/01-Sad-Janka-Krala-A_1920x1280.jpg\" alt=\"\" srcset=\"https:\/\/www.visitbratislava.com\/wp-content\/uploads\/2022\/04\/01-Sad-Janka-Krala-A_1920x1280.jpg 1920w, https:\/\/www.visitbratislava.com\/wp-content\/uploads\/2022\/04\/01-Sad-Janka-Krala-A_1920x1280-400x267.jpg 400w, https:\/\/www.visitbratislava.com\/wp-content\/uploads\/2022\/04\/01-Sad-Janka-Krala-A_1920x1280-800x533.jpg 800w, https:\/\/www.visitbratislava.com\/wp-content\/uploads\/2022\/04\/01-Sad-Janka-Krala-A_1920x1280-768x512.jpg 768w, https:\/\/www.visitbratislava.com\/wp-content\/uploads\/2022\/04\/01-Sad-Janka-Krala-A_1920x1280-1536x1024.jpg 1536w, https:\/\/www.visitbratislava.com\/wp-content\/uploads\/2022\/04\/01-Sad-Janka-Krala-A_1920x1280-200x133.jpg 200w\" sizes=\"(max-width: 1920px) 100vw, 1920px\" \/><\/p>\n<blockquote><p>&nbsp;<\/p><\/blockquote>\n<p>V\u00a0are\u00e1li <strong><a href=\"https:\/\/www.visitbratislava.com\/sk\/miesta\/bratislavsky-hrad\/\">Bratislavsk\u00e9ho hradu<\/a>\u00a0<\/strong>si odd\u00fdchnete v tieni stromov s v\u00fdh\u013eadom na mesto. Nav\u0161t\u00edvte aj barokov\u00fa hradn\u00fa z\u00e1hradu zrekon\u0161truovan\u00fa pod\u013ea pl\u00e1nov z \u010dias panovania M\u00e1rie Ter\u00e9zie.<\/p>\n<blockquote><p><em><strong>\u010co tu n\u00e1jdete?<\/strong><\/em> Expoz\u00edciu Historick\u00e9ho m\u00fazea SNM, hradn\u00fa re\u0161taur\u00e1ciu, kult\u00farne programy a\u00a0gastro podujatia.<\/p><\/blockquote>\n<p><img loading=\"lazy\" width=\"5000\" height=\"3337\" class=\"alignleft size-full wp-image-45517\" src=\"https:\/\/www.visitbratislava.com\/wp-content\/uploads\/2017\/10\/DSC_9923.jpg\" alt=\"\" srcset=\"https:\/\/www.visitbratislava.com\/wp-content\/uploads\/2017\/10\/DSC_9923.jpg 5000w, https:\/\/www.visitbratislava.com\/wp-content\/uploads\/2017\/10\/DSC_9923-400x267.jpg 400w, https:\/\/www.visitbratislava.com\/wp-content\/uploads\/2017\/10\/DSC_9923-768x513.jpg 768w, https:\/\/www.visitbratislava.com\/wp-content\/uploads\/2017\/10\/DSC_9923-800x534.jpg 800w, https:\/\/www.visitbratislava.com\/wp-content\/uploads\/2017\/10\/DSC_9923-200x133.jpg 200w\" sizes=\"(max-width: 5000px) 100vw, 5000px\" \/><\/p>\n<p>&nbsp;<\/p>\n","protected":false},"excerpt":{"rendered":"<p>Objavte pr\u00edjemn\u00e9 z\u00e1kutia mesta a dajte si pauzu v zelenom prostred\u00ed priamo v\u00a0ru\u0161nom centre.<\/p>\n","protected":false},"author":10,"featured_media":105300,"parent":36949,"menu_order":0,"comment_status":"closed","ping_status":"closed","template":"","meta":[],"acf":[],"_links":{"self":[{"href":"https:\/\/www.visitbratislava.com\/sk\/wp-json\/wp\/v2\/pages\/36961"}],"collection":[{"href":"https:\/\/www.visitbratislava.com\/sk\/wp-json\/wp\/v2\/pages"}],"about":[{"href":"https:\/\/www.visitbratislava.com\/sk\/wp-json\/wp\/v2\/types\/page"}],"author":[{"embeddable":true,"href":"https:\/\/www.visitbratislava.com\/sk\/wp-json\/wp\/v2\/users\/10"}],"replies":[{"embeddable":true,"href":"https:\/\/www.visitbratislava.com\/sk\/wp-json\/wp\/v2\/comments?post=36961"}],"version-history":[{"count":3,"href":"https:\/\/www.visitbratislava.com\/sk\/wp-json\/wp\/v2\/pages\/36961\/revisions"}],"predecessor-version":[{"id":283376,"href":"https:\/\/www.visitbratislava.com\/sk\/wp-json\/wp\/v2\/pages\/36961\/revisions\/283376"}],"up":[{"embeddable":true,"href":"https:\/\/www.visitbratislava.com\/sk\/wp-json\/wp\/v2\/pages\/36949"}],"wp:featuredmedia":[{"embeddable":true,"href":"https:\/\/www.visitbratislava.com\/sk\/wp-json\/wp\/v2\/media\/105300"}],"wp:attachment":[{"href":"https:\/\/www.visitbratislava.com\/sk\/wp-json\/wp\/v2\/media?parent=36961"}],"curies":[{"name":"wp","href":"https:\/\/api.w.org\/{rel}","templated":true}]}}