{"id":37025,"date":"2017-10-23T13:49:17","date_gmt":"2017-10-23T11:49:17","guid":{"rendered":"https:\/\/www.visitbratislava.com\/?page_id=37025\/"},"modified":"2023-12-14T13:29:50","modified_gmt":"2023-12-14T12:29:50","slug":"po-nabrezi-dunaja","status":"publish","type":"page","link":"https:\/\/www.visitbratislava.com\/sk\/green\/po-nabrezi-dunaja\/","title":{"rendered":"Po n\u00e1bre\u017e\u00ed Dunaja"},"content":{"rendered":"<p>Vydajte sa na prech\u00e1dzku po n\u00e1bre\u017e\u00ed, objavte sochy osobnosti a\u00a0umeleck\u00e9 diela, prejdite sa po \u0161tyroch mostoch na druh\u00fd breh, \u013eahnite si na tr\u00e1vnik pred Euroveou a ochutnajte miestne \u0161peciality v\u00a0re\u0161taur\u00e1ci\u00e1ch s\u00a0v\u00fdh\u013eadom na riek. Nav\u0161t\u00edvte <a href=\"https:\/\/www.visitbratislava.com\/sk\/miesta\/botanicka-zahrada\/\"><strong>Botanick\u00fa z\u00e1hradu<\/strong><\/a>\u00a0pri Moste Lafranconi a pokra\u010dujte a\u017e po <a href=\"https:\/\/www.visitbratislava.com\/sk\/miesta\/karloveske-rameno\/\" target=\"_blank\" rel=\"noopener\"><strong>Karlovesk\u00e9 rameno<\/strong><\/a>, pr\u00edrodn\u00fd raj pre vodn\u00e9 \u0161porty, kde si m\u00f4\u017eete po\u017ei\u010da\u0165 vodn\u00e9 plavidl\u00e1.<\/p>\n<p><img loading=\"lazy\" width=\"2560\" height=\"1707\" class=\"alignnone size-full wp-image-231689\" src=\"https:\/\/www.visitbratislava.com\/wp-content\/uploads\/2023\/03\/Vyleti-Vtacik-Karlova-Ves_green_voda_botanicka-zahrada_komparz-scaled.jpg\" alt=\"\" srcset=\"https:\/\/www.visitbratislava.com\/wp-content\/uploads\/2023\/03\/Vyleti-Vtacik-Karlova-Ves_green_voda_botanicka-zahrada_komparz-scaled.jpg 2560w, https:\/\/www.visitbratislava.com\/wp-content\/uploads\/2023\/03\/Vyleti-Vtacik-Karlova-Ves_green_voda_botanicka-zahrada_komparz-400x267.jpg 400w, https:\/\/www.visitbratislava.com\/wp-content\/uploads\/2023\/03\/Vyleti-Vtacik-Karlova-Ves_green_voda_botanicka-zahrada_komparz-800x533.jpg 800w, https:\/\/www.visitbratislava.com\/wp-content\/uploads\/2023\/03\/Vyleti-Vtacik-Karlova-Ves_green_voda_botanicka-zahrada_komparz-768x512.jpg 768w, https:\/\/www.visitbratislava.com\/wp-content\/uploads\/2023\/03\/Vyleti-Vtacik-Karlova-Ves_green_voda_botanicka-zahrada_komparz-1536x1024.jpg 1536w, https:\/\/www.visitbratislava.com\/wp-content\/uploads\/2023\/03\/Vyleti-Vtacik-Karlova-Ves_green_voda_botanicka-zahrada_komparz-2048x1365.jpg 2048w, https:\/\/www.visitbratislava.com\/wp-content\/uploads\/2023\/03\/Vyleti-Vtacik-Karlova-Ves_green_voda_botanicka-zahrada_komparz-200x133.jpg 200w\" sizes=\"(max-width: 2560px) 100vw, 2560px\" \/> <span style=\"font-size: 8pt;\"><em>Botanick\u00e1 z\u00e1hrada, v ktorej n\u00e1jdete roz\u00e1rium aj fotogenick\u00e9 sklen\u00edky<\/em><\/span><\/p>\n<p>Na pravom brehu medzi Star\u00fdm mostom a Mostom SNP si odd\u00fdchnite v zelenom prostred\u00ed a u\u017eite si leto na <a href=\"https:\/\/www.visitbratislava.com\/sk\/miesta\/magio-plaz\/\" target=\"_blank\" rel=\"noopener\">mestskej pl\u00e1\u017ei Tyr\u0161\u00e1k<\/a> plnej z\u00e1bavy. Na z\u00e1ver d\u0148a sa nechajte uspa\u0165 vlnami v niektorom z botelov na Dunaji.<\/p>\n<p><img loading=\"lazy\" width=\"1418\" height=\"458\" class=\"size-full wp-image-239864 aligncenter\" src=\"https:\/\/www.visitbratislava.com\/wp-content\/uploads\/2014\/10\/Text-vasho-odseku-9.png\" alt=\"\" srcset=\"https:\/\/www.visitbratislava.com\/wp-content\/uploads\/2014\/10\/Text-vasho-odseku-9.png 1418w, https:\/\/www.visitbratislava.com\/wp-content\/uploads\/2014\/10\/Text-vasho-odseku-9-400x129.png 400w, https:\/\/www.visitbratislava.com\/wp-content\/uploads\/2014\/10\/Text-vasho-odseku-9-800x258.png 800w, https:\/\/www.visitbratislava.com\/wp-content\/uploads\/2014\/10\/Text-vasho-odseku-9-768x248.png 768w, https:\/\/www.visitbratislava.com\/wp-content\/uploads\/2014\/10\/Text-vasho-odseku-9-200x65.png 200w\" sizes=\"(max-width: 1418px) 100vw, 1418px\" \/><\/p>\n<p><em><strong>\u010co tu n\u00e1jdete?<\/strong><\/em> <a href=\"https:\/\/www.visitbratislava.com\/sk\/miesta\/ufo\/\">vyhliadkov\u00fa plo\u0161inu <\/a>s re\u0161taur\u00e1ciou na moste SNP, <a href=\"https:\/\/www.visitbratislava.com\/sk\/miesta\/slovenske-narodne-muzeum-prirodovedne-muzeum\/\"><strong>Pr\u00edrodovedn\u00e9 m\u00fazeum<\/strong><\/a>\u00a0na Vajanskom n\u00e1bre\u017e\u00ed, <strong>Vod\u00e1rensk\u00e9 m\u00fazeum\u00a0<\/strong>so z\u00e1hradou pri Karloveskom ramene, miesta na opekanie a mo\u017enos\u0165 kajakovania.<\/p>\n<p><img loading=\"lazy\" width=\"800\" height=\"430\" class=\"alignnone size-full wp-image-106449\" src=\"https:\/\/www.visitbratislava.com\/wp-content\/uploads\/2021\/06\/Vyleti-Vtacik-Karlova-Ves-08.jpg\" alt=\"\" srcset=\"https:\/\/www.visitbratislava.com\/wp-content\/uploads\/2021\/06\/Vyleti-Vtacik-Karlova-Ves-08.jpg 800w, https:\/\/www.visitbratislava.com\/wp-content\/uploads\/2021\/06\/Vyleti-Vtacik-Karlova-Ves-08-400x215.jpg 400w, https:\/\/www.visitbratislava.com\/wp-content\/uploads\/2021\/06\/Vyleti-Vtacik-Karlova-Ves-08-768x413.jpg 768w, https:\/\/www.visitbratislava.com\/wp-content\/uploads\/2021\/06\/Vyleti-Vtacik-Karlova-Ves-08-200x108.jpg 200w\" sizes=\"(max-width: 800px) 100vw, 800px\" \/><\/p>\n<p>Vychutnajte si <a href=\"https:\/\/www.visitbratislava.com\/sk\/vas-vylet\/objavte-mesto\/vylet-lodou\/\">plavbu <\/a>pod bratislavsk\u00fdmi mostami a\u017e k hradu Dev\u00edn \u010di do \u010cunova. Lo\u010fou sa dostanete aj do <a href=\"https:\/\/www.visitbratislava.com\/sk\/clenovia\/flora-tour-s-r-o\/\">Rak\u00faska<\/a>. M\u00f4\u017eete si zaveslova\u0165 aj sami, splavi\u0165 m\u0155tve ramen\u00e1 Dunaja a u\u017ei\u0165 si pobyt v nedotknutej pr\u00edrode.<\/p>\n<p><img loading=\"lazy\" width=\"2480\" height=\"1156\" class=\"alignnone size-full wp-image-4153\" src=\"https:\/\/www.visitbratislava.com\/wp-content\/uploads\/2014\/11\/Twin_City_liner.jpg\" alt=\"\" srcset=\"https:\/\/www.visitbratislava.com\/wp-content\/uploads\/2014\/11\/Twin_City_liner.jpg 2480w, https:\/\/www.visitbratislava.com\/wp-content\/uploads\/2014\/11\/Twin_City_liner-400x186.jpg 400w, https:\/\/www.visitbratislava.com\/wp-content\/uploads\/2014\/11\/Twin_City_liner-800x373.jpg 800w, https:\/\/www.visitbratislava.com\/wp-content\/uploads\/2014\/11\/Twin_City_liner-200x93.jpg 200w\" sizes=\"(max-width: 2480px) 100vw, 2480px\" \/><\/p>\n","protected":false},"excerpt":{"rendered":"<p>Dunaj je osvie\u017euj\u00facou s\u00fa\u010das\u0165ou centra mesta, ktor\u00fd l\u00e1ka promen\u00e1dou na obidvoch brehoch<\/p>\n","protected":false},"author":10,"featured_media":3396,"parent":36949,"menu_order":0,"comment_status":"closed","ping_status":"closed","template":"","meta":[],"acf":[],"_links":{"self":[{"href":"https:\/\/www.visitbratislava.com\/sk\/wp-json\/wp\/v2\/pages\/37025"}],"collection":[{"href":"https:\/\/www.visitbratislava.com\/sk\/wp-json\/wp\/v2\/pages"}],"about":[{"href":"https:\/\/www.visitbratislava.com\/sk\/wp-json\/wp\/v2\/types\/page"}],"author":[{"embeddable":true,"href":"https:\/\/www.visitbratislava.com\/sk\/wp-json\/wp\/v2\/users\/10"}],"replies":[{"embeddable":true,"href":"https:\/\/www.visitbratislava.com\/sk\/wp-json\/wp\/v2\/comments?post=37025"}],"version-history":[{"count":7,"href":"https:\/\/www.visitbratislava.com\/sk\/wp-json\/wp\/v2\/pages\/37025\/revisions"}],"predecessor-version":[{"id":271850,"href":"https:\/\/www.visitbratislava.com\/sk\/wp-json\/wp\/v2\/pages\/37025\/revisions\/271850"}],"up":[{"embeddable":true,"href":"https:\/\/www.visitbratislava.com\/sk\/wp-json\/wp\/v2\/pages\/36949"}],"wp:featuredmedia":[{"embeddable":true,"href":"https:\/\/www.visitbratislava.com\/sk\/wp-json\/wp\/v2\/media\/3396"}],"wp:attachment":[{"href":"https:\/\/www.visitbratislava.com\/sk\/wp-json\/wp\/v2\/media?parent=37025"}],"curies":[{"name":"wp","href":"https:\/\/api.w.org\/{rel}","templated":true}]}}