{"id":37027,"date":"2017-10-23T13:56:00","date_gmt":"2017-10-23T11:56:00","guid":{"rendered":"https:\/\/www.visitbratislava.com\/?page_id=37027\/"},"modified":"2023-12-14T14:13:48","modified_gmt":"2023-12-14T13:13:48","slug":"relax-pri-vode","status":"publish","type":"page","link":"https:\/\/www.visitbratislava.com\/sk\/green\/relax-pri-vode\/","title":{"rendered":"Relax pri vode"},"content":{"rendered":"<h3>V\u00a0\u0161ir\u0161om okol\u00ed Bratislavy si pr\u00eddu na svoje milovn\u00edci nedotknutej pr\u00edrody aj vyzn\u00e1va\u010di vodn\u00fdch \u0161portov.<\/h3>\n<p>\u010cas\u0165 chr\u00e1nenej pr\u00edrodnej oblasti <strong>Dunajsk\u00e9 luhy<\/strong> lemuj\u00facej brehy ve\u013etoku Dunaja le\u017e\u00ed na \u00fazem\u00ed hlavn\u00e9ho mesta. Z\u00e1plavov\u00e9 \u00fazemia rieky a\u00a0lu\u017en\u00e9 lesy za\u010d\u00ednaj\u00fa u\u017e v\u00a0Starom meste od <strong>Pe\u010dnianskeho lesa<\/strong> na pravej strane oproti hradu, pokra\u010duj\u00fac po hr\u00e1dzi v\u00a0Petr\u017ealke, popri Jarovskom ramene, Rusovskom a\u00a0\u010cunovskom jazere a\u017e k\u00a0are\u00e1lu vodn\u00fdch \u0161portov <a href=\"https:\/\/www.visitbratislava.com\/sk\/miesta\/divoka-voda-cunovo\/\"><strong>Divok\u00e1 voda v\u00a0\u010cunove<\/strong><\/a>.<\/p>\n<p><em><strong>\u010co tu n\u00e1jdete?<\/strong><\/em> <a href=\"https:\/\/www.visitbratislava.com\/sk\/miesta\/rusovsky-park\/\">Rusovsk\u00fd park pri ka\u0161tieli<\/a>, r\u00edmske n\u00e1lezisko <a href=\"https:\/\/www.visitbratislava.com\/sk\/miesta\/anticka-gerulata-rusovce-2\/\">Gerulata Rusovce<\/a>, Gal\u00e9riu modern\u00e9ho umenia <a href=\"https:\/\/www.visitbratislava.com\/sk\/miesta\/danubiana\/\">Danubiana<\/a>\u00a0na dunajskom polostrove v\u00a0\u010cunove, umel\u00fd kan\u00e1l na rafting v \u010cunove.<\/p>\n<p><img loading=\"lazy\" width=\"2880\" height=\"1621\" class=\"alignleft size-full wp-image-3386\" src=\"https:\/\/www.visitbratislava.com\/wp-content\/uploads\/2015\/03\/divoka_voda.jpg\" alt=\"\" srcset=\"https:\/\/www.visitbratislava.com\/wp-content\/uploads\/2015\/03\/divoka_voda.jpg 2880w, https:\/\/www.visitbratislava.com\/wp-content\/uploads\/2015\/03\/divoka_voda-400x225.jpg 400w, https:\/\/www.visitbratislava.com\/wp-content\/uploads\/2015\/03\/divoka_voda-800x450.jpg 800w, https:\/\/www.visitbratislava.com\/wp-content\/uploads\/2015\/03\/divoka_voda-200x113.jpg 200w\" sizes=\"(max-width: 2880px) 100vw, 2880px\" \/><\/p>\n<p><strong>Biotop Dunajsk\u00e9 luhy<\/strong> so vz\u00e1cnou fl\u00f3rou a\u00a0faunou je z\u00e1rove\u0148 aj medzin\u00e1rodne v\u00fdznamn\u00fdm vt\u00e1\u010d\u00edm \u00fazem\u00edm. Vyu\u017eite organizovan\u00e9 pozorovanie vodn\u00e9ho vt\u00e1ctva a\u00a0objavte chr\u00e1nen\u00fa belu\u0161u a\u00a0volavku.<\/p>\n<p>Vyh\u013eadajte si aj rekrea\u010dn\u00e9 oblasti okolo jazier priamo v\u00a0meste \u2013 <a href=\"https:\/\/www.visitbratislava.com\/sk\/top10leto\/\"><strong>Zlat\u00e9 piesky<\/strong><\/a>, Kuchajdu a\u00a0Ve\u013ek\u00fd Dra\u017ediak. Relaxujte pod stromami, osvie\u017ete sa vo vode alebo vysk\u00fa\u0161ajte r\u00fdchlo\u010dlny, vodn\u00e9 ly\u017ee \u010di adrenal\u00ednov\u00fd wakeboarding.<\/p>\n<p><img loading=\"lazy\" width=\"800\" height=\"533\" class=\"alignleft size-full wp-image-107063\" src=\"https:\/\/www.visitbratislava.com\/wp-content\/uploads\/2021\/06\/Vyleti-Vtacik-Ruzinov-04.jpg\" alt=\"\" srcset=\"https:\/\/www.visitbratislava.com\/wp-content\/uploads\/2021\/06\/Vyleti-Vtacik-Ruzinov-04.jpg 800w, https:\/\/www.visitbratislava.com\/wp-content\/uploads\/2021\/06\/Vyleti-Vtacik-Ruzinov-04-400x267.jpg 400w, https:\/\/www.visitbratislava.com\/wp-content\/uploads\/2021\/06\/Vyleti-Vtacik-Ruzinov-04-768x512.jpg 768w, https:\/\/www.visitbratislava.com\/wp-content\/uploads\/2021\/06\/Vyleti-Vtacik-Ruzinov-04-200x133.jpg 200w\" sizes=\"(max-width: 800px) 100vw, 800px\" \/><\/p>\n","protected":false},"excerpt":{"rendered":"<p>V\u00a0\u0161ir\u0161om okol\u00ed Bratislavy si pr\u00eddu na svoje milovn\u00edci nedotknutej pr\u00edrody aj vyzn\u00e1va\u010di vodn\u00fdch \u0161portov. \u010cas\u0165 chr\u00e1nenej pr\u00edrodnej oblasti Dunajsk\u00e9 luhy lemuj\u00facej brehy ve\u013etoku Dunaja le\u017e\u00ed na \u00fazem\u00ed hlavn\u00e9ho mesta. Z\u00e1plavov\u00e9 \u00fazemia rieky a\u00a0lu\u017en\u00e9 lesy za\u010d\u00ednaj\u00fa u\u017e v\u00a0Starom meste od Pe\u010dnianskeho lesa na pravej strane oproti hradu, pokra\u010duj\u00fac po hr\u00e1dzi v\u00a0Petr\u017ealke, popri Jarovskom ramene, Rusovskom a\u00a0\u010cunovskom [&hellip;]<\/p>\n","protected":false},"author":10,"featured_media":18353,"parent":36949,"menu_order":0,"comment_status":"closed","ping_status":"closed","template":"","meta":[],"acf":[],"_links":{"self":[{"href":"https:\/\/www.visitbratislava.com\/sk\/wp-json\/wp\/v2\/pages\/37027"}],"collection":[{"href":"https:\/\/www.visitbratislava.com\/sk\/wp-json\/wp\/v2\/pages"}],"about":[{"href":"https:\/\/www.visitbratislava.com\/sk\/wp-json\/wp\/v2\/types\/page"}],"author":[{"embeddable":true,"href":"https:\/\/www.visitbratislava.com\/sk\/wp-json\/wp\/v2\/users\/10"}],"replies":[{"embeddable":true,"href":"https:\/\/www.visitbratislava.com\/sk\/wp-json\/wp\/v2\/comments?post=37027"}],"version-history":[{"count":3,"href":"https:\/\/www.visitbratislava.com\/sk\/wp-json\/wp\/v2\/pages\/37027\/revisions"}],"predecessor-version":[{"id":271877,"href":"https:\/\/www.visitbratislava.com\/sk\/wp-json\/wp\/v2\/pages\/37027\/revisions\/271877"}],"up":[{"embeddable":true,"href":"https:\/\/www.visitbratislava.com\/sk\/wp-json\/wp\/v2\/pages\/36949"}],"wp:featuredmedia":[{"embeddable":true,"href":"https:\/\/www.visitbratislava.com\/sk\/wp-json\/wp\/v2\/media\/18353"}],"wp:attachment":[{"href":"https:\/\/www.visitbratislava.com\/sk\/wp-json\/wp\/v2\/media?parent=37027"}],"curies":[{"name":"wp","href":"https:\/\/api.w.org\/{rel}","templated":true}]}}