{"id":37029,"date":"2017-10-23T14:01:38","date_gmt":"2017-10-23T12:01:38","guid":{"rendered":"https:\/\/www.visitbratislava.com\/?page_id=37029\/"},"modified":"2023-12-14T14:15:10","modified_gmt":"2023-12-14T13:15:10","slug":"chranena-priroda-pri-morave","status":"publish","type":"page","link":"https:\/\/www.visitbratislava.com\/sk\/green\/chranena-priroda-pri-morave\/","title":{"rendered":"Chr\u00e1nen\u00e1 pr\u00edroda pri Morave"},"content":{"rendered":"<p>Najvy\u0161\u0161\u00ed vrch Bratislavy <a href=\"http:\/\/www.devinskakobyla.sk\/index.html\"><strong>Dev\u00ednska Kobyla<\/strong><\/a> (514 m n.m.) le\u017e\u00ed na \u00fazem\u00ed rovnomennej n\u00e1rodnej pr\u00edrodnej rezerv\u00e1cie. Na chr\u00e1nen\u00fdch \u00fazemiach je povolen\u00fd pohyb len po vyzna\u010den\u00fdch tras\u00e1ch. Z\u00a0n\u00e1u\u010dn\u00e9ho chodn\u00edka medzi Dev\u00ednskou Novou Vsou a\u00a0Dev\u00ednom naskytn\u00fa kr\u00e1sne v\u00fdh\u013eady na rieku.<\/p>\n<p><em><strong>\u010co tu n\u00e1jdete?<\/strong><\/em> Dendropark s\u00a0p\u00f4vodn\u00fdmi drevinami, cyklomost cez Moravu z\u00a0Dev\u00ednskej Novej Vsi do Rak\u00faska, m\u00fazeum \u017eeleznej opony, geologick\u00e9 m\u00fazeum v\u00a0pr\u00edrode, <a href=\"https:\/\/www.visitbratislava.com\/sk\/miesta\/hrad-devin\/\">hrad Dev\u00edn<\/a> a vyhliadkov\u00fa ve\u017eu.<\/p>\n<p><img loading=\"lazy\" class=\"aligncenter wp-image-106659 size-full\" src=\"https:\/\/www.visitbratislava.com\/wp-content\/uploads\/2021\/06\/Vyleti-Vtacik_Devinska-Nova-Ves_rozhladna-02.jpg\" alt=\"\" width=\"800\" height=\"533\" srcset=\"https:\/\/www.visitbratislava.com\/wp-content\/uploads\/2021\/06\/Vyleti-Vtacik_Devinska-Nova-Ves_rozhladna-02.jpg 800w, https:\/\/www.visitbratislava.com\/wp-content\/uploads\/2021\/06\/Vyleti-Vtacik_Devinska-Nova-Ves_rozhladna-02-400x267.jpg 400w, https:\/\/www.visitbratislava.com\/wp-content\/uploads\/2021\/06\/Vyleti-Vtacik_Devinska-Nova-Ves_rozhladna-02-768x512.jpg 768w, https:\/\/www.visitbratislava.com\/wp-content\/uploads\/2021\/06\/Vyleti-Vtacik_Devinska-Nova-Ves_rozhladna-02-200x133.jpg 200w\" sizes=\"(max-width: 800px) 100vw, 800px\" \/><\/p>\n<p>Pieskovec <a href=\"http:\/\/www.devinskakobyla.sk\/sandberg.html\"><strong>Sandberg<\/strong><\/a> je n\u00e1lezisko s\u00a0pozostatkami mora spred 15 mili\u00f3nov rokov. Na\u0161li tu 350 druhov skamenel\u00edn pravek\u00fdch morsk\u00fdch \u017eivo\u010d\u00edchov, last\u00farniky, zuby \u017eralokov, stavce ve\u013er\u00fdb. Kr\u00e1su tejto v\u00fdnimo\u010dnej paleontologickej lokality\u00a0 m\u00f4\u017eete obdivova\u0165 z\u00a0n\u00e1u\u010dn\u00e9ho chodn\u00edka, ktor\u00fd pokra\u010duje po modrej zna\u010dke a\u017e k\u00a0Dev\u00ednu.<\/p>\n<p><img loading=\"lazy\" width=\"1920\" height=\"1280\" class=\"alignleft size-full wp-image-139673\" src=\"https:\/\/www.visitbratislava.com\/wp-content\/uploads\/2015\/04\/Sandberg_5_1920x1280.jpg\" alt=\"\" srcset=\"https:\/\/www.visitbratislava.com\/wp-content\/uploads\/2015\/04\/Sandberg_5_1920x1280.jpg 1920w, https:\/\/www.visitbratislava.com\/wp-content\/uploads\/2015\/04\/Sandberg_5_1920x1280-400x267.jpg 400w, https:\/\/www.visitbratislava.com\/wp-content\/uploads\/2015\/04\/Sandberg_5_1920x1280-800x533.jpg 800w, https:\/\/www.visitbratislava.com\/wp-content\/uploads\/2015\/04\/Sandberg_5_1920x1280-768x512.jpg 768w, https:\/\/www.visitbratislava.com\/wp-content\/uploads\/2015\/04\/Sandberg_5_1920x1280-1536x1024.jpg 1536w, https:\/\/www.visitbratislava.com\/wp-content\/uploads\/2015\/04\/Sandberg_5_1920x1280-200x133.jpg 200w\" sizes=\"(max-width: 1920px) 100vw, 1920px\" \/><\/p>\n<p><strong>V\u00a0povod\u00ed <a href=\"http:\/\/www.tikdnv.sk\">rieky Moravy<\/a><\/strong>\u00a0sa zachoval komplex lu\u017en\u00fdch lesov, z\u00e1plavov\u00e9 l\u00faky a\u00a0sie\u0165 m\u0155tvych ramien. Tento ekosyst\u00e9m je \u00fato\u010diskom vz\u00e1cnych druhov rastl\u00edn a\u00a0\u017eivo\u010d\u00edchov. Vyberte sa na pozorovanie vt\u00e1kov alebo na najdlh\u0161\u00ed n\u00e1u\u010dn\u00fd chodn\u00edk Slovenska nivou rieky v\u00a0d\u013a\u017eke 79 km s\u00a039 tabu\u013eami. V\u00edtan\u00ed s\u00fa aj cyklisti.<\/p>\n<p><img loading=\"lazy\" width=\"4456\" height=\"1445\" class=\"alignleft size-full wp-image-1786\" src=\"https:\/\/www.visitbratislava.com\/wp-content\/uploads\/2014\/10\/letecka-panorama-devin.jpg\" alt=\"\" srcset=\"https:\/\/www.visitbratislava.com\/wp-content\/uploads\/2014\/10\/letecka-panorama-devin.jpg 4456w, https:\/\/www.visitbratislava.com\/wp-content\/uploads\/2014\/10\/letecka-panorama-devin-400x130.jpg 400w, https:\/\/www.visitbratislava.com\/wp-content\/uploads\/2014\/10\/letecka-panorama-devin-800x259.jpg 800w, https:\/\/www.visitbratislava.com\/wp-content\/uploads\/2014\/10\/letecka-panorama-devin-200x65.jpg 200w\" sizes=\"(max-width: 4456px) 100vw, 4456px\" \/><\/p>\n","protected":false},"excerpt":{"rendered":"<p>\u017delezn\u00e1 opona pozd\u013a\u017e rieky Morava br\u00e1nila z\u00e1sahu \u010dloveka, preto tu zostalo zakonzervovan\u00e9 vz\u00e1cne pr\u00edrodn\u00e9 bohatstvo.<\/p>\n","protected":false},"author":10,"featured_media":18359,"parent":36949,"menu_order":0,"comment_status":"closed","ping_status":"closed","template":"","meta":[],"acf":[],"_links":{"self":[{"href":"https:\/\/www.visitbratislava.com\/sk\/wp-json\/wp\/v2\/pages\/37029"}],"collection":[{"href":"https:\/\/www.visitbratislava.com\/sk\/wp-json\/wp\/v2\/pages"}],"about":[{"href":"https:\/\/www.visitbratislava.com\/sk\/wp-json\/wp\/v2\/types\/page"}],"author":[{"embeddable":true,"href":"https:\/\/www.visitbratislava.com\/sk\/wp-json\/wp\/v2\/users\/10"}],"replies":[{"embeddable":true,"href":"https:\/\/www.visitbratislava.com\/sk\/wp-json\/wp\/v2\/comments?post=37029"}],"version-history":[{"count":4,"href":"https:\/\/www.visitbratislava.com\/sk\/wp-json\/wp\/v2\/pages\/37029\/revisions"}],"predecessor-version":[{"id":271880,"href":"https:\/\/www.visitbratislava.com\/sk\/wp-json\/wp\/v2\/pages\/37029\/revisions\/271880"}],"up":[{"embeddable":true,"href":"https:\/\/www.visitbratislava.com\/sk\/wp-json\/wp\/v2\/pages\/36949"}],"wp:featuredmedia":[{"embeddable":true,"href":"https:\/\/www.visitbratislava.com\/sk\/wp-json\/wp\/v2\/media\/18359"}],"wp:attachment":[{"href":"https:\/\/www.visitbratislava.com\/sk\/wp-json\/wp\/v2\/media?parent=37029"}],"curies":[{"name":"wp","href":"https:\/\/api.w.org\/{rel}","templated":true}]}}