{"id":37031,"date":"2017-10-23T14:10:23","date_gmt":"2017-10-23T12:10:23","guid":{"rendered":"https:\/\/www.visitbratislava.com\/?page_id=37031\/"},"modified":"2023-12-14T13:14:10","modified_gmt":"2023-12-14T12:14:10","slug":"na-dvoch-kolesach","status":"publish","type":"page","link":"https:\/\/www.visitbratislava.com\/sk\/green\/na-dvoch-kolesach\/","title":{"rendered":"Na dvoch koles\u00e1ch"},"content":{"rendered":"<p>Z\u00a0centra mesta sa napoj\u00edte na dve medzin\u00e1rodn\u00e9 <a href=\"https:\/\/www.visitbratislava.com\/sk\/vas-vylet\/objavte-mesto\/sportovy\/bicyklovanie\/\">cyklotrasy<\/a> \u2013 <strong>Dunajsk\u00fa<\/strong> (Eurovelo 6) a\u00a0<strong>Cyklotrasu \u017eeleznej opony<\/strong>\u00a0(Eurovelo 13). Na petr\u017ealskej strane m\u00ed\u0148ate chr\u00e1nen\u00e9 \u00fazemie Pe\u010dniansky les a\u00a0pokra\u010dujete smerom do Rak\u00faska. Na bicykli sa dostanete aj na <a href=\"https:\/\/www.visitbratislava.com\/sk\/miesta\/hrad-devin\/\">hrad Dev\u00edn<\/a>,\u00a0 \u010di\u00a0 k\u00a0cezhrani\u010dn\u00e9mu cyklomostu v\u00a0Dev\u00ednskej Novej Vsi. V\u00a0opa\u010dnom smere z\u00a0centra Bratislavy vedie <a href=\"https:\/\/www.visitbratislava.com\/sk\/vas-vylet\/objavte-mesto\/sportovy\/\">cyklocesta po hr\u00e1dzi Dunaja do \u010cunova<\/a> smerom na Ma\u010farsko.<\/p>\n<p>U\u017e\u00edvajte si pohodov\u00fa jazdu po lesn\u00fdch cesti\u010dk\u00e1ch <a href=\"https:\/\/www.visitbratislava.com\/sk\/miesta\/bratislavsky-lesopark\/\"><strong>Bratislavsk\u00e9ho lesoparku<\/strong><\/a>\u00a0alebo naberte odvahu a\u00a0spustite sa z <strong><a href=\"https:\/\/www.visitbratislava.com\/sk\/miesta\/kamzik\/\">Kamz\u00edka<\/a>\u00a0<\/strong>po prek\u00e1\u017ekov\u00fdch downhillov\u00fdch tras\u00e1ch Rohatka a\u00a0Driver. Svoj bicykel si odveziete dokonca aj seda\u010dkovou lanovkou, ktor\u00e1 prem\u00e1va medzi stanicami Kamz\u00edk a\u00a0\u017delezn\u00e1 studni\u010dka. Pred\u013a\u017ete svoj pobyt a\u00a0prebr\u00e1zdite cel\u00fa Malokarpatsk\u00fa cyklistick\u00fa sie\u0165.<\/p>\n<p><strong>Inform\u00e1cie o\u00a0cyklotras\u00e1ch:<\/strong>\u00a0<a href=\"https:\/\/en.mapy.cz\/turisticka?x=17.0919517&amp;y=48.1633214&amp;z=12&amp;source=muni&amp;id=22944\" target=\"_blank\" rel=\"noopener\">mapy.cz<\/a>,\u00a0<a href=\"http:\/\/www.mapa.cyklokoalicia.sk\">www.mapa.cyklokoalicia.sk<\/a><\/p>\n<p><strong>Po\u017ei\u010dovne bicyklov:<\/strong><\/p>\n<ul>\n<li>Panensk\u00e1 30 (<a href=\"http:\/\/www.bikebratislava.sk\">www.bikebratislava.sk<\/a>)<\/li>\n<li>Istrijsk\u00e1 49 (<a href=\"http:\/\/www.tikdnv.sk\">www.tikdnv.sk<\/a>)<\/li>\n<\/ul>\n","protected":false},"excerpt":{"rendered":"<p>Obdivujte pr\u00edrodu zo sedla bicykla! Vysk\u00fa\u0161ajte cyklotrasy po brehu Dunaja alebo\u00a0priamo v\u00a0lese.<\/p>\n","protected":false},"author":10,"featured_media":3578,"parent":36949,"menu_order":0,"comment_status":"closed","ping_status":"closed","template":"","meta":[],"acf":[],"_links":{"self":[{"href":"https:\/\/www.visitbratislava.com\/sk\/wp-json\/wp\/v2\/pages\/37031"}],"collection":[{"href":"https:\/\/www.visitbratislava.com\/sk\/wp-json\/wp\/v2\/pages"}],"about":[{"href":"https:\/\/www.visitbratislava.com\/sk\/wp-json\/wp\/v2\/types\/page"}],"author":[{"embeddable":true,"href":"https:\/\/www.visitbratislava.com\/sk\/wp-json\/wp\/v2\/users\/10"}],"replies":[{"embeddable":true,"href":"https:\/\/www.visitbratislava.com\/sk\/wp-json\/wp\/v2\/comments?post=37031"}],"version-history":[{"count":1,"href":"https:\/\/www.visitbratislava.com\/sk\/wp-json\/wp\/v2\/pages\/37031\/revisions"}],"predecessor-version":[{"id":271846,"href":"https:\/\/www.visitbratislava.com\/sk\/wp-json\/wp\/v2\/pages\/37031\/revisions\/271846"}],"up":[{"embeddable":true,"href":"https:\/\/www.visitbratislava.com\/sk\/wp-json\/wp\/v2\/pages\/36949"}],"wp:featuredmedia":[{"embeddable":true,"href":"https:\/\/www.visitbratislava.com\/sk\/wp-json\/wp\/v2\/media\/3578"}],"wp:attachment":[{"href":"https:\/\/www.visitbratislava.com\/sk\/wp-json\/wp\/v2\/media?parent=37031"}],"curies":[{"name":"wp","href":"https:\/\/api.w.org\/{rel}","templated":true}]}}