{"id":37954,"date":"2017-11-30T11:53:29","date_gmt":"2017-11-30T10:53:29","guid":{"rendered":"https:\/\/www.visitbratislava.com\/?page_id=37954\/"},"modified":"2024-11-29T10:53:04","modified_gmt":"2024-11-29T09:53:04","slug":"top10vianoce","status":"publish","type":"page","link":"https:\/\/www.visitbratislava.com\/sk\/top10vianoce\/","title":{"rendered":"Top 10 viano\u010dn\u00fdch z\u00e1\u017eitkov"},"content":{"rendered":"<p><iframe title=\"YouTube video player\" src=\"https:\/\/www.youtube.com\/embed\/dXK0MMnQLZ0?si=KaVAYZGeVEpXd-Ua\" width=\"1120\" height=\"630\" frameborder=\"0\" allowfullscreen=\"allowfullscreen\"><\/iframe><\/p>\n<p><strong>1. Viano\u010dn\u00e9 trhy<\/strong><br \/>\nPrav\u00e1 zimn\u00e1 atmosf\u00e9ra doslova o\u017e\u00edva na ka\u017edoro\u010dn\u00fdch viano\u010dn\u00fdch trhoch, ktor\u00e9 sa konaj\u00fa na <a href=\"https:\/\/www.visitbratislava.com\/sk\/podujatia\/vianocny-hlavny-trh\/\" target=\"_blank\" rel=\"noopener\">Hlavnom<\/a> a\u00a0<a href=\"https:\/\/www.visitbratislava.com\/sk\/podujatia\/staromestske-vianocne-trhy\/\" target=\"_blank\" rel=\"noopener\">Hviezdoslavovom<\/a> n\u00e1mest\u00ed, na n\u00e1dvor\u00ed hradu, na n\u00e1dvor\u00ed Starej radnice a v <a href=\"https:\/\/www.visitbratislava.com\/sk\/podujatia\/vianocna-trznica-so-slovenskou-sporitelnou\/\" target=\"_blank\" rel=\"noopener\">Starej tr\u017enici<\/a>. Okrem st\u00e1nkov, kde n\u00e1jdete kr\u00e1sne viano\u010dn\u00e9 dar\u010deky pre svojich najbli\u017e\u0161\u00edch si ur\u010dite vychutnajte skvel\u00fd pun\u010d s lok\u0161ou a nezabudnite aj na typick\u00e9 bratislavsk\u00e9 ro\u017eky. Takmer ka\u017ed\u00fd de\u0148 v\u00e1s na nieko\u013ek\u00fdch p\u00f3di\u00e1ch \u010dak\u00e1 bohat\u00fd <a href=\"https:\/\/bratislavskevianoce.sk\/program\/\" target=\"_blank\" rel=\"noopener\">viano\u010dn\u00fd program<\/a>, ktor\u00fd spolu s \u010darovnou v\u00fdzdobou mesta vytvor\u00ed \u00fasmev naozaj ka\u017ed\u00e9mu.<\/p>\n<p><img loading=\"lazy\" class=\"alignnone wp-image-318969 size-full\" src=\"https:\/\/www.visitbratislava.com\/wp-content\/uploads\/2024\/11\/BV-2024_2000x1400_4.jpg\" alt=\"\" width=\"2000\" height=\"1400\" srcset=\"https:\/\/www.visitbratislava.com\/wp-content\/uploads\/2024\/11\/BV-2024_2000x1400_4.jpg 2000w, https:\/\/www.visitbratislava.com\/wp-content\/uploads\/2024\/11\/BV-2024_2000x1400_4-400x280.jpg 400w, https:\/\/www.visitbratislava.com\/wp-content\/uploads\/2024\/11\/BV-2024_2000x1400_4-800x560.jpg 800w, https:\/\/www.visitbratislava.com\/wp-content\/uploads\/2024\/11\/BV-2024_2000x1400_4-768x538.jpg 768w, https:\/\/www.visitbratislava.com\/wp-content\/uploads\/2024\/11\/BV-2024_2000x1400_4-1536x1075.jpg 1536w, https:\/\/www.visitbratislava.com\/wp-content\/uploads\/2024\/11\/BV-2024_2000x1400_4-200x140.jpg 200w\" sizes=\"(max-width: 2000px) 100vw, 2000px\" \/><\/p>\n<p><strong>2. Viano\u010dn\u00e1 elektri\u010dka<\/strong><br \/>\nAtmosf\u00e9ru najkraj\u0161ieho obdobia v roku dop\u013a\u0148a \u0161peci\u00e1lna vysvieten\u00e1 elektri\u010dka. Interi\u00e9r v \u010dervenej a zelenej s krbom a hraj\u00facimi koledami pripom\u00edna dom\u00e1cu pohodu. M\u00f4\u017eete sa \u0148ou odviez\u0165 v centre mesta. Zvy\u010dajne prem\u00e1va od Mikul\u00e1\u0161a takmer do konca roka.<\/p>\n<p><img loading=\"lazy\" class=\"alignleft wp-image-265344 size-large\" src=\"https:\/\/www.visitbratislava.com\/wp-content\/uploads\/2023\/10\/Matej-Kovac_2016_tunel_vianoce_elektricka_nevyhradna-licencia-800x533.jpg\" alt=\"\" width=\"800\" height=\"533\" srcset=\"https:\/\/www.visitbratislava.com\/wp-content\/uploads\/2023\/10\/Matej-Kovac_2016_tunel_vianoce_elektricka_nevyhradna-licencia-800x533.jpg 800w, https:\/\/www.visitbratislava.com\/wp-content\/uploads\/2023\/10\/Matej-Kovac_2016_tunel_vianoce_elektricka_nevyhradna-licencia-400x267.jpg 400w, https:\/\/www.visitbratislava.com\/wp-content\/uploads\/2023\/10\/Matej-Kovac_2016_tunel_vianoce_elektricka_nevyhradna-licencia-768x512.jpg 768w, https:\/\/www.visitbratislava.com\/wp-content\/uploads\/2023\/10\/Matej-Kovac_2016_tunel_vianoce_elektricka_nevyhradna-licencia-1536x1024.jpg 1536w, https:\/\/www.visitbratislava.com\/wp-content\/uploads\/2023\/10\/Matej-Kovac_2016_tunel_vianoce_elektricka_nevyhradna-licencia-2048x1365.jpg 2048w, https:\/\/www.visitbratislava.com\/wp-content\/uploads\/2023\/10\/Matej-Kovac_2016_tunel_vianoce_elektricka_nevyhradna-licencia-200x133.jpg 200w\" sizes=\"(max-width: 800px) 100vw, 800px\" \/><\/p>\n<p><strong>3. Silvester pri Dunaji<\/strong><br \/>\nOsl\u00e1vte pr\u00edchod nov\u00e9ho roka s priate\u013emi v centre mesta, kde n\u00e1s v\u00e1s \u010dak\u00e1 hudobn\u00fd program alebo si dajte pr\u00edpitok v pohodl\u00ed jedn\u00e9ho z na\u0161ich hotelov \u010di re\u0161taur\u00e1ci\u00ed, ktor\u00e9 maj\u00fa na koniec roka pripraven\u00e9 \u0161peci\u00e1lne bal\u00ed\u010dky. Alebo sa nalo\u010fte na <a href=\"https:\/\/www.visitbratislava.com\/sk\/podujatia\/silvestrovska-plavba\/\" target=\"_blank\" rel=\"noopener\"><strong>silvestrovsk\u00fa plavbu<\/strong><\/a>.<\/p>\n<p><img loading=\"lazy\" class=\"alignnone wp-image-276226 size-full\" src=\"https:\/\/www.visitbratislava.com\/wp-content\/uploads\/2023\/01\/lod-a-UFO.png\" alt=\"\" width=\"1713\" height=\"1122\" srcset=\"https:\/\/www.visitbratislava.com\/wp-content\/uploads\/2023\/01\/lod-a-UFO.png 1713w, https:\/\/www.visitbratislava.com\/wp-content\/uploads\/2023\/01\/lod-a-UFO-400x262.png 400w, https:\/\/www.visitbratislava.com\/wp-content\/uploads\/2023\/01\/lod-a-UFO-800x524.png 800w, https:\/\/www.visitbratislava.com\/wp-content\/uploads\/2023\/01\/lod-a-UFO-768x503.png 768w, https:\/\/www.visitbratislava.com\/wp-content\/uploads\/2023\/01\/lod-a-UFO-1536x1006.png 1536w, https:\/\/www.visitbratislava.com\/wp-content\/uploads\/2023\/01\/lod-a-UFO-200x131.png 200w\" sizes=\"(max-width: 1713px) 100vw, 1713px\" \/><\/p>\n<p><strong>4. Prech\u00e1dzka po n\u00e1bre\u017e\u00ed<\/strong><br \/>\nPoh\u013ead na pomaly plyn\u00faci Dunaj je popri prech\u00e1dzke n\u00e1bre\u017e\u00edm t\u00fdm ide\u00e1lnym oddychom. Cestu v\u00e1m spr\u00edjemn\u00ed pr\u00edjemn\u00e9 okolie River Parku \u010di novovybudovan\u00e9ho Zuckermandlu, kde si m\u00f4\u017eete na chv\u00ed\u013eu odd\u00fdchnu\u0165 na k\u00e1vu \u010di drobn\u00e9 ob\u010derstvenie. A\u00a0ak u\u017e nebudete vl\u00e1da\u0165, nasadnite na jednu z\u00a0na\u0161ich modern\u00fdch elektri\u010diek, ktor\u00e9 v\u00e1s prevez\u00fa na\u0161im \u010darovn\u00fdm centrom \u2013 s\u00a0na\u0161ou <a href=\"http:\/\/card.visitbratislava.com\/sk\/bratislava-card-2\/\">Bratislava CARD<\/a> jazd\u00edte v\u00a0MHD \u00faplne bezplatne.<\/p>\n<p><img loading=\"lazy\" width=\"800\" height=\"530\" class=\"aligncenter size-large wp-image-28195\" src=\"https:\/\/www.visitbratislava.com\/wp-content\/uploads\/2017\/01\/ba-1-of-54-800x530.jpg\" alt=\"\" srcset=\"https:\/\/www.visitbratislava.com\/wp-content\/uploads\/2017\/01\/ba-1-of-54-800x530.jpg 800w, https:\/\/www.visitbratislava.com\/wp-content\/uploads\/2017\/01\/ba-1-of-54-400x265.jpg 400w, https:\/\/www.visitbratislava.com\/wp-content\/uploads\/2017\/01\/ba-1-of-54-768x509.jpg 768w, https:\/\/www.visitbratislava.com\/wp-content\/uploads\/2017\/01\/ba-1-of-54-200x132.jpg 200w\" sizes=\"(max-width: 800px) 100vw, 800px\" \/><\/p>\n<p><strong>5. Vyhliadka z ve\u017ee Starej radnice a Michalskej ve\u017ee<\/strong><br \/>\nKr\u00e1sne rozsvieten\u00e9 Hlavn\u00e9 n\u00e1mestie s majest\u00e1tnym viano\u010dn\u00fdm strom\u010dekom a v\u00fdh\u013ead na zimn\u00fa Bratislavu je naozaj <a href=\"https:\/\/www.visitbratislava.com\/sk\/podujatia\/pohlad-na-vianocnu-bratislavu-z-radnicnej-a-michalskej-veze\/\" target=\"_blank\" rel=\"noopener\">poh\u013ead na nezaplatenie<\/a>. Viano\u010dn\u00e9 trhy m\u00e1te len na skok, a tak sa po v\u00fdstupe na ve\u017eu na\u0161ej Starej radnice posilnite v\u00fddatn\u00fdm jedlom. Viano\u010dn\u00fa Bratislavu si m\u00f4\u017eete u\u017ei\u0165 aj z vrchu Michalskej ve\u017ee.<\/p>\n<p><img loading=\"lazy\" width=\"800\" height=\"533\" class=\"aligncenter size-large wp-image-1838\" src=\"https:\/\/www.visitbratislava.com\/wp-content\/uploads\/2014\/10\/Vianocne-trhy-s-panoramou-06B9866-800x533.jpg\" alt=\"\" srcset=\"https:\/\/www.visitbratislava.com\/wp-content\/uploads\/2014\/10\/Vianocne-trhy-s-panoramou-06B9866-800x533.jpg 800w, https:\/\/www.visitbratislava.com\/wp-content\/uploads\/2014\/10\/Vianocne-trhy-s-panoramou-06B9866-400x267.jpg 400w, https:\/\/www.visitbratislava.com\/wp-content\/uploads\/2014\/10\/Vianocne-trhy-s-panoramou-06B9866-200x133.jpg 200w\" sizes=\"(max-width: 800px) 100vw, 800px\" \/><\/p>\n<p><strong>6. Gastronomick\u00e9 z\u00e1\u017eitky<\/strong><br \/>\nZima v\u00a0Bratislave m\u00e1 nie\u010do do seba aj v\u00a0kulin\u00e1rskej oblasti. Pr\u00e1ve teraz je ten ide\u00e1lny \u010das ochutna\u0165 typick\u00e9 \u0161peciality ako husacina, te\u013eac\u00ed reze\u0148 \u010di hust\u00fd gul\u00e1\u0161, ktor\u00e9 v\u00e1s nielen zas\u00fdtia ale aj zahrej\u00fa v\u00a0chladnom po\u010das\u00ed. Rozhodnite sa pre re\u0161taur\u00e1cie ako <a href=\"https:\/\/www.visitbratislava.com\/sk\/miesta\/restauracia-savoy-2\/\">Savoy<\/a>, <a href=\"https:\/\/www.visitbratislava.com\/sk\/miesta\/zylinder\/\">Zylinder<\/a> \u010di <a href=\"https:\/\/www.visitbratislava.com\/sk\/miesta\/restauracia-leberfinger\/\">Leberfinger<\/a> a\u00a0ur\u010dite od\u00eddete nad\u0161en\u00ed z\u00a0gastronomick\u00e9ho z\u00e1\u017eitku, ktor\u00e9 tieto miesta pon\u00fakaj\u00fa.<\/p>\n<p><img loading=\"lazy\" width=\"800\" height=\"533\" class=\"size-large wp-image-266381 aligncenter\" src=\"https:\/\/www.visitbratislava.com\/wp-content\/uploads\/2023\/11\/IMG_1282-800x533.jpg\" alt=\"\" srcset=\"https:\/\/www.visitbratislava.com\/wp-content\/uploads\/2023\/11\/IMG_1282-800x533.jpg 800w, https:\/\/www.visitbratislava.com\/wp-content\/uploads\/2023\/11\/IMG_1282-400x267.jpg 400w, https:\/\/www.visitbratislava.com\/wp-content\/uploads\/2023\/11\/IMG_1282-768x512.jpg 768w, https:\/\/www.visitbratislava.com\/wp-content\/uploads\/2023\/11\/IMG_1282-1536x1024.jpg 1536w, https:\/\/www.visitbratislava.com\/wp-content\/uploads\/2023\/11\/IMG_1282-2048x1365.jpg 2048w, https:\/\/www.visitbratislava.com\/wp-content\/uploads\/2023\/11\/IMG_1282-200x133.jpg 200w\" sizes=\"(max-width: 800px) 100vw, 800px\" \/> <em><span style=\"font-size: 8pt;\">Foto: Loclub<\/span><\/em><\/p>\n<p><strong>7. Kult\u00farne z\u00e1\u017eitky<\/strong><br \/>\nPr\u00ed\u010fte sa zahria\u0165 a\u00a0pohladi\u0165 svoju du\u0161u kult\u00farnym z\u00e1\u017eitkom v\u00a0podobe opern\u00fdch,\u00a0baletn\u00fdch a\u00a0hudobn\u00fdch predstaven\u00ed, ktor\u00e9 pon\u00fakaj\u00fa <a href=\"https:\/\/www.visitbratislava.com\/sk\/miesta\/slovenske-narodne-divadlo\/\">Slovensk\u00e9 n\u00e1rodne divadlo<\/a> a\u00a0<a href=\"https:\/\/www.visitbratislava.com\/sk\/miesta\/slovenska-filharmonia\/\">Slovensk\u00e1 filharm\u00f3nia<\/a>. A\u017e do janu\u00e1ra v\u00e1s v\u00a0SND \u010dak\u00e1 typicky zimn\u00fd pr\u00edbeh <a href=\"https:\/\/www.visitbratislava.com\/sk\/podujatia\/piotr-iljic-cajkovskij-luskacik\/\">Lusk\u00e1\u010dika<\/a>, vhodn\u00fd aj pre t\u00fdch najmen\u0161\u00edch. Ur\u010dite nezme\u0161kajte ani jeden z\u00a0u\u0161i-lahodiacich komorn\u00fdch alebo symfonick\u00fdch koncertov v\u00a0Slovenskej filharm\u00f3ni\u00ed.<\/p>\n<p><img loading=\"lazy\" width=\"800\" height=\"533\" class=\"aligncenter size-large wp-image-2033\" src=\"https:\/\/www.visitbratislava.com\/wp-content\/uploads\/2014\/11\/balet_snd_luskacik-800x533.jpg\" alt=\"\" srcset=\"https:\/\/www.visitbratislava.com\/wp-content\/uploads\/2014\/11\/balet_snd_luskacik-800x533.jpg 800w, https:\/\/www.visitbratislava.com\/wp-content\/uploads\/2014\/11\/balet_snd_luskacik-400x267.jpg 400w, https:\/\/www.visitbratislava.com\/wp-content\/uploads\/2014\/11\/balet_snd_luskacik-200x133.jpg 200w\" sizes=\"(max-width: 800px) 100vw, 800px\" \/><\/p>\n<p><strong>8. Dizajnov\u00e9 n\u00e1kupy<\/strong><br \/>\nK\u00a0viano\u010dn\u00e9mu (a\u00a0nesporne aj poviano\u010dn\u00e9mu) obdobiu patria aj n\u00e1kupy rodinu a\u00a0priate\u013eov. Tie najlep\u0161ie dar\u010deky na v\u00e1s \u010dakaj\u00fa v\u00a0<a href=\"https:\/\/www.visitbratislava.com\/sk\/miesta\/eurovea\/\">Eurovea<\/a>, priamo na n\u00e1bre\u017e\u00ed Dunaja, kde si vyberiete z\u00a0mno\u017estva svetozn\u00e1mych ale aj slovensk\u00fdch zna\u010diek. Nez\u00e1le\u017e\u00ed na tom, \u010di obdarov\u00e1vate druh\u00fdch dizajnov\u00fdmi pono\u017ekami, knihami alebo lahodnou k\u00e1vou \u2013 v\u00a0Eurovea n\u00e1jdete v\u0161etko. Ke\u010f zat\u00fa\u017eite po nie\u010dom origin\u00e1lnom, z dizajnov\u00fdch obchodov ak\u00fdmi s\u00fa <a href=\"https:\/\/www.visitbratislava.com\/sk\/miesta\/slavica-2\/\">Sl\u00e1vica<\/a> \u010di <a href=\"https:\/\/www.visitbratislava.com\/sk\/miesta\/slowatch-2\/\">Slowatch<\/a> v\u00a0samom centre mesta neob\u00eddete napr\u00e1zdno.<\/p>\n<p><img loading=\"lazy\" width=\"800\" height=\"533\" class=\"aligncenter size-large wp-image-1832\" src=\"https:\/\/www.visitbratislava.com\/wp-content\/uploads\/2014\/10\/eurovea-danube-fest-2-800x533.jpg\" alt=\"\" srcset=\"https:\/\/www.visitbratislava.com\/wp-content\/uploads\/2014\/10\/eurovea-danube-fest-2-800x533.jpg 800w, https:\/\/www.visitbratislava.com\/wp-content\/uploads\/2014\/10\/eurovea-danube-fest-2-400x267.jpg 400w, https:\/\/www.visitbratislava.com\/wp-content\/uploads\/2014\/10\/eurovea-danube-fest-2-200x133.jpg 200w\" sizes=\"(max-width: 800px) 100vw, 800px\" \/><\/p>\n<p><strong>9. Umenie<\/strong><br \/>\nZimn\u00e9 obdobie je ako stvoren\u00e9 na n\u00e1v\u0161tevu na\u0161ich mnoh\u00fdch m\u00faze\u00ed a\u00a0gal\u00e9ri\u00ed, ktor\u00e9 ulahodia aj n\u00e1ro\u010dn\u00fdm milovn\u00edkom umenia. <a href=\"https:\/\/www.visitbratislava.com\/sk\/miesta\/danubiana\/\">Danubiana Meulesteen Art Museum<\/a> si pre v\u00e1s pripravila viacero v\u00fdstav, av\u0161ak je hodn\u00e1 n\u00e1v\u0161tevy aj pre svoju \u0161peci\u00e1lnu polohu na polostrove uprostred dunajskej pr\u00edrody. V\u00a0<a href=\"https:\/\/www.visitbratislava.com\/sk\/miesta\/galeria-nedbalka\/\">Gal\u00e9ri\u00ed Nedbalka<\/a> na v\u00e1s \u010dak\u00e1 zbierka legiend slovensk\u00e9ho modern\u00e9ho umenia a \u0161pir\u00e1lovit\u00e1 architekt\u00fara interi\u00e9ru, v\u010faka ktorej gal\u00e9riu prez\u00fdvaj\u00fa &#8222;slovensk\u00fd Guggenheim&#8220;. Mnoho zauj\u00edmav\u00fdch v\u00fdstav n\u00e1jdete aj v <a href=\"https:\/\/www.visitbratislava.com\/sk\/miesta\/galeria-mesta-bratislavy-mirbachov-palac-palffyho-palac\/\" target=\"_blank\" rel=\"noopener\">Gal\u00e9rii mesta Bratislavy <\/a>a <a href=\"https:\/\/www.visitbratislava.com\/sk\/miesta\/stara-radnica\/\" target=\"_blank\" rel=\"noopener\">M\u00fazeu mesta Bratislavy<\/a>, kde m\u00e1te v\u010faka na\u0161ej <a href=\"http:\/\/card.visitbratislava.com\/sk\/bratislava-card-2\/\">Bratislava CARD<\/a> bezplatn\u00fd vstup.<\/p>\n<p><img loading=\"lazy\" class=\"alignleft wp-image-265350 size-large\" src=\"https:\/\/www.visitbratislava.com\/wp-content\/uploads\/2023\/10\/K_Srnec_2022_Bratislava_nevyhradna-licencia_socha_primacialny-palac_night-800x600.jpg\" alt=\"\" width=\"800\" height=\"600\" srcset=\"https:\/\/www.visitbratislava.com\/wp-content\/uploads\/2023\/10\/K_Srnec_2022_Bratislava_nevyhradna-licencia_socha_primacialny-palac_night-800x600.jpg 800w, https:\/\/www.visitbratislava.com\/wp-content\/uploads\/2023\/10\/K_Srnec_2022_Bratislava_nevyhradna-licencia_socha_primacialny-palac_night-400x300.jpg 400w, https:\/\/www.visitbratislava.com\/wp-content\/uploads\/2023\/10\/K_Srnec_2022_Bratislava_nevyhradna-licencia_socha_primacialny-palac_night-768x576.jpg 768w, https:\/\/www.visitbratislava.com\/wp-content\/uploads\/2023\/10\/K_Srnec_2022_Bratislava_nevyhradna-licencia_socha_primacialny-palac_night-1536x1152.jpg 1536w, https:\/\/www.visitbratislava.com\/wp-content\/uploads\/2023\/10\/K_Srnec_2022_Bratislava_nevyhradna-licencia_socha_primacialny-palac_night-2048x1536.jpg 2048w, https:\/\/www.visitbratislava.com\/wp-content\/uploads\/2023\/10\/K_Srnec_2022_Bratislava_nevyhradna-licencia_socha_primacialny-palac_night-200x150.jpg 200w, https:\/\/www.visitbratislava.com\/wp-content\/uploads\/2023\/10\/K_Srnec_2022_Bratislava_nevyhradna-licencia_socha_primacialny-palac_night-600x450.jpg 600w\" sizes=\"(max-width: 800px) 100vw, 800px\" \/><\/p>\n<p><strong>10. Parky<\/strong><br \/>\nDoprajte si oddych v\u00a0prostred\u00ed na\u0161ich parkov a\u00a0z\u00e1hrad, ktor\u00e9 aj v\u00a0zimnom obdob\u00ed opl\u00fdvaj\u00fa \u010darom, \u010di u\u017e ich n\u00e1jdete zasne\u017een\u00e9 alebo nie. Nav\u0161t\u00edvte <a href=\"https:\/\/www.visitbratislava.com\/sk\/miesta\/bratislavsky-lesopark\/\">Bratislavsk\u00fd lesopark<\/a>, kde sa m\u00f4\u017eete previez\u0165 <a href=\"https:\/\/www.visitbratislava.com\/sk\/miesta\/lanovka-zelezna-studnicka\/\">lanovkou<\/a> medzi <a href=\"https:\/\/www.visitbratislava.com\/sk\/green\/les-v-meste\/\">\u017deleznou studni\u010dkou<\/a> a\u00a0<a href=\"https:\/\/www.visitbratislava.com\/sk\/miesta\/kamzik\/\">Kamz\u00edkom<\/a> alebo si u\u017ei\u0165 par\u00e1dnu s\u00e1nkova\u010dku s\u00a0poh\u013eadom na kr\u00e1sne zasne\u017een\u00fa krajinu. <a href=\"https:\/\/www.visitbratislava.com\/sk\/miesta\/horsky-park\/\">Horsk\u00fd park<\/a>, ktor\u00fd je z centra mesta vzdialen\u00fd len nieko\u013eko min\u00fat pon\u00faka miesto na ten prav\u00fd, ni\u010d\u00edm neru\u0161en\u00fd zimn\u00fd oddych. Vitajte v zimnej rozpr\u00e1vkovej krajine.<\/p>\n<p><img loading=\"lazy\" width=\"800\" height=\"472\" class=\"size-large wp-image-265369 aligncenter\" src=\"https:\/\/www.visitbratislava.com\/wp-content\/uploads\/2023\/10\/Kovac-Televizny-veza-Kamzik-zima-dron-800x472.jpg\" alt=\"\" srcset=\"https:\/\/www.visitbratislava.com\/wp-content\/uploads\/2023\/10\/Kovac-Televizny-veza-Kamzik-zima-dron-800x472.jpg 800w, https:\/\/www.visitbratislava.com\/wp-content\/uploads\/2023\/10\/Kovac-Televizny-veza-Kamzik-zima-dron-400x236.jpg 400w, https:\/\/www.visitbratislava.com\/wp-content\/uploads\/2023\/10\/Kovac-Televizny-veza-Kamzik-zima-dron-768x454.jpg 768w, https:\/\/www.visitbratislava.com\/wp-content\/uploads\/2023\/10\/Kovac-Televizny-veza-Kamzik-zima-dron-1536x907.jpg 1536w, https:\/\/www.visitbratislava.com\/wp-content\/uploads\/2023\/10\/Kovac-Televizny-veza-Kamzik-zima-dron-2048x1209.jpg 2048w, https:\/\/www.visitbratislava.com\/wp-content\/uploads\/2023\/10\/Kovac-Televizny-veza-Kamzik-zima-dron-200x118.jpg 200w\" sizes=\"(max-width: 800px) 100vw, 800px\" \/><\/p>\n<p><a href=\"https:\/\/card.visitbratislava.com\/sk\/discount\/\"><img loading=\"lazy\" class=\"alignnone wp-image-319767 size-full\" src=\"https:\/\/www.visitbratislava.com\/wp-content\/uploads\/2024\/11\/Banner-web-SK-Vianoce-Ba-CARD.gif\" alt=\"\" width=\"1418\" height=\"458\" \/><\/a><\/p>\n<p><iframe src=\"https:\/\/www.google.com\/maps\/d\/embed?mid=16gg20bjF12lYKGZN_7U6FFgyyMFMx15k\" width=\"1000\" height=\"480\"><\/iframe><\/p>\n","protected":false},"excerpt":{"rendered":"<p>Vyberte si z toho najlep\u0161ieho, \u010do pon\u00faka koniec roka vo vysvietenej Bratislave. Trhy, v\u00fdh\u013eady, lah\u00f4dky a viac.<\/p>\n","protected":false},"author":10,"featured_media":265344,"parent":0,"menu_order":0,"comment_status":"closed","ping_status":"closed","template":"","meta":[],"acf":[],"_links":{"self":[{"href":"https:\/\/www.visitbratislava.com\/sk\/wp-json\/wp\/v2\/pages\/37954"}],"collection":[{"href":"https:\/\/www.visitbratislava.com\/sk\/wp-json\/wp\/v2\/pages"}],"about":[{"href":"https:\/\/www.visitbratislava.com\/sk\/wp-json\/wp\/v2\/types\/page"}],"author":[{"embeddable":true,"href":"https:\/\/www.visitbratislava.com\/sk\/wp-json\/wp\/v2\/users\/10"}],"replies":[{"embeddable":true,"href":"https:\/\/www.visitbratislava.com\/sk\/wp-json\/wp\/v2\/comments?post=37954"}],"version-history":[{"count":23,"href":"https:\/\/www.visitbratislava.com\/sk\/wp-json\/wp\/v2\/pages\/37954\/revisions"}],"predecessor-version":[{"id":319889,"href":"https:\/\/www.visitbratislava.com\/sk\/wp-json\/wp\/v2\/pages\/37954\/revisions\/319889"}],"wp:featuredmedia":[{"embeddable":true,"href":"https:\/\/www.visitbratislava.com\/sk\/wp-json\/wp\/v2\/media\/265344"}],"wp:attachment":[{"href":"https:\/\/www.visitbratislava.com\/sk\/wp-json\/wp\/v2\/media?parent=37954"}],"curies":[{"name":"wp","href":"https:\/\/api.w.org\/{rel}","templated":true}]}}