{"id":40034,"date":"2018-03-07T16:32:01","date_gmt":"2018-03-07T15:32:01","guid":{"rendered":"https:\/\/www.visitbratislava.com\/?page_id=40034\/"},"modified":"2023-06-21T12:12:45","modified_gmt":"2023-06-21T10:12:45","slug":"top10miestni","status":"publish","type":"page","link":"https:\/\/www.visitbratislava.com\/sk\/top10miestni\/","title":{"rendered":"Top 10 vec\u00ed, ktor\u00e9 robia miestni"},"content":{"rendered":"<p>Sta\u0148te sa na chv\u00ed\u013eu Bratislav\u010danom a objavte na\u0161e ob\u013e\u00faben\u00e9 miesta \u010di z\u00e1\u017eitky od umenia cez n\u00e1dhern\u00e9 v\u00fdh\u013eady a\u017e po skvel\u00fa gastron\u00f3miu.<\/p>\n<h3>1. Cestujte s\u00a0MHD<\/h3>\n<p>V\u0161etky z\u00e1kutia Bratislavy najlep\u0161ie odhal\u00edte s\u00a0mestskou hromadnou dopravou. Nasadnite na jednu z\u00a0na\u0161ich modern\u00fdch elektri\u010diek, ktor\u00e1 v\u00e1s zoberie cez novovybudovan\u00fd Star\u00fd most k\u00a0<a href=\"https:\/\/www.visitbratislava.com\/sk\/miesta\/sad-janka-krala\/\" target=\"_blank\" rel=\"noopener noreferrer\">Sadu Janka Kr\u00e1\u013ea<\/a>. Alebo si urobte okru\u017en\u00fa trasu po n\u00e1bre\u017e\u00ed \u010di cez tunel ved\u00faci priamo pod na\u0161im hradom \u2013 s\u00a0<a href=\"http:\/\/card.visitbratislava.com\/sk\/\" target=\"_blank\" rel=\"noopener noreferrer\">Bratislava CARD<\/a> m\u00e1te cestovanie po celom Bratislavskom kraji bezplatn\u00e9. Vo v\u00e4\u010d\u0161ine MHD spojov sa m\u00f4\u017eete pripoji\u0165 aj na WiFi a zisti\u0165, \u010do sa v Bratislave aktu\u00e1lne deje.<\/p>\n<p><img loading=\"lazy\" width=\"800\" height=\"533\" class=\"alignnone size-large wp-image-71980\" src=\"https:\/\/www.visitbratislava.com\/wp-content\/uploads\/2019\/12\/Kov\u00e1\u010d-Star\u00fd-most-elektri\u010dka-hrad-pou\u017eit\u00e9-ako-ob\u00e1lka-Public-transport-800x533.jpg\" alt=\"\" srcset=\"https:\/\/www.visitbratislava.com\/wp-content\/uploads\/2019\/12\/Kov\u00e1\u010d-Star\u00fd-most-elektri\u010dka-hrad-pou\u017eit\u00e9-ako-ob\u00e1lka-Public-transport-800x533.jpg 800w, https:\/\/www.visitbratislava.com\/wp-content\/uploads\/2019\/12\/Kov\u00e1\u010d-Star\u00fd-most-elektri\u010dka-hrad-pou\u017eit\u00e9-ako-ob\u00e1lka-Public-transport-400x267.jpg 400w, https:\/\/www.visitbratislava.com\/wp-content\/uploads\/2019\/12\/Kov\u00e1\u010d-Star\u00fd-most-elektri\u010dka-hrad-pou\u017eit\u00e9-ako-ob\u00e1lka-Public-transport-768x512.jpg 768w, https:\/\/www.visitbratislava.com\/wp-content\/uploads\/2019\/12\/Kov\u00e1\u010d-Star\u00fd-most-elektri\u010dka-hrad-pou\u017eit\u00e9-ako-ob\u00e1lka-Public-transport-200x133.jpg 200w\" sizes=\"(max-width: 800px) 100vw, 800px\" \/><\/p>\n<h3><span style=\"font-size: 16px;\">2. Nav\u0161t\u00edvte modern\u00fa gal\u00e9riu na Dunaji<\/span><\/h3>\n<p>Viete si predstavi\u0165 lep\u0161ie str\u00e1ven\u00e9 popoludnie ako v\u00a0spolo\u010dnosti modern\u00e9ho umenia, ktor\u00e9 n\u00e1jdete v\u00a0n\u00e1dhernej gal\u00e9ri\u00ed priamo na Dunaji? V\u00a0<a href=\"https:\/\/www.visitbratislava.com\/sk\/miesta\/danubiana\/\" target=\"_blank\" rel=\"noopener noreferrer\">Danubiana Meulensteen Art Museum<\/a> v\u00e1s o\u010daria nielen presvetlen\u00e9 priestory pln\u00e9 toho najlep\u0161ieho modern\u00e9ho umenia z\u00a0cel\u00e9ho sveta, ale aj samotn\u00e1 lokalita. Dostanete sa sem za 20 min\u00fat autobusom z\u00a0centra Bratislavy alebo po\u010das letnej sez\u00f3ny \u0161t\u00fdlovo lo\u010fou.<\/p>\n<p><img loading=\"lazy\" class=\"alignnone wp-image-18352 size-large\" src=\"https:\/\/www.visitbratislava.com\/wp-content\/uploads\/2016\/06\/Danubiana_peninsula-800x482.jpg\" alt=\"\" width=\"800\" height=\"482\" srcset=\"https:\/\/www.visitbratislava.com\/wp-content\/uploads\/2016\/06\/Danubiana_peninsula-800x482.jpg 800w, https:\/\/www.visitbratislava.com\/wp-content\/uploads\/2016\/06\/Danubiana_peninsula-400x241.jpg 400w, https:\/\/www.visitbratislava.com\/wp-content\/uploads\/2016\/06\/Danubiana_peninsula-768x463.jpg 768w, https:\/\/www.visitbratislava.com\/wp-content\/uploads\/2016\/06\/Danubiana_peninsula-200x121.jpg 200w\" sizes=\"(max-width: 800px) 100vw, 800px\" \/><\/p>\n<h3>3. Nak\u00fapte a oddychujte na n\u00e1bre\u017e\u00ed Eurovea<\/h3>\n<p>Modern\u00e9 shopping centrum situovan\u00e9 na n\u00e1bre\u017e\u00ed Dunaja je pln\u00e9 dizajnov\u00fdch obchodov a\u00a0kaviarn\u00ed. \u010ci u\u017e sa rozhodnete nakupova\u0165 vo ve\u013ekom alebo si vychutn\u00e1te a\u017e stredomorsk\u00fa atmosf\u00e9ru kaviarn\u00ed a\u00a0re\u0161taur\u00e1ci\u00ed so skvel\u00fdm v\u00fdh\u013eadom na na\u0161u rieku, n\u00e1v\u0161teva <a href=\"https:\/\/www.visitbratislava.com\/sk\/miesta\/eurovea\/\" target=\"_blank\" rel=\"noopener noreferrer\">Eurovea<\/a> je v\u017edy dobr\u00fd n\u00e1pad.<\/p>\n<p><img loading=\"lazy\" width=\"800\" height=\"533\" class=\"alignnone size-large wp-image-1832\" src=\"https:\/\/www.visitbratislava.com\/wp-content\/uploads\/2014\/10\/eurovea-danube-fest-2-800x533.jpg\" alt=\"\" srcset=\"https:\/\/www.visitbratislava.com\/wp-content\/uploads\/2014\/10\/eurovea-danube-fest-2-800x533.jpg 800w, https:\/\/www.visitbratislava.com\/wp-content\/uploads\/2014\/10\/eurovea-danube-fest-2-400x267.jpg 400w, https:\/\/www.visitbratislava.com\/wp-content\/uploads\/2014\/10\/eurovea-danube-fest-2-200x133.jpg 200w\" sizes=\"(max-width: 800px) 100vw, 800px\" \/><\/p>\n<h3>4. Ochutnajte zdrav\u00e9 potraviny na Mileti\u010dke \u010di v Starej tr\u017enici<\/h3>\n<p>Pre \u00faplne lok\u00e1lny a netradi\u010dn\u00fd z\u00e1\u017eitok nav\u0161t\u00edvte trhovisko na Mileti\u010dovej (zn\u00e1me ako \u201eMileti\u010dka\u201c), kde n\u00e1jdete \u010derstv\u00fa zeleninu a ovocie od lok\u00e1lnych predajcov. V priamom centre mesta v\u00e1s priv\u00edta Star\u00e1 tr\u017enica, kde sa pravidelne konaj\u00fa streetfood podujatia, sobotn\u00fd trh pln\u00fd zdrav\u00fdch potrav\u00edn \u010di unik\u00e1tne koncerty.<\/p>\n<p><img loading=\"lazy\" width=\"800\" height=\"533\" class=\"alignnone size-large wp-image-72355\" src=\"https:\/\/www.visitbratislava.com\/wp-content\/uploads\/2015\/03\/Kov\u00e1\u010d-Star\u00e1-tr\u017enica-800x533.jpg\" alt=\"\" srcset=\"https:\/\/www.visitbratislava.com\/wp-content\/uploads\/2015\/03\/Kov\u00e1\u010d-Star\u00e1-tr\u017enica-800x533.jpg 800w, https:\/\/www.visitbratislava.com\/wp-content\/uploads\/2015\/03\/Kov\u00e1\u010d-Star\u00e1-tr\u017enica-400x267.jpg 400w, https:\/\/www.visitbratislava.com\/wp-content\/uploads\/2015\/03\/Kov\u00e1\u010d-Star\u00e1-tr\u017enica-768x512.jpg 768w, https:\/\/www.visitbratislava.com\/wp-content\/uploads\/2015\/03\/Kov\u00e1\u010d-Star\u00e1-tr\u017enica-200x133.jpg 200w\" sizes=\"(max-width: 800px) 100vw, 800px\" \/><\/p>\n<h3>5. Oddychujte v GMB<\/h3>\n<p>Priamo v\u00a0srdci mesta n\u00e1jdete dve historick\u00e9 budovy, <a href=\"https:\/\/www.visitbratislava.com\/sk\/miesta\/mirbachov-palac\/\" target=\"_blank\" rel=\"noopener noreferrer\">Mirbachov<\/a> a\u00a0<a href=\"https:\/\/www.visitbratislava.com\/sk\/miesta\/palffyho-palac\/\" target=\"_blank\" rel=\"noopener noreferrer\">P\u00e1lffyho pal\u00e1c<\/a>, ktor\u00e9 s\u00fa domovom <a href=\"https:\/\/www.visitbratislava.com\/sk\/miesta\/galeria-mesta-bratislavy-mirbachov-palac-palffyho-palac\/\" target=\"_blank\" rel=\"noopener noreferrer\">Gal\u00e9rie mesta Bratislavy<\/a>. Okrem st\u00e1lych expoz\u00edci\u00ed venuj\u00facich sa ma\u013eb\u00e1m a\u00a0soch\u00e1m z\u00a0obdobia baroka na v\u00e1s \u010dakaj\u00fa netradi\u010dn\u00e9 v\u00fdstavy r\u00f4znych foriem umenie, ktor\u00fdm aj samotn\u00e9 budovy dod\u00e1vaj\u00fa nov\u00fd rozmer. V\u00a0P\u00e1lffyho pal\u00e1ci n\u00e1jdete aj <a href=\"https:\/\/www.visitbratislava.com\/sk\/miesta\/pasaz-mateja-krena\/\" target=\"_blank\" rel=\"noopener noreferrer\">Pas\u00e1\u017e Mateja Kr\u00e9na<\/a>, v\u00a0ktorej sa zabav\u00edte sami, ale aj s\u00a0priate\u013emi \u010di rodinou. Navy\u0161e, s\u00a0<a href=\"http:\/\/card.visitbratislava.com\/sk\/\" target=\"_blank\" rel=\"noopener noreferrer\">Bratislava CARD<\/a> m\u00e1te vstup do GMB bezplatn\u00fd.<\/p>\n<figure id=\"attachment_27865\" aria-describedby=\"caption-attachment-27865\" style=\"width: 800px\" class=\"wp-caption alignnone\"><img loading=\"lazy\" class=\"wp-image-27865 size-large\" src=\"https:\/\/www.visitbratislava.com\/wp-content\/uploads\/2017\/01\/gmb-pasaz-mateja-krena-_banner_na_titulku-800x360.jpg\" alt=\"\" width=\"800\" height=\"360\" srcset=\"https:\/\/www.visitbratislava.com\/wp-content\/uploads\/2017\/01\/gmb-pasaz-mateja-krena-_banner_na_titulku.jpg 800w, https:\/\/www.visitbratislava.com\/wp-content\/uploads\/2017\/01\/gmb-pasaz-mateja-krena-_banner_na_titulku-400x180.jpg 400w, https:\/\/www.visitbratislava.com\/wp-content\/uploads\/2017\/01\/gmb-pasaz-mateja-krena-_banner_na_titulku-768x346.jpg 768w, https:\/\/www.visitbratislava.com\/wp-content\/uploads\/2017\/01\/gmb-pasaz-mateja-krena-_banner_na_titulku-200x90.jpg 200w, https:\/\/www.visitbratislava.com\/wp-content\/uploads\/2017\/01\/gmb-pasaz-mateja-krena-_banner_na_titulku-184x84.jpg 184w\" sizes=\"(max-width: 800px) 100vw, 800px\" \/><figcaption id=\"caption-attachment-27865\" class=\"wp-caption-text\">Pas\u00e1\u017e Mateja Kr\u00e9na<\/figcaption><\/figure>\n<h3>6. Obedujte vo Flagshipe<\/h3>\n<p>Jedna z\u00a0najv\u00e4\u010d\u0161\u00edch re\u0161taur\u00e1ci\u00ed v\u00a0Bratislave s\u00a0unik\u00e1tnym interi\u00e9rom v\u00e1s prenesie nasp\u00e4\u0165 v\u00a0\u010dase. Okrem tradi\u010dnej slovenskej a\u00a0bratislavskej kuchyne si tu pochutn\u00e1te aj na v\u00fdbornom dennom menu. Ve\u010der sem odpor\u00fa\u010dame zav\u00edta\u0165 s\u00a0priate\u013emi a\u00a0u\u017ei\u0165 si unik\u00e1tnu atmosf\u00e9ru historick\u00fdch priestorov v\u00a0kombin\u00e1ci\u00ed so skvelou gastron\u00f3miou.<\/p>\n<p><img loading=\"lazy\" width=\"800\" height=\"533\" class=\"alignnone size-large wp-image-96849\" src=\"https:\/\/www.visitbratislava.com\/wp-content\/uploads\/2020\/11\/Dekan_komparz_leto_Flagship-restaurant_food_jedlo_exterier_deti_cafe_family_rodina-800x533.jpg\" alt=\"\" srcset=\"https:\/\/www.visitbratislava.com\/wp-content\/uploads\/2020\/11\/Dekan_komparz_leto_Flagship-restaurant_food_jedlo_exterier_deti_cafe_family_rodina-800x533.jpg 800w, https:\/\/www.visitbratislava.com\/wp-content\/uploads\/2020\/11\/Dekan_komparz_leto_Flagship-restaurant_food_jedlo_exterier_deti_cafe_family_rodina-400x267.jpg 400w, https:\/\/www.visitbratislava.com\/wp-content\/uploads\/2020\/11\/Dekan_komparz_leto_Flagship-restaurant_food_jedlo_exterier_deti_cafe_family_rodina-768x512.jpg 768w, https:\/\/www.visitbratislava.com\/wp-content\/uploads\/2020\/11\/Dekan_komparz_leto_Flagship-restaurant_food_jedlo_exterier_deti_cafe_family_rodina-1536x1024.jpg 1536w, https:\/\/www.visitbratislava.com\/wp-content\/uploads\/2020\/11\/Dekan_komparz_leto_Flagship-restaurant_food_jedlo_exterier_deti_cafe_family_rodina-2048x1365.jpg 2048w, https:\/\/www.visitbratislava.com\/wp-content\/uploads\/2020\/11\/Dekan_komparz_leto_Flagship-restaurant_food_jedlo_exterier_deti_cafe_family_rodina-200x133.jpg 200w\" sizes=\"(max-width: 800px) 100vw, 800px\" \/><\/p>\n<h3>7. K\u00e1vi\u010dkujte v Urban House<\/h3>\n<p>Pr\u00edjemn\u00e9 prostredie, fantastick\u00e1 k\u00e1va a\u00a0kol\u00e1\u010de, k\u00a0tomu spo\u013eahliv\u00e9 WiFi a\u00a0skvel\u00fd person\u00e1l \u2013 n\u00e1v\u0161teva <a href=\"https:\/\/www.visitbratislava.com\/sk\/miesta\/urban-house\/\" target=\"_blank\" rel=\"noopener noreferrer\">Urban House<\/a> je ozajstn\u00fdm z\u00e1\u017eitkom. Nez\u00e1le\u017e\u00ed na tom, \u010di sa idete po dlhom \u010dase stretn\u00fa\u0165 s\u00a0priate\u013emi alebo h\u013ead\u00e1te miesto na pr\u00e1cu kam m\u00f4\u017ee aj v\u00e1\u0161 \u0161tvornoh\u00fd mil\u00e1\u010dik, Urban House na Laurinskej v\u00e1s priv\u00edta s\u00a0otvorenou n\u00e1ru\u010dou. Okrem kvalitnej k\u00e1vy \u010di \u010dajov n\u00e1jdete v\u00a0ponuke aj chutn\u00e9 drobnosti \u010di remeseln\u00e9 pivo.<\/p>\n<p><img loading=\"lazy\" width=\"800\" height=\"533\" class=\"alignnone size-large wp-image-14065\" src=\"https:\/\/www.visitbratislava.com\/wp-content\/uploads\/2015\/05\/urban6-800x533.jpg\" alt=\"\" srcset=\"https:\/\/www.visitbratislava.com\/wp-content\/uploads\/2015\/05\/urban6-800x533.jpg 800w, https:\/\/www.visitbratislava.com\/wp-content\/uploads\/2015\/05\/urban6-400x267.jpg 400w, https:\/\/www.visitbratislava.com\/wp-content\/uploads\/2015\/05\/urban6-768x512.jpg 768w, https:\/\/www.visitbratislava.com\/wp-content\/uploads\/2015\/05\/urban6-200x133.jpg 200w, https:\/\/www.visitbratislava.com\/wp-content\/uploads\/2015\/05\/urban6.jpg 960w\" sizes=\"(max-width: 800px) 100vw, 800px\" \/><\/p>\n<h3>8. Ochutnajte pivo v Me\u0161tianskom pivovare<\/h3>\n<p>V\u00a0chladnej\u0161om po\u010das\u00ed mnoho z\u00a0n\u00e1s zav\u00edta do <a href=\"https:\/\/www.visitbratislava.com\/sk\/miesta\/mestiansky-pivovar-na-dunajskej-ulici\/\" target=\"_blank\" rel=\"noopener noreferrer\">Me\u0161tianskeho pivovaru<\/a>, ktor\u00fd var\u00ed svoje vlastn\u00e9 pivo s\u00a0pou\u017eit\u00edm najmodernej\u0161\u00edch technol\u00f3gie. K posedeniu s\u00a0priate\u013emi si doprajte jednu z\u00a0tradi\u010dn\u00fdch pivn\u00fdch \u0161pecial\u00edt ako nakladan\u00fd hermel\u00edn \u010di dom\u00e1cu bryndzov\u00fa n\u00e1tierku. Zo skvel\u00e9ho podniku od\u00eddete oblizuj\u00fac sa od ucha k\u00a0uchu.<\/p>\n<p><img loading=\"lazy\" width=\"800\" height=\"533\" class=\"alignnone size-large wp-image-237456\" src=\"https:\/\/www.visitbratislava.com\/wp-content\/uploads\/2023\/04\/Mestiansky-interier-800x533.jpg\" alt=\"\" srcset=\"https:\/\/www.visitbratislava.com\/wp-content\/uploads\/2023\/04\/Mestiansky-interier-800x533.jpg 800w, https:\/\/www.visitbratislava.com\/wp-content\/uploads\/2023\/04\/Mestiansky-interier-400x267.jpg 400w, https:\/\/www.visitbratislava.com\/wp-content\/uploads\/2023\/04\/Mestiansky-interier-768x512.jpg 768w, https:\/\/www.visitbratislava.com\/wp-content\/uploads\/2023\/04\/Mestiansky-interier-1536x1024.jpg 1536w, https:\/\/www.visitbratislava.com\/wp-content\/uploads\/2023\/04\/Mestiansky-interier-200x133.jpg 200w, https:\/\/www.visitbratislava.com\/wp-content\/uploads\/2023\/04\/Mestiansky-interier.jpg 2048w\" sizes=\"(max-width: 800px) 100vw, 800px\" \/><\/p>\n<h3>9. Zabavte sa v \u010dinohre SND<\/h3>\n<p>Ve\u010der str\u00e1ven\u00fd v\u00a0spolo\u010dnosti zn\u00e1mych hercov a\u00a0v\u00e1\u0161ho partnera \u010di priate\u013eov si u\u017eijete v\u00a0\u010dinohre <a href=\"https:\/\/www.visitbratislava.com\/sk\/miesta\/slovenske-narodne-divadlo\/\" target=\"_blank\" rel=\"noopener noreferrer\">Slovensk\u00e9ho n\u00e1rodn\u00e9ho divadla<\/a>. Aj po\u010das tejto sez\u00f3ny pon\u00faka divadlo overen\u00e9 hry, ako napr\u00edklad \u201eSkrotenie zlej \u017eeny\u201c od Shakespeara, \u010di novinky v\u00a0podobe dr\u00e1my \u201eHedda Gablerov\u00e1\u201c v\u00a0hlavnej \u00falohe s\u00a0o\u010daruj\u00facou T\u00e1\u0148ou Pauhofovou. N\u00e1v\u0161teva SND je aj architektonick\u00fdm z\u00e1\u017eitkom v\u010faka novej budove v\u00a0ktorej sa sn\u00fabili prvky funkcionalizmu a\u00a0postmoderny.<\/p>\n<p><img loading=\"lazy\" width=\"800\" height=\"533\" class=\"alignnone size-large wp-image-1826\" src=\"https:\/\/www.visitbratislava.com\/wp-content\/uploads\/2014\/10\/eurovea-snd-hrad-800x533.jpg\" alt=\"\" srcset=\"https:\/\/www.visitbratislava.com\/wp-content\/uploads\/2014\/10\/eurovea-snd-hrad-800x533.jpg 800w, https:\/\/www.visitbratislava.com\/wp-content\/uploads\/2014\/10\/eurovea-snd-hrad-400x267.jpg 400w, https:\/\/www.visitbratislava.com\/wp-content\/uploads\/2014\/10\/eurovea-snd-hrad-200x133.jpg 200w\" sizes=\"(max-width: 800px) 100vw, 800px\" \/><\/p>\n<h3>10. Akt\u00edvne si odd\u00fdchnite na Kuchajde<\/h3>\n<p>Kuchajda je pr\u00edrodn\u00e9 jazero nach\u00e1dzaj\u00face sa v bl\u00edzkosti \u017eelezni\u010dnej stanice Bratislava &#8211; Nov\u00e9 Mesto a obchodn\u00e9ho centra Polus. Tento kult\u00farny, \u0161portov\u00fd a\u00a0rekrea\u010dn\u00fd are\u00e1l je nie len ob\u013e\u00faben\u00fdm pr\u00edrodn\u00fdm k\u00fapaliskom, ale aj vyh\u013ead\u00e1van\u00fdm miestom na oddych pre v\u0161etk\u00fdch Bratislav\u010danov. V\u00fdrazne o\u017e\u00edva u\u017e po\u010das jari. Kuchajda pon\u00faka r\u00f4zne \u0161portov\u00e9 mo\u017enosti \u2013 basketbalov\u00e9, futbalov\u00e9, volejbalov\u00e9 a\u00a0petangov\u00e9 ihrisko. Ihrisk\u00e1 pre deti a\u00a0kaviarne zaru\u010duj\u00fa pr\u00edjemn\u00fd oddych pre cel\u00fa rodinu. Brehy jazera s\u00fa upraven\u00e9 vo forme pl\u00e1\u017ee a\u00a0plocha v\u00a0okol\u00ed jazera je pokryt\u00e1 tr\u00e1vnikom.<\/p>\n<figure id=\"attachment_40459\" aria-describedby=\"caption-attachment-40459\" style=\"width: 800px\" class=\"wp-caption alignnone\"><img loading=\"lazy\" class=\"wp-image-40459\" src=\"https:\/\/www.visitbratislava.com\/wp-content\/uploads\/2018\/03\/kuchajda.jpg\" alt=\"\" width=\"800\" height=\"534\" srcset=\"https:\/\/www.visitbratislava.com\/wp-content\/uploads\/2018\/03\/kuchajda.jpg 640w, https:\/\/www.visitbratislava.com\/wp-content\/uploads\/2018\/03\/kuchajda-400x267.jpg 400w, https:\/\/www.visitbratislava.com\/wp-content\/uploads\/2018\/03\/kuchajda-200x133.jpg 200w\" sizes=\"(max-width: 800px) 100vw, 800px\" \/><figcaption id=\"caption-attachment-40459\" class=\"wp-caption-text\">Zdroj foto: www.citylife.sk<\/figcaption><\/figure>\n","protected":false},"excerpt":{"rendered":"<p>Sta\u0148te sa na chv\u00ed\u013eu Bratislav\u010danom a objavte na\u0161e ob\u013e\u00faben\u00e9 miesta \u010di z\u00e1\u017eitky od umenia cez n\u00e1dhern\u00e9 v\u00fdh\u013eady a\u017e po skvel\u00fa gastron\u00f3miu. 1. Cestujte s\u00a0MHD V\u0161etky z\u00e1kutia Bratislavy najlep\u0161ie odhal\u00edte s\u00a0mestskou hromadnou dopravou. Nasadnite na jednu z\u00a0na\u0161ich modern\u00fdch elektri\u010diek, ktor\u00e1 v\u00e1s zoberie cez novovybudovan\u00fd Star\u00fd most k\u00a0Sadu Janka Kr\u00e1\u013ea. Alebo si urobte okru\u017en\u00fa trasu po n\u00e1bre\u017e\u00ed [&hellip;]<\/p>\n","protected":false},"author":21,"featured_media":40058,"parent":0,"menu_order":0,"comment_status":"closed","ping_status":"closed","template":"","meta":[],"acf":[],"_links":{"self":[{"href":"https:\/\/www.visitbratislava.com\/sk\/wp-json\/wp\/v2\/pages\/40034"}],"collection":[{"href":"https:\/\/www.visitbratislava.com\/sk\/wp-json\/wp\/v2\/pages"}],"about":[{"href":"https:\/\/www.visitbratislava.com\/sk\/wp-json\/wp\/v2\/types\/page"}],"author":[{"embeddable":true,"href":"https:\/\/www.visitbratislava.com\/sk\/wp-json\/wp\/v2\/users\/21"}],"replies":[{"embeddable":true,"href":"https:\/\/www.visitbratislava.com\/sk\/wp-json\/wp\/v2\/comments?post=40034"}],"version-history":[{"count":5,"href":"https:\/\/www.visitbratislava.com\/sk\/wp-json\/wp\/v2\/pages\/40034\/revisions"}],"predecessor-version":[{"id":247519,"href":"https:\/\/www.visitbratislava.com\/sk\/wp-json\/wp\/v2\/pages\/40034\/revisions\/247519"}],"wp:featuredmedia":[{"embeddable":true,"href":"https:\/\/www.visitbratislava.com\/sk\/wp-json\/wp\/v2\/media\/40058"}],"wp:attachment":[{"href":"https:\/\/www.visitbratislava.com\/sk\/wp-json\/wp\/v2\/media?parent=40034"}],"curies":[{"name":"wp","href":"https:\/\/api.w.org\/{rel}","templated":true}]}}