{"id":43081,"date":"2018-05-25T09:54:13","date_gmt":"2018-05-25T07:54:13","guid":{"rendered":"https:\/\/www.visitbratislava.com\/?page_id=43081\/"},"modified":"2023-08-18T15:32:24","modified_gmt":"2023-08-18T13:32:24","slug":"kracaj-po-stopach-kralov","status":"publish","type":"page","link":"https:\/\/www.visitbratislava.com\/sk\/kracaj-po-stopach-kralov\/","title":{"rendered":"Kr\u00e1\u010daj po stop\u00e1ch kr\u00e1\u013eov"},"content":{"rendered":"<p>Bratislava je typick\u00e1 bohatou korunova\u010dnou hist\u00f3riou, s\u00fa\u010dasnou modernou architekt\u00farou, pestrou kult\u00farou a\u00a0spolo\u010densk\u00fdm \u017eivotom. Dopraj si v\u00fdnimo\u010dn\u00e9 chv\u00edle len pre seba. Zoznam skvel\u00fdch hotelov, re\u0161taur\u00e1ci\u00ed, kaviarn\u00ed a\u00a0kult\u00farnych sc\u00e9n je nevy\u010derpate\u013en\u00fd.<\/p>\n<p><img loading=\"lazy\" width=\"800\" height=\"533\" class=\"alignnone size-large wp-image-39340\" src=\"https:\/\/www.visitbratislava.com\/wp-content\/uploads\/2018\/02\/ufo-restaurancia-restaurant-champagne-sampanske-vyhlad-800x533.jpg\" alt=\"\" srcset=\"https:\/\/www.visitbratislava.com\/wp-content\/uploads\/2018\/02\/ufo-restaurancia-restaurant-champagne-sampanske-vyhlad-800x533.jpg 800w, https:\/\/www.visitbratislava.com\/wp-content\/uploads\/2018\/02\/ufo-restaurancia-restaurant-champagne-sampanske-vyhlad-400x267.jpg 400w, https:\/\/www.visitbratislava.com\/wp-content\/uploads\/2018\/02\/ufo-restaurancia-restaurant-champagne-sampanske-vyhlad-768x512.jpg 768w, https:\/\/www.visitbratislava.com\/wp-content\/uploads\/2018\/02\/ufo-restaurancia-restaurant-champagne-sampanske-vyhlad-200x133.jpg 200w, https:\/\/www.visitbratislava.com\/wp-content\/uploads\/2018\/02\/ufo-restaurancia-restaurant-champagne-sampanske-vyhlad.jpg 960w\" sizes=\"(max-width: 800px) 100vw, 800px\" \/><\/p>\n<p>Kr\u00e1\u013eovsky sa v\u00a0Bratislave bude\u0161 c\u00edti\u0165 v\u010faka tej najlep\u0161ej ponuke jed\u00e1l a\u00a0vynikaj\u00facich miestnych v\u00edn. V re\u0161taur\u00e1ci\u00e1ch <a href=\"https:\/\/www.visitbratislava.com\/sk\/miesta\/ufo\/\" target=\"_blank\" rel=\"noopener\">UFO watch.taste.groove<\/a> a <a href=\"https:\/\/www.visitbratislava.com\/sk\/miesta\/altitude-restaurant\/\" target=\"_blank\" rel=\"noopener\">Altitude<\/a> v telev\u00edznej ve\u017ei Kamz\u00edk n\u00e1jde\u0161 spojenie gastronomick\u00e9ho z\u00e1\u017eitku s\u00a0jedine\u010dn\u00fdm v\u00fdh\u013eadom na mesto. Hlasom historick\u00e9ho Pre\u0161porku k\u00a0tebe prehovor\u00ed re\u0161taur\u00e1cia <a href=\"https:\/\/www.visitbratislava.com\/sk\/miesta\/restauracia-savoy-2\/\" target=\"_blank\" rel=\"noopener\">Savoy<\/a>. Svojimi \u0161pecialitami tu kuch\u00e1ri o\u017eivuj\u00fa kuchy\u0148u rak\u00fasko-uhorskej monarchie.<\/p>\n<p><img loading=\"lazy\" width=\"800\" height=\"450\" class=\"alignnone size-large wp-image-43523\" src=\"https:\/\/www.visitbratislava.com\/wp-content\/uploads\/2018\/05\/1600x900_maria4-800x450.jpg\" alt=\"\" srcset=\"https:\/\/www.visitbratislava.com\/wp-content\/uploads\/2018\/05\/1600x900_maria4-800x450.jpg 800w, https:\/\/www.visitbratislava.com\/wp-content\/uploads\/2018\/05\/1600x900_maria4-400x225.jpg 400w, https:\/\/www.visitbratislava.com\/wp-content\/uploads\/2018\/05\/1600x900_maria4-768x432.jpg 768w, https:\/\/www.visitbratislava.com\/wp-content\/uploads\/2018\/05\/1600x900_maria4-200x113.jpg 200w, https:\/\/www.visitbratislava.com\/wp-content\/uploads\/2018\/05\/1600x900_maria4.jpg 1600w\" sizes=\"(max-width: 800px) 100vw, 800px\" \/><\/p>\n<p>V\u00fdber z\u00a0t\u00fdch najlep\u0161\u00edch v\u00edn n\u00e1jde\u0161 v\u00a0<a href=\"https:\/\/www.visitbratislava.com\/sk\/miesta\/narodny-salon-vin\/\" target=\"_blank\" rel=\"noopener\">N\u00e1rodnom sal\u00f3ne v\u00edn<\/a>. Cie\u013eom sal\u00f3nu je prezentova\u0165 top 100 slovensk\u00fdch v\u00edn, ktor\u00e9 sa umiestnili v\u00a0najvy\u0161\u0161ej s\u00fa\u0165a\u017ei v\u00edn. Objednaj si degust\u00e1ciu s\u00a0profesion\u00e1lnym someli\u00e9rom. K\u00a0dokonal\u00e9mu v\u00edkendu jednozna\u010dne patr\u00ed aj dobr\u00e1 k\u00e1va a\u00a0v\u00fdborn\u00fd z\u00e1kusok korunovan\u00fd jedine\u010dn\u00fdm dizajnom. Steny cukr\u00e1rne <a href=\"https:\/\/www.visitbratislava.com\/sk\/miesta\/konditorei-kormuth\/\" target=\"_blank\" rel=\"noopener\">Konditorei Korm\u00fath<\/a> zdobia ru\u010dne roben\u00e9 fresky a\u00a0k\u00e1vu si vychutn\u00e1te z\u00a0porcel\u00e1nu z\u00a0\u010dias Franti\u0161ka Jozefa.<\/p>\n<p><img loading=\"lazy\" width=\"800\" height=\"534\" class=\"alignnone size-large wp-image-33465\" src=\"https:\/\/www.visitbratislava.com\/wp-content\/uploads\/2017\/06\/carlton-exterior-800x534.jpg\" alt=\"\" srcset=\"https:\/\/www.visitbratislava.com\/wp-content\/uploads\/2017\/06\/carlton-exterior-800x534.jpg 800w, https:\/\/www.visitbratislava.com\/wp-content\/uploads\/2017\/06\/carlton-exterior-400x267.jpg 400w, https:\/\/www.visitbratislava.com\/wp-content\/uploads\/2017\/06\/carlton-exterior-768x512.jpg 768w, https:\/\/www.visitbratislava.com\/wp-content\/uploads\/2017\/06\/carlton-exterior-200x133.jpg 200w, https:\/\/www.visitbratislava.com\/wp-content\/uploads\/2017\/06\/carlton-exterior.jpg 1901w\" sizes=\"(max-width: 800px) 100vw, 800px\" \/><\/p>\n<p>Ak t\u00fa\u017ei\u0161 po kr\u00e1\u013eovskom ubytovan\u00ed, m\u00e1\u0161 na v\u00fdber z\u00a0viacer\u00fdch mo\u017enost\u00ed. <a href=\"https:\/\/www.visitbratislava.com\/sk\/miesta\/grand-hotel-river-park\/\" target=\"_blank\" rel=\"noopener\">Grand Hotel River Park, A Luxury Collection Hotel<\/a>\u00a0je oce\u0148ovan\u00fd ako najlep\u0161\u00ed hotel v\u00a0celej krajine. \u0160pi\u010dkov\u00e9 slu\u017eby pon\u00faka aj v re\u0161taur\u00e1cii River Bank, ktor\u00e1 predstavuje ako prv\u00e1 na Slovensku nov\u00fd koncept \u201ePure Kitchen\u201c. Prest\u00ed\u017eny <a href=\"https:\/\/www.visitbratislava.com\/sk\/miesta\/radisson-blue-carlton-hotel\/\" target=\"_blank\" rel=\"noopener\">Radisson Blu Carlton Hotel<\/a> v\u00edta svojich host\u00ed v samom srdci historick\u00e9ho centra. Hotel je obklopen\u00fd re\u0161taur\u00e1ciami, barmi a kult\u00farnymi pamiatkami. Ubytovanie v <a href=\"https:\/\/www.visitbratislava.com\/sk\/clenovia\/sheraton-bratislava-hotel-eurovea-a-s\/\" target=\"_blank\" rel=\"noopener\">Hoteli Sheraton Bratislava<\/a> m\u00f4\u017ee\u0161 skombinova\u0165 s\u00a0n\u00e1kupmi v\u00a0n\u00e1kupnom centre EUROVEA (prelinkova\u0165) a\u00a0s\u00a0prech\u00e1dzkou popri n\u00e1bre\u017e\u00ed Dunaja. Eleganciu a modern\u00fd \u0161t\u00fdl s\u00a0prvkami hist\u00f3rie n\u00e1jde\u0161 v\u00a0<a href=\"https:\/\/www.visitbratislava.com\/sk\/clenovia\/roset-boutique-hotel-tulip-house-a-s\/\" target=\"_blank\" rel=\"noopener\">Roset Boutique Hotel<\/a>.<\/p>\n<p>Tak\u017ee u\u017e vie\u0161, kde sa kr\u00e1\u013eovsky naje\u0161 aj ubytuje\u0161. A\u00a0\u010do medzi t\u00fdm? Za\u017ei Bratislavu tak\u00fa, ak\u00e1 bola pred storo\u010diami. Prejdi sa dla\u017edicami historick\u00e9ho centra, po ktor\u00fdch kr\u00e1\u010dala sama M\u00e1ria Ter\u00e9zia. Zastav sa pri renesan\u010dnej font\u00e1ne na Hlavnom n\u00e1mest\u00ed, ktor\u00fa dal v\u00a016. Storo\u010d\u00ed postavi\u0165 Maximili\u00e1n II., prv\u00fd v Bratislave korunovan\u00fd panovn\u00edk. Svoj v\u00edkend v\u00a0Bratislave si m\u00f4\u017ee\u0161 navy\u0161e vyplni\u0165 kult\u00farou, oddychom, z\u00e1bavou aj \u0161portom.<\/p>\n<h3>\u00a0To najlep\u0161ie z kult\u00fary<\/h3>\n<p>Kvalitn\u00e9 klasick\u00e9 predstavenia pon\u00faka opern\u00e1 sc\u00e9na Slovensk\u00e9ho n\u00e1rodn\u00e9ho divadla a\u00a0v\u00a0hudbe nezaost\u00e1va ani Slovensk\u00e1 filharm\u00f3nia, centrum hudobn\u00e9ho \u017eivota Bratislavy. Bratislava je mestom modern\u00fdch aj tradi\u010dn\u00fdch\u00a0<a href=\"https:\/\/www.visitbratislava.com\/sk\/co-robit\/muzea-a-galerie\/\" target=\"_blank\" rel=\"noopener\">gal\u00e9ri\u00ed<\/a>. Okrem t\u00fdch najzn\u00e1mej\u0161\u00edch v centre mesta ako s\u00fa\u00a0<a href=\"https:\/\/www.visitbratislava.com\/sk\/miesta\/galeria-nedbalka\/\" target=\"_blank\" rel=\"noopener\">Nedbalka<\/a>\u00a0\u010di Gal\u00e9ria mesta Bratislavy, stoj\u00ed za to spravi\u0165 si poldenn\u00fd v\u00fdlet do m\u00fazea modern\u00e9ho umenia\u00a0<a href=\"https:\/\/www.visitbratislava.com\/sk\/miesta\/danubiana\/\" target=\"_blank\" rel=\"noopener\">Danubiana<\/a>. T\u00e1to mimoriadna stavba m\u00e1 svoj\u00edm tvarom pripom\u00edna\u0165 lo\u010f uviaznut\u00fa na plyt\u010dine uprostred Dunaja.<\/p>\n<p><img loading=\"lazy\" width=\"800\" height=\"482\" class=\"alignnone size-large wp-image-18352\" src=\"https:\/\/www.visitbratislava.com\/wp-content\/uploads\/2016\/06\/Danubiana_peninsula-800x482.jpg\" alt=\"\" srcset=\"https:\/\/www.visitbratislava.com\/wp-content\/uploads\/2016\/06\/Danubiana_peninsula-800x482.jpg 800w, https:\/\/www.visitbratislava.com\/wp-content\/uploads\/2016\/06\/Danubiana_peninsula-400x241.jpg 400w, https:\/\/www.visitbratislava.com\/wp-content\/uploads\/2016\/06\/Danubiana_peninsula-768x463.jpg 768w, https:\/\/www.visitbratislava.com\/wp-content\/uploads\/2016\/06\/Danubiana_peninsula-200x121.jpg 200w\" sizes=\"(max-width: 800px) 100vw, 800px\" \/><\/p>\n<h3>Odd\u00fdchni si v\u00a0pr\u00edrode<\/h3>\n<p>V\u00a0Bratislave m\u00f4\u017ee\u0161 na\u010derpa\u0165 energiu a zrelaxova\u0165 v\u00a0pr\u00edrode, pri\u010dom sa sotva vzdiali\u0161 od centra mesta. Nav\u0161t\u00edv ob\u013e\u00faben\u00e9 parky, z\u00e1hrady \u010di mestsk\u00e9 lesy. Zauj\u00edmavos\u0165ou je napr\u00edklad <a href=\"https:\/\/www.visitbratislava.com\/sk\/miesta\/sad-janka-krala\/\" target=\"_blank\" rel=\"noopener\">sad Janka Kr\u00e1\u013ea<\/a>, ktor\u00fd je najstar\u0161\u00edm verejn\u00fdm parkom v\u00a0strednej Eur\u00f3pe. V\u017edy pln\u00e1 \u017eivota je rekrea\u010dn\u00e1 lokalita <a href=\"https:\/\/www.visitbratislava.com\/sk\/miesta\/zelezna-studienka\/\" target=\"_blank\" rel=\"noopener\">\u017delezn\u00e1 studienka<\/a>, kde sa obklopen\u00fd zele\u0148ou m\u00f4\u017ee\u0161 odviez\u0165 seda\u010dkovou lanovkou a\u00a0vychutna\u0165 si v\u00fdh\u013ead zo 186 metrovej v\u00fd\u0161ky. <a href=\"https:\/\/www.visitbratislava.com\/sk\/miesta\/horsky-park\/\" target=\"_blank\" rel=\"noopener\">Horsk\u00fd park<\/a> je ide\u00e1lnym miestom na prech\u00e1dzky a\u00a0\u0161portov\u00e9 aktivity. Ob\u010derstvi sa v\u00a0130-ro\u010dnej historickej hor\u00e1rni.<\/p>\n<p><img loading=\"lazy\" width=\"800\" height=\"533\" class=\"alignnone size-large wp-image-2499\" src=\"https:\/\/www.visitbratislava.com\/wp-content\/uploads\/2015\/04\/sad-janka-krala-800x533.jpeg\" alt=\"\" srcset=\"https:\/\/www.visitbratislava.com\/wp-content\/uploads\/2015\/04\/sad-janka-krala-800x533.jpeg 800w, https:\/\/www.visitbratislava.com\/wp-content\/uploads\/2015\/04\/sad-janka-krala-400x267.jpeg 400w, https:\/\/www.visitbratislava.com\/wp-content\/uploads\/2015\/04\/sad-janka-krala-200x133.jpeg 200w\" sizes=\"(max-width: 800px) 100vw, 800px\" \/><\/p>\n<h3>\u00a0Zabav sa ako kr\u00e1\u013e<\/h3>\n<p>Okrem mno\u017estva barov a\u00a0klubov v\u00a0centre mesta sa oplat\u00ed nav\u0161t\u00edvi\u0165 are\u00e1ly vodn\u00fdch \u0161portov <a href=\"https:\/\/www.visitbratislava.com\/sk\/miesta\/divoka-voda-cunovo\/\" target=\"_blank\" rel=\"noopener\">Divok\u00e1 voda<\/a> v\u00a0\u010cunove a\u00a0Wakelake Zlat\u00e9 piesky. Zabavi\u0165 sa tam m\u00f4\u017ee\u0161 na skvel\u00fdch p\u00e1rty aj\u00a0pri adrenal\u00ednov\u00fdch \u0161portoch.<\/p>\n<p><img loading=\"lazy\" width=\"800\" height=\"532\" class=\"alignnone size-large wp-image-34720\" src=\"https:\/\/www.visitbratislava.com\/wp-content\/uploads\/2017\/07\/wake-lake-2-800x532.jpg\" alt=\"\" srcset=\"https:\/\/www.visitbratislava.com\/wp-content\/uploads\/2017\/07\/wake-lake-2-800x532.jpg 800w, https:\/\/www.visitbratislava.com\/wp-content\/uploads\/2017\/07\/wake-lake-2-400x266.jpg 400w, https:\/\/www.visitbratislava.com\/wp-content\/uploads\/2017\/07\/wake-lake-2-768x511.jpg 768w, https:\/\/www.visitbratislava.com\/wp-content\/uploads\/2017\/07\/wake-lake-2-200x133.jpg 200w, https:\/\/www.visitbratislava.com\/wp-content\/uploads\/2017\/07\/wake-lake-2.jpg 2048w\" sizes=\"(max-width: 800px) 100vw, 800px\" \/><\/p>\n<h3>\u00a0<strong>Bratislavsk\u00e9 korunova\u010dn\u00e9 dni<\/strong><\/h3>\n<p>Sl\u00e1vnu kr\u00e1\u013eovsk\u00fa minulos\u0165 Bratislavy si v\u00a0tomto roku pripomenieme s\u00e9riou podujat\u00ed v\u00a0trvan\u00ed cel\u00e9ho t\u00fd\u017ed\u0148a\u00a0<strong>od 22. do 29. j\u00fana 2018<\/strong>. Paralelne s\u00a0rak\u00faskymi a\u00a0ma\u010farsk\u00fdmi aktivitami sa aj Bratislava zapoj\u00ed do osl\u00e1v 301. v\u00fdro\u010dia narodenia M\u00e1rie Ter\u00e9zie, jednej z\u00a0najv\u00fdraznej\u0161\u00edch osobnost\u00ed dej\u00edn, ktor\u00e1 bola korunovan\u00e1 v\u00a0Bratislave v roku 1741.<\/p>\n<p>Korunova\u010dn\u00fa atmosf\u00e9ru si obyvatelia a\u00a0n\u00e1v\u0161tevn\u00edci mesta bud\u00fa m\u00f4c\u0165 vychutna\u0165 po\u010das ve\u013ekolep\u00fdch kult\u00farnych programov, divadeln\u00fdch predstaven\u00ed, sakr\u00e1lnych koncertov, bohoslu\u017eieb, dobovej hudobnej produkcie a dobov\u00fdch hier.<\/p>\n<p><img loading=\"lazy\" width=\"800\" height=\"533\" class=\"alignnone size-large wp-image-43183\" src=\"https:\/\/www.visitbratislava.com\/wp-content\/uploads\/2018\/05\/Korunovacie-Spodniakova1_sowa_mont-800x533.jpg\" alt=\"\" srcset=\"https:\/\/www.visitbratislava.com\/wp-content\/uploads\/2018\/05\/Korunovacie-Spodniakova1_sowa_mont-800x533.jpg 800w, https:\/\/www.visitbratislava.com\/wp-content\/uploads\/2018\/05\/Korunovacie-Spodniakova1_sowa_mont-400x267.jpg 400w, https:\/\/www.visitbratislava.com\/wp-content\/uploads\/2018\/05\/Korunovacie-Spodniakova1_sowa_mont-768x512.jpg 768w, https:\/\/www.visitbratislava.com\/wp-content\/uploads\/2018\/05\/Korunovacie-Spodniakova1_sowa_mont-200x133.jpg 200w\" sizes=\"(max-width: 800px) 100vw, 800px\" \/><\/p>\n<p>&nbsp;<\/p>\n<p>&nbsp;<\/p>\n","protected":false},"excerpt":{"rendered":"<p>Bratislava je typick\u00e1 bohatou korunova\u010dnou hist\u00f3riou, s\u00fa\u010dasnou modernou architekt\u00farou, pestrou kult\u00farou a\u00a0spolo\u010densk\u00fdm \u017eivotom. Dopraj si v\u00fdnimo\u010dn\u00e9 chv\u00edle len pre seba. Zoznam skvel\u00fdch hotelov, re\u0161taur\u00e1ci\u00ed, kaviarn\u00ed a\u00a0kult\u00farnych sc\u00e9n je nevy\u010derpate\u013en\u00fd. Kr\u00e1\u013eovsky sa v\u00a0Bratislave bude\u0161 c\u00edti\u0165 v\u010faka tej najlep\u0161ej ponuke jed\u00e1l a\u00a0vynikaj\u00facich miestnych v\u00edn. V re\u0161taur\u00e1ci\u00e1ch UFO watch.taste.groove a Altitude v telev\u00edznej ve\u017ei Kamz\u00edk n\u00e1jde\u0161 spojenie gastronomick\u00e9ho [&hellip;]<\/p>\n","protected":false},"author":10,"featured_media":43607,"parent":0,"menu_order":0,"comment_status":"closed","ping_status":"closed","template":"","meta":[],"acf":[],"_links":{"self":[{"href":"https:\/\/www.visitbratislava.com\/sk\/wp-json\/wp\/v2\/pages\/43081"}],"collection":[{"href":"https:\/\/www.visitbratislava.com\/sk\/wp-json\/wp\/v2\/pages"}],"about":[{"href":"https:\/\/www.visitbratislava.com\/sk\/wp-json\/wp\/v2\/types\/page"}],"author":[{"embeddable":true,"href":"https:\/\/www.visitbratislava.com\/sk\/wp-json\/wp\/v2\/users\/10"}],"replies":[{"embeddable":true,"href":"https:\/\/www.visitbratislava.com\/sk\/wp-json\/wp\/v2\/comments?post=43081"}],"version-history":[{"count":3,"href":"https:\/\/www.visitbratislava.com\/sk\/wp-json\/wp\/v2\/pages\/43081\/revisions"}],"predecessor-version":[{"id":254790,"href":"https:\/\/www.visitbratislava.com\/sk\/wp-json\/wp\/v2\/pages\/43081\/revisions\/254790"}],"wp:featuredmedia":[{"embeddable":true,"href":"https:\/\/www.visitbratislava.com\/sk\/wp-json\/wp\/v2\/media\/43607"}],"wp:attachment":[{"href":"https:\/\/www.visitbratislava.com\/sk\/wp-json\/wp\/v2\/media?parent=43081"}],"curies":[{"name":"wp","href":"https:\/\/api.w.org\/{rel}","templated":true}]}}