{"id":43129,"date":"2018-05-25T13:44:25","date_gmt":"2018-05-25T11:44:25","guid":{"rendered":"https:\/\/www.visitbratislava.com\/?page_id=43129\/"},"modified":"2023-08-18T15:35:22","modified_gmt":"2023-08-18T13:35:22","slug":"kracaj-po-stopach-historie","status":"publish","type":"page","link":"https:\/\/www.visitbratislava.com\/sk\/kracaj-po-stopach-historie\/","title":{"rendered":"Kr\u00e1\u010daj po stop\u00e1ch hist\u00f3rie"},"content":{"rendered":"<p>Ponor sa do kr\u00e1\u013eovskej minulosti a\u00a0nav\u0161t\u00edv mesto, po ktor\u00e9ho uliciach kr\u00e1\u010dali monarchovia, kone \u0165ahali zlat\u00e9 ko\u010de a\u00a0v\u00edno sa lialo potokom. Bratislava je zn\u00e1ma svojou bohatou korunova\u010dnou hist\u00f3riou, ktor\u00fa dodnes pripom\u00edna nie len zn\u00e1ma zlat\u00e1 koruna na vrchole dominanty mesta &#8211; D\u00f3mu sv. Martina. V\u00a0p\u00f4sobivej gotickej katedr\u00e1le z\u00a015. storo\u010dia bolo korunovan\u00fdch a\u017e desa\u0165 kr\u00e1\u013eov, jedna kr\u00e1\u013eovn\u00e1 a\u00a0sedem kr\u00e1\u013eovsk\u00fdch man\u017eeliek. Ako sa to v\u0161etko stalo?<\/p>\n<p><strong>Kr\u00e1\u013eovsk\u00e1 minulos\u0165<\/strong><br \/>\nBratislava, ktor\u00fa kedysi Slov\u00e1ci volali Pre\u0161porok, Nemci Pressburg a\u00a0Ma\u010fari Pozsony sa stala korunova\u010dn\u00fdm mestom po tureckej okup\u00e1cii Uhorska. V\u00a0tom \u010dase bol Pre\u0161porok bezpe\u010dn\u00fdm miestom bl\u00edzko cis\u00e1rskeho reziden\u010dn\u00e9ho mesta Viedne, ktor\u00e9 si vybrali uhorsk\u00ed \u0161\u013eachtici, svetsk\u00ed a\u00a0cirkevn\u00ed hodnost\u00e1ri za svoje \u00fato\u010disko.<\/p>\n<p>Od roku 1536 sa vtedaj\u0161ia Bratislava stala aj hlavn\u00fdm mestom Uhorska. V\u00a0hist\u00f3rii mal\u00e9ho mesta na Dunaji nastal rozmach, bolo spr\u00e1vnym centrom krajiny, s\u00eddlom kr\u00e1\u013ea, arcibiskupa a\u00a0uhorsk\u00e9ho snemu a\u00a0taktie\u017e korunova\u010dn\u00fdm mestom uhorsk\u00fdch kr\u00e1\u013eov.<\/p>\n<p><img loading=\"lazy\" width=\"800\" height=\"439\" class=\"alignnone size-large wp-image-1790\" src=\"https:\/\/www.visitbratislava.com\/wp-content\/uploads\/2014\/11\/korunovacne-slavnosti-pripitok-e1458481648814-800x439.jpg\" alt=\"\" srcset=\"https:\/\/www.visitbratislava.com\/wp-content\/uploads\/2014\/11\/korunovacne-slavnosti-pripitok-e1458481648814-800x439.jpg 800w, https:\/\/www.visitbratislava.com\/wp-content\/uploads\/2014\/11\/korunovacne-slavnosti-pripitok-e1458481648814-400x220.jpg 400w, https:\/\/www.visitbratislava.com\/wp-content\/uploads\/2014\/11\/korunovacne-slavnosti-pripitok-e1458481648814-200x110.jpg 200w, https:\/\/www.visitbratislava.com\/wp-content\/uploads\/2014\/11\/korunovacne-slavnosti-pripitok-e1458481648814-768x422.jpg 768w\" sizes=\"(max-width: 800px) 100vw, 800px\" \/><\/p>\n<p>V\u00a0<a href=\"https:\/\/www.visitbratislava.com\/sk\/miesta\/katedrala-sv-martina\/\" target=\"_blank\" rel=\"noopener\">D\u00f3me sv. Martina<\/a> v\u00a0rokoch 1563-1830 korunovali desa\u0165 kr\u00e1\u013eov, jednu panuj\u00facu kr\u00e1\u013eovn\u00fa a\u00a0sedem kr\u00e1\u013eovsk\u00fdch man\u017eeliek. Prv\u00fdm korunovan\u00fdm panovn\u00edkom bol Maximili\u00e1n z\u00a0rodu Habsburgovcov a\u00a0sl\u00e1vna korunova\u010dn\u00e1 \u00e9ra Bratislavy kon\u010dila korunov\u00e1ciou Ferdinanda V. Jedinou v\u00a0Bratislave korunovanou vl\u00e1dnucou kr\u00e1\u013eovnou bola M\u00e1ria Ter\u00e9zia, ktor\u00e1 sl\u00e1vnostne prijala titul a korunu 25. j\u00fana 1741.<\/p>\n<p>Ak sa chce\u0161 dozvedie\u0165 o\u00a0minulosti mesta viac, ur\u010dite nav\u0161t\u00edv M\u00fazeum dej\u00edn mesta v\u00a0<a href=\"https:\/\/www.visitbratislava.com\/sk\/miesta\/stara-radnica\/\" target=\"_blank\" rel=\"noopener\">Starej radnici<\/a>, ktor\u00e9 oslavuje 150. v\u00fdro\u010die. Udalosti spojen\u00e9 s hist\u00f3riou mesta m\u00f4\u017ee n\u00e1v\u0161tevn\u00edk sledova\u0165 prostredn\u00edctvom dotykov\u00fdch obrazoviek. Pr\u00edbehy sa tu sp\u00e1jaj\u00fa s\u00a0predmetmi zachovan\u00fdmi stovky rokov.<\/p>\n<p><strong>Hist\u00f3ria o\u017e\u00edva<\/strong><br \/>\nMesto si ka\u017edoro\u010dne pripom\u00edna kr\u00e1\u013eovsk\u00fa minulos\u0165 nie len tematick\u00fdmi interakt\u00edvnymi hrami, ale aj ob\u013e\u00faben\u00fdm podujat\u00edm Bratislavsk\u00e9 korunova\u010dn\u00e9 dni. Prenes sa aj ty na chv\u00ed\u013eu do minulosti,\u00a0u\u017ei si z\u00e1bavu a \u00a0bohat\u00fd kult\u00farny program s\u00a0miestnymi.<\/p>\n<p><strong>Objavte korunova\u010dn\u00fa Bratislavu<\/strong><br \/>\nAko korunov\u00e1cia prebiehala? \u010co v\u0161etko musel po\u010das nej panovn\u00edk absolvova\u0165? Vydaj sa po stop\u00e1ch kr\u00e1\u013eovskej cesty v Bratislave\u00a0v\u00a0jedine\u010dnej \u0161ifrovacej hre (link na cryptomaniu). Absolvuj \u010das\u0165 trasy p\u00f4vodn\u00e9ho korunova\u010dn\u00e9ho sprievodu po\u010das sprev\u00e1dzan\u00fdch korunova\u010dn\u00fdch prehliadok. Objav miesta, ktor\u00e9 d\u00fdchaj\u00fa hist\u00f3riou a\u00a0boli svedkami sl\u00e1vnych korunov\u00e1ci\u00ed.\u00a0Korunova\u010dn\u00fa cestu m\u00f4\u017ee\u0161 prejs\u0165 aj samostatne pomocou mobilu v\u00a0r\u00e1mci\u00a0<a href=\"https:\/\/bystronovci.sk\/\" target=\"_blank\" rel=\"noopener\">interakt\u00edvnej \u0161ifrovacej hry<\/a>.<\/p>\n<p><img loading=\"lazy\" width=\"800\" height=\"401\" class=\"alignnone size-large wp-image-1785\" src=\"https:\/\/www.visitbratislava.com\/wp-content\/uploads\/2014\/10\/korunovacie2013-Primacial1-800x401.jpg\" alt=\"\" srcset=\"https:\/\/www.visitbratislava.com\/wp-content\/uploads\/2014\/10\/korunovacie2013-Primacial1-800x401.jpg 800w, https:\/\/www.visitbratislava.com\/wp-content\/uploads\/2014\/10\/korunovacie2013-Primacial1-400x200.jpg 400w, https:\/\/www.visitbratislava.com\/wp-content\/uploads\/2014\/10\/korunovacie2013-Primacial1-200x100.jpg 200w, https:\/\/www.visitbratislava.com\/wp-content\/uploads\/2014\/10\/korunovacie2013-Primacial1-384x192.jpg 384w, https:\/\/www.visitbratislava.com\/wp-content\/uploads\/2014\/10\/korunovacie2013-Primacial1-784x392.jpg 784w\" sizes=\"(max-width: 800px) 100vw, 800px\" \/><\/p>\n<p><strong>Bratislavsk\u00e9 korunova\u010dn\u00e9 dni<\/strong><br \/>\nSl\u00e1vna kr\u00e1\u013eovsk\u00e1 hist\u00f3ria nap\u013a\u0148a ulice s\u00fa\u010dasn\u00e9ho mesta ka\u017edoro\u010dne po\u010das podujatia<a href=\"https:\/\/www.visitbratislava.com\/sk\/bratislavske-korunovacne-dni\/\" target=\"_blank\" rel=\"noopener\"> Bratislavsk\u00e9 korunova\u010dn\u00e9 dni<\/a>. Korunova\u010dn\u00fa atmosf\u00e9ru si obyvatelia a n\u00e1v\u0161tevn\u00edci mesta vychutn\u00e1vaj\u00fa po\u010das ve\u013ekolep\u00fdch kult\u00farnych programov. U\u017ei si ve\u013ekolep\u00fa atmosf\u00e9ru s korunova\u010dn\u00fdm sprievodom, historickou m\u00f3dnou prehliadkou \u010di ochutn\u00e1vkou cis\u00e1rskeho n\u00e1poja.<\/p>\n<p><strong>Kr\u00e1\u013eovsk\u00e9 ob\u010derstvenie<\/strong><br \/>\nAk sa chce\u0161 kr\u00e1\u013eovsky aj ob\u010derstvi\u0165, ur\u010dite zav\u00edtaj do cukr\u00e1rne <a href=\"https:\/\/www.visitbratislava.com\/sk\/miesta\/konditorei-kormuth\/\" target=\"_blank\" rel=\"noopener\">Konditorei Korm\u00fath<\/a>. Interi\u00e9r pripom\u00edna mal\u00e9 historick\u00e9 m\u00fazeum. Steny zdobia ru\u010dne vyroben\u00e9 fresky a\u00a0k\u00e1vu si vychutn\u00e1te z\u00a0porcel\u00e1nu z\u00a0\u010dias Franti\u0161ka Jozefa pri pr\u00edjemnej klasickej hudbe.<\/p>\n<p><img class=\"alignnone size-large wp-image-43120\" src=\"https:\/\/www.visitbratislava.com\/wp-content\/uploads\/2018\/05\/D80_4220.tif\" alt=\"\" \/><img loading=\"lazy\" width=\"800\" height=\"534\" class=\"alignnone size-large wp-image-43124\" src=\"https:\/\/www.visitbratislava.com\/wp-content\/uploads\/2018\/05\/D80_4220_jpg-800x534.jpg\" alt=\"\" srcset=\"https:\/\/www.visitbratislava.com\/wp-content\/uploads\/2018\/05\/D80_4220_jpg-800x534.jpg 800w, https:\/\/www.visitbratislava.com\/wp-content\/uploads\/2018\/05\/D80_4220_jpg-400x267.jpg 400w, https:\/\/www.visitbratislava.com\/wp-content\/uploads\/2018\/05\/D80_4220_jpg-768x513.jpg 768w, https:\/\/www.visitbratislava.com\/wp-content\/uploads\/2018\/05\/D80_4220_jpg-200x133.jpg 200w\" sizes=\"(max-width: 800px) 100vw, 800px\" \/><\/p>\n<p>&nbsp;<\/p>\n","protected":false},"excerpt":{"rendered":"<p>Ponor sa do kr\u00e1\u013eovskej minulosti a\u00a0nav\u0161t\u00edv mesto, po ktor\u00e9ho uliciach kr\u00e1\u010dali monarchovia, kone \u0165ahali zlat\u00e9 ko\u010de a\u00a0v\u00edno sa lialo potokom. Bratislava je zn\u00e1ma svojou bohatou korunova\u010dnou hist\u00f3riou, ktor\u00fa dodnes pripom\u00edna nie len zn\u00e1ma zlat\u00e1 koruna na vrchole dominanty mesta &#8211; D\u00f3mu sv. Martina. V\u00a0p\u00f4sobivej gotickej katedr\u00e1le z\u00a015. storo\u010dia bolo korunovan\u00fdch a\u017e desa\u0165 kr\u00e1\u013eov, jedna kr\u00e1\u013eovn\u00e1 [&hellip;]<\/p>\n","protected":false},"author":21,"featured_media":43117,"parent":0,"menu_order":0,"comment_status":"closed","ping_status":"closed","template":"","meta":[],"acf":[],"_links":{"self":[{"href":"https:\/\/www.visitbratislava.com\/sk\/wp-json\/wp\/v2\/pages\/43129"}],"collection":[{"href":"https:\/\/www.visitbratislava.com\/sk\/wp-json\/wp\/v2\/pages"}],"about":[{"href":"https:\/\/www.visitbratislava.com\/sk\/wp-json\/wp\/v2\/types\/page"}],"author":[{"embeddable":true,"href":"https:\/\/www.visitbratislava.com\/sk\/wp-json\/wp\/v2\/users\/21"}],"replies":[{"embeddable":true,"href":"https:\/\/www.visitbratislava.com\/sk\/wp-json\/wp\/v2\/comments?post=43129"}],"version-history":[{"count":4,"href":"https:\/\/www.visitbratislava.com\/sk\/wp-json\/wp\/v2\/pages\/43129\/revisions"}],"predecessor-version":[{"id":254787,"href":"https:\/\/www.visitbratislava.com\/sk\/wp-json\/wp\/v2\/pages\/43129\/revisions\/254787"}],"wp:featuredmedia":[{"embeddable":true,"href":"https:\/\/www.visitbratislava.com\/sk\/wp-json\/wp\/v2\/media\/43117"}],"wp:attachment":[{"href":"https:\/\/www.visitbratislava.com\/sk\/wp-json\/wp\/v2\/media?parent=43129"}],"curies":[{"name":"wp","href":"https:\/\/api.w.org\/{rel}","templated":true}]}}