{"id":43134,"date":"2018-05-25T13:49:44","date_gmt":"2018-05-25T11:49:44","guid":{"rendered":"https:\/\/www.visitbratislava.com\/?page_id=43134\/"},"modified":"2024-06-24T14:42:39","modified_gmt":"2024-06-24T12:42:39","slug":"objavuj-netradicne-chute","status":"publish","type":"page","link":"https:\/\/www.visitbratislava.com\/sk\/objavuj-netradicne-chute\/","title":{"rendered":"Objavuj netradi\u010dn\u00e9 chute"},"content":{"rendered":"<p>Miestna kuchy\u0148a sp\u00e1ja chute typick\u00e9 pre \u0161tyri najpo\u010detnej\u0161ie n\u00e1rodnosti, ktor\u00e9 sformovali dne\u0161n\u00fa podobu Bratislavy. <strong>Ma\u010farsk\u00e1 pikantnos\u0165, rak\u00fasky reze\u0148 a z\u00e1kusky, nemeck\u00e1 divina a klob\u00e1sy, rovnako aj slovensk\u00e9 tradi\u010dn\u00e9 jedl\u00e1<\/strong> \u2013 to v\u0161etko n\u00e1jdete v miestnych re\u0161taur\u00e1ci\u00e1ch. Spojte si to s bohatou trad\u00edciou slovensk\u00fdch vin\u00e1rskych oblast\u00ed, ktor\u00e9 s\u00fa oce\u0148ovan\u00e9 doma aj v zahrani\u010d\u00ed, a v\u00fdsledkom bude nezabudnute\u013en\u00fd kulin\u00e1rsky z\u00e1\u017eitok.<\/p>\n<p>V Bratislave sa trad\u00edcie chut\u00ed \u0161tyroch n\u00e1rodnost\u00ed prezentuj\u00fa v mnoh\u00fdch <a href=\"https:\/\/www.visitbratislava.com\/sk\/navsteva\/gastro-a-vino\/restauracie-a-bistra\/\" target=\"_blank\" rel=\"noopener\">\u0161t\u00fdlov\u00fdch re\u0161taur\u00e1ci\u00e1ch<\/a>. V centre mesta n\u00e1jdete aj ve\u013ea podnikov s typickou<strong> miestnou kuchy\u0148ou, sk\u00faste Leberfinger, Zylinder, \u0160tef\u00e1nku \u010di pivovary s tradi\u010dnou kuchy\u0148ou ako Me\u0161tiansky pivovar, Dunajsk\u00fd pivovar, Spilka a<\/strong> in\u00e9. Aj napriek bohatej a pestrej ponuke tradi\u010dn\u00fdch bratislavsk\u00fdch jed\u00e1l, v Bratislave m\u00f4\u017eete ochutna\u0165 aj mno\u017estvo gastronomick\u00fdch \u0161pecial\u00edt z r\u00f4znych k\u00fatov sveta.<\/p>\n<p><img loading=\"lazy\" width=\"2560\" height=\"1920\" class=\"alignnone size-full wp-image-301204\" src=\"https:\/\/www.visitbratislava.com\/wp-content\/uploads\/2024\/06\/Kristek_2024_BA_Gastro_vyhradna_licencia_casovo_neobmedzena_ryba_zubac-8-scaled.jpg\" alt=\"\" srcset=\"https:\/\/www.visitbratislava.com\/wp-content\/uploads\/2024\/06\/Kristek_2024_BA_Gastro_vyhradna_licencia_casovo_neobmedzena_ryba_zubac-8-scaled.jpg 2560w, https:\/\/www.visitbratislava.com\/wp-content\/uploads\/2024\/06\/Kristek_2024_BA_Gastro_vyhradna_licencia_casovo_neobmedzena_ryba_zubac-8-400x300.jpg 400w, https:\/\/www.visitbratislava.com\/wp-content\/uploads\/2024\/06\/Kristek_2024_BA_Gastro_vyhradna_licencia_casovo_neobmedzena_ryba_zubac-8-800x600.jpg 800w, https:\/\/www.visitbratislava.com\/wp-content\/uploads\/2024\/06\/Kristek_2024_BA_Gastro_vyhradna_licencia_casovo_neobmedzena_ryba_zubac-8-768x576.jpg 768w, https:\/\/www.visitbratislava.com\/wp-content\/uploads\/2024\/06\/Kristek_2024_BA_Gastro_vyhradna_licencia_casovo_neobmedzena_ryba_zubac-8-1536x1152.jpg 1536w, https:\/\/www.visitbratislava.com\/wp-content\/uploads\/2024\/06\/Kristek_2024_BA_Gastro_vyhradna_licencia_casovo_neobmedzena_ryba_zubac-8-2048x1536.jpg 2048w, https:\/\/www.visitbratislava.com\/wp-content\/uploads\/2024\/06\/Kristek_2024_BA_Gastro_vyhradna_licencia_casovo_neobmedzena_ryba_zubac-8-200x150.jpg 200w, https:\/\/www.visitbratislava.com\/wp-content\/uploads\/2024\/06\/Kristek_2024_BA_Gastro_vyhradna_licencia_casovo_neobmedzena_ryba_zubac-8-600x450.jpg 600w\" sizes=\"(max-width: 2560px) 100vw, 2560px\" \/><\/p>\n<p>\u010coraz ob\u013e\u00fabenej\u0161\u00edm je <a href=\"https:\/\/www.visitbratislava.com\/sk\/top10streetfood\/\" target=\"_blank\" rel=\"noopener\">Street Food<\/a>, ktor\u00fd v meste n\u00e1jdete v t\u00fdch najr\u00f4znej\u0161\u00edch prevedeniach. Hranolky s pravou belgickou recept\u00farou, skvel\u00e9 palacinky \u010di poctivo pripraven\u00e9 hot-dogy. N\u00e1jdite si to svoje. Pred <a href=\"https:\/\/www.visitbratislava.com\/sk\/miesta\/stara-trznica\/\" target=\"_blank\" rel=\"noopener\">Starou tr\u017enicou<\/a> sa raz za mesiac kon\u00e1 festival venovan\u00fd pr\u00e1ve ob\u010derstveniu na ulici &#8211; Street Food park. Okrem toho vysk\u00fa\u0161ajte napr\u00edklad <strong>Streetfood &amp; Caf\u00e9 Possonium<\/strong>, kde sa striedaj\u00fa streetfoodov\u00e9 prev\u00e1dzky a m\u00e1te na v\u00fdber v\u017edy aspo\u0148 z troch &#8222;zaparkovan\u00fdch&#8220; na ich dvore. Hne\u010f ved\u013ea je legend\u00e1rny trh na \u017dilinskej.<\/p>\n<p><img loading=\"lazy\" width=\"1365\" height=\"2048\" class=\"alignnone size-full wp-image-240177\" src=\"https:\/\/www.visitbratislava.com\/wp-content\/uploads\/2023\/05\/possonium-fb.jpg\" alt=\"\" srcset=\"https:\/\/www.visitbratislava.com\/wp-content\/uploads\/2023\/05\/possonium-fb.jpg 1365w, https:\/\/www.visitbratislava.com\/wp-content\/uploads\/2023\/05\/possonium-fb-267x400.jpg 267w, https:\/\/www.visitbratislava.com\/wp-content\/uploads\/2023\/05\/possonium-fb-533x800.jpg 533w, https:\/\/www.visitbratislava.com\/wp-content\/uploads\/2023\/05\/possonium-fb-768x1152.jpg 768w, https:\/\/www.visitbratislava.com\/wp-content\/uploads\/2023\/05\/possonium-fb-1024x1536.jpg 1024w, https:\/\/www.visitbratislava.com\/wp-content\/uploads\/2023\/05\/possonium-fb-133x200.jpg 133w\" sizes=\"(max-width: 1365px) 100vw, 1365px\" \/> <span style=\"font-size: 8pt;\"><em>Foto: Streetfood &amp; Cafe Possonium<\/em><\/span><\/p>\n<p>Bratislava je zn\u00e1ma mno\u017estvom <a href=\"https:\/\/www.visitbratislava.com\/sk\/novinky\/top-10-pivarni\/\" target=\"_blank\" rel=\"noopener\">miestnych p\u00edv<\/a>. Ochutn\u00e1vku si m\u00f4\u017eete napl\u00e1nova\u0165 na cel\u00fd ve\u010der, je z \u010doho vybera\u0165! Niektor\u00e9<a href=\"https:\/\/www.visitbratislava.com\/sk\/navsteva\/gastro-a-vino\/miestne-pivovary\/\" target=\"_blank\" rel=\"noopener\"> pivn\u00e9 p\u00fatn\u00edcke miesta<\/a> ako<strong> 100 p\u00edv, Pivn\u00fd raj \u010di Koll\u00e1rko<\/strong> navy\u0161e pon\u00fakaj\u00fa pivn\u00e9 \u0161peci\u00e1ly z cel\u00e9ho sveta. Navy\u0161e ak pr\u00eddete v apr\u00edli \u010di okt\u00f3bri, m\u00f4\u017eete si u\u017ei\u0165 <strong>Sal\u00f3n piva v Starej tr\u017enici<\/strong>.<\/p>\n<p><img loading=\"lazy\" width=\"2121\" height=\"1414\" class=\"alignnone size-full wp-image-49499\" src=\"https:\/\/www.visitbratislava.com\/wp-content\/uploads\/2018\/10\/beer-salon-kongres-mazagine.jpg\" alt=\"\" srcset=\"https:\/\/www.visitbratislava.com\/wp-content\/uploads\/2018\/10\/beer-salon-kongres-mazagine.jpg 2121w, https:\/\/www.visitbratislava.com\/wp-content\/uploads\/2018\/10\/beer-salon-kongres-mazagine-400x267.jpg 400w, https:\/\/www.visitbratislava.com\/wp-content\/uploads\/2018\/10\/beer-salon-kongres-mazagine-768x512.jpg 768w, https:\/\/www.visitbratislava.com\/wp-content\/uploads\/2018\/10\/beer-salon-kongres-mazagine-800x533.jpg 800w, https:\/\/www.visitbratislava.com\/wp-content\/uploads\/2018\/10\/beer-salon-kongres-mazagine-200x133.jpg 200w\" sizes=\"(max-width: 2121px) 100vw, 2121px\" \/><\/p>\n<p>Ak ste fan\u00fa\u0161ikom lahodnej k\u00e1vy \u010di v\u00edna, ste na spr\u00e1vnom mieste. Historick\u00e9 uli\u010dky centra mesta s\u00fa pln\u00e9 \u00fatuln\u00fdch kaviarn\u00ed, ktor\u00e9 si m\u00f4\u017eete vychutna\u0165 spolu s dom\u00e1cimi z\u00e1kuskami. <a href=\"https:\/\/www.visitbratislava.com\/sk\/miesta\/narodny-salon-vin\/\" target=\"_blank\" rel=\"noopener\">N\u00e1rodn\u00fd sal\u00f3n v\u00edn<\/a> prezentuje TOP 100 slovensk\u00fdch v\u00edn a \u0161pecialitou je aj <a href=\"https:\/\/www.visitbratislava.com\/sk\/sluzby\/malokarpatske-vinna-cesta\/\" target=\"_blank\" rel=\"noopener\">malokarpatsk\u00e9 v\u00edno z Pezinka<\/a>. Okrem toho je Bratislava povestn\u00e1 aj r\u00edbez\u013eov\u00fdm v\u00ednom, ktor\u00e9 sa vyr\u00e1ba v okol\u00ed hradu Dev\u00edn a<a href=\"https:\/\/www.visitbratislava.com\/sk\/navsteva\/gastro-a-vino\/vino\/\" target=\"_blank\" rel=\"noopener\"> bratislavsk\u00fdmi v\u00ednnymi viechami<\/a>.<\/p>\n<p><img loading=\"lazy\" width=\"1938\" height=\"2560\" class=\"alignnone size-full wp-image-301210\" src=\"https:\/\/www.visitbratislava.com\/wp-content\/uploads\/2024\/06\/Kristek_2024_BA_Gastro_vyhradna_licencia_casovo_neobmedzena_devinsky_ribezlak-15-scaled.jpg\" alt=\"\" srcset=\"https:\/\/www.visitbratislava.com\/wp-content\/uploads\/2024\/06\/Kristek_2024_BA_Gastro_vyhradna_licencia_casovo_neobmedzena_devinsky_ribezlak-15-scaled.jpg 1938w, https:\/\/www.visitbratislava.com\/wp-content\/uploads\/2024\/06\/Kristek_2024_BA_Gastro_vyhradna_licencia_casovo_neobmedzena_devinsky_ribezlak-15-303x400.jpg 303w, https:\/\/www.visitbratislava.com\/wp-content\/uploads\/2024\/06\/Kristek_2024_BA_Gastro_vyhradna_licencia_casovo_neobmedzena_devinsky_ribezlak-15-606x800.jpg 606w, https:\/\/www.visitbratislava.com\/wp-content\/uploads\/2024\/06\/Kristek_2024_BA_Gastro_vyhradna_licencia_casovo_neobmedzena_devinsky_ribezlak-15-768x1015.jpg 768w, https:\/\/www.visitbratislava.com\/wp-content\/uploads\/2024\/06\/Kristek_2024_BA_Gastro_vyhradna_licencia_casovo_neobmedzena_devinsky_ribezlak-15-1163x1536.jpg 1163w, https:\/\/www.visitbratislava.com\/wp-content\/uploads\/2024\/06\/Kristek_2024_BA_Gastro_vyhradna_licencia_casovo_neobmedzena_devinsky_ribezlak-15-1550x2048.jpg 1550w, https:\/\/www.visitbratislava.com\/wp-content\/uploads\/2024\/06\/Kristek_2024_BA_Gastro_vyhradna_licencia_casovo_neobmedzena_devinsky_ribezlak-15-151x200.jpg 151w\" sizes=\"(max-width: 1938px) 100vw, 1938px\" \/><\/p>\n<p>Okrem toho sa v Bratislave us\u00eddlili aj niektor\u00e9 z najlep\u0161\u00edch barov na svete. Drinky v nich pod\u00e1vaj\u00fa barmani svetov\u00e9ho kalibru. Nevynechajte napr\u00edklad <strong>American Antique Bar, Mirror Bar \u010di SPIN Cocktail Bar<\/strong>.<\/p>\n<p><img loading=\"lazy\" width=\"2560\" height=\"1707\" class=\"alignnone size-full wp-image-301218\" src=\"https:\/\/www.visitbratislava.com\/wp-content\/uploads\/2024\/06\/Vyleti-Vtacik_leto_2020_Carlton-Hotel_kupene_nevyhradna_casovo-neobmedzena_komparz_kat-A-8-\u2013-kopia-scaled.jpg\" alt=\"\" srcset=\"https:\/\/www.visitbratislava.com\/wp-content\/uploads\/2024\/06\/Vyleti-Vtacik_leto_2020_Carlton-Hotel_kupene_nevyhradna_casovo-neobmedzena_komparz_kat-A-8-\u2013-kopia-scaled.jpg 2560w, https:\/\/www.visitbratislava.com\/wp-content\/uploads\/2024\/06\/Vyleti-Vtacik_leto_2020_Carlton-Hotel_kupene_nevyhradna_casovo-neobmedzena_komparz_kat-A-8-\u2013-kopia-400x267.jpg 400w, https:\/\/www.visitbratislava.com\/wp-content\/uploads\/2024\/06\/Vyleti-Vtacik_leto_2020_Carlton-Hotel_kupene_nevyhradna_casovo-neobmedzena_komparz_kat-A-8-\u2013-kopia-800x533.jpg 800w, https:\/\/www.visitbratislava.com\/wp-content\/uploads\/2024\/06\/Vyleti-Vtacik_leto_2020_Carlton-Hotel_kupene_nevyhradna_casovo-neobmedzena_komparz_kat-A-8-\u2013-kopia-768x512.jpg 768w, https:\/\/www.visitbratislava.com\/wp-content\/uploads\/2024\/06\/Vyleti-Vtacik_leto_2020_Carlton-Hotel_kupene_nevyhradna_casovo-neobmedzena_komparz_kat-A-8-\u2013-kopia-1536x1024.jpg 1536w, https:\/\/www.visitbratislava.com\/wp-content\/uploads\/2024\/06\/Vyleti-Vtacik_leto_2020_Carlton-Hotel_kupene_nevyhradna_casovo-neobmedzena_komparz_kat-A-8-\u2013-kopia-2048x1365.jpg 2048w, https:\/\/www.visitbratislava.com\/wp-content\/uploads\/2024\/06\/Vyleti-Vtacik_leto_2020_Carlton-Hotel_kupene_nevyhradna_casovo-neobmedzena_komparz_kat-A-8-\u2013-kopia-200x133.jpg 200w\" sizes=\"(max-width: 2560px) 100vw, 2560px\" \/><\/p>\n","protected":false},"excerpt":{"rendered":"<p>\u0160t\u00fdlov\u00e9 f\u00fazie slovenskej a svetovej kuchyne, fam\u00f3zny streetfood, \u0161peci\u00e1lne lok\u00e1lne v\u00edna a piv\u00e1, ale aj svetov\u00e9 drinky. To v\u0161etko je gastro v Bratislave a viac.<\/p>\n","protected":false},"author":21,"featured_media":25674,"parent":0,"menu_order":0,"comment_status":"closed","ping_status":"closed","template":"","meta":[],"acf":[],"_links":{"self":[{"href":"https:\/\/www.visitbratislava.com\/sk\/wp-json\/wp\/v2\/pages\/43134"}],"collection":[{"href":"https:\/\/www.visitbratislava.com\/sk\/wp-json\/wp\/v2\/pages"}],"about":[{"href":"https:\/\/www.visitbratislava.com\/sk\/wp-json\/wp\/v2\/types\/page"}],"author":[{"embeddable":true,"href":"https:\/\/www.visitbratislava.com\/sk\/wp-json\/wp\/v2\/users\/21"}],"replies":[{"embeddable":true,"href":"https:\/\/www.visitbratislava.com\/sk\/wp-json\/wp\/v2\/comments?post=43134"}],"version-history":[{"count":8,"href":"https:\/\/www.visitbratislava.com\/sk\/wp-json\/wp\/v2\/pages\/43134\/revisions"}],"predecessor-version":[{"id":301234,"href":"https:\/\/www.visitbratislava.com\/sk\/wp-json\/wp\/v2\/pages\/43134\/revisions\/301234"}],"wp:featuredmedia":[{"embeddable":true,"href":"https:\/\/www.visitbratislava.com\/sk\/wp-json\/wp\/v2\/media\/25674"}],"wp:attachment":[{"href":"https:\/\/www.visitbratislava.com\/sk\/wp-json\/wp\/v2\/media?parent=43134"}],"curies":[{"name":"wp","href":"https:\/\/api.w.org\/{rel}","templated":true}]}}