{"id":435581,"date":"2026-03-11T14:10:17","date_gmt":"2026-03-11T13:10:17","guid":{"rendered":"https:\/\/www.visitbratislava.com\/?page_id=435581"},"modified":"2026-03-17T15:47:38","modified_gmt":"2026-03-17T14:47:38","slug":"statna-reklama","status":"publish","type":"page","link":"https:\/\/www.visitbratislava.com\/sk\/statna-reklama\/","title":{"rendered":"\u0160t\u00e1tna reklama"},"content":{"rendered":"<h2>Pride\u013eovanie verejn\u00fdch finan\u010dn\u00fdch prostriedkov na medi\u00e1lne slu\u017eby a \u0161t\u00e1tnu reklamu<\/h2>\n<p><span data-olk-copy-source=\"MessageBody\">Oblastn\u00e1 organiz\u00e1cia cestovn\u00e9ho ruchu Bratislava Tourist Board je<\/span>,\u00a0ako verejn\u00fd subjekt v zmysle platnej legislat\u00edvy v s\u00falade s \u010dl. 25 nariadenia Eur\u00f3pskeho parlamentu a Rady (E\u00da) 2024\/1083 a\u00a0z\u00e1konom \u010d. 264\/2022 Z. z. o medi\u00e1lnych slu\u017eb\u00e1ch, povinn\u00e1\u00a0v zmysle \u00a7 103a, ods. 4 p\u00edsm. a) z\u00e1kona \u010d. 264\/2022 Z.z. o medi\u00e1lnych slu\u017eb\u00e1ch\u00a0vopred zverejni\u0165 inform\u00e1cie o z\u00e1mere objedna\u0165 alebo zada\u0165 \u0161t\u00e1tnu reklamu vr\u00e1tane transparentn\u00fdch, objekt\u00edvnych, primeran\u00fdch a nediskrimina\u010dn\u00fdch krit\u00e9ri\u00ed na obsahov\u00fa slu\u017ebu alebo online platformu, kde sa zverejn\u00ed \u0161t\u00e1tna reklama, na poskytovate\u013ea obsahovej slu\u017eby alebo poskytovate\u013ea online platformy a na ich v\u00fdber.<\/p>\n<h3><\/h3>\n<h3>Aktu\u00e1lne z\u00e1mery objedna\u0165 alebo zada\u0165 \u0161t\u00e1tnu reklamu<\/h3>\n<p>Oblastn\u00e1 organiz\u00e1cia cestovn\u00e9ho ruchu nem\u00e1 aktu\u00e1lne z\u00e1mer objedna\u0165 alebo zada\u0165 \u0161t\u00e1tnu reklamu.<\/p>\n<h3>Minul\u00e9 z\u00e1mery objedna\u0165 alebo zada\u0165 \u0161t\u00e1tnu reklamu<\/h3>\n<p>&nbsp;<\/p>\n<h2>Inform\u00e1cia o poskytnut\u00fdch verejn\u00fdch prostriedkoch na \u0161t\u00e1tnu reklamu<\/h2>\n<p><a href=\"https:\/\/www.visitbratislava.com\/wp-content\/uploads\/2026\/03\/2025_Statna-reklama_vynalozene-prostriedky_page-0001.pdf\">ROK 2025<\/a><\/p>\n<p>&nbsp;<\/p>\n","protected":false},"excerpt":{"rendered":"<p>Pride\u013eovanie verejn\u00fdch finan\u010dn\u00fdch prostriedkov na medi\u00e1lne slu\u017eby a \u0161t\u00e1tnu reklamu Oblastn\u00e1 organiz\u00e1cia cestovn\u00e9ho ruchu Bratislava Tourist Board je,\u00a0ako verejn\u00fd subjekt v zmysle platnej legislat\u00edvy v s\u00falade s \u010dl. 25 nariadenia Eur\u00f3pskeho parlamentu a Rady (E\u00da) 2024\/1083 a\u00a0z\u00e1konom \u010d. 264\/2022 Z. z. o medi\u00e1lnych slu\u017eb\u00e1ch, povinn\u00e1\u00a0v zmysle \u00a7 103a, ods. 4 p\u00edsm. a) z\u00e1kona \u010d. 264\/2022 [&hellip;]<\/p>\n","protected":false},"author":32,"featured_media":351776,"parent":0,"menu_order":0,"comment_status":"closed","ping_status":"closed","template":"","meta":[],"acf":[],"_links":{"self":[{"href":"https:\/\/www.visitbratislava.com\/sk\/wp-json\/wp\/v2\/pages\/435581"}],"collection":[{"href":"https:\/\/www.visitbratislava.com\/sk\/wp-json\/wp\/v2\/pages"}],"about":[{"href":"https:\/\/www.visitbratislava.com\/sk\/wp-json\/wp\/v2\/types\/page"}],"author":[{"embeddable":true,"href":"https:\/\/www.visitbratislava.com\/sk\/wp-json\/wp\/v2\/users\/32"}],"replies":[{"embeddable":true,"href":"https:\/\/www.visitbratislava.com\/sk\/wp-json\/wp\/v2\/comments?post=435581"}],"version-history":[{"count":5,"href":"https:\/\/www.visitbratislava.com\/sk\/wp-json\/wp\/v2\/pages\/435581\/revisions"}],"predecessor-version":[{"id":436096,"href":"https:\/\/www.visitbratislava.com\/sk\/wp-json\/wp\/v2\/pages\/435581\/revisions\/436096"}],"wp:featuredmedia":[{"embeddable":true,"href":"https:\/\/www.visitbratislava.com\/sk\/wp-json\/wp\/v2\/media\/351776"}],"wp:attachment":[{"href":"https:\/\/www.visitbratislava.com\/sk\/wp-json\/wp\/v2\/media?parent=435581"}],"curies":[{"name":"wp","href":"https:\/\/api.w.org\/{rel}","templated":true}]}}