{"id":436085,"date":"2026-03-17T15:35:34","date_gmt":"2026-03-17T14:35:34","guid":{"rendered":"https:\/\/www.visitbratislava.com\/?page_id=436085"},"modified":"2026-03-18T12:38:56","modified_gmt":"2026-03-18T11:38:56","slug":"ako-si-prehliadku-objednat","status":"publish","type":"page","link":"https:\/\/www.visitbratislava.com\/sk\/ako-si-prehliadku-objednat\/","title":{"rendered":"AKO SI PREHLIADKU OBJEDNA\u0164"},"content":{"rendered":"<p>Prehliadku je potrebn\u00e9 si objedna\u0165 minim\u00e1lne\u00a0<strong>3 pracovn\u00e9 dni vopred<\/strong>. Z\u00e1ujem o prehliadku n\u00e1m, pros\u00edm, nahl\u00e1ste telefonicky alebo emailom na ni\u017e\u0161ie uveden\u00fdch kontaktoch. Z\u00e1v\u00e4zn\u00fa objedn\u00e1vku akceptujeme len ako p\u00edsomn\u00fa (sta\u010d\u00ed aj emailom).<\/p>\n<p><strong>V objedn\u00e1vke, pros\u00edm, uve\u010fte:<\/strong><\/p>\n<ul>\n<li>typ prehliadky<\/li>\n<li>d\u00e1tum a hodinu prehliadky<\/li>\n<li>po\u017eadovan\u00fd jazyk prehliadky<\/li>\n<li>miesto stretnutia<\/li>\n<li>po\u010det os\u00f4b v skupine<\/li>\n<li>sp\u00f4sob \u00fahrady \u2013 fakt\u00fara alebo platba v TIC v hotovosti \u010di kartou<\/li>\n<li>meno a telef\u00f3n kontaktnej osoby skupiny<\/li>\n<\/ul>\n<p><strong>Storno podmienky<\/strong><\/p>\n<ul>\n<li>do 24 hod\u00edn pred za\u010dat\u00edm akcie \u2013 50% z celkovej ceny prehliadky<\/li>\n<li>v de\u0148 konania akcie \u2013 100% z celkovej ceny prehliadky<\/li>\n<li>objednan\u00e1 doprava \u2013 pod\u013ea platn\u00fdch storno podmienok na\u0161ich dod\u00e1vate\u013eov<\/li>\n<\/ul>\n<h3><\/h3>\n<hr \/>\n<h3>Kontakt<\/h3>\n<p><span class=\"label\">\ud83d\udc64 <\/span><span class=\"value\"><a href=\"https:\/\/www.visitbratislava.com\/sk\/clenovia\/turisticke-informacne-centrum\/\">Turistick\u00e9 informa\u010dn\u00e9 centrum<\/a><\/span><\/p>\n<p><span class=\"label\">\ud83d\udcde <\/span><span class=\"value\"><a href=\"tel:+421(0)905848407\">+421 (0) 905 848 407<\/a><\/span><\/p>\n<p><span class=\"label\">\ud83d\udce7 <\/span><span class=\"value\"><a href=\"mailto:guides@visitbratislava.com\">guides@visitbratislava.com<\/a><\/span><\/p>\n<p>&nbsp;<\/p>\n<p><a class=\"cta-button\" href=\"mailto:guides@visitbratislava.com\" target=\"_blank\" rel=\"noopener\">OBJEDNA\u0164<\/a><\/p>\n","protected":false},"excerpt":{"rendered":"<p>Prehliadku je potrebn\u00e9 si objedna\u0165 minim\u00e1lne\u00a03 pracovn\u00e9 dni vopred. Z\u00e1ujem o prehliadku n\u00e1m, pros\u00edm, nahl\u00e1ste telefonicky alebo emailom na ni\u017e\u0161ie uveden\u00fdch kontaktoch. Z\u00e1v\u00e4zn\u00fa objedn\u00e1vku akceptujeme len ako p\u00edsomn\u00fa (sta\u010d\u00ed aj emailom). V objedn\u00e1vke, pros\u00edm, uve\u010fte: typ prehliadky d\u00e1tum a hodinu prehliadky po\u017eadovan\u00fd jazyk prehliadky miesto stretnutia po\u010det os\u00f4b v skupine sp\u00f4sob \u00fahrady \u2013 fakt\u00fara alebo [&hellip;]<\/p>\n","protected":false},"author":32,"featured_media":436069,"parent":0,"menu_order":0,"comment_status":"closed","ping_status":"closed","template":"","meta":[],"acf":[],"_links":{"self":[{"href":"https:\/\/www.visitbratislava.com\/sk\/wp-json\/wp\/v2\/pages\/436085"}],"collection":[{"href":"https:\/\/www.visitbratislava.com\/sk\/wp-json\/wp\/v2\/pages"}],"about":[{"href":"https:\/\/www.visitbratislava.com\/sk\/wp-json\/wp\/v2\/types\/page"}],"author":[{"embeddable":true,"href":"https:\/\/www.visitbratislava.com\/sk\/wp-json\/wp\/v2\/users\/32"}],"replies":[{"embeddable":true,"href":"https:\/\/www.visitbratislava.com\/sk\/wp-json\/wp\/v2\/comments?post=436085"}],"version-history":[{"count":4,"href":"https:\/\/www.visitbratislava.com\/sk\/wp-json\/wp\/v2\/pages\/436085\/revisions"}],"predecessor-version":[{"id":436166,"href":"https:\/\/www.visitbratislava.com\/sk\/wp-json\/wp\/v2\/pages\/436085\/revisions\/436166"}],"wp:featuredmedia":[{"embeddable":true,"href":"https:\/\/www.visitbratislava.com\/sk\/wp-json\/wp\/v2\/media\/436069"}],"wp:attachment":[{"href":"https:\/\/www.visitbratislava.com\/sk\/wp-json\/wp\/v2\/media?parent=436085"}],"curies":[{"name":"wp","href":"https:\/\/api.w.org\/{rel}","templated":true}]}}